{"id":21406,"date":"2013-10-16T12:05:38","date_gmt":"2013-10-16T10:05:38","guid":{"rendered":"https:\/\/www.bluehoteles.es\/apartamentos-turisticos-san-esteban\/localizacion-y-contacto\/"},"modified":"2019-01-28T12:01:07","modified_gmt":"2019-01-28T11:01:07","slug":"emplacement-et-contact","status":"publish","type":"page","link":"https:\/\/www.bluehoteles.es\/apartamentos-urban-blue\/fr\/emplacement-et-contact\/","title":{"rendered":"Emplacement et contact"},"content":{"rendered":"<p>[vc_row row_type=&#8221;row&#8221; use_row_as_full_screen_section=&#8221;no&#8221; type=&#8221;full_width&#8221; angled_section=&#8221;no&#8221; text_align=&#8221;left&#8221; background_image_as_pattern=&#8221;without_pattern&#8221; css_animation=&#8221;&#8221;][vc_column][vc_column_text]<\/p>\n<h3><strong><span style=\"color: #253367;\">Apartamentos\u00a0Urban Blue<\/span><\/strong><\/h3>\n<p>[\/vc_column_text][vc_separator type=&#8221;normal&#8221; color=&#8221;#ffffff&#8221; up=&#8221;15&#8243; down=&#8221;15&#8243;][vc_column_text]Calle Cabrales , 17<\/p>\n<p>33201 Gij\u00f3n,\u00a0Asturias, Espa\u00f1a<\/p>\n<p>Email: <a href=\"mailto:apartamentosurbanblue@bluehoteles.es\">apartamentosurbanblue@bluehoteles.es<\/a><\/p>\n<p>T\u00e9l\u00e9phone: +34 985 09 09 29<\/p>\n<p>Fax:\u00a0+34 985 09 20 10[\/vc_column_text][vc_separator type=&#8221;transparent&#8221; up=&#8221;15&#8243; down=&#8221;15&#8243;]<span class='q_social_icon_holder normal_social' ><a itemprop='url' href='https:\/\/www.facebook.com\/BLUEHOTELS\/' target='_blank'><i class=\"qode_icon_font_awesome fa fa-facebook fa-2x simple_social\" style=\"margin: 0 13px 0 0;\" ><\/i><\/a><\/span><span class='q_social_icon_holder normal_social' ><a itemprop='url' href='https:\/\/twitter.com\/Bluehoteles' target='_blank'><i class=\"qode_icon_font_awesome fa fa-twitter fa-2x simple_social\" style=\"margin: 0 13px 0 0;\" ><\/i><\/a><\/span><span class='q_social_icon_holder normal_social' ><a itemprop='url' href='https:\/\/plus.google.com\/u\/0\/+BlueHotelesGijon' target='_blank'><i class=\"qode_icon_font_awesome fa fa-google-plus fa-2x simple_social\" style=\"margin: 0 13px 0 0;\" ><\/i><\/a><\/span><span class='q_social_icon_holder normal_social' ><a itemprop='url' href='https:\/\/www.pinterest.es\/bluehoteles\/' target='_blank'><i class=\"qode_icon_font_awesome fa fa-pinterest fa-2x simple_social\" style=\"margin: 0 13px 0 0;\" ><\/i><\/a><\/span>[\/vc_column][\/vc_row]<\/p>\n","protected":false},"excerpt":{"rendered":"<p>[vc_row row_type=&#8221;row&#8221; use_row_as_full_screen_section=&#8221;no&#8221; type=&#8221;full_width&#8221; angled_section=&#8221;no&#8221; text_align=&#8221;left&#8221; background_image_as_pattern=&#8221;without_pattern&#8221; css_animation=&#8221;&#8221;][vc_column][vc_column_text] Apartamentos\u00a0Urban Blue [\/vc_column_text][vc_separator type=&#8221;normal&#8221; color=&#8221;#ffffff&#8221; up=&#8221;15&#8243; down=&#8221;15&#8243;][vc_column_text]Calle Cabrales , 17 33201 Gij\u00f3n,\u00a0Asturias, Espa\u00f1a Email: apartamentosurbanblue@bluehoteles.es T\u00e9l\u00e9phone: +34 985 09 09 29 Fax:\u00a0+34 985 09 20 10[\/vc_column_text][vc_separator type=&#8221;transparent&#8221; up=&#8221;15&#8243; down=&#8221;15&#8243;][\/vc_column][\/vc_row]<\/p>\n","protected":false},"author":4,"featured_media":0,"parent":0,"menu_order":0,"comment_status":"open","ping_status":"closed","template":"contact-page.php","meta":{"footnotes":""},"yoast_head":"<!-- This site is optimized with the Yoast SEO plugin v22.2 - https:\/\/yoast.com\/wordpress\/plugins\/seo\/ -->\n<title>Emplacement et contact Apartamentos Urban Blue<\/title>\n<meta name=\"description\" content=\"Les Appartements Urban Blue sont id\u00e9alement situ\u00e9s au c\u0153ur de Gij\u00f3n, \u00e0 30 m\u00e8tres de la plage de San Lorenzo, \u00e0 c\u00f4t\u00e9 de la Plaza del Instituto, des Jardines del N\u00e1utico et de la Plaza Mayor.\" \/>\n<meta name=\"robots\" content=\"index, follow, max-snippet:-1, max-image-preview:large, max-video-preview:-1\" \/>\n<link rel=\"canonical\" href=\"https:\/\/www.bluehoteles.es\/apartamentos-urban-blue\/localizacion-y-contacto\/\" \/>\n<meta property=\"og:locale\" content=\"fr_FR\" \/>\n<meta property=\"og:type\" content=\"article\" \/>\n<meta property=\"og:title\" content=\"Emplacement et contact Apartamentos Urban Blue\" \/>\n<meta property=\"og:description\" content=\"Les Appartements Urban Blue sont id\u00e9alement situ\u00e9s au c\u0153ur de Gij\u00f3n, \u00e0 30 m\u00e8tres de la plage de San Lorenzo, \u00e0 c\u00f4t\u00e9 de la Plaza del Instituto, des Jardines del N\u00e1utico et de la Plaza Mayor.\" \/>\n<meta property=\"og:url\" content=\"https:\/\/www.bluehoteles.es\/apartamentos-urban-blue\/localizacion-y-contacto\/\" \/>\n<meta property=\"og:site_name\" content=\"Aptos Urban Blue Gij\u00f3n\" \/>\n<meta property=\"article:modified_time\" content=\"2019-01-28T11:01:07+00:00\" \/>\n<meta name=\"twitter:card\" content=\"summary_large_image\" \/>\n<meta name=\"twitter:label1\" content=\"Est. reading time\" \/>\n\t<meta name=\"twitter:data1\" content=\"1 minute\" \/>\n<script type=\"application\/ld+json\" class=\"yoast-schema-graph\">{\"@context\":\"https:\/\/schema.org\",\"@graph\":[{\"@type\":\"WebPage\",\"@id\":\"https:\/\/www.bluehoteles.es\/apartamentos-urban-blue\/localizacion-y-contacto\/\",\"url\":\"https:\/\/www.bluehoteles.es\/apartamentos-urban-blue\/localizacion-y-contacto\/\",\"name\":\"Emplacement et contact Apartamentos Urban Blue\",\"isPartOf\":{\"@id\":\"https:\/\/www.bluehoteles.es\/apartamentos-urban-blue\/#website\"},\"datePublished\":\"2013-10-16T10:05:38+00:00\",\"dateModified\":\"2019-01-28T11:01:07+00:00\",\"description\":\"Les Appartements Urban Blue sont id\u00e9alement situ\u00e9s au c\u0153ur de Gij\u00f3n, \u00e0 30 m\u00e8tres de la plage de San Lorenzo, \u00e0 c\u00f4t\u00e9 de la Plaza del Instituto, des Jardines del N\u00e1utico et de la Plaza Mayor.\",\"breadcrumb\":{\"@id\":\"https:\/\/www.bluehoteles.es\/apartamentos-urban-blue\/localizacion-y-contacto\/#breadcrumb\"},\"inLanguage\":\"fr-FR\",\"potentialAction\":[{\"@type\":\"ReadAction\",\"target\":[\"https:\/\/www.bluehoteles.es\/apartamentos-urban-blue\/localizacion-y-contacto\/\"]}]},{\"@type\":\"BreadcrumbList\",\"@id\":\"https:\/\/www.bluehoteles.es\/apartamentos-urban-blue\/localizacion-y-contacto\/#breadcrumb\",\"itemListElement\":[{\"@type\":\"ListItem\",\"position\":1,\"name\":\"Portada\",\"item\":\"https:\/\/www.bluehoteles.es\/apartamentos-urban-blue\/fr\/\"},{\"@type\":\"ListItem\",\"position\":2,\"name\":\"Emplacement et contact\"}]},{\"@type\":\"WebSite\",\"@id\":\"https:\/\/www.bluehoteles.es\/apartamentos-urban-blue\/#website\",\"url\":\"https:\/\/www.bluehoteles.es\/apartamentos-urban-blue\/\",\"name\":\"Aptos Urban Blue Gij\u00f3n\",\"description\":\"Apartamentos Urban Blue Gij\u00f3n\",\"potentialAction\":[{\"@type\":\"SearchAction\",\"target\":{\"@type\":\"EntryPoint\",\"urlTemplate\":\"https:\/\/www.bluehoteles.es\/apartamentos-urban-blue\/?s={search_term_string}\"},\"query-input\":\"required name=search_term_string\"}],\"inLanguage\":\"fr-FR\"}]}<\/script>\n<!-- \/ Yoast SEO plugin. -->","yoast_head_json":{"title":"Emplacement et contact Apartamentos Urban Blue","description":"Les Appartements Urban Blue sont id\u00e9alement situ\u00e9s au c\u0153ur de Gij\u00f3n, \u00e0 30 m\u00e8tres de la plage de San Lorenzo, \u00e0 c\u00f4t\u00e9 de la Plaza del Instituto, des Jardines del N\u00e1utico et de la Plaza Mayor.","robots":{"index":"index","follow":"follow","max-snippet":"max-snippet:-1","max-image-preview":"max-image-preview:large","max-video-preview":"max-video-preview:-1"},"canonical":"https:\/\/www.bluehoteles.es\/apartamentos-urban-blue\/localizacion-y-contacto\/","og_locale":"fr_FR","og_type":"article","og_title":"Emplacement et contact Apartamentos Urban Blue","og_description":"Les Appartements Urban Blue sont id\u00e9alement situ\u00e9s au c\u0153ur de Gij\u00f3n, \u00e0 30 m\u00e8tres de la plage de San Lorenzo, \u00e0 c\u00f4t\u00e9 de la Plaza del Instituto, des Jardines del N\u00e1utico et de la Plaza Mayor.","og_url":"https:\/\/www.bluehoteles.es\/apartamentos-urban-blue\/localizacion-y-contacto\/","og_site_name":"Aptos Urban Blue Gij\u00f3n","article_modified_time":"2019-01-28T11:01:07+00:00","twitter_card":"summary_large_image","twitter_misc":{"Est. reading time":"1 minute"},"schema":{"@context":"https:\/\/schema.org","@graph":[{"@type":"WebPage","@id":"https:\/\/www.bluehoteles.es\/apartamentos-urban-blue\/localizacion-y-contacto\/","url":"https:\/\/www.bluehoteles.es\/apartamentos-urban-blue\/localizacion-y-contacto\/","name":"Emplacement et contact Apartamentos Urban Blue","isPartOf":{"@id":"https:\/\/www.bluehoteles.es\/apartamentos-urban-blue\/#website"},"datePublished":"2013-10-16T10:05:38+00:00","dateModified":"2019-01-28T11:01:07+00:00","description":"Les Appartements Urban Blue sont id\u00e9alement situ\u00e9s au c\u0153ur de Gij\u00f3n, \u00e0 30 m\u00e8tres de la plage de San Lorenzo, \u00e0 c\u00f4t\u00e9 de la Plaza del Instituto, des Jardines del N\u00e1utico et de la Plaza Mayor.","breadcrumb":{"@id":"https:\/\/www.bluehoteles.es\/apartamentos-urban-blue\/localizacion-y-contacto\/#breadcrumb"},"inLanguage":"fr-FR","potentialAction":[{"@type":"ReadAction","target":["https:\/\/www.bluehoteles.es\/apartamentos-urban-blue\/localizacion-y-contacto\/"]}]},{"@type":"BreadcrumbList","@id":"https:\/\/www.bluehoteles.es\/apartamentos-urban-blue\/localizacion-y-contacto\/#breadcrumb","itemListElement":[{"@type":"ListItem","position":1,"name":"Portada","item":"https:\/\/www.bluehoteles.es\/apartamentos-urban-blue\/fr\/"},{"@type":"ListItem","position":2,"name":"Emplacement et contact"}]},{"@type":"WebSite","@id":"https:\/\/www.bluehoteles.es\/apartamentos-urban-blue\/#website","url":"https:\/\/www.bluehoteles.es\/apartamentos-urban-blue\/","name":"Aptos Urban Blue Gij\u00f3n","description":"Apartamentos Urban Blue Gij\u00f3n","potentialAction":[{"@type":"SearchAction","target":{"@type":"EntryPoint","urlTemplate":"https:\/\/www.bluehoteles.es\/apartamentos-urban-blue\/?s={search_term_string}"},"query-input":"required name=search_term_string"}],"inLanguage":"fr-FR"}]}},"_links":{"self":[{"href":"https:\/\/www.bluehoteles.es\/apartamentos-urban-blue\/fr\/wp-json\/wp\/v2\/pages\/21406"}],"collection":[{"href":"https:\/\/www.bluehoteles.es\/apartamentos-urban-blue\/fr\/wp-json\/wp\/v2\/pages"}],"about":[{"href":"https:\/\/www.bluehoteles.es\/apartamentos-urban-blue\/fr\/wp-json\/wp\/v2\/types\/page"}],"author":[{"embeddable":true,"href":"https:\/\/www.bluehoteles.es\/apartamentos-urban-blue\/fr\/wp-json\/wp\/v2\/users\/4"}],"replies":[{"embeddable":true,"href":"https:\/\/www.bluehoteles.es\/apartamentos-urban-blue\/fr\/wp-json\/wp\/v2\/comments?post=21406"}],"version-history":[{"count":6,"href":"https:\/\/www.bluehoteles.es\/apartamentos-urban-blue\/fr\/wp-json\/wp\/v2\/pages\/21406\/revisions"}],"predecessor-version":[{"id":22069,"href":"https:\/\/www.bluehoteles.es\/apartamentos-urban-blue\/fr\/wp-json\/wp\/v2\/pages\/21406\/revisions\/22069"}],"wp:attachment":[{"href":"https:\/\/www.bluehoteles.es\/apartamentos-urban-blue\/fr\/wp-json\/wp\/v2\/media?parent=21406"}],"curies":[{"name":"wp","href":"https:\/\/api.w.org\/{rel}","templated":true}]}}