{"id":22284,"date":"2020-03-04T09:30:35","date_gmt":"2020-03-04T08:30:35","guid":{"rendered":"https:\/\/www.bluehoteles.es\/marques-de-san-esteban\/localizacion-contacto\/"},"modified":"2025-04-09T10:19:49","modified_gmt":"2025-04-09T09:19:49","slug":"localisation-contact-2","status":"publish","type":"page","link":"https:\/\/www.bluehoteles.es\/apartamentos-urban-blue\/fr\/localisation-contact-2\/","title":{"rendered":"Localisation et Contact"},"content":{"rendered":"<p>[vc_row row_type=&#8221;row&#8221; use_row_as_full_screen_section=&#8221;yes&#8221; type=&#8221;full_width&#8221; angled_section=&#8221;no&#8221; text_align=&#8221;left&#8221; background_image_as_pattern=&#8221;without_pattern&#8221; background_color=&#8221;#ffffff&#8221; border_color=&#8221;#ffffff&#8221; side_padding=&#8221;0\/0&#8243; css_animation=&#8221;&#8221;][vc_column][vc_gmaps link=&#8221;#E-8_JTNDaWZyYW1lJTIwc3JjJTNEJTIyaHR0cHMlM0ElMkYlMkZ3d3cuZ29vZ2xlLmNvbSUyRm1hcHMlMkZlbWJlZCUzRnBiJTNEJTIxMW0xOCUyMTFtMTIlMjExbTMlMjExZDI4OTIuMTQ3NDczNjI0NDM4NiUyMTJkLTUuNjYwMzI3NTAwMDAwMDAxJTIxM2Q0My41NDA5Njc3JTIxMm0zJTIxMWYwJTIxMmYwJTIxM2YwJTIxM20yJTIxMWkxMDI0JTIxMmk3NjglMjE0ZjEzLjElMjEzbTMlMjExbTIlMjExczB4ZDM2N2M2OGVhYWFhYWFiJTI1M0EweDljYjNkOTEyZTc3N2MwYmUlMjEyc0FwYXJ0YW1lbnRvcyUyNTIwVXJiYW4lMjUyMEJsdWUlMjE1ZTAlMjEzbTIlMjExc2VzJTIxMnNlcyUyMTR2MTc0NDE5MDAzMzg3NSUyMTVtMiUyMTFzZXMlMjEyc2VzJTIyJTIwd2lkdGglM0QlMjI4MDAlMjIlMjBoZWlnaHQlM0QlMjI2MDAlMjIlMjBzdHlsZSUzRCUyMmJvcmRlciUzQTAlM0IlMjIlMjBhbGxvd2Z1bGxzY3JlZW4lM0QlMjIlMjIlMjBsb2FkaW5nJTNEJTIybGF6eSUyMiUyMHJlZmVycmVycG9saWN5JTNEJTIybm8tcmVmZXJyZXItd2hlbi1kb3duZ3JhZGUlMjIlM0UlM0MlMkZpZnJhbWUlM0U=&#8221; size=&#8221;510&#8243;][\/vc_column][\/vc_row][vc_row row_type=&#8221;row&#8221; use_row_as_full_screen_section=&#8221;no&#8221; type=&#8221;grid&#8221; angled_section=&#8221;no&#8221; text_align=&#8221;left&#8221; background_image_as_pattern=&#8221;without_pattern&#8221; padding_top=&#8221;54&#8243; padding_bottom=&#8221;54&#8243; css_animation=&#8221;element_from_right&#8221; transition_delay=&#8221;180&#8243;][vc_column width=&#8221;1\/3&#8243;][vc_column_text]<\/p>\n<h3><strong>Apartamentos Urban Blue<\/strong><\/h3>\n<p>[\/vc_column_text][vc_separator type=&#8221;transparent&#8221; up=&#8221;6&#8243; down=&#8221;6&#8243;][vc_column_text][vc_separator type=&#8217;transparent&#8217; color=&#8221; thickness=&#8221; up=&#8217;6&#8242; down=&#8217;6&#8242;]<\/p>\n<p>Calle Cabrales , 17<\/p>\n<p>33201 Gij\u00f3n,\u00a0Asturias, Espa\u00f1a<\/p>\n<p>Email: &lt;a href=&#8221;mailto:apartamentosurbanblue@bluehoteles.es&#8221;&gt;apartamentosurbanblue@bluehoteles.es&lt;\/a&gt;<\/p>\n<p>T\u00e9l\u00e9phone: +34 985 09 09 29<\/p>\n<p>Fax:\u00a0+34 985 09 20 10<\/p>\n<p>[vc_separator type=&#8217;transparent&#8217; color=&#8221; thickness=&#8221; up=&#8217;2&#8242; down=&#8221;][\/vc_column_text][vc_separator type=&#8221;transparent&#8221; up=&#8221;12&#8243; down=&#8221;12&#8243;]<span class='q_social_icon_holder normal_social' data-hover-color=#253367><a itemprop='url' href='https:\/\/www.facebook.com\/BLUEHOTELS\/' target='_blank'><i class=\"qode_icon_font_awesome fa fa-facebook fa-2x simple_social\" style=\"margin: 0 13px 0 0;\" ><\/i><\/a><\/span><span class='q_social_icon_holder normal_social' data-hover-color=#253367><a itemprop='url' href='https:\/\/twitter.com\/Bluehoteles' target='_blank'><i class=\"qode_icon_font_awesome fa fa-twitter fa-2x simple_social\" style=\"margin: 0 13px 0 0;\" ><\/i><\/a><\/span><span class='q_social_icon_holder normal_social' data-hover-color=#253367><a itemprop='url' href='https:\/\/plus.google.com\/u\/0\/115875322788488734095\/posts' target='_blank'><i class=\"qode_icon_font_awesome fa fa-google-plus fa-2x simple_social\" style=\"margin: 0 13px 0 0;\" ><\/i><\/a><\/span><span class='q_social_icon_holder normal_social' data-hover-color=#253367><a itemprop='url' href='https:\/\/www.pinterest.com\/bluehoteles\/' target='_blank'><i class=\"qode_icon_font_awesome fa fa-pinterest fa-2x simple_social\" style=\"margin: 0 13px 0 0;\" ><\/i><\/a><\/span>[\/vc_column][vc_column width=&#8221;2\/3&#8243;][vc_column_text]<\/p>\n<h3><strong>Nous sommes \u00e0 votre disposition<\/strong><\/h3>\n<p>[\/vc_column_text]\n<div class=\"wpcf7 no-js\" id=\"wpcf7-f22224-o1\" lang=\"es-ES\" dir=\"ltr\">\n<div class=\"screen-reader-response\"><p role=\"status\" aria-live=\"polite\" aria-atomic=\"true\"><\/p> <ul><\/ul><\/div>\n<form action=\"\/apartamentos-urban-blue\/fr\/wp-json\/wp\/v2\/pages\/22284#wpcf7-f22224-o1\" method=\"post\" class=\"wpcf7-form init cf7_custom_style_1\" aria-label=\"Contact form\" novalidate=\"novalidate\" data-status=\"init\">\n<div style=\"display: none;\">\n<input type=\"hidden\" name=\"_wpcf7\" value=\"22224\" \/>\n<input type=\"hidden\" name=\"_wpcf7_version\" value=\"5.9\" \/>\n<input type=\"hidden\" name=\"_wpcf7_locale\" value=\"es_ES\" \/>\n<input type=\"hidden\" name=\"_wpcf7_unit_tag\" value=\"wpcf7-f22224-o1\" \/>\n<input type=\"hidden\" name=\"_wpcf7_container_post\" value=\"0\" \/>\n<input type=\"hidden\" name=\"_wpcf7_posted_data_hash\" value=\"\" \/>\n<input type=\"hidden\" name=\"_wpcf7_recaptcha_response\" value=\"\" \/>\n<\/div>\n<p><label><br \/>\n<span class=\"wpcf7-form-control-wrap\" data-name=\"your-name\"><input size=\"40\" class=\"wpcf7-form-control wpcf7-text wpcf7-validates-as-required\" aria-required=\"true\" aria-invalid=\"false\" placeholder=\"Pr\u00e9nom *\" value=\"\" type=\"text\" name=\"your-name\" \/><\/span> <\/label>\n<\/p>\n<p><label><br \/>\n<span class=\"wpcf7-form-control-wrap\" data-name=\"your-email\"><input size=\"40\" class=\"wpcf7-form-control wpcf7-email wpcf7-validates-as-required wpcf7-text wpcf7-validates-as-email\" aria-required=\"true\" aria-invalid=\"false\" placeholder=\"Email *\" value=\"\" type=\"email\" name=\"your-email\" \/><\/span> <\/label>\n<\/p>\n<p><label><br \/>\n<span class=\"wpcf7-form-control-wrap\" data-name=\"your-subject\"><input size=\"40\" class=\"wpcf7-form-control wpcf7-text\" aria-invalid=\"false\" placeholder=\"Objet\" value=\"\" type=\"text\" name=\"your-subject\" \/><\/span> <\/label>\n<\/p>\n<p><label><br \/>\n<span class=\"wpcf7-form-control-wrap\" data-name=\"your-message\"><textarea cols=\"40\" rows=\"10\" class=\"wpcf7-form-control wpcf7-textarea\" aria-invalid=\"false\" placeholder=\"Message\" name=\"your-message\"><\/textarea><\/span> <\/label>\n<\/p>\n<p><span class=\"wpcf7-form-control-wrap\" data-name=\"your-consent\"><span class=\"wpcf7-form-control wpcf7-acceptance\"><span class=\"wpcf7-list-item\"><label><input type=\"checkbox\" name=\"your-consent\" value=\"1\" aria-invalid=\"false\" \/><span class=\"wpcf7-list-item-label\">J'ai lu et j'accepte le <a href=\"https:\/\/www.bluehoteles.es\/politica-de-privacidad\/\" target=\"_blank\">Politique de Confidentialit\u00e9.<\/a><\/span><\/label><\/span><\/span><\/span>\n<\/p>\n<p><input class=\"wpcf7-form-control wpcf7-submit has-spinner\" type=\"submit\" value=\"Envoyer\" \/>\n<\/p><div class=\"wpcf7-response-output\" aria-hidden=\"true\"><\/div>\n<\/form>\n<\/div>\n[\/vc_column][\/vc_row]<\/p>\n","protected":false},"excerpt":{"rendered":"<p>[vc_row row_type=&#8221;row&#8221; use_row_as_full_screen_section=&#8221;yes&#8221; type=&#8221;full_width&#8221; angled_section=&#8221;no&#8221; text_align=&#8221;left&#8221; background_image_as_pattern=&#8221;without_pattern&#8221; background_color=&#8221;#ffffff&#8221; border_color=&#8221;#ffffff&#8221; side_padding=&#8221;0\/0&#8243; css_animation=&#8221;&#8221;][vc_column][vc_gmaps link=&#8221;#E-8_JTNDaWZyYW1lJTIwc3JjJTNEJTIyaHR0cHMlM0ElMkYlMkZ3d3cuZ29vZ2xlLmNvbSUyRm1hcHMlMkZlbWJlZCUzRnBiJTNEJTIxMW0xOCUyMTFtMTIlMjExbTMlMjExZDI4OTIuMTQ3NDczNjI0NDM4NiUyMTJkLTUuNjYwMzI3NTAwMDAwMDAxJTIxM2Q0My41NDA5Njc3JTIxMm0zJTIxMWYwJTIxMmYwJTIxM2YwJTIxM20yJTIxMWkxMDI0JTIxMmk3NjglMjE0ZjEzLjElMjEzbTMlMjExbTIlMjExczB4ZDM2N2M2OGVhYWFhYWFiJTI1M0EweDljYjNkOTEyZTc3N2MwYmUlMjEyc0FwYXJ0YW1lbnRvcyUyNTIwVXJiYW4lMjUyMEJsdWUlMjE1ZTAlMjEzbTIlMjExc2VzJTIxMnNlcyUyMTR2MTc0NDE5MDAzMzg3NSUyMTVtMiUyMTFzZXMlMjEyc2VzJTIyJTIwd2lkdGglM0QlMjI4MDAlMjIlMjBoZWlnaHQlM0QlMjI2MDAlMjIlMjBzdHlsZSUzRCUyMmJvcmRlciUzQTAlM0IlMjIlMjBhbGxvd2Z1bGxzY3JlZW4lM0QlMjIlMjIlMjBsb2FkaW5nJTNEJTIybGF6eSUyMiUyMHJlZmVycmVycG9saWN5JTNEJTIybm8tcmVmZXJyZXItd2hlbi1kb3duZ3JhZGUlMjIlM0UlM0MlMkZpZnJhbWUlM0U=&#8221; size=&#8221;510&#8243;][\/vc_column][\/vc_row][vc_row row_type=&#8221;row&#8221; use_row_as_full_screen_section=&#8221;no&#8221; type=&#8221;grid&#8221; angled_section=&#8221;no&#8221; text_align=&#8221;left&#8221; background_image_as_pattern=&#8221;without_pattern&#8221; padding_top=&#8221;54&#8243; padding_bottom=&#8221;54&#8243; css_animation=&#8221;element_from_right&#8221; transition_delay=&#8221;180&#8243;][vc_column width=&#8221;1\/3&#8243;][vc_column_text] Apartamentos Urban Blue [\/vc_column_text][vc_separator type=&#8221;transparent&#8221; up=&#8221;6&#8243; down=&#8221;6&#8243;][vc_column_text][vc_separator type=&#8217;transparent&#8217; color=&#8221; thickness=&#8221; up=&#8217;6&#8242; down=&#8217;6&#8242;] Calle Cabrales , 17 33201 Gij\u00f3n,\u00a0Asturias, Espa\u00f1a Email: &lt;a&#8230;<\/p>\n","protected":false},"author":4,"featured_media":0,"parent":0,"menu_order":0,"comment_status":"open","ping_status":"closed","template":"full_width.php","meta":{"footnotes":""},"yoast_head":"<!-- This site is optimized with the Yoast SEO plugin v22.2 - https:\/\/yoast.com\/wordpress\/plugins\/seo\/ -->\n<title>Emplacement et contact Apartamentos Urban Blue<\/title>\n<meta name=\"description\" content=\"Les Appartements Urban Blue sont id\u00e9alement situ\u00e9s au c\u0153ur de Gij\u00f3n, \u00e0 30 m\u00e8tres de la plage de San Lorenzo, \u00e0 c\u00f4t\u00e9 de la Plaza del Instituto, des Jardines del N\u00e1utico et de la Plaza Mayor.\" \/>\n<meta name=\"robots\" content=\"index, follow, max-snippet:-1, max-image-preview:large, max-video-preview:-1\" \/>\n<link rel=\"canonical\" href=\"https:\/\/www.bluehoteles.es\/apartamentos-urban-blue\/fr\/localisation-contact-2\/\" \/>\n<meta property=\"og:locale\" content=\"fr_FR\" \/>\n<meta property=\"og:type\" content=\"article\" \/>\n<meta property=\"og:title\" content=\"Emplacement et contact Apartamentos Urban Blue\" \/>\n<meta property=\"og:description\" content=\"Les Appartements Urban Blue sont id\u00e9alement situ\u00e9s au c\u0153ur de Gij\u00f3n, \u00e0 30 m\u00e8tres de la plage de San Lorenzo, \u00e0 c\u00f4t\u00e9 de la Plaza del Instituto, des Jardines del N\u00e1utico et de la Plaza Mayor.\" \/>\n<meta property=\"og:url\" content=\"https:\/\/www.bluehoteles.es\/apartamentos-urban-blue\/fr\/localisation-contact-2\/\" \/>\n<meta property=\"og:site_name\" content=\"Aptos Urban Blue Gij\u00f3n\" \/>\n<meta property=\"article:modified_time\" content=\"2025-04-09T09:19:49+00:00\" \/>\n<meta name=\"twitter:card\" content=\"summary_large_image\" \/>\n<meta name=\"twitter:label1\" content=\"Est. reading time\" \/>\n\t<meta name=\"twitter:data1\" content=\"1 minute\" \/>\n<script type=\"application\/ld+json\" class=\"yoast-schema-graph\">{\"@context\":\"https:\/\/schema.org\",\"@graph\":[{\"@type\":\"WebPage\",\"@id\":\"https:\/\/www.bluehoteles.es\/apartamentos-urban-blue\/fr\/localisation-contact-2\/\",\"url\":\"https:\/\/www.bluehoteles.es\/apartamentos-urban-blue\/fr\/localisation-contact-2\/\",\"name\":\"Emplacement et contact Apartamentos Urban Blue\",\"isPartOf\":{\"@id\":\"https:\/\/www.bluehoteles.es\/apartamentos-urban-blue\/#website\"},\"datePublished\":\"2020-03-04T08:30:35+00:00\",\"dateModified\":\"2025-04-09T09:19:49+00:00\",\"description\":\"Les Appartements Urban Blue sont id\u00e9alement situ\u00e9s au c\u0153ur de Gij\u00f3n, \u00e0 30 m\u00e8tres de la plage de San Lorenzo, \u00e0 c\u00f4t\u00e9 de la Plaza del Instituto, des Jardines del N\u00e1utico et de la Plaza Mayor.\",\"breadcrumb\":{\"@id\":\"https:\/\/www.bluehoteles.es\/apartamentos-urban-blue\/fr\/localisation-contact-2\/#breadcrumb\"},\"inLanguage\":\"fr-FR\",\"potentialAction\":[{\"@type\":\"ReadAction\",\"target\":[\"https:\/\/www.bluehoteles.es\/apartamentos-urban-blue\/fr\/localisation-contact-2\/\"]}]},{\"@type\":\"BreadcrumbList\",\"@id\":\"https:\/\/www.bluehoteles.es\/apartamentos-urban-blue\/fr\/localisation-contact-2\/#breadcrumb\",\"itemListElement\":[{\"@type\":\"ListItem\",\"position\":1,\"name\":\"Portada\",\"item\":\"https:\/\/www.bluehoteles.es\/apartamentos-urban-blue\/fr\/\"},{\"@type\":\"ListItem\",\"position\":2,\"name\":\"Localisation et Contact\"}]},{\"@type\":\"WebSite\",\"@id\":\"https:\/\/www.bluehoteles.es\/apartamentos-urban-blue\/#website\",\"url\":\"https:\/\/www.bluehoteles.es\/apartamentos-urban-blue\/\",\"name\":\"Aptos Urban Blue Gij\u00f3n\",\"description\":\"Apartamentos Urban Blue Gij\u00f3n\",\"potentialAction\":[{\"@type\":\"SearchAction\",\"target\":{\"@type\":\"EntryPoint\",\"urlTemplate\":\"https:\/\/www.bluehoteles.es\/apartamentos-urban-blue\/?s={search_term_string}\"},\"query-input\":\"required name=search_term_string\"}],\"inLanguage\":\"fr-FR\"}]}<\/script>\n<!-- \/ Yoast SEO plugin. -->","yoast_head_json":{"title":"Emplacement et contact Apartamentos Urban Blue","description":"Les Appartements Urban Blue sont id\u00e9alement situ\u00e9s au c\u0153ur de Gij\u00f3n, \u00e0 30 m\u00e8tres de la plage de San Lorenzo, \u00e0 c\u00f4t\u00e9 de la Plaza del Instituto, des Jardines del N\u00e1utico et de la Plaza Mayor.","robots":{"index":"index","follow":"follow","max-snippet":"max-snippet:-1","max-image-preview":"max-image-preview:large","max-video-preview":"max-video-preview:-1"},"canonical":"https:\/\/www.bluehoteles.es\/apartamentos-urban-blue\/fr\/localisation-contact-2\/","og_locale":"fr_FR","og_type":"article","og_title":"Emplacement et contact Apartamentos Urban Blue","og_description":"Les Appartements Urban Blue sont id\u00e9alement situ\u00e9s au c\u0153ur de Gij\u00f3n, \u00e0 30 m\u00e8tres de la plage de San Lorenzo, \u00e0 c\u00f4t\u00e9 de la Plaza del Instituto, des Jardines del N\u00e1utico et de la Plaza Mayor.","og_url":"https:\/\/www.bluehoteles.es\/apartamentos-urban-blue\/fr\/localisation-contact-2\/","og_site_name":"Aptos Urban Blue Gij\u00f3n","article_modified_time":"2025-04-09T09:19:49+00:00","twitter_card":"summary_large_image","twitter_misc":{"Est. reading time":"1 minute"},"schema":{"@context":"https:\/\/schema.org","@graph":[{"@type":"WebPage","@id":"https:\/\/www.bluehoteles.es\/apartamentos-urban-blue\/fr\/localisation-contact-2\/","url":"https:\/\/www.bluehoteles.es\/apartamentos-urban-blue\/fr\/localisation-contact-2\/","name":"Emplacement et contact Apartamentos Urban Blue","isPartOf":{"@id":"https:\/\/www.bluehoteles.es\/apartamentos-urban-blue\/#website"},"datePublished":"2020-03-04T08:30:35+00:00","dateModified":"2025-04-09T09:19:49+00:00","description":"Les Appartements Urban Blue sont id\u00e9alement situ\u00e9s au c\u0153ur de Gij\u00f3n, \u00e0 30 m\u00e8tres de la plage de San Lorenzo, \u00e0 c\u00f4t\u00e9 de la Plaza del Instituto, des Jardines del N\u00e1utico et de la Plaza Mayor.","breadcrumb":{"@id":"https:\/\/www.bluehoteles.es\/apartamentos-urban-blue\/fr\/localisation-contact-2\/#breadcrumb"},"inLanguage":"fr-FR","potentialAction":[{"@type":"ReadAction","target":["https:\/\/www.bluehoteles.es\/apartamentos-urban-blue\/fr\/localisation-contact-2\/"]}]},{"@type":"BreadcrumbList","@id":"https:\/\/www.bluehoteles.es\/apartamentos-urban-blue\/fr\/localisation-contact-2\/#breadcrumb","itemListElement":[{"@type":"ListItem","position":1,"name":"Portada","item":"https:\/\/www.bluehoteles.es\/apartamentos-urban-blue\/fr\/"},{"@type":"ListItem","position":2,"name":"Localisation et Contact"}]},{"@type":"WebSite","@id":"https:\/\/www.bluehoteles.es\/apartamentos-urban-blue\/#website","url":"https:\/\/www.bluehoteles.es\/apartamentos-urban-blue\/","name":"Aptos Urban Blue Gij\u00f3n","description":"Apartamentos Urban Blue Gij\u00f3n","potentialAction":[{"@type":"SearchAction","target":{"@type":"EntryPoint","urlTemplate":"https:\/\/www.bluehoteles.es\/apartamentos-urban-blue\/?s={search_term_string}"},"query-input":"required name=search_term_string"}],"inLanguage":"fr-FR"}]}},"_links":{"self":[{"href":"https:\/\/www.bluehoteles.es\/apartamentos-urban-blue\/fr\/wp-json\/wp\/v2\/pages\/22284"}],"collection":[{"href":"https:\/\/www.bluehoteles.es\/apartamentos-urban-blue\/fr\/wp-json\/wp\/v2\/pages"}],"about":[{"href":"https:\/\/www.bluehoteles.es\/apartamentos-urban-blue\/fr\/wp-json\/wp\/v2\/types\/page"}],"author":[{"embeddable":true,"href":"https:\/\/www.bluehoteles.es\/apartamentos-urban-blue\/fr\/wp-json\/wp\/v2\/users\/4"}],"replies":[{"embeddable":true,"href":"https:\/\/www.bluehoteles.es\/apartamentos-urban-blue\/fr\/wp-json\/wp\/v2\/comments?post=22284"}],"version-history":[{"count":3,"href":"https:\/\/www.bluehoteles.es\/apartamentos-urban-blue\/fr\/wp-json\/wp\/v2\/pages\/22284\/revisions"}],"predecessor-version":[{"id":22728,"href":"https:\/\/www.bluehoteles.es\/apartamentos-urban-blue\/fr\/wp-json\/wp\/v2\/pages\/22284\/revisions\/22728"}],"wp:attachment":[{"href":"https:\/\/www.bluehoteles.es\/apartamentos-urban-blue\/fr\/wp-json\/wp\/v2\/media?parent=22284"}],"curies":[{"name":"wp","href":"https:\/\/api.w.org\/{rel}","templated":true}]}}