{"id":18913,"date":"2014-03-26T08:17:14","date_gmt":"2014-03-26T08:17:14","guid":{"rendered":"https:\/\/demo.qodeinteractive.com\/bridge\/?page_id=13891"},"modified":"2019-03-18T11:16:59","modified_gmt":"2019-03-18T10:16:59","slug":"galeria","status":"publish","type":"page","link":"https:\/\/www.bluehoteles.es\/apartamentos-urban-blue\/galeria\/","title":{"rendered":"Galer\u00eda"},"content":{"rendered":"<p>[vc_row row_type=\u00bbrow\u00bb use_row_as_full_screen_section=\u00bbno\u00bb type=\u00bbgrid\u00bb angled_section=\u00bbno\u00bb text_align=\u00bbleft\u00bb background_image_as_pattern=\u00bbwithout_pattern\u00bb background_color=\u00bb#ffffff\u00bb border_color=\u00bb#ffffff\u00bb padding_top=\u00bb70&#8243; padding_bottom=\u00bb70&#8243; css_animation=\u00bb\u00bb][vc_column][vc_gallery type=\u00bbimage_grid\u00bb images=\u00bb22172,22165,22171,22164,22147,22170,22148,22150,22149,22151,22195,22198,22139,22197,22200,22206,22140,22141,22142,22143,22166,22208,22191,22135,22204,22136,22134,22163,22199,22207,22196,22205,22173,22146,22145,22193,22194,22144,22161,22162,22168,22202,22203,22201,22156,22132,22131,22155,22152,22153&#8243; img_size=\u00bb600&#215;600&#8243; column_number=\u00bb4&#8243; grayscale=\u00bbno\u00bb images_space=\u00bbgallery_with_space\u00bb][\/vc_column][\/vc_row]<\/p>\n","protected":false},"excerpt":{"rendered":"<p>[vc_row row_type=\u00bbrow\u00bb use_row_as_full_screen_section=\u00bbno\u00bb type=\u00bbgrid\u00bb angled_section=\u00bbno\u00bb text_align=\u00bbleft\u00bb background_image_as_pattern=\u00bbwithout_pattern\u00bb background_color=\u00bb#ffffff\u00bb border_color=\u00bb#ffffff\u00bb padding_top=\u00bb70&#8243; padding_bottom=\u00bb70&#8243; css_animation=\u00bb\u00bb][vc_column][vc_gallery type=\u00bbimage_grid\u00bb images=\u00bb22172,22165,22171,22164,22147,22170,22148,22150,22149,22151,22195,22198,22139,22197,22200,22206,22140,22141,22142,22143,22166,22208,22191,22135,22204,22136,22134,22163,22199,22207,22196,22205,22173,22146,22145,22193,22194,22144,22161,22162,22168,22202,22203,22201,22156,22132,22131,22155,22152,22153&#8243; img_size=\u00bb600&#215;600&#8243; column_number=\u00bb4&#8243; grayscale=\u00bbno\u00bb images_space=\u00bbgallery_with_space\u00bb][\/vc_column][\/vc_row]<\/p>\n","protected":false},"author":4,"featured_media":0,"parent":0,"menu_order":0,"comment_status":"open","ping_status":"open","template":"full_width.php","meta":{"footnotes":""},"yoast_head":"<!-- This site is optimized with the Yoast SEO plugin v22.2 - https:\/\/yoast.com\/wordpress\/plugins\/seo\/ -->\n<title>Galer\u00eda de im\u00e1genes de los Apartamentos Urban Blue en Gij\u00f3n, Espa\u00f1a<\/title>\n<meta name=\"description\" content=\"Aqu\u00ed puedes descubrir nuestros Apartamentos Urban Blue Gij\u00f3n a trav\u00e9s de su galer\u00eda de im\u00e1genes.\" \/>\n<meta name=\"robots\" content=\"index, follow, max-snippet:-1, max-image-preview:large, max-video-preview:-1\" \/>\n<link rel=\"canonical\" href=\"https:\/\/www.bluehoteles.es\/apartamentos-urban-blue\/galeria\/\" \/>\n<meta property=\"og:locale\" content=\"es_ES\" \/>\n<meta property=\"og:type\" content=\"article\" \/>\n<meta property=\"og:title\" content=\"Galer\u00eda de im\u00e1genes de los Apartamentos Urban Blue en Gij\u00f3n, Espa\u00f1a\" \/>\n<meta property=\"og:description\" content=\"Aqu\u00ed puedes descubrir nuestros Apartamentos Urban Blue Gij\u00f3n a trav\u00e9s de su galer\u00eda de im\u00e1genes.\" \/>\n<meta property=\"og:url\" content=\"https:\/\/www.bluehoteles.es\/apartamentos-urban-blue\/galeria\/\" \/>\n<meta property=\"og:site_name\" content=\"Aptos Urban Blue Gij\u00f3n\" \/>\n<meta property=\"article:modified_time\" content=\"2019-03-18T10:16:59+00:00\" \/>\n<meta name=\"twitter:card\" content=\"summary_large_image\" \/>\n<script type=\"application\/ld+json\" class=\"yoast-schema-graph\">{\"@context\":\"https:\/\/schema.org\",\"@graph\":[{\"@type\":\"WebPage\",\"@id\":\"https:\/\/www.bluehoteles.es\/apartamentos-urban-blue\/galeria\/\",\"url\":\"https:\/\/www.bluehoteles.es\/apartamentos-urban-blue\/galeria\/\",\"name\":\"Galer\u00eda de im\u00e1genes de los Apartamentos Urban Blue en Gij\u00f3n, Espa\u00f1a\",\"isPartOf\":{\"@id\":\"https:\/\/www.bluehoteles.es\/apartamentos-urban-blue\/#website\"},\"datePublished\":\"2014-03-26T08:17:14+00:00\",\"dateModified\":\"2019-03-18T10:16:59+00:00\",\"description\":\"Aqu\u00ed puedes descubrir nuestros Apartamentos Urban Blue Gij\u00f3n a trav\u00e9s de su galer\u00eda de im\u00e1genes.\",\"breadcrumb\":{\"@id\":\"https:\/\/www.bluehoteles.es\/apartamentos-urban-blue\/galeria\/#breadcrumb\"},\"inLanguage\":\"es\",\"potentialAction\":[{\"@type\":\"ReadAction\",\"target\":[\"https:\/\/www.bluehoteles.es\/apartamentos-urban-blue\/galeria\/\"]}]},{\"@type\":\"BreadcrumbList\",\"@id\":\"https:\/\/www.bluehoteles.es\/apartamentos-urban-blue\/galeria\/#breadcrumb\",\"itemListElement\":[{\"@type\":\"ListItem\",\"position\":1,\"name\":\"Portada\",\"item\":\"https:\/\/www.bluehoteles.es\/apartamentos-urban-blue\/\"},{\"@type\":\"ListItem\",\"position\":2,\"name\":\"Galer\u00eda\"}]},{\"@type\":\"WebSite\",\"@id\":\"https:\/\/www.bluehoteles.es\/apartamentos-urban-blue\/#website\",\"url\":\"https:\/\/www.bluehoteles.es\/apartamentos-urban-blue\/\",\"name\":\"Aptos Urban Blue Gij\u00f3n\",\"description\":\"Apartamentos Urban Blue Gij\u00f3n\",\"potentialAction\":[{\"@type\":\"SearchAction\",\"target\":{\"@type\":\"EntryPoint\",\"urlTemplate\":\"https:\/\/www.bluehoteles.es\/apartamentos-urban-blue\/?s={search_term_string}\"},\"query-input\":\"required name=search_term_string\"}],\"inLanguage\":\"es\"}]}<\/script>\n<!-- \/ Yoast SEO plugin. -->","yoast_head_json":{"title":"Galer\u00eda de im\u00e1genes de los Apartamentos Urban Blue en Gij\u00f3n, Espa\u00f1a","description":"Aqu\u00ed puedes descubrir nuestros Apartamentos Urban Blue Gij\u00f3n a trav\u00e9s de su galer\u00eda de im\u00e1genes.","robots":{"index":"index","follow":"follow","max-snippet":"max-snippet:-1","max-image-preview":"max-image-preview:large","max-video-preview":"max-video-preview:-1"},"canonical":"https:\/\/www.bluehoteles.es\/apartamentos-urban-blue\/galeria\/","og_locale":"es_ES","og_type":"article","og_title":"Galer\u00eda de im\u00e1genes de los Apartamentos Urban Blue en Gij\u00f3n, Espa\u00f1a","og_description":"Aqu\u00ed puedes descubrir nuestros Apartamentos Urban Blue Gij\u00f3n a trav\u00e9s de su galer\u00eda de im\u00e1genes.","og_url":"https:\/\/www.bluehoteles.es\/apartamentos-urban-blue\/galeria\/","og_site_name":"Aptos Urban Blue Gij\u00f3n","article_modified_time":"2019-03-18T10:16:59+00:00","twitter_card":"summary_large_image","schema":{"@context":"https:\/\/schema.org","@graph":[{"@type":"WebPage","@id":"https:\/\/www.bluehoteles.es\/apartamentos-urban-blue\/galeria\/","url":"https:\/\/www.bluehoteles.es\/apartamentos-urban-blue\/galeria\/","name":"Galer\u00eda de im\u00e1genes de los Apartamentos Urban Blue en Gij\u00f3n, Espa\u00f1a","isPartOf":{"@id":"https:\/\/www.bluehoteles.es\/apartamentos-urban-blue\/#website"},"datePublished":"2014-03-26T08:17:14+00:00","dateModified":"2019-03-18T10:16:59+00:00","description":"Aqu\u00ed puedes descubrir nuestros Apartamentos Urban Blue Gij\u00f3n a trav\u00e9s de su galer\u00eda de im\u00e1genes.","breadcrumb":{"@id":"https:\/\/www.bluehoteles.es\/apartamentos-urban-blue\/galeria\/#breadcrumb"},"inLanguage":"es","potentialAction":[{"@type":"ReadAction","target":["https:\/\/www.bluehoteles.es\/apartamentos-urban-blue\/galeria\/"]}]},{"@type":"BreadcrumbList","@id":"https:\/\/www.bluehoteles.es\/apartamentos-urban-blue\/galeria\/#breadcrumb","itemListElement":[{"@type":"ListItem","position":1,"name":"Portada","item":"https:\/\/www.bluehoteles.es\/apartamentos-urban-blue\/"},{"@type":"ListItem","position":2,"name":"Galer\u00eda"}]},{"@type":"WebSite","@id":"https:\/\/www.bluehoteles.es\/apartamentos-urban-blue\/#website","url":"https:\/\/www.bluehoteles.es\/apartamentos-urban-blue\/","name":"Aptos Urban Blue Gij\u00f3n","description":"Apartamentos Urban Blue Gij\u00f3n","potentialAction":[{"@type":"SearchAction","target":{"@type":"EntryPoint","urlTemplate":"https:\/\/www.bluehoteles.es\/apartamentos-urban-blue\/?s={search_term_string}"},"query-input":"required name=search_term_string"}],"inLanguage":"es"}]}},"_links":{"self":[{"href":"https:\/\/www.bluehoteles.es\/apartamentos-urban-blue\/wp-json\/wp\/v2\/pages\/18913"}],"collection":[{"href":"https:\/\/www.bluehoteles.es\/apartamentos-urban-blue\/wp-json\/wp\/v2\/pages"}],"about":[{"href":"https:\/\/www.bluehoteles.es\/apartamentos-urban-blue\/wp-json\/wp\/v2\/types\/page"}],"author":[{"embeddable":true,"href":"https:\/\/www.bluehoteles.es\/apartamentos-urban-blue\/wp-json\/wp\/v2\/users\/4"}],"replies":[{"embeddable":true,"href":"https:\/\/www.bluehoteles.es\/apartamentos-urban-blue\/wp-json\/wp\/v2\/comments?post=18913"}],"version-history":[{"count":13,"href":"https:\/\/www.bluehoteles.es\/apartamentos-urban-blue\/wp-json\/wp\/v2\/pages\/18913\/revisions"}],"predecessor-version":[{"id":22211,"href":"https:\/\/www.bluehoteles.es\/apartamentos-urban-blue\/wp-json\/wp\/v2\/pages\/18913\/revisions\/22211"}],"wp:attachment":[{"href":"https:\/\/www.bluehoteles.es\/apartamentos-urban-blue\/wp-json\/wp\/v2\/media?parent=18913"}],"curies":[{"name":"wp","href":"https:\/\/api.w.org\/{rel}","templated":true}]}}