{"id":21513,"date":"2018-06-25T11:18:42","date_gmt":"2018-06-25T10:18:42","guid":{"rendered":"https:\/\/www.bluehoteles.es\/apartamentos-turisticos-san-esteban\/?page_id=21513"},"modified":"2019-03-18T11:29:49","modified_gmt":"2019-03-18T10:29:49","slug":"apartamento-para-3-adultos","status":"publish","type":"page","link":"https:\/\/www.bluehoteles.es\/apartamentos-urban-blue\/apartamento-para-3-adultos\/","title":{"rendered":"Apartamento para 3 Adultos"},"content":{"rendered":"<p>[vc_row row_type=\u00bbrow\u00bb use_row_as_full_screen_section=\u00bbno\u00bb type=\u00bbfull_width\u00bb anchor=\u00bbgallery\u00bb angled_section=\u00bbno\u00bb text_align=\u00bbleft\u00bb background_image_as_pattern=\u00bbwithout_pattern\u00bb css_animation=\u00bb\u00bb][vc_column]<div class='qode_image_gallery_no_space light highlight_active'><div class='qode_image_gallery_holder' style='height: 600px;'><ul style = \"background-color: #000000\" ><li style = \"opacity: 0.40\" ><div style=\"height: 600px; width:904px;\"><img decoding=\"async\" itemprop=\"image\" src=\"https:\/\/www.bluehoteles.es\/apartamentos-urban-blue\/wp-content\/uploads\/sites\/4\/2019\/03\/APTO-1-HAB-10-URBAN-BLUE.jpg\" alt=\"\" \/><\/div><\/li><li style = \"opacity: 0.40\" ><div style=\"height: 600px; width:928px;\"><img decoding=\"async\" itemprop=\"image\" src=\"https:\/\/www.bluehoteles.es\/apartamentos-urban-blue\/wp-content\/uploads\/sites\/4\/2019\/03\/APTO-1-HAB-9-URBAN-BLUE.jpg\" alt=\"\" \/><\/div><\/li><li style = \"opacity: 0.40\" ><div style=\"height: 600px; width:900px;\"><img decoding=\"async\" itemprop=\"image\" src=\"https:\/\/www.bluehoteles.es\/apartamentos-urban-blue\/wp-content\/uploads\/sites\/4\/2019\/03\/APTO-1-HAB-8-URBAN-BLUE.jpg\" alt=\"\" \/><\/div><\/li><li style = \"opacity: 0.40\" ><div style=\"height: 600px; width:1067px;\"><img decoding=\"async\" itemprop=\"image\" src=\"https:\/\/www.bluehoteles.es\/apartamentos-urban-blue\/wp-content\/uploads\/sites\/4\/2019\/03\/APTO-1-HAB-15-URBAN-BLUE.jpg\" alt=\"\" \/><\/div><\/li><li style = \"opacity: 0.40\" ><div style=\"height: 600px; width:900px;\"><img decoding=\"async\" itemprop=\"image\" src=\"https:\/\/www.bluehoteles.es\/apartamentos-urban-blue\/wp-content\/uploads\/sites\/4\/2019\/03\/APTO-1-HAB-14-URBAN-BLUE.jpg\" alt=\"\" \/><\/div><\/li><li style = \"opacity: 0.40\" ><div style=\"height: 600px; width:900px;\"><img decoding=\"async\" itemprop=\"image\" src=\"https:\/\/www.bluehoteles.es\/apartamentos-urban-blue\/wp-content\/uploads\/sites\/4\/2019\/03\/APTO-1-HAB-7-URBAN-BLUE.jpg\" alt=\"\" \/><\/div><\/li><li style = \"opacity: 0.40\" ><div style=\"height: 600px; width:900px;\"><img decoding=\"async\" itemprop=\"image\" src=\"https:\/\/www.bluehoteles.es\/apartamentos-urban-blue\/wp-content\/uploads\/sites\/4\/2019\/03\/APTO-1-HAB-6-URBAN-BLUE.jpg\" alt=\"\" \/><\/div><\/li><li style = \"opacity: 0.40\" ><div style=\"height: 600px; width:900px;\"><img decoding=\"async\" itemprop=\"image\" src=\"https:\/\/www.bluehoteles.es\/apartamentos-urban-blue\/wp-content\/uploads\/sites\/4\/2019\/03\/APTO-1-HAB-5-URBAN-BLUE.jpg\" alt=\"\" \/><\/div><\/li><li style = \"opacity: 0.40\" ><div style=\"height: 600px; width:900px;\"><img decoding=\"async\" itemprop=\"image\" src=\"https:\/\/www.bluehoteles.es\/apartamentos-urban-blue\/wp-content\/uploads\/sites\/4\/2019\/03\/APTO-1-HAB-19-URBAN-BLUE.jpg\" alt=\"\" \/><\/div><\/li><li style = \"opacity: 0.40\" ><div style=\"height: 600px; width:900px;\"><img decoding=\"async\" itemprop=\"image\" src=\"https:\/\/www.bluehoteles.es\/apartamentos-urban-blue\/wp-content\/uploads\/sites\/4\/2019\/03\/APTO-1-HAB-18-URBAN-BLUE.jpg\" alt=\"\" \/><\/div><\/li><li style = \"opacity: 0.40\" ><div style=\"height: 600px; width:900px;\"><img decoding=\"async\" itemprop=\"image\" src=\"https:\/\/www.bluehoteles.es\/apartamentos-urban-blue\/wp-content\/uploads\/sites\/4\/2019\/03\/APTO-1-HAB-17-URBAN-BLUE.jpg\" alt=\"\" \/><\/div><\/li><li style = \"opacity: 0.40\" ><div style=\"height: 600px; width:800px;\"><img decoding=\"async\" itemprop=\"image\" src=\"https:\/\/www.bluehoteles.es\/apartamentos-urban-blue\/wp-content\/uploads\/sites\/4\/2019\/03\/APTO-1-HAB-16-URBAN-BLUE.jpg\" alt=\"\" \/><\/div><\/li><li style = \"opacity: 0.40\" ><div style=\"height: 600px; width:796px;\"><img decoding=\"async\" itemprop=\"image\" src=\"https:\/\/www.bluehoteles.es\/apartamentos-urban-blue\/wp-content\/uploads\/sites\/4\/2019\/03\/APTO-1-HAB-3-URBAN-BLUE.jpg\" alt=\"\" \/><\/div><\/li><li style = \"opacity: 0.40\" ><div style=\"height: 600px; width:809px;\"><img decoding=\"async\" itemprop=\"image\" src=\"https:\/\/www.bluehoteles.es\/apartamentos-urban-blue\/wp-content\/uploads\/sites\/4\/2019\/03\/APTO-1-HAB-4-URBAN-BLUE.jpg\" alt=\"\" \/><\/div><\/li><li style = \"opacity: 0.40\" ><div style=\"height: 600px; width:900px;\"><img decoding=\"async\" itemprop=\"image\" src=\"https:\/\/www.bluehoteles.es\/apartamentos-urban-blue\/wp-content\/uploads\/sites\/4\/2019\/03\/APTO-1-HAB-13-URBAN-BLUE.jpg\" alt=\"\" \/><\/div><\/li><li style = \"opacity: 0.40\" ><div style=\"height: 600px; width:900px;\"><img decoding=\"async\" itemprop=\"image\" src=\"https:\/\/www.bluehoteles.es\/apartamentos-urban-blue\/wp-content\/uploads\/sites\/4\/2019\/03\/APTO-1-HAB-1-URBAN-BLUE.jpg\" alt=\"\" \/><\/div><\/li><li style = \"opacity: 0.40\" ><div style=\"height: 600px; width:900px;\"><img decoding=\"async\" itemprop=\"image\" src=\"https:\/\/www.bluehoteles.es\/apartamentos-urban-blue\/wp-content\/uploads\/sites\/4\/2019\/03\/APTO-1-HAB-11-URBAN-BLUE.jpg\" alt=\"\" \/><\/div><\/li><li style = \"opacity: 0.40\" ><div style=\"height: 600px; width:827px;\"><img decoding=\"async\" itemprop=\"image\" src=\"https:\/\/www.bluehoteles.es\/apartamentos-urban-blue\/wp-content\/uploads\/sites\/4\/2019\/03\/APTO-1-HAB-12-URBAN-BLUE.jpg\" alt=\"\" \/><\/div><\/li><\/ul><\/div><div class=\"controls\"><a class=\"prev-slide\" href=\"#\"><span><i class=\"fa fa-angle-left\"><\/i><\/span><\/a><a class=\"next-slide\" href=\"#\"><span><i class=\"fa fa-angle-right\"><\/i><\/span><\/a><\/div><\/div>[\/vc_column][\/vc_row]<\/p>\n","protected":false},"excerpt":{"rendered":"<p>[vc_row row_type=\u00bbrow\u00bb use_row_as_full_screen_section=\u00bbno\u00bb type=\u00bbfull_width\u00bb anchor=\u00bbgallery\u00bb angled_section=\u00bbno\u00bb text_align=\u00bbleft\u00bb background_image_as_pattern=\u00bbwithout_pattern\u00bb css_animation=\u00bb\u00bb][vc_column][\/vc_column][\/vc_row]<\/p>\n","protected":false},"author":5,"featured_media":0,"parent":0,"menu_order":0,"comment_status":"closed","ping_status":"closed","template":"full_width.php","meta":{"footnotes":""},"yoast_head":"<!-- This site is optimized with the Yoast SEO plugin v22.2 - https:\/\/yoast.com\/wordpress\/plugins\/seo\/ -->\n<title>Apartamentos Urban Blue \u00ae - Apartamento para 3 Adultos<\/title>\n<meta name=\"description\" content=\"Apartamento para hasta 3 personas en Gij\u00f3n con 1 dormitorio con 2 camas + cocina americana + sal\u00f3n con sof\u00e1 cama doble (135cm) + ba\u00f1o completo.\" \/>\n<meta name=\"robots\" content=\"index, follow, max-snippet:-1, max-image-preview:large, max-video-preview:-1\" \/>\n<link rel=\"canonical\" href=\"https:\/\/www.bluehoteles.es\/apartamentos-urban-blue\/apartamento-para-3-adultos\/\" \/>\n<meta property=\"og:locale\" content=\"es_ES\" \/>\n<meta property=\"og:type\" content=\"article\" \/>\n<meta property=\"og:title\" content=\"Apartamentos Urban Blue \u00ae - Apartamento para 3 Adultos\" \/>\n<meta property=\"og:description\" content=\"Apartamento para hasta 3 personas en Gij\u00f3n con 1 dormitorio con 2 camas + cocina americana + sal\u00f3n con sof\u00e1 cama doble (135cm) + ba\u00f1o completo.\" \/>\n<meta property=\"og:url\" content=\"https:\/\/www.bluehoteles.es\/apartamentos-urban-blue\/apartamento-para-3-adultos\/\" \/>\n<meta property=\"og:site_name\" content=\"Aptos Urban Blue Gij\u00f3n\" \/>\n<meta property=\"article:modified_time\" content=\"2019-03-18T10:29:49+00:00\" \/>\n<meta name=\"twitter:card\" content=\"summary_large_image\" \/>\n<script type=\"application\/ld+json\" class=\"yoast-schema-graph\">{\"@context\":\"https:\/\/schema.org\",\"@graph\":[{\"@type\":\"WebPage\",\"@id\":\"https:\/\/www.bluehoteles.es\/apartamentos-urban-blue\/apartamento-para-3-adultos\/\",\"url\":\"https:\/\/www.bluehoteles.es\/apartamentos-urban-blue\/apartamento-para-3-adultos\/\",\"name\":\"Apartamentos Urban Blue \u00ae - Apartamento para 3 Adultos\",\"isPartOf\":{\"@id\":\"https:\/\/www.bluehoteles.es\/apartamentos-urban-blue\/#website\"},\"datePublished\":\"2018-06-25T10:18:42+00:00\",\"dateModified\":\"2019-03-18T10:29:49+00:00\",\"description\":\"Apartamento para hasta 3 personas en Gij\u00f3n con 1 dormitorio con 2 camas + cocina americana + sal\u00f3n con sof\u00e1 cama doble (135cm) + ba\u00f1o completo.\",\"breadcrumb\":{\"@id\":\"https:\/\/www.bluehoteles.es\/apartamentos-urban-blue\/apartamento-para-3-adultos\/#breadcrumb\"},\"inLanguage\":\"es\",\"potentialAction\":[{\"@type\":\"ReadAction\",\"target\":[\"https:\/\/www.bluehoteles.es\/apartamentos-urban-blue\/apartamento-para-3-adultos\/\"]}]},{\"@type\":\"BreadcrumbList\",\"@id\":\"https:\/\/www.bluehoteles.es\/apartamentos-urban-blue\/apartamento-para-3-adultos\/#breadcrumb\",\"itemListElement\":[{\"@type\":\"ListItem\",\"position\":1,\"name\":\"Portada\",\"item\":\"https:\/\/www.bluehoteles.es\/apartamentos-urban-blue\/\"},{\"@type\":\"ListItem\",\"position\":2,\"name\":\"Apartamento para 3 Adultos\"}]},{\"@type\":\"WebSite\",\"@id\":\"https:\/\/www.bluehoteles.es\/apartamentos-urban-blue\/#website\",\"url\":\"https:\/\/www.bluehoteles.es\/apartamentos-urban-blue\/\",\"name\":\"Aptos Urban Blue Gij\u00f3n\",\"description\":\"Apartamentos Urban Blue Gij\u00f3n\",\"potentialAction\":[{\"@type\":\"SearchAction\",\"target\":{\"@type\":\"EntryPoint\",\"urlTemplate\":\"https:\/\/www.bluehoteles.es\/apartamentos-urban-blue\/?s={search_term_string}\"},\"query-input\":\"required name=search_term_string\"}],\"inLanguage\":\"es\"}]}<\/script>\n<!-- \/ Yoast SEO plugin. -->","yoast_head_json":{"title":"Apartamentos Urban Blue \u00ae - Apartamento para 3 Adultos","description":"Apartamento para hasta 3 personas en Gij\u00f3n con 1 dormitorio con 2 camas + cocina americana + sal\u00f3n con sof\u00e1 cama doble (135cm) + ba\u00f1o completo.","robots":{"index":"index","follow":"follow","max-snippet":"max-snippet:-1","max-image-preview":"max-image-preview:large","max-video-preview":"max-video-preview:-1"},"canonical":"https:\/\/www.bluehoteles.es\/apartamentos-urban-blue\/apartamento-para-3-adultos\/","og_locale":"es_ES","og_type":"article","og_title":"Apartamentos Urban Blue \u00ae - Apartamento para 3 Adultos","og_description":"Apartamento para hasta 3 personas en Gij\u00f3n con 1 dormitorio con 2 camas + cocina americana + sal\u00f3n con sof\u00e1 cama doble (135cm) + ba\u00f1o completo.","og_url":"https:\/\/www.bluehoteles.es\/apartamentos-urban-blue\/apartamento-para-3-adultos\/","og_site_name":"Aptos Urban Blue Gij\u00f3n","article_modified_time":"2019-03-18T10:29:49+00:00","twitter_card":"summary_large_image","schema":{"@context":"https:\/\/schema.org","@graph":[{"@type":"WebPage","@id":"https:\/\/www.bluehoteles.es\/apartamentos-urban-blue\/apartamento-para-3-adultos\/","url":"https:\/\/www.bluehoteles.es\/apartamentos-urban-blue\/apartamento-para-3-adultos\/","name":"Apartamentos Urban Blue \u00ae - Apartamento para 3 Adultos","isPartOf":{"@id":"https:\/\/www.bluehoteles.es\/apartamentos-urban-blue\/#website"},"datePublished":"2018-06-25T10:18:42+00:00","dateModified":"2019-03-18T10:29:49+00:00","description":"Apartamento para hasta 3 personas en Gij\u00f3n con 1 dormitorio con 2 camas + cocina americana + sal\u00f3n con sof\u00e1 cama doble (135cm) + ba\u00f1o completo.","breadcrumb":{"@id":"https:\/\/www.bluehoteles.es\/apartamentos-urban-blue\/apartamento-para-3-adultos\/#breadcrumb"},"inLanguage":"es","potentialAction":[{"@type":"ReadAction","target":["https:\/\/www.bluehoteles.es\/apartamentos-urban-blue\/apartamento-para-3-adultos\/"]}]},{"@type":"BreadcrumbList","@id":"https:\/\/www.bluehoteles.es\/apartamentos-urban-blue\/apartamento-para-3-adultos\/#breadcrumb","itemListElement":[{"@type":"ListItem","position":1,"name":"Portada","item":"https:\/\/www.bluehoteles.es\/apartamentos-urban-blue\/"},{"@type":"ListItem","position":2,"name":"Apartamento para 3 Adultos"}]},{"@type":"WebSite","@id":"https:\/\/www.bluehoteles.es\/apartamentos-urban-blue\/#website","url":"https:\/\/www.bluehoteles.es\/apartamentos-urban-blue\/","name":"Aptos Urban Blue Gij\u00f3n","description":"Apartamentos Urban Blue Gij\u00f3n","potentialAction":[{"@type":"SearchAction","target":{"@type":"EntryPoint","urlTemplate":"https:\/\/www.bluehoteles.es\/apartamentos-urban-blue\/?s={search_term_string}"},"query-input":"required name=search_term_string"}],"inLanguage":"es"}]}},"_links":{"self":[{"href":"https:\/\/www.bluehoteles.es\/apartamentos-urban-blue\/wp-json\/wp\/v2\/pages\/21513"}],"collection":[{"href":"https:\/\/www.bluehoteles.es\/apartamentos-urban-blue\/wp-json\/wp\/v2\/pages"}],"about":[{"href":"https:\/\/www.bluehoteles.es\/apartamentos-urban-blue\/wp-json\/wp\/v2\/types\/page"}],"author":[{"embeddable":true,"href":"https:\/\/www.bluehoteles.es\/apartamentos-urban-blue\/wp-json\/wp\/v2\/users\/5"}],"replies":[{"embeddable":true,"href":"https:\/\/www.bluehoteles.es\/apartamentos-urban-blue\/wp-json\/wp\/v2\/comments?post=21513"}],"version-history":[{"count":4,"href":"https:\/\/www.bluehoteles.es\/apartamentos-urban-blue\/wp-json\/wp\/v2\/pages\/21513\/revisions"}],"predecessor-version":[{"id":22215,"href":"https:\/\/www.bluehoteles.es\/apartamentos-urban-blue\/wp-json\/wp\/v2\/pages\/21513\/revisions\/22215"}],"wp:attachment":[{"href":"https:\/\/www.bluehoteles.es\/apartamentos-urban-blue\/wp-json\/wp\/v2\/media?parent=21513"}],"curies":[{"name":"wp","href":"https:\/\/api.w.org\/{rel}","templated":true}]}}