{"id":21516,"date":"2018-06-25T11:22:17","date_gmt":"2018-06-25T10:22:17","guid":{"rendered":"https:\/\/www.bluehoteles.es\/apartamentos-turisticos-san-esteban\/?page_id=21516"},"modified":"2026-01-27T11:09:21","modified_gmt":"2026-01-27T10:09:21","slug":"apartamento-para-4-adultos","status":"publish","type":"page","link":"https:\/\/www.bluehoteles.es\/apartamentos-urban-blue\/apartamento-para-4-adultos\/","title":{"rendered":"Apartamento para 4 Adultos"},"content":{"rendered":"<p>[vc_row row_type=\u00bbrow\u00bb use_row_as_full_screen_section=\u00bbno\u00bb type=\u00bbfull_width\u00bb anchor=\u00bbgallery\u00bb angled_section=\u00bbno\u00bb text_align=\u00bbleft\u00bb background_image_as_pattern=\u00bbwithout_pattern\u00bb css_animation=\u00bb\u00bb][vc_column]<div class='qode_image_gallery_no_space light highlight_active'><div class='qode_image_gallery_holder' style='height: 600px;'><ul style = \"background-color: #000000\" ><li style = \"opacity: 0.40\" ><div style=\"height: 600px; width:900px;\"><img decoding=\"async\" itemprop=\"image\" src=\"https:\/\/www.bluehoteles.es\/apartamentos-urban-blue\/wp-content\/uploads\/sites\/4\/2019\/03\/DETALLE-MIXTO-3.jpg\" alt=\"\" \/><\/div><\/li><li style = \"opacity: 0.40\" ><div style=\"height: 600px; width:891px;\"><img decoding=\"async\" itemprop=\"image\" src=\"https:\/\/www.bluehoteles.es\/apartamentos-urban-blue\/wp-content\/uploads\/sites\/4\/2019\/03\/APTO-2-HAB-SALON.jpg\" alt=\"\" \/><\/div><\/li><li style = \"opacity: 0.40\" ><div style=\"height: 600px; width:900px;\"><img decoding=\"async\" itemprop=\"image\" src=\"https:\/\/www.bluehoteles.es\/apartamentos-urban-blue\/wp-content\/uploads\/sites\/4\/2019\/03\/APTO-2-HAB-SALON-6.jpg\" alt=\"\" \/><\/div><\/li><li style = \"opacity: 0.40\" ><div style=\"height: 600px; width:900px;\"><img decoding=\"async\" itemprop=\"image\" src=\"https:\/\/www.bluehoteles.es\/apartamentos-urban-blue\/wp-content\/uploads\/sites\/4\/2019\/03\/APTO-2-HAB-DETALLE-SALON.jpg\" alt=\"\" \/><\/div><\/li><li style = \"opacity: 0.40\" ><div style=\"height: 600px; width:845px;\"><img decoding=\"async\" itemprop=\"image\" src=\"https:\/\/www.bluehoteles.es\/apartamentos-urban-blue\/wp-content\/uploads\/sites\/4\/2019\/03\/DETALLE-SALON-MIXTO.jpg\" alt=\"\" \/><\/div><\/li><li style = \"opacity: 0.40\" ><div style=\"height: 600px; width:900px;\"><img decoding=\"async\" itemprop=\"image\" src=\"https:\/\/www.bluehoteles.es\/apartamentos-urban-blue\/wp-content\/uploads\/sites\/4\/2019\/03\/APTO-2-HAB-SALON-3.jpg\" alt=\"\" \/><\/div><\/li><li style = \"opacity: 0.40\" ><div style=\"height: 600px; width:901px;\"><img decoding=\"async\" itemprop=\"image\" src=\"https:\/\/www.bluehoteles.es\/apartamentos-urban-blue\/wp-content\/uploads\/sites\/4\/2019\/03\/APTO-2-HAB-SALON-2.jpg\" alt=\"\" \/><\/div><\/li><li style = \"opacity: 0.40\" ><div style=\"height: 600px; width:900px;\"><img decoding=\"async\" itemprop=\"image\" src=\"https:\/\/www.bluehoteles.es\/apartamentos-urban-blue\/wp-content\/uploads\/sites\/4\/2019\/03\/APTO-2-HAB-SALON-4.jpg\" alt=\"\" \/><\/div><\/li><li style = \"opacity: 0.40\" ><div style=\"height: 600px; width:900px;\"><img decoding=\"async\" itemprop=\"image\" src=\"https:\/\/www.bluehoteles.es\/apartamentos-urban-blue\/wp-content\/uploads\/sites\/4\/2019\/03\/APTO-2-HAB-SALON-5.jpg\" alt=\"\" \/><\/div><\/li><li style = \"opacity: 0.40\" ><div style=\"height: 600px; width:832px;\"><img decoding=\"async\" itemprop=\"image\" src=\"https:\/\/www.bluehoteles.es\/apartamentos-urban-blue\/wp-content\/uploads\/sites\/4\/2019\/03\/APTO-2-HAB-SALON-7.jpg\" alt=\"\" \/><\/div><\/li><li style = \"opacity: 0.40\" ><div style=\"height: 600px; width:900px;\"><img decoding=\"async\" itemprop=\"image\" src=\"https:\/\/www.bluehoteles.es\/apartamentos-urban-blue\/wp-content\/uploads\/sites\/4\/2019\/03\/APTO-2-HAB-COCINA-2.jpg\" alt=\"\" \/><\/div><\/li><li style = \"opacity: 0.40\" ><div style=\"height: 600px; width:836px;\"><img decoding=\"async\" itemprop=\"image\" src=\"https:\/\/www.bluehoteles.es\/apartamentos-urban-blue\/wp-content\/uploads\/sites\/4\/2019\/03\/DETALLE-HAB-1.jpg\" alt=\"\" \/><\/div><\/li><li style = \"opacity: 0.40\" ><div style=\"height: 600px; width:900px;\"><img decoding=\"async\" itemprop=\"image\" src=\"https:\/\/www.bluehoteles.es\/apartamentos-urban-blue\/wp-content\/uploads\/sites\/4\/2019\/03\/BlueCabrales17-Estudio13.jpg\" alt=\"\" \/><\/div><\/li><li style = \"opacity: 0.40\" ><div style=\"height: 600px; width:900px;\"><img decoding=\"async\" itemprop=\"image\" src=\"https:\/\/www.bluehoteles.es\/apartamentos-urban-blue\/wp-content\/uploads\/sites\/4\/2019\/03\/APTO-1-HAB.jpg\" alt=\"\" \/><\/div><\/li><li style = \"opacity: 0.40\" ><div style=\"height: 600px; width:900px;\"><img decoding=\"async\" itemprop=\"image\" src=\"https:\/\/www.bluehoteles.es\/apartamentos-urban-blue\/wp-content\/uploads\/sites\/4\/2019\/03\/APTO-2-HAB-2.jpg\" alt=\"\" \/><\/div><\/li><li style = \"opacity: 0.40\" ><div style=\"height: 600px; width:900px;\"><img decoding=\"async\" itemprop=\"image\" src=\"https:\/\/www.bluehoteles.es\/apartamentos-urban-blue\/wp-content\/uploads\/sites\/4\/2019\/03\/APTO-2-HAB-3.jpg\" alt=\"\" \/><\/div><\/li><li style = \"opacity: 0.40\" ><div style=\"height: 600px; width:1013px;\"><img decoding=\"async\" itemprop=\"image\" src=\"https:\/\/www.bluehoteles.es\/apartamentos-urban-blue\/wp-content\/uploads\/sites\/4\/2019\/03\/APTO-2-HAB-4.jpg\" alt=\"\" \/><\/div><\/li><li style = \"opacity: 0.40\" ><div style=\"height: 600px; width:840px;\"><img decoding=\"async\" itemprop=\"image\" src=\"https:\/\/www.bluehoteles.es\/apartamentos-urban-blue\/wp-content\/uploads\/sites\/4\/2019\/03\/APTO-2-HAB-5.jpg\" alt=\"\" \/><\/div><\/li><li style = \"opacity: 0.40\" ><div style=\"height: 600px; width:900px;\"><img decoding=\"async\" itemprop=\"image\" src=\"https:\/\/www.bluehoteles.es\/apartamentos-urban-blue\/wp-content\/uploads\/sites\/4\/2019\/03\/APTO-1-HAB-3.jpg\" alt=\"\" \/><\/div><\/li><li style = \"opacity: 0.40\" ><div style=\"height: 600px; width:554px;\"><img decoding=\"async\" itemprop=\"image\" src=\"https:\/\/www.bluehoteles.es\/apartamentos-urban-blue\/wp-content\/uploads\/sites\/4\/2019\/03\/estudio-bano.jpg\" alt=\"\" \/><\/div><\/li><li style = \"opacity: 0.40\" ><div style=\"height: 600px; width:690px;\"><img decoding=\"async\" itemprop=\"image\" src=\"https:\/\/www.bluehoteles.es\/apartamentos-urban-blue\/wp-content\/uploads\/sites\/4\/2019\/03\/DETALLE-MIXTO-2.jpg\" alt=\"\" \/><\/div><\/li><\/ul><\/div><div class=\"controls\"><a class=\"prev-slide\" href=\"#\"><span><i class=\"fa fa-angle-left\"><\/i><\/span><\/a><a class=\"next-slide\" href=\"#\"><span><i class=\"fa fa-angle-right\"><\/i><\/span><\/a><\/div><\/div>[\/vc_column][\/vc_row]<\/p>\n","protected":false},"excerpt":{"rendered":"<p>[vc_row row_type=\u00bbrow\u00bb use_row_as_full_screen_section=\u00bbno\u00bb type=\u00bbfull_width\u00bb anchor=\u00bbgallery\u00bb angled_section=\u00bbno\u00bb text_align=\u00bbleft\u00bb background_image_as_pattern=\u00bbwithout_pattern\u00bb css_animation=\u00bb\u00bb][vc_column][\/vc_column][\/vc_row]<\/p>\n","protected":false},"author":5,"featured_media":0,"parent":0,"menu_order":0,"comment_status":"closed","ping_status":"closed","template":"full_width.php","meta":{"footnotes":""},"yoast_head":"<!-- This site is optimized with the Yoast SEO plugin v22.2 - https:\/\/yoast.com\/wordpress\/plugins\/seo\/ -->\n<title>Apartamentos Urban Blue \u00ae - Apartamento para 4 Adultos<\/title>\n<meta name=\"description\" content=\"Apartamento para hasta 4 personas en Gij\u00f3n con 2 dormitorios con 2 camas + cocina independiente + sal\u00f3n con sof\u00e1 cama doble (135cm) + 2 ba\u00f1os completos.\" \/>\n<meta name=\"robots\" content=\"index, follow, max-snippet:-1, max-image-preview:large, max-video-preview:-1\" \/>\n<link rel=\"canonical\" href=\"https:\/\/www.bluehoteles.es\/apartamentos-urban-blue\/apartamento-para-4-adultos\/\" \/>\n<meta property=\"og:locale\" content=\"es_ES\" \/>\n<meta property=\"og:type\" content=\"article\" \/>\n<meta property=\"og:title\" content=\"Apartamentos Urban Blue \u00ae - Apartamento para 4 Adultos\" \/>\n<meta property=\"og:description\" content=\"Apartamento para hasta 4 personas en Gij\u00f3n con 2 dormitorios con 2 camas + cocina independiente + sal\u00f3n con sof\u00e1 cama doble (135cm) + 2 ba\u00f1os completos.\" \/>\n<meta property=\"og:url\" content=\"https:\/\/www.bluehoteles.es\/apartamentos-urban-blue\/apartamento-para-4-adultos\/\" \/>\n<meta property=\"og:site_name\" content=\"Aptos Urban Blue Gij\u00f3n\" \/>\n<meta property=\"article:modified_time\" content=\"2026-01-27T10:09:21+00:00\" \/>\n<meta name=\"twitter:card\" content=\"summary_large_image\" \/>\n<meta name=\"twitter:label1\" content=\"Tiempo de lectura\" \/>\n\t<meta name=\"twitter:data1\" content=\"5 minutos\" \/>\n<script type=\"application\/ld+json\" class=\"yoast-schema-graph\">{\"@context\":\"https:\/\/schema.org\",\"@graph\":[{\"@type\":\"WebPage\",\"@id\":\"https:\/\/www.bluehoteles.es\/apartamentos-urban-blue\/apartamento-para-4-adultos\/\",\"url\":\"https:\/\/www.bluehoteles.es\/apartamentos-urban-blue\/apartamento-para-4-adultos\/\",\"name\":\"Apartamentos Urban Blue \u00ae - Apartamento para 4 Adultos\",\"isPartOf\":{\"@id\":\"https:\/\/www.bluehoteles.es\/apartamentos-urban-blue\/#website\"},\"datePublished\":\"2018-06-25T10:22:17+00:00\",\"dateModified\":\"2026-01-27T10:09:21+00:00\",\"description\":\"Apartamento para hasta 4 personas en Gij\u00f3n con 2 dormitorios con 2 camas + cocina independiente + sal\u00f3n con sof\u00e1 cama doble (135cm) + 2 ba\u00f1os completos.\",\"breadcrumb\":{\"@id\":\"https:\/\/www.bluehoteles.es\/apartamentos-urban-blue\/apartamento-para-4-adultos\/#breadcrumb\"},\"inLanguage\":\"es\",\"potentialAction\":[{\"@type\":\"ReadAction\",\"target\":[\"https:\/\/www.bluehoteles.es\/apartamentos-urban-blue\/apartamento-para-4-adultos\/\"]}]},{\"@type\":\"BreadcrumbList\",\"@id\":\"https:\/\/www.bluehoteles.es\/apartamentos-urban-blue\/apartamento-para-4-adultos\/#breadcrumb\",\"itemListElement\":[{\"@type\":\"ListItem\",\"position\":1,\"name\":\"Portada\",\"item\":\"https:\/\/www.bluehoteles.es\/apartamentos-urban-blue\/\"},{\"@type\":\"ListItem\",\"position\":2,\"name\":\"Apartamento para 4 Adultos\"}]},{\"@type\":\"WebSite\",\"@id\":\"https:\/\/www.bluehoteles.es\/apartamentos-urban-blue\/#website\",\"url\":\"https:\/\/www.bluehoteles.es\/apartamentos-urban-blue\/\",\"name\":\"Aptos Urban Blue Gij\u00f3n\",\"description\":\"Apartamentos Urban Blue Gij\u00f3n\",\"potentialAction\":[{\"@type\":\"SearchAction\",\"target\":{\"@type\":\"EntryPoint\",\"urlTemplate\":\"https:\/\/www.bluehoteles.es\/apartamentos-urban-blue\/?s={search_term_string}\"},\"query-input\":\"required name=search_term_string\"}],\"inLanguage\":\"es\"}]}<\/script>\n<!-- \/ Yoast SEO plugin. -->","yoast_head_json":{"title":"Apartamentos Urban Blue \u00ae - Apartamento para 4 Adultos","description":"Apartamento para hasta 4 personas en Gij\u00f3n con 2 dormitorios con 2 camas + cocina independiente + sal\u00f3n con sof\u00e1 cama doble (135cm) + 2 ba\u00f1os completos.","robots":{"index":"index","follow":"follow","max-snippet":"max-snippet:-1","max-image-preview":"max-image-preview:large","max-video-preview":"max-video-preview:-1"},"canonical":"https:\/\/www.bluehoteles.es\/apartamentos-urban-blue\/apartamento-para-4-adultos\/","og_locale":"es_ES","og_type":"article","og_title":"Apartamentos Urban Blue \u00ae - Apartamento para 4 Adultos","og_description":"Apartamento para hasta 4 personas en Gij\u00f3n con 2 dormitorios con 2 camas + cocina independiente + sal\u00f3n con sof\u00e1 cama doble (135cm) + 2 ba\u00f1os completos.","og_url":"https:\/\/www.bluehoteles.es\/apartamentos-urban-blue\/apartamento-para-4-adultos\/","og_site_name":"Aptos Urban Blue Gij\u00f3n","article_modified_time":"2026-01-27T10:09:21+00:00","twitter_card":"summary_large_image","twitter_misc":{"Tiempo de lectura":"5 minutos"},"schema":{"@context":"https:\/\/schema.org","@graph":[{"@type":"WebPage","@id":"https:\/\/www.bluehoteles.es\/apartamentos-urban-blue\/apartamento-para-4-adultos\/","url":"https:\/\/www.bluehoteles.es\/apartamentos-urban-blue\/apartamento-para-4-adultos\/","name":"Apartamentos Urban Blue \u00ae - Apartamento para 4 Adultos","isPartOf":{"@id":"https:\/\/www.bluehoteles.es\/apartamentos-urban-blue\/#website"},"datePublished":"2018-06-25T10:22:17+00:00","dateModified":"2026-01-27T10:09:21+00:00","description":"Apartamento para hasta 4 personas en Gij\u00f3n con 2 dormitorios con 2 camas + cocina independiente + sal\u00f3n con sof\u00e1 cama doble (135cm) + 2 ba\u00f1os completos.","breadcrumb":{"@id":"https:\/\/www.bluehoteles.es\/apartamentos-urban-blue\/apartamento-para-4-adultos\/#breadcrumb"},"inLanguage":"es","potentialAction":[{"@type":"ReadAction","target":["https:\/\/www.bluehoteles.es\/apartamentos-urban-blue\/apartamento-para-4-adultos\/"]}]},{"@type":"BreadcrumbList","@id":"https:\/\/www.bluehoteles.es\/apartamentos-urban-blue\/apartamento-para-4-adultos\/#breadcrumb","itemListElement":[{"@type":"ListItem","position":1,"name":"Portada","item":"https:\/\/www.bluehoteles.es\/apartamentos-urban-blue\/"},{"@type":"ListItem","position":2,"name":"Apartamento para 4 Adultos"}]},{"@type":"WebSite","@id":"https:\/\/www.bluehoteles.es\/apartamentos-urban-blue\/#website","url":"https:\/\/www.bluehoteles.es\/apartamentos-urban-blue\/","name":"Aptos Urban Blue Gij\u00f3n","description":"Apartamentos Urban Blue Gij\u00f3n","potentialAction":[{"@type":"SearchAction","target":{"@type":"EntryPoint","urlTemplate":"https:\/\/www.bluehoteles.es\/apartamentos-urban-blue\/?s={search_term_string}"},"query-input":"required name=search_term_string"}],"inLanguage":"es"}]}},"_links":{"self":[{"href":"https:\/\/www.bluehoteles.es\/apartamentos-urban-blue\/wp-json\/wp\/v2\/pages\/21516"}],"collection":[{"href":"https:\/\/www.bluehoteles.es\/apartamentos-urban-blue\/wp-json\/wp\/v2\/pages"}],"about":[{"href":"https:\/\/www.bluehoteles.es\/apartamentos-urban-blue\/wp-json\/wp\/v2\/types\/page"}],"author":[{"embeddable":true,"href":"https:\/\/www.bluehoteles.es\/apartamentos-urban-blue\/wp-json\/wp\/v2\/users\/5"}],"replies":[{"embeddable":true,"href":"https:\/\/www.bluehoteles.es\/apartamentos-urban-blue\/wp-json\/wp\/v2\/comments?post=21516"}],"version-history":[{"count":4,"href":"https:\/\/www.bluehoteles.es\/apartamentos-urban-blue\/wp-json\/wp\/v2\/pages\/21516\/revisions"}],"predecessor-version":[{"id":22732,"href":"https:\/\/www.bluehoteles.es\/apartamentos-urban-blue\/wp-json\/wp\/v2\/pages\/21516\/revisions\/22732"}],"wp:attachment":[{"href":"https:\/\/www.bluehoteles.es\/apartamentos-urban-blue\/wp-json\/wp\/v2\/media?parent=21516"}],"curies":[{"name":"wp","href":"https:\/\/api.w.org\/{rel}","templated":true}]}}