{"id":21602,"date":"2018-02-06T14:05:21","date_gmt":"2018-02-06T13:05:21","guid":{"rendered":"https:\/\/www.bluehoteles.es\/localizacion-y-contacto\/"},"modified":"2024-10-01T23:39:30","modified_gmt":"2024-10-01T22:39:30","slug":"location","status":"publish","type":"page","link":"https:\/\/www.bluehoteles.es\/en\/location\/","title":{"rendered":"Location"},"content":{"rendered":"<p>[vc_row row_type=&#8221;row&#8221; use_row_as_full_screen_section=&#8221;no&#8221; type=&#8221;grid&#8221; angled_section=&#8221;no&#8221; text_align=&#8221;left&#8221; background_image_as_pattern=&#8221;without_pattern&#8221; background_color=&#8221;#ffffff&#8221; border_color=&#8221;#ffffff&#8221; padding_top=&#8221;54&#8243; padding_bottom=&#8221;0&#8243; css_animation=&#8221;element_from_fade&#8221;][vc_column][vc_row_inner row_type=&#8221;row&#8221; type=&#8221;full_width&#8221; text_align=&#8221;left&#8221; css_animation=&#8221;element_from_fade&#8221;][vc_column_inner][vc_column_text]<\/p>\n<h2 style=\"text-align: center;\"><span style=\"color: #000000;\">BLUE HOTELES Locations<\/span><\/h2>\n<p>[\/vc_column_text][\/vc_column_inner][\/vc_row_inner][\/vc_column][\/vc_row][vc_row row_type=&#8221;row&#8221; use_row_as_full_screen_section=&#8221;yes&#8221; type=&#8221;full_width&#8221; angled_section=&#8221;no&#8221; text_align=&#8221;left&#8221; background_image_as_pattern=&#8221;without_pattern&#8221; background_color=&#8221;#ffffff&#8221; padding_top=&#8221;54&#8243; css_animation=&#8221;element_from_bottom&#8221;][vc_column][vc_row_inner row_type=&#8221;row&#8221; type=&#8221;full_width&#8221; text_align=&#8221;left&#8221; background_color=&#8221;#ffffff&#8221; border_color=&#8221;#ffffff&#8221; css_animation=&#8221;&#8221;][vc_column_inner][vc_column_text]<\/p>\n<h2 style=\"text-align: center;\">Gij\u00f3n<\/h2>\n<p>[\/vc_column_text][vc_empty_space][\/vc_column_inner][\/vc_row_inner][vc_column_text]<\/p>\n<h3 class=\"p1\" style=\"text-align: center;\"><span style=\"color: #000000;\">Munna Hotel Boutique, Hotel Marqu\u00e9s, Hotel Santa Rosa and Apartamentos Urban Blue offer a location in the center of Gij\u00f3n.<\/span><\/h3>\n<p>[\/vc_column_text][vc_empty_space height=&#8221;54px&#8221;]<div class='google_map_shortcode_holder' style='height:520px;'><div class='qode_google_map' style='height:520px;' id='map_canvas_94243' data-addresses='[\"Hotel Marqu\u00e9s, Gij\u00f3n, Espa\u00f1a\",\"Hotel Santa Rosa, Gij\u00f3n, Espa\u00f1a\",\"Apartamentos Urbanos Blue, Gij\u00f3n, Espa\u00f1a\",\"Munna Hotel Boutique, Gij\u00f3n, Espa\u00f1a\"]' data-custom-map-style='false' data-color-overlay='#393939' data-saturation='-100' data-lightness='-60' data-zoom='15' data-pin='https:\/\/www.bluehoteles.es\/wp-content\/uploads\/2018\/05\/Pin-Blue-B-azul.png' data-unique-id='94243' data-google-maps-scroll-wheel='false' data-map-height='520'><\/div><div class='google_map_shortcode_overlay'><\/div><\/div>[\/vc_column][\/vc_row][vc_row row_type=&#8221;row&#8221; use_row_as_full_screen_section=&#8221;yes&#8221; type=&#8221;full_width&#8221; angled_section=&#8221;no&#8221; text_align=&#8221;left&#8221; background_image_as_pattern=&#8221;without_pattern&#8221; background_color=&#8221;#ffffff&#8221; padding_top=&#8221;54&#8243; css_animation=&#8221;element_from_bottom&#8221;][vc_column][vc_row_inner row_type=&#8221;row&#8221; type=&#8221;full_width&#8221; text_align=&#8221;left&#8221; background_color=&#8221;#ffffff&#8221; border_color=&#8221;#ffffff&#8221; css_animation=&#8221;&#8221;][vc_column_inner][vc_column_text]<\/p>\n<h2 style=\"text-align: center;\">Oviedo<\/h2>\n<p>[\/vc_column_text][vc_empty_space][\/vc_column_inner][\/vc_row_inner][vc_column_text]<\/p>\n<h3 class=\"p1\" style=\"text-align: center;\"><span style=\"color: #000000;\">NUV\u00d3 boutique hotel offers you an exceptional location in the center of Oviedo.<\/span><\/h3>\n<p>[\/vc_column_text][vc_empty_space height=&#8221;54px&#8221;]<div class='google_map_shortcode_holder' style='height:520px;'><div class='qode_google_map' style='height:520px;' id='map_canvas_49782' data-addresses='[\"NUV\u00d3 hotel boutique\"]' data-custom-map-style='true' data-color-overlay='#393939' data-saturation='-100' data-lightness='0' data-zoom='16' data-pin='https:\/\/www.bluehoteles.es\/wp-content\/uploads\/2018\/02\/nuvo_hotel_boutique_pin.png' data-unique-id='49782' data-google-maps-scroll-wheel='false' data-map-height='520'><\/div><div class='google_map_shortcode_overlay'><\/div><\/div>[\/vc_column][\/vc_row]<\/p>\n","protected":false},"excerpt":{"rendered":"<p>[vc_row row_type=&#8221;row&#8221; use_row_as_full_screen_section=&#8221;no&#8221; type=&#8221;grid&#8221; angled_section=&#8221;no&#8221; text_align=&#8221;left&#8221; background_image_as_pattern=&#8221;without_pattern&#8221; background_color=&#8221;#ffffff&#8221; border_color=&#8221;#ffffff&#8221; padding_top=&#8221;54&#8243; padding_bottom=&#8221;0&#8243; css_animation=&#8221;element_from_fade&#8221;][vc_column][vc_row_inner row_type=&#8221;row&#8221; type=&#8221;full_width&#8221; text_align=&#8221;left&#8221; css_animation=&#8221;element_from_fade&#8221;][vc_column_inner][vc_column_text] BLUE HOTELES Locations [\/vc_column_text][\/vc_column_inner][\/vc_row_inner][\/vc_column][\/vc_row][vc_row row_type=&#8221;row&#8221; use_row_as_full_screen_section=&#8221;yes&#8221; type=&#8221;full_width&#8221; angled_section=&#8221;no&#8221; text_align=&#8221;left&#8221; background_image_as_pattern=&#8221;without_pattern&#8221; background_color=&#8221;#ffffff&#8221; padding_top=&#8221;54&#8243; css_animation=&#8221;element_from_bottom&#8221;][vc_column][vc_row_inner row_type=&#8221;row&#8221; type=&#8221;full_width&#8221; text_align=&#8221;left&#8221; background_color=&#8221;#ffffff&#8221; border_color=&#8221;#ffffff&#8221; css_animation=&#8221;&#8221;][vc_column_inner][vc_column_text] Gij\u00f3n [\/vc_column_text][vc_empty_space][\/vc_column_inner][\/vc_row_inner][vc_column_text] Munna Hotel Boutique, Hotel Marqu\u00e9s, Hotel Santa Rosa&#8230;<\/p>\n","protected":false},"author":4,"featured_media":0,"parent":0,"menu_order":0,"comment_status":"open","ping_status":"closed","template":"full_width.php","meta":{"footnotes":""},"yoast_head":"<!-- This site is optimized with the Yoast SEO plugin v22.2 - https:\/\/yoast.com\/wordpress\/plugins\/seo\/ -->\n<title>BLUE HOTELES \u00ae - Location of Blue Hotels in Gij\u00f3n and Oviedo<\/title>\n<meta name=\"description\" content=\"Location of Blue Hotels, 4 establishments in central Gij\u00f3n and the new NUV\u00d3 boutique hotel in the center of Oviedo. Book direct at the best available price.\" \/>\n<meta name=\"robots\" content=\"index, follow, max-snippet:-1, max-image-preview:large, max-video-preview:-1\" \/>\n<link rel=\"canonical\" href=\"https:\/\/www.bluehoteles.es\/en\/location\/\" \/>\n<meta property=\"og:locale\" content=\"en_US\" \/>\n<meta property=\"og:type\" content=\"article\" \/>\n<meta property=\"og:title\" content=\"BLUE HOTELES \u00ae - Location of Blue Hotels in Gij\u00f3n and Oviedo\" \/>\n<meta property=\"og:description\" content=\"Location of Blue Hotels, 4 establishments in central Gij\u00f3n and the new NUV\u00d3 boutique hotel in the center of Oviedo. Book direct at the best available price.\" \/>\n<meta property=\"og:url\" content=\"https:\/\/www.bluehoteles.es\/en\/location\/\" \/>\n<meta property=\"og:site_name\" content=\"BLUE HOTELES\" \/>\n<meta property=\"article:modified_time\" content=\"2024-10-01T22:39:30+00:00\" \/>\n<meta name=\"twitter:card\" content=\"summary_large_image\" \/>\n<meta name=\"twitter:label1\" content=\"Est. reading time\" \/>\n\t<meta name=\"twitter:data1\" content=\"1 minute\" \/>\n<script type=\"application\/ld+json\" class=\"yoast-schema-graph\">{\"@context\":\"https:\/\/schema.org\",\"@graph\":[{\"@type\":\"WebPage\",\"@id\":\"https:\/\/www.bluehoteles.es\/en\/location\/\",\"url\":\"https:\/\/www.bluehoteles.es\/en\/location\/\",\"name\":\"BLUE HOTELES \u00ae - Location of Blue Hotels in Gij\u00f3n and Oviedo\",\"isPartOf\":{\"@id\":\"https:\/\/www.bluehoteles.es\/en\/#website\"},\"datePublished\":\"2018-02-06T13:05:21+00:00\",\"dateModified\":\"2024-10-01T22:39:30+00:00\",\"description\":\"Location of Blue Hotels, 4 establishments in central Gij\u00f3n and the new NUV\u00d3 boutique hotel in the center of Oviedo. Book direct at the best available price.\",\"breadcrumb\":{\"@id\":\"https:\/\/www.bluehoteles.es\/en\/location\/#breadcrumb\"},\"inLanguage\":\"en-US\",\"potentialAction\":[{\"@type\":\"ReadAction\",\"target\":[\"https:\/\/www.bluehoteles.es\/en\/location\/\"]}]},{\"@type\":\"BreadcrumbList\",\"@id\":\"https:\/\/www.bluehoteles.es\/en\/location\/#breadcrumb\",\"itemListElement\":[{\"@type\":\"ListItem\",\"position\":1,\"name\":\"Portada\",\"item\":\"https:\/\/www.bluehoteles.es\/en\/\"},{\"@type\":\"ListItem\",\"position\":2,\"name\":\"Location\"}]},{\"@type\":\"WebSite\",\"@id\":\"https:\/\/www.bluehoteles.es\/en\/#website\",\"url\":\"https:\/\/www.bluehoteles.es\/en\/\",\"name\":\"BLUE HOTELES\",\"description\":\"BLUE HOTELES\",\"potentialAction\":[{\"@type\":\"SearchAction\",\"target\":{\"@type\":\"EntryPoint\",\"urlTemplate\":\"https:\/\/www.bluehoteles.es\/en\/?s={search_term_string}\"},\"query-input\":\"required name=search_term_string\"}],\"inLanguage\":\"en-US\"}]}<\/script>\n<!-- \/ Yoast SEO plugin. -->","yoast_head_json":{"title":"BLUE HOTELES \u00ae - Location of Blue Hotels in Gij\u00f3n and Oviedo","description":"Location of Blue Hotels, 4 establishments in central Gij\u00f3n and the new NUV\u00d3 boutique hotel in the center of Oviedo. Book direct at the best available price.","robots":{"index":"index","follow":"follow","max-snippet":"max-snippet:-1","max-image-preview":"max-image-preview:large","max-video-preview":"max-video-preview:-1"},"canonical":"https:\/\/www.bluehoteles.es\/en\/location\/","og_locale":"en_US","og_type":"article","og_title":"BLUE HOTELES \u00ae - Location of Blue Hotels in Gij\u00f3n and Oviedo","og_description":"Location of Blue Hotels, 4 establishments in central Gij\u00f3n and the new NUV\u00d3 boutique hotel in the center of Oviedo. Book direct at the best available price.","og_url":"https:\/\/www.bluehoteles.es\/en\/location\/","og_site_name":"BLUE HOTELES","article_modified_time":"2024-10-01T22:39:30+00:00","twitter_card":"summary_large_image","twitter_misc":{"Est. reading time":"1 minute"},"schema":{"@context":"https:\/\/schema.org","@graph":[{"@type":"WebPage","@id":"https:\/\/www.bluehoteles.es\/en\/location\/","url":"https:\/\/www.bluehoteles.es\/en\/location\/","name":"BLUE HOTELES \u00ae - Location of Blue Hotels in Gij\u00f3n and Oviedo","isPartOf":{"@id":"https:\/\/www.bluehoteles.es\/en\/#website"},"datePublished":"2018-02-06T13:05:21+00:00","dateModified":"2024-10-01T22:39:30+00:00","description":"Location of Blue Hotels, 4 establishments in central Gij\u00f3n and the new NUV\u00d3 boutique hotel in the center of Oviedo. Book direct at the best available price.","breadcrumb":{"@id":"https:\/\/www.bluehoteles.es\/en\/location\/#breadcrumb"},"inLanguage":"en-US","potentialAction":[{"@type":"ReadAction","target":["https:\/\/www.bluehoteles.es\/en\/location\/"]}]},{"@type":"BreadcrumbList","@id":"https:\/\/www.bluehoteles.es\/en\/location\/#breadcrumb","itemListElement":[{"@type":"ListItem","position":1,"name":"Portada","item":"https:\/\/www.bluehoteles.es\/en\/"},{"@type":"ListItem","position":2,"name":"Location"}]},{"@type":"WebSite","@id":"https:\/\/www.bluehoteles.es\/en\/#website","url":"https:\/\/www.bluehoteles.es\/en\/","name":"BLUE HOTELES","description":"BLUE HOTELES","potentialAction":[{"@type":"SearchAction","target":{"@type":"EntryPoint","urlTemplate":"https:\/\/www.bluehoteles.es\/en\/?s={search_term_string}"},"query-input":"required name=search_term_string"}],"inLanguage":"en-US"}]}},"_links":{"self":[{"href":"https:\/\/www.bluehoteles.es\/en\/wp-json\/wp\/v2\/pages\/21602"}],"collection":[{"href":"https:\/\/www.bluehoteles.es\/en\/wp-json\/wp\/v2\/pages"}],"about":[{"href":"https:\/\/www.bluehoteles.es\/en\/wp-json\/wp\/v2\/types\/page"}],"author":[{"embeddable":true,"href":"https:\/\/www.bluehoteles.es\/en\/wp-json\/wp\/v2\/users\/4"}],"replies":[{"embeddable":true,"href":"https:\/\/www.bluehoteles.es\/en\/wp-json\/wp\/v2\/comments?post=21602"}],"version-history":[{"count":23,"href":"https:\/\/www.bluehoteles.es\/en\/wp-json\/wp\/v2\/pages\/21602\/revisions"}],"predecessor-version":[{"id":26813,"href":"https:\/\/www.bluehoteles.es\/en\/wp-json\/wp\/v2\/pages\/21602\/revisions\/26813"}],"wp:attachment":[{"href":"https:\/\/www.bluehoteles.es\/en\/wp-json\/wp\/v2\/media?parent=21602"}],"curies":[{"name":"wp","href":"https:\/\/api.w.org\/{rel}","templated":true}]}}