{"id":21688,"date":"2018-08-27T09:26:12","date_gmt":"2018-08-27T08:26:12","guid":{"rendered":"https:\/\/www.bluehoteles.es\/?page_id=21688"},"modified":"2024-03-13T18:58:15","modified_gmt":"2024-03-13T17:58:15","slug":"inicio-blue-hoteles-new","status":"publish","type":"page","link":"https:\/\/www.bluehoteles.es\/fr\/","title":{"rendered":"Accueil Blue Hoteles"},"content":{"rendered":"<p>[vc_row row_type=&#8221;row&#8221; use_row_as_full_screen_section=&#8221;yes&#8221; type=&#8221;full_width&#8221; anchor=&#8221;siguiente&#8221; angled_section=&#8221;no&#8221; text_align=&#8221;left&#8221; background_image_as_pattern=&#8221;without_pattern&#8221; background_color=&#8221;#ffffff&#8221; border_color=&#8221;#ffffff&#8221; padding_top=&#8221;108&#8243; css_animation=&#8221;&#8221;][vc_column][vc_single_image image=&#8221;26555&#8243; img_size=&#8221;1920&#215;910&#8243; alignment=&#8221;center&#8221; onclick=&#8221;custom_link&#8221; img_link_target=&#8221;_blank&#8221; qode_css_animation=&#8221;&#8221; link=&#8221;https:\/\/www.bluehoteles.es\/nuvo\/fr\/&#8221;][\/vc_column][\/vc_row][vc_row row_type=&#8221;row&#8221; use_row_as_full_screen_section=&#8221;yes&#8221; type=&#8221;full_width&#8221; anchor=&#8221;siguiente&#8221; angled_section=&#8221;no&#8221; text_align=&#8221;left&#8221; background_image_as_pattern=&#8221;without_pattern&#8221; background_color=&#8221;#ffffff&#8221; border_color=&#8221;#ffffff&#8221; padding_top=&#8221;108&#8243; css_animation=&#8221;&#8221;][vc_column][vc_single_image image=&#8221;25683&#8243; img_size=&#8221;1920&#215;910&#8243; alignment=&#8221;center&#8221; onclick=&#8221;custom_link&#8221; img_link_target=&#8221;_blank&#8221; qode_css_animation=&#8221;&#8221; link=&#8221;https:\/\/www.bluehoteles.es\/marques-de-san-esteban\/fr\/&#8221;][\/vc_column][\/vc_row][vc_row row_type=&#8221;row&#8221; use_row_as_full_screen_section=&#8221;yes&#8221; type=&#8221;full_width&#8221; anchor=&#8221;siguiente&#8221; angled_section=&#8221;no&#8221; text_align=&#8221;left&#8221; background_image_as_pattern=&#8221;without_pattern&#8221; background_color=&#8221;#ffffff&#8221; border_color=&#8221;#ffffff&#8221; padding_top=&#8221;108&#8243; css_animation=&#8221;&#8221;][vc_column][vc_single_image image=&#8221;22102&#8243; img_size=&#8221;1920&#215;910&#8243; alignment=&#8221;center&#8221; onclick=&#8221;custom_link&#8221; img_link_target=&#8221;_blank&#8221; qode_css_animation=&#8221;&#8221; link=&#8221;https:\/\/www.bluehoteles.es\/santa-rosa\/fr\/&#8221;][\/vc_column][\/vc_row][vc_row row_type=&#8221;row&#8221; use_row_as_full_screen_section=&#8221;yes&#8221; type=&#8221;full_width&#8221; anchor=&#8221;siguiente&#8221; angled_section=&#8221;no&#8221; text_align=&#8221;left&#8221; background_image_as_pattern=&#8221;without_pattern&#8221; background_color=&#8221;#ffffff&#8221; border_color=&#8221;#ffffff&#8221; padding_top=&#8221;108&#8243; css_animation=&#8221;&#8221;][vc_column][\/vc_column][\/vc_row]<\/p>\n","protected":false},"excerpt":{"rendered":"<p>[vc_row row_type=&#8221;row&#8221; use_row_as_full_screen_section=&#8221;yes&#8221; type=&#8221;full_width&#8221; anchor=&#8221;siguiente&#8221; angled_section=&#8221;no&#8221; text_align=&#8221;left&#8221; background_image_as_pattern=&#8221;without_pattern&#8221; background_color=&#8221;#ffffff&#8221; border_color=&#8221;#ffffff&#8221; padding_top=&#8221;108&#8243; css_animation=&#8221;&#8221;][vc_column][vc_single_image image=&#8221;26555&#8243; img_size=&#8221;1920&#215;910&#8243; alignment=&#8221;center&#8221; onclick=&#8221;custom_link&#8221; img_link_target=&#8221;_blank&#8221; qode_css_animation=&#8221;&#8221; link=&#8221;https:\/\/www.bluehoteles.es\/nuvo\/fr\/&#8221;][\/vc_column][\/vc_row][vc_row row_type=&#8221;row&#8221; use_row_as_full_screen_section=&#8221;yes&#8221; type=&#8221;full_width&#8221; anchor=&#8221;siguiente&#8221; angled_section=&#8221;no&#8221; text_align=&#8221;left&#8221; background_image_as_pattern=&#8221;without_pattern&#8221; background_color=&#8221;#ffffff&#8221; border_color=&#8221;#ffffff&#8221; padding_top=&#8221;108&#8243; css_animation=&#8221;&#8221;][vc_column][vc_single_image image=&#8221;25683&#8243; img_size=&#8221;1920&#215;910&#8243; alignment=&#8221;center&#8221; onclick=&#8221;custom_link&#8221; img_link_target=&#8221;_blank&#8221; qode_css_animation=&#8221;&#8221; link=&#8221;https:\/\/www.bluehoteles.es\/marques-de-san-esteban\/fr\/&#8221;][\/vc_column][\/vc_row][vc_row row_type=&#8221;row&#8221; use_row_as_full_screen_section=&#8221;yes&#8221; type=&#8221;full_width&#8221; anchor=&#8221;siguiente&#8221; angled_section=&#8221;no&#8221; text_align=&#8221;left&#8221; background_image_as_pattern=&#8221;without_pattern&#8221; background_color=&#8221;#ffffff&#8221;&#8230;<\/p>\n","protected":false},"author":4,"featured_media":0,"parent":0,"menu_order":0,"comment_status":"open","ping_status":"open","template":"full_width.php","meta":{"footnotes":""},"yoast_head":"<!-- This site is optimized with the Yoast SEO plugin v22.2 - https:\/\/yoast.com\/wordpress\/plugins\/seo\/ -->\n<title>BLUE HOTELES \u00ae - SITE OFFICIEL, H\u00f4tels \u00e0 Gij\u00f3n et Oviedo.<\/title>\n<meta name=\"description\" content=\"R\u00e9servez directement avec les h\u00f4tels et appartements \u2705 BLUE HOTELES \u00ae \u2705 \u00e0 Gij\u00f3n et Oviedo, r\u00e9ductions exclusives sur le site officiel, au meilleur prix garanti.\" \/>\n<meta name=\"robots\" content=\"index, follow, max-snippet:-1, max-image-preview:large, max-video-preview:-1\" \/>\n<link rel=\"canonical\" href=\"https:\/\/www.bluehoteles.es\/fr\/\" \/>\n<meta property=\"og:locale\" content=\"fr_FR\" \/>\n<meta property=\"og:type\" content=\"article\" \/>\n<meta property=\"og:title\" content=\"BLUE HOTELES \u00ae - SITE OFFICIEL, H\u00f4tels \u00e0 Gij\u00f3n et Oviedo.\" \/>\n<meta property=\"og:description\" content=\"R\u00e9servez directement avec les h\u00f4tels et appartements \u2705 BLUE HOTELES \u00ae \u2705 \u00e0 Gij\u00f3n et Oviedo, r\u00e9ductions exclusives sur le site officiel, au meilleur prix garanti.\" \/>\n<meta property=\"og:url\" content=\"https:\/\/www.bluehoteles.es\/fr\/\" \/>\n<meta property=\"og:site_name\" content=\"BLUE HOTELES\" \/>\n<meta property=\"article:modified_time\" content=\"2024-03-13T17:58:15+00:00\" \/>\n<meta name=\"twitter:card\" content=\"summary_large_image\" \/>\n<meta name=\"twitter:label1\" content=\"Est. reading time\" \/>\n\t<meta name=\"twitter:data1\" content=\"1 minute\" \/>\n<script type=\"application\/ld+json\" class=\"yoast-schema-graph\">{\"@context\":\"https:\/\/schema.org\",\"@graph\":[{\"@type\":\"WebPage\",\"@id\":\"https:\/\/www.bluehoteles.es\/fr\/\",\"url\":\"https:\/\/www.bluehoteles.es\/fr\/\",\"name\":\"BLUE HOTELES \u00ae - SITE OFFICIEL, H\u00f4tels \u00e0 Gij\u00f3n et Oviedo.\",\"isPartOf\":{\"@id\":\"https:\/\/www.bluehoteles.es\/en\/#website\"},\"datePublished\":\"2018-08-27T08:26:12+00:00\",\"dateModified\":\"2024-03-13T17:58:15+00:00\",\"description\":\"R\u00e9servez directement avec les h\u00f4tels et appartements \u2705 BLUE HOTELES \u00ae \u2705 \u00e0 Gij\u00f3n et Oviedo, r\u00e9ductions exclusives sur le site officiel, au meilleur prix garanti.\",\"breadcrumb\":{\"@id\":\"https:\/\/www.bluehoteles.es\/fr\/#breadcrumb\"},\"inLanguage\":\"fr-FR\",\"potentialAction\":[{\"@type\":\"ReadAction\",\"target\":[\"https:\/\/www.bluehoteles.es\/fr\/\"]}]},{\"@type\":\"BreadcrumbList\",\"@id\":\"https:\/\/www.bluehoteles.es\/fr\/#breadcrumb\",\"itemListElement\":[{\"@type\":\"ListItem\",\"position\":1,\"name\":\"Portada\",\"item\":\"https:\/\/www.bluehoteles.es\/fr\/\"},{\"@type\":\"ListItem\",\"position\":2,\"name\":\"Accueil Blue Hoteles\"}]},{\"@type\":\"WebSite\",\"@id\":\"https:\/\/www.bluehoteles.es\/en\/#website\",\"url\":\"https:\/\/www.bluehoteles.es\/en\/\",\"name\":\"BLUE HOTELES\",\"description\":\"BLUE HOTELES\",\"potentialAction\":[{\"@type\":\"SearchAction\",\"target\":{\"@type\":\"EntryPoint\",\"urlTemplate\":\"https:\/\/www.bluehoteles.es\/en\/?s={search_term_string}\"},\"query-input\":\"required name=search_term_string\"}],\"inLanguage\":\"fr-FR\"}]}<\/script>\n<!-- \/ Yoast SEO plugin. -->","yoast_head_json":{"title":"BLUE HOTELES \u00ae - SITE OFFICIEL, H\u00f4tels \u00e0 Gij\u00f3n et Oviedo.","description":"R\u00e9servez directement avec les h\u00f4tels et appartements \u2705 BLUE HOTELES \u00ae \u2705 \u00e0 Gij\u00f3n et Oviedo, r\u00e9ductions exclusives sur le site officiel, au meilleur prix garanti.","robots":{"index":"index","follow":"follow","max-snippet":"max-snippet:-1","max-image-preview":"max-image-preview:large","max-video-preview":"max-video-preview:-1"},"canonical":"https:\/\/www.bluehoteles.es\/fr\/","og_locale":"fr_FR","og_type":"article","og_title":"BLUE HOTELES \u00ae - SITE OFFICIEL, H\u00f4tels \u00e0 Gij\u00f3n et Oviedo.","og_description":"R\u00e9servez directement avec les h\u00f4tels et appartements \u2705 BLUE HOTELES \u00ae \u2705 \u00e0 Gij\u00f3n et Oviedo, r\u00e9ductions exclusives sur le site officiel, au meilleur prix garanti.","og_url":"https:\/\/www.bluehoteles.es\/fr\/","og_site_name":"BLUE HOTELES","article_modified_time":"2024-03-13T17:58:15+00:00","twitter_card":"summary_large_image","twitter_misc":{"Est. reading time":"1 minute"},"schema":{"@context":"https:\/\/schema.org","@graph":[{"@type":"WebPage","@id":"https:\/\/www.bluehoteles.es\/fr\/","url":"https:\/\/www.bluehoteles.es\/fr\/","name":"BLUE HOTELES \u00ae - SITE OFFICIEL, H\u00f4tels \u00e0 Gij\u00f3n et Oviedo.","isPartOf":{"@id":"https:\/\/www.bluehoteles.es\/en\/#website"},"datePublished":"2018-08-27T08:26:12+00:00","dateModified":"2024-03-13T17:58:15+00:00","description":"R\u00e9servez directement avec les h\u00f4tels et appartements \u2705 BLUE HOTELES \u00ae \u2705 \u00e0 Gij\u00f3n et Oviedo, r\u00e9ductions exclusives sur le site officiel, au meilleur prix garanti.","breadcrumb":{"@id":"https:\/\/www.bluehoteles.es\/fr\/#breadcrumb"},"inLanguage":"fr-FR","potentialAction":[{"@type":"ReadAction","target":["https:\/\/www.bluehoteles.es\/fr\/"]}]},{"@type":"BreadcrumbList","@id":"https:\/\/www.bluehoteles.es\/fr\/#breadcrumb","itemListElement":[{"@type":"ListItem","position":1,"name":"Portada","item":"https:\/\/www.bluehoteles.es\/fr\/"},{"@type":"ListItem","position":2,"name":"Accueil Blue Hoteles"}]},{"@type":"WebSite","@id":"https:\/\/www.bluehoteles.es\/en\/#website","url":"https:\/\/www.bluehoteles.es\/en\/","name":"BLUE HOTELES","description":"BLUE HOTELES","potentialAction":[{"@type":"SearchAction","target":{"@type":"EntryPoint","urlTemplate":"https:\/\/www.bluehoteles.es\/en\/?s={search_term_string}"},"query-input":"required name=search_term_string"}],"inLanguage":"fr-FR"}]}},"_links":{"self":[{"href":"https:\/\/www.bluehoteles.es\/fr\/wp-json\/wp\/v2\/pages\/21688"}],"collection":[{"href":"https:\/\/www.bluehoteles.es\/fr\/wp-json\/wp\/v2\/pages"}],"about":[{"href":"https:\/\/www.bluehoteles.es\/fr\/wp-json\/wp\/v2\/types\/page"}],"author":[{"embeddable":true,"href":"https:\/\/www.bluehoteles.es\/fr\/wp-json\/wp\/v2\/users\/4"}],"replies":[{"embeddable":true,"href":"https:\/\/www.bluehoteles.es\/fr\/wp-json\/wp\/v2\/comments?post=21688"}],"version-history":[{"count":11,"href":"https:\/\/www.bluehoteles.es\/fr\/wp-json\/wp\/v2\/pages\/21688\/revisions"}],"predecessor-version":[{"id":26581,"href":"https:\/\/www.bluehoteles.es\/fr\/wp-json\/wp\/v2\/pages\/21688\/revisions\/26581"}],"wp:attachment":[{"href":"https:\/\/www.bluehoteles.es\/fr\/wp-json\/wp\/v2\/media?parent=21688"}],"curies":[{"name":"wp","href":"https:\/\/api.w.org\/{rel}","templated":true}]}}