{"id":25479,"date":"2020-03-05T00:20:26","date_gmt":"2020-03-04T23:20:26","guid":{"rendered":"https:\/\/www.bluehoteles.es\/politica-de-cookies\/"},"modified":"2020-03-05T16:05:39","modified_gmt":"2020-03-05T15:05:39","slug":"politique-de-cookies","status":"publish","type":"page","link":"https:\/\/www.bluehoteles.es\/fr\/politique-de-cookies\/","title":{"rendered":"Politique de Cookies"},"content":{"rendered":"<p>[vc_row row_type=&#8221;row&#8221; use_row_as_full_screen_section=&#8221;no&#8221; type=&#8221;full_width&#8221; angled_section=&#8221;no&#8221; text_align=&#8221;left&#8221; background_image_as_pattern=&#8221;without_pattern&#8221; padding_bottom=&#8221;34&#8243; css_animation=&#8221;&#8221;][vc_column][vc_column_text]<\/p>\n<h2><span style=\"color: #084f70;\"><strong>POL\u00cdTICA DE COOKIES<\/strong><\/span><\/h2>\n<p>&nbsp;<\/p>\n<p><span style=\"color: #000000;\">En cumplimiento de la Ley 34\/2002, de 11 de julio, de Servicios de la Sociedad de la Informaci\u00f3n y Comercio Electr\u00f3nico le informamos de que este sitio web, al igual que la mayor\u00eda de los sitios en Internet, usa Cookies para mejorar y optimizar la experiencia del usuario. A continuaci\u00f3n encontrar\u00e1 informaci\u00f3n detallada sobre qu\u00e9 son las \u201cCookies\u201d, qu\u00e9 tipolog\u00eda utiliza este sitio web, c\u00f3mo cambiar la configuraci\u00f3n de sus cookies, y qu\u00e9 ocurre si deshabilita las Cookies.<\/span><\/p>\n<p>&nbsp;<\/p>\n<h3><\/h3>\n<h3><span style=\"color: #084f70;\">\u00bfQu\u00e9 son las Cookies?<\/span><\/h3>\n<p>&nbsp;<\/p>\n<p><span style=\"color: #000000;\">Una cookie es un peque\u00f1o archivo que se descarga en el equipo del usuario con la finalidad de almacenar datos, los cuales podr\u00e1n ser actualizados y recuperados por la entidad responsable de su instalaci\u00f3n.<\/span><\/p>\n<p>&nbsp;<\/p>\n<h3><\/h3>\n<h3><span style=\"color: #084f70;\">\u00bfQu\u00e9 tipo de Cookies utiliza esta p\u00e1gina web?<\/span><\/h3>\n<p>&nbsp;<\/p>\n<p><span style=\"color: #000000;\">A continuaci\u00f3n se muestra una tabla con las Cookies utilizadas en este sitio web:<\/span><\/p>\n<p>&nbsp;<\/p>\n<div class=\"policy--privacy-no-bullets\"><\/div>\n<h3><\/h3>\n<h3><span style=\"color: #084f70;\">Cookies Propias<\/span><\/h3>\n<p>&nbsp;<\/p>\n<h3><\/h3>\n<table class=\"t1\" cellspacing=\"0\" cellpadding=\"0\">\n<tbody>\n<tr>\n<td class=\"td1\" valign=\"middle\">\n<p class=\"p1\"><span style=\"color: #084f70;\"><strong><span class=\"s1\">Dominio<\/span><\/strong><\/span><\/p>\n<\/td>\n<td class=\"td2\" valign=\"middle\">\n<p class=\"p1\"><span style=\"color: #084f70;\"><strong><span class=\"s1\">Cookie<\/span><\/strong><\/span><\/p>\n<\/td>\n<td class=\"td3\" valign=\"middle\">\n<p class=\"p1\"><span style=\"color: #084f70;\"><strong><span class=\"s1\">Duraci\u00f3n<\/span><\/strong><\/span><\/p>\n<\/td>\n<td class=\"td4\" valign=\"middle\">\n<p class=\"p1\"><span style=\"color: #084f70;\"><strong><span class=\"s1\">Finalidad<\/span><\/strong><\/span><\/p>\n<\/td>\n<td class=\"td1\" valign=\"middle\">\n<p class=\"p1\"><span style=\"color: #084f70;\"><strong><span class=\"s1\">Tipo<\/span><\/strong><\/span><\/p>\n<\/td>\n<\/tr>\n<tr>\n<td class=\"td5\" valign=\"middle\">\n<p class=\"p1\"><span class=\"s1\">own cookie<\/span><\/p>\n<\/td>\n<td class=\"td6\" valign=\"middle\">\n<p class=\"p1\"><span class=\"s1\">utm_source, utm_medium, utm_campaign, utm_content, utm_params<\/span><\/p>\n<\/td>\n<td class=\"td7\" valign=\"middle\">\n<p class=\"p1\"><span class=\"s1\">3 meses<\/span><\/p>\n<\/td>\n<td class=\"td8\" valign=\"middle\">\n<p class=\"p1\">Cookies establecidas para rastrear el origen del visitante que realiza una reserva desde la web<\/p>\n<\/td>\n<td class=\"td5\" valign=\"middle\">\n<p class=\"p1\"><span class=\"s1\">Analysis cookie<\/span><\/p>\n<\/td>\n<\/tr>\n<tr>\n<td class=\"td1\" valign=\"middle\">\n<p class=\"p1\"><span class=\"s1\">own cookie<\/span><\/p>\n<\/td>\n<td class=\"td2\" valign=\"middle\">\n<p class=\"p1\"><span class=\"s1\">mi_cookies_ok<\/span><\/p>\n<\/td>\n<td class=\"td3\" valign=\"middle\">\n<p class=\"p1\"><span class=\"s1\">3 meses<\/span><\/p>\n<\/td>\n<td class=\"td4\" valign=\"middle\">\n<p class=\"p1\">Configurado para mostrar la Pol\u00edtica de Cookies<\/p>\n<\/td>\n<td class=\"td1\" valign=\"middle\">\n<p class=\"p1\">Estrictamente requerido<\/p>\n<\/td>\n<\/tr>\n<tr>\n<td class=\"td9\" valign=\"middle\">\n<p class=\"p1\"><span class=\"s1\">own cookie<\/span><\/p>\n<\/td>\n<td class=\"td10\" valign=\"middle\">\n<p class=\"p1\"><span class=\"s1\">qtrans_front_language<\/span><\/p>\n<\/td>\n<td class=\"td11\" valign=\"middle\">\n<p class=\"p1\"><span class=\"s1\">3 meses<\/span><\/p>\n<\/td>\n<td class=\"td12\" valign=\"middle\">\n<p class=\"p1\">Configurado para administrar el idioma del visitante<\/p>\n<\/td>\n<td class=\"td9\" valign=\"middle\">\n<p class=\"p1\">Estrictamente requerido<\/p>\n<\/td>\n<\/tr>\n<tr>\n<td class=\"td13\" valign=\"middle\">\n<p class=\"p1\"><span class=\"s1\">own cookie<\/span><\/p>\n<\/td>\n<td class=\"td14\" valign=\"middle\">\n<p class=\"p1\"><span class=\"s1\">__cfduid<\/span><\/p>\n<\/td>\n<td class=\"td15\" valign=\"middle\">\n<p class=\"p1\"><span class=\"s1\">3 meses<\/span><\/p>\n<\/td>\n<td class=\"td16\" valign=\"middle\">\n<p class=\"p1\">Cookie asociada con sitios que usan CloudFlare, utilizada para acelerar los tiempos de carga de la p\u00e1gina<\/p>\n<\/td>\n<td class=\"td13\" valign=\"middle\">\n<p class=\"p1\">Estrictamente requerido<\/p>\n<\/td>\n<\/tr>\n<\/tbody>\n<\/table>\n<h3><\/h3>\n<h3><\/h3>\n<p>&nbsp;<\/p>\n<h3><span style=\"color: #084f70;\">Cookies de Terceros<\/span><\/h3>\n<h3><\/h3>\n<p>&nbsp;<\/p>\n<table class=\"t1\" cellspacing=\"0\" cellpadding=\"0\">\n<tbody>\n<tr>\n<td class=\"td17\" valign=\"middle\">\n<p class=\"p1\"><span style=\"color: #084f70;\"><strong><span class=\"s1\">Dominio<\/span><\/strong><\/span><\/p>\n<\/td>\n<td class=\"td18\" valign=\"middle\">\n<p class=\"p1\"><span style=\"color: #084f70;\"><strong><span class=\"s1\">Identificador de cookie<\/span><\/strong><\/span><\/p>\n<\/td>\n<td class=\"td19\" valign=\"middle\">\n<p class=\"p1\"><span style=\"color: #084f70;\"><strong><span class=\"s1\">Duraci\u00f3n<\/span><\/strong><\/span><\/p>\n<\/td>\n<td class=\"td20\" valign=\"middle\">\n<p class=\"p1\"><span style=\"color: #084f70;\"><strong><span class=\"s1\">Descripci\u00f3n<\/span><\/strong><\/span><\/p>\n<\/td>\n<td class=\"td21\" valign=\"middle\">\n<p class=\"p1\"><span style=\"color: #084f70;\"><strong><span class=\"s1\">Tipo<\/span><\/strong><\/span><\/p>\n<\/td>\n<td class=\"td22\" valign=\"middle\">\n<p class=\"p1\"><span style=\"color: #084f70;\"><strong><span class=\"s1\">M\u00e1s informaci\u00f3n<\/span><\/strong><\/span><\/p>\n<\/td>\n<\/tr>\n<tr>\n<td class=\"td23\" valign=\"middle\">\n<p class=\"p1\"><span class=\"s1\">google.com\/analytics\/<\/span><\/p>\n<\/td>\n<td class=\"td24\" valign=\"middle\">\n<p class=\"p1\"><span class=\"s1\">_ga<\/span><\/p>\n<\/td>\n<td class=\"td25\" valign=\"middle\">\n<p class=\"p1\"><span class=\"s1\">3 meses<\/span><\/p>\n<\/td>\n<td class=\"td26\" valign=\"middle\">\n<p class=\"p1\">Se usa para distinguir a los usuarios.<\/p>\n<\/td>\n<td class=\"td27\" valign=\"middle\">\n<p class=\"p1\"><span class=\"s1\">Analysis cookie<\/span><\/p>\n<\/td>\n<td class=\"td28\" valign=\"middle\">\n<p class=\"p1\"><span class=\"s2\"><a href=\"https:\/\/developers.google.com\/analytics\/devguides\/collection\/gajs\/cookie-usage\">https:\/\/developers.google.com\/analytics\/devguides\/collection\/gajs\/cookie-usage<\/a><\/span><\/p>\n<\/td>\n<\/tr>\n<tr>\n<td class=\"td29\" valign=\"middle\">\n<p class=\"p1\"><span class=\"s1\">google.com\/analytics\/<\/span><\/p>\n<\/td>\n<td class=\"td30\" valign=\"middle\">\n<p class=\"p1\"><span class=\"s1\">_gid<\/span><\/p>\n<\/td>\n<td class=\"td31\" valign=\"middle\">\n<p class=\"p1\"><span class=\"s1\">3 meses<\/span><\/p>\n<\/td>\n<td class=\"td32\" valign=\"middle\">\n<p class=\"p1\">Se usa para distinguir a los usuarios.<\/p>\n<\/td>\n<td class=\"td33\" valign=\"middle\">\n<p class=\"p1\"><span class=\"s1\">Analysis cookie<\/span><\/p>\n<\/td>\n<td class=\"td34\" valign=\"middle\">\n<p class=\"p1\"><span class=\"s2\"><a href=\"https:\/\/developers.google.com\/analytics\/devguides\/collection\/gajs\/cookie-usage\">https:\/\/developers.google.com\/analytics\/devguides\/collection\/gajs\/cookie-usage<\/a><\/span><\/p>\n<\/td>\n<\/tr>\n<tr>\n<td class=\"td35\" valign=\"middle\">\n<p class=\"p1\"><span class=\"s1\">google.com\/analytics\/<\/span><\/p>\n<\/td>\n<td class=\"td36\" valign=\"middle\">\n<p class=\"p1\"><span class=\"s1\">_gat, _dc_gtm_<\/span><\/p>\n<\/td>\n<td class=\"td37\" valign=\"middle\">\n<p class=\"p1\"><span class=\"s1\">3 meses<\/span><\/p>\n<\/td>\n<td class=\"td38\" valign=\"middle\">\n<p class=\"p1\">Se utiliza para regular la tasa de solicitud. Si Google Analytics se implementa a trav\u00e9s de Google Tag Manager, esta cookie se llamar\u00e1 _dc_gtm_.<\/p>\n<\/td>\n<td class=\"td39\" valign=\"middle\">\n<p class=\"p1\"><span class=\"s1\">Analysis cookie<\/span><\/p>\n<\/td>\n<td class=\"td40\" valign=\"middle\">\n<p class=\"p1\"><span class=\"s2\"><a href=\"https:\/\/developers.google.com\/analytics\/devguides\/collection\/gajs\/cookie-usage\">https:\/\/developers.google.com\/analytics\/devguides\/collection\/gajs\/cookie-usage<\/a><\/span><\/p>\n<\/td>\n<\/tr>\n<tr>\n<td class=\"td41\" valign=\"middle\">\n<p class=\"p1\"><span class=\"s1\">google.com\/analytics\/<\/span><\/p>\n<\/td>\n<td class=\"td42\" valign=\"middle\">\n<p class=\"p1\"><span class=\"s1\">_gac_<\/span><\/p>\n<\/td>\n<td class=\"td43\" valign=\"middle\">\n<p class=\"p1\"><span class=\"s1\">3 meses<\/span><\/p>\n<\/td>\n<td class=\"td44\" valign=\"middle\">\n<p class=\"p1\">Contiene informaci\u00f3n relacionada con la campa\u00f1a para el usuario. Si ha vinculado sus cuentas de Google Analytics y AdWords, las etiquetas de conversi\u00f3n del sitio web de AdWords leer\u00e1n esta cookie a menos que opte por no participar<\/p>\n<\/td>\n<td class=\"td45\" valign=\"middle\">\n<p class=\"p1\">Publicidad conductual<\/p>\n<\/td>\n<td class=\"td46\" valign=\"middle\">\n<p class=\"p1\"><span class=\"s2\"><a href=\"https:\/\/developers.google.com\/analytics\/devguides\/collection\/gajs\/cookie-usage\">https:\/\/developers.google.com\/analytics\/devguides\/collection\/gajs\/cookie-usage<\/a><\/span><\/p>\n<\/td>\n<\/tr>\n<tr>\n<td class=\"td47\" valign=\"middle\">\n<p class=\"p1\"><span class=\"s1\">google.com\/analytics\/<\/span><\/p>\n<\/td>\n<td class=\"td48\" valign=\"middle\">\n<p class=\"p1\"><span class=\"s1\">__utma<\/span><\/p>\n<\/td>\n<td class=\"td49\" valign=\"middle\">\n<p class=\"p1\"><span class=\"s1\">3 meses<\/span><\/p>\n<\/td>\n<td class=\"td50\" valign=\"middle\">\n<p class=\"p1\">Se utiliza para distinguir usuarios y sesiones. La cookie se crea cuando se ejecuta la biblioteca javascript y no existen cookies __utma existentes. La cookie se actualiza cada vez que se env\u00edan datos a Google Analytics.<\/p>\n<\/td>\n<td class=\"td51\" valign=\"middle\">\n<p class=\"p1\">Funcionalidad<\/p>\n<\/td>\n<td class=\"td52\" valign=\"middle\">\n<p class=\"p1\"><span class=\"s2\"><a href=\"https:\/\/developers.google.com\/analytics\/devguides\/collection\/gajs\/cookie-usage\">https:\/\/developers.google.com\/analytics\/devguides\/collection\/gajs\/cookie-usage<\/a><\/span><\/p>\n<\/td>\n<\/tr>\n<tr>\n<td class=\"td41\" valign=\"middle\">\n<p class=\"p1\"><span class=\"s1\">google.com\/analytics\/<\/span><\/p>\n<\/td>\n<td class=\"td42\" valign=\"middle\">\n<p class=\"p1\"><span class=\"s1\">__utmb<\/span><\/p>\n<\/td>\n<td class=\"td43\" valign=\"middle\">\n<p class=\"p1\"><span class=\"s1\">3 meses<\/span><\/p>\n<\/td>\n<td class=\"td44\" valign=\"middle\">\n<p class=\"p1\">Se utiliza para distinguir usuarios y sesiones. La cookie se crea cuando se ejecuta la biblioteca javascript y no existen cookies __utma existentes. La cookie se actualiza cada vez que se env\u00edan datos a Google Analytics.<\/p>\n<\/td>\n<td class=\"td45\" valign=\"middle\">\n<p class=\"p1\"><span class=\"s1\">Analysis cookie<\/span><\/p>\n<\/td>\n<td class=\"td46\" valign=\"middle\">\n<p class=\"p1\"><span class=\"s2\"><a href=\"https:\/\/developers.google.com\/analytics\/devguides\/collection\/gajs\/cookie-usage\">https:\/\/developers.google.com\/analytics\/devguides\/collection\/gajs\/cookie-usage<\/a><\/span><\/p>\n<\/td>\n<\/tr>\n<tr>\n<td class=\"td53\" valign=\"middle\">\n<p class=\"p1\"><span class=\"s1\">google.com\/analytics\/<\/span><\/p>\n<\/td>\n<td class=\"td54\" valign=\"middle\">\n<p class=\"p1\"><span class=\"s1\">__utmc<\/span><\/p>\n<\/td>\n<td class=\"td55\" valign=\"middle\">\n<p class=\"p1\"><span class=\"s1\">3 meses<\/span><\/p>\n<\/td>\n<td class=\"td56\" valign=\"middle\">\n<p class=\"p1\">No se usa en ga.js. Establecido para la interoperabilidad con urchin.js. Hist\u00f3ricamente, esta cookie funcionaba junto con la cookie __utmb para determinar si el usuario estaba en una nueva sesi\u00f3n \/ visita.<\/p>\n<\/td>\n<td class=\"td57\" valign=\"middle\">\n<p class=\"p1\">Funcionalidad<\/p>\n<\/td>\n<td class=\"td58\" valign=\"middle\">\n<p class=\"p1\"><span class=\"s2\"><a href=\"https:\/\/developers.google.com\/analytics\/devguides\/collection\/gajs\/cookie-usage\">https:\/\/developers.google.com\/analytics\/devguides\/collection\/gajs\/cookie-usage<\/a><\/span><\/p>\n<\/td>\n<\/tr>\n<tr>\n<td class=\"td29\" valign=\"middle\">\n<p class=\"p1\"><span class=\"s1\">google.com\/analytics\/<\/span><\/p>\n<\/td>\n<td class=\"td30\" valign=\"middle\">\n<p class=\"p1\"><span class=\"s1\">__utmt<\/span><\/p>\n<\/td>\n<td class=\"td31\" valign=\"middle\">\n<p class=\"p1\"><span class=\"s1\">3 meses<\/span><\/p>\n<\/td>\n<td class=\"td32\" valign=\"middle\">\n<p class=\"p1\"><span class=\"s1\">Se utiliza para regular la tasa de solicitud.<\/span><\/p>\n<\/td>\n<td class=\"td33\" valign=\"middle\">\n<p class=\"p1\"><span class=\"s1\">Analysis cookie<\/span><\/p>\n<\/td>\n<td class=\"td34\" valign=\"middle\">\n<p class=\"p1\"><span class=\"s2\"><a href=\"https:\/\/developers.google.com\/analytics\/devguides\/collection\/gajs\/cookie-usage\">https:\/\/developers.google.com\/analytics\/devguides\/collection\/gajs\/cookie-usage<\/a><\/span><\/p>\n<\/td>\n<\/tr>\n<tr>\n<td class=\"td53\" valign=\"middle\">\n<p class=\"p1\"><span class=\"s1\">google.com\/analytics\/<\/span><\/p>\n<\/td>\n<td class=\"td54\" valign=\"middle\">\n<p class=\"p1\"><span class=\"s1\">__utmz<\/span><\/p>\n<\/td>\n<td class=\"td55\" valign=\"middle\">\n<p class=\"p1\"><span class=\"s1\">3 meses<\/span><\/p>\n<\/td>\n<td class=\"td56\" valign=\"middle\">\n<p class=\"p1\">Almacena la fuente de tr\u00e1fico o la campa\u00f1a que explica c\u00f3mo lleg\u00f3 el usuario a su sitio. La cookie se crea cuando se ejecuta la biblioteca javascript y se actualiza cada vez que se env\u00edan datos a Google Analytics.<\/p>\n<\/td>\n<td class=\"td57\" valign=\"middle\">\n<p class=\"p1\"><span class=\"s1\">Analysis cookie<\/span><\/p>\n<\/td>\n<td class=\"td58\" valign=\"middle\">\n<p class=\"p1\"><span class=\"s2\"><a href=\"https:\/\/developers.google.com\/analytics\/devguides\/collection\/gajs\/cookie-usage\">https:\/\/developers.google.com\/analytics\/devguides\/collection\/gajs\/cookie-usage<\/a><\/span><\/p>\n<\/td>\n<\/tr>\n<tr>\n<td class=\"td29\" valign=\"middle\">\n<p class=\"p1\"><span class=\"s1\">google.com\/analytics\/<\/span><\/p>\n<\/td>\n<td class=\"td30\" valign=\"middle\">\n<p class=\"p1\"><span class=\"s1\">AWSALB<\/span><\/p>\n<\/td>\n<td class=\"td31\" valign=\"middle\"><\/td>\n<td class=\"td32\" valign=\"middle\">\n<p class=\"p1\">Establecido mediante el uso de un equilibrador de carga de aplicaciones de Amazon ELB<\/p>\n<\/td>\n<td class=\"td33\" valign=\"middle\"><\/td>\n<td class=\"td34\" valign=\"middle\"><\/td>\n<\/tr>\n<tr>\n<td class=\"td59\" valign=\"middle\">\n<p class=\"p1\"><span class=\"s1\">thehotelsnetwork.com<\/span><\/p>\n<\/td>\n<td class=\"td60\" valign=\"middle\">\n<p class=\"p1\"><span class=\"s1\">Phpsessid<\/span><\/p>\n<\/td>\n<td class=\"td61\" valign=\"middle\"><\/td>\n<td class=\"td62\" valign=\"middle\">\n<p class=\"p1\">Cookie establecida por thehotelsnetwork.com para la gesti\u00f3n y optimizaci\u00f3n de visitas a esta web<\/p>\n<\/td>\n<td class=\"td63\" valign=\"middle\"><\/td>\n<td class=\"td64\" valign=\"middle\"><\/td>\n<\/tr>\n<tr>\n<td class=\"td65\" valign=\"middle\">\n<p class=\"p1\"><span class=\"s1\">Doubleclick.net<\/span><\/p>\n<\/td>\n<td class=\"td66\" valign=\"middle\">\n<p class=\"p1\"><span class=\"s1\">ID<\/span><\/p>\n<\/td>\n<td class=\"td67\" valign=\"middle\"><\/td>\n<td class=\"td68\" valign=\"middle\">\n<p class=\"p1\">Cookie de publicidad personalizada DoubleClick utiliza cookies para mejorar la publicidad. Por lo general, se utilizan para orientar la publicidad hacia el contenido que es relevante para un usuario, mejorar los informes de rendimiento de la campa\u00f1a y evitar mostrar anuncios que el usuario ya haya visto.<\/p>\n<\/td>\n<td class=\"td69\" valign=\"middle\">\n<p class=\"p1\">Publicidad conductual<\/p>\n<\/td>\n<td class=\"td70\" valign=\"middle\"><\/td>\n<\/tr>\n<tr>\n<td class=\"td35\" valign=\"middle\">\n<p class=\"p1\"><span class=\"s1\">Google.es<\/span><\/p>\n<\/td>\n<td class=\"td36\" valign=\"middle\">\n<p class=\"p1\"><span class=\"s1\">khcookie, NID, PREF, testcookie<\/span><\/p>\n<\/td>\n<td class=\"td37\" valign=\"middle\">\n<p class=\"p1\"><span class=\"s1\">3 meses<\/span><\/p>\n<\/td>\n<td class=\"td38\" valign=\"middle\">\n<p class=\"p1\">Estas cookies de Google generalmente se escriben en el explorador cuando se cargan los mapas de Google Maps, Street View y YouTube.<\/p>\n<\/td>\n<td class=\"td39\" valign=\"middle\">\n<p class=\"p1\">Publicidad conductual<\/p>\n<\/td>\n<td class=\"td40\" valign=\"middle\">\n<p class=\"p1\"><span class=\"s2\"><a href=\"https:\/\/support.google.com\/accounts\/answer\/32050?hl=es\">https:\/\/support.google.com\/accounts\/answer\/32050?hl=es<\/a><\/span><\/p>\n<\/td>\n<\/tr>\n<\/tbody>\n<\/table>\n<h3><\/h3>\n<h3><\/h3>\n<h3><\/h3>\n<h3><span style=\"color: #084f70;\">\u00bfC\u00f3mo puede configurar las Cookies?<\/span><\/h3>\n<p>&nbsp;<\/p>\n<p>Al navegar y continuar en nuestro sitio web estar\u00e1 consintiendo el uso de las Cookies en las condiciones contenidas en la presente Pol\u00edtica de Cookies. Usted como usuario tiene la posibilidad de ejercer su derecho a bloquear, eliminar y rechazar el uso de Cookies, en todo momento, modificando las opciones de su navegador.<\/p>\n<p>&nbsp;<\/p>\n<p>Por ejemplo:<\/p>\n<p>&nbsp;<\/p>\n<p>1. Internet Explorer: Herramientas &gt; Opciones de Internet &gt; Privacidad &gt; Configuraci\u00f3n.<\/p>\n<p>&nbsp;<\/p>\n<p>Para m\u00e1s informaci\u00f3n, puede consultar el soporte de Microsoft o la Ayuda del navegador.<\/p>\n<p>&nbsp;<\/p>\n<p>2. Mozilla Firefox: Herramientas &gt; Opciones &gt; Privacidad &gt; Historial &gt; Configuraci\u00f3n Personalizada.<\/p>\n<p>Para m\u00e1s informaci\u00f3n, puede consultar el soporte de Mozilla o la Ayuda del navegador.<\/p>\n<p>&nbsp;<\/p>\n<p>3. Google Chrome: Configuraci\u00f3n &gt; Mostrar opciones avanzadas &gt; Privacidad -&gt; Configuraci\u00f3n de contenido.<\/p>\n<p>Para m\u00e1s informaci\u00f3n, puede consultar el soporte de Google o la Ayuda del navegador.<\/p>\n<p>&nbsp;<\/p>\n<p>4. Safari: Preferencias &gt; Seguridad.<\/p>\n<p>Para m\u00e1s informaci\u00f3n, puede consultar el soporte de Apple o la Ayuda del navegador.<\/p>\n<p>&nbsp;<\/p>\n<p>5. Opera: Configuraci\u00f3n &gt; Opciones &gt; Avanzado &gt; Cookies<\/p>\n<p>Para m\u00e1s informaci\u00f3n, puede consultar el soporte de Opera o la Ayuda del navegador.<\/p>\n<p>Si usa otro navegador distinto a los anteriores, consulte su pol\u00edtica de instalaci\u00f3n, uso y bloqueo de cookies.<\/p>\n<p>&nbsp;<\/p>\n<h3><\/h3>\n<h3><span style=\"color: #084f70;\">\u00bfQu\u00e9 ocurre si se deshabilitan las Cookies?<\/span><\/h3>\n<p>&nbsp;<\/p>\n<p><span style=\"color: #000000;\">Algunas funcionalidades de los Servicios o \u00e1reas de este sitio web podr\u00edan no funcionar correctamente.<\/span><\/p>\n<p>&nbsp;<\/p>\n<h3><\/h3>\n<h3><span style=\"color: #084f70;\">\u00bfActualizamos nuestra pol\u00edtica de Cookies?<\/span><\/h3>\n<p>&nbsp;<\/p>\n<p><span style=\"color: #000000;\">Es posible que actualicemos la pol\u00edtica de Cookies de nuestra p\u00e1gina web, por ello, le recomendamos revisar esta pol\u00edtica cada vez que acceda a nuestro sitio web con el objetivo de estar adecuadamente informado sobre c\u00f3mo y para que usamos las Cookies.<\/span><span style=\"color: #000000;\">\u00a0<\/span>[\/vc_column_text][\/vc_column][\/vc_row]<\/p>\n","protected":false},"excerpt":{"rendered":"<p>[vc_row row_type=&#8221;row&#8221; use_row_as_full_screen_section=&#8221;no&#8221; type=&#8221;full_width&#8221; angled_section=&#8221;no&#8221; text_align=&#8221;left&#8221; background_image_as_pattern=&#8221;without_pattern&#8221; padding_bottom=&#8221;34&#8243; css_animation=&#8221;&#8221;][vc_column][vc_column_text] POL\u00cdTICA DE COOKIES &nbsp; En cumplimiento de la Ley 34\/2002, de 11 de julio, de Servicios de la Sociedad de la Informaci\u00f3n y Comercio Electr\u00f3nico le informamos de que este sitio web, al igual que la&#8230;<\/p>\n","protected":false},"author":4,"featured_media":0,"parent":0,"menu_order":0,"comment_status":"open","ping_status":"closed","template":"","meta":{"footnotes":""},"yoast_head":"<!-- This site is optimized with the Yoast SEO plugin v22.2 - https:\/\/yoast.com\/wordpress\/plugins\/seo\/ -->\n<title>BLUE HOTELES - Politique de Cookies<\/title>\n<meta name=\"description\" content=\"BLUE HOTELES - Politique de Cookies\" \/>\n<meta name=\"robots\" content=\"index, follow, max-snippet:-1, max-image-preview:large, max-video-preview:-1\" \/>\n<link rel=\"canonical\" href=\"https:\/\/www.bluehoteles.es\/fr\/politique-de-cookies\/\" \/>\n<meta property=\"og:locale\" content=\"fr_FR\" \/>\n<meta property=\"og:type\" content=\"article\" \/>\n<meta property=\"og:title\" content=\"BLUE HOTELES - Politique de Cookies\" \/>\n<meta property=\"og:description\" content=\"BLUE HOTELES - Politique de Cookies\" \/>\n<meta property=\"og:url\" content=\"https:\/\/www.bluehoteles.es\/fr\/politique-de-cookies\/\" \/>\n<meta property=\"og:site_name\" content=\"BLUE HOTELES\" \/>\n<meta property=\"article:modified_time\" content=\"2020-03-05T15:05:39+00:00\" \/>\n<meta name=\"twitter:card\" content=\"summary_large_image\" \/>\n<meta name=\"twitter:label1\" content=\"Est. reading time\" \/>\n\t<meta name=\"twitter:data1\" content=\"6 minutes\" \/>\n<script type=\"application\/ld+json\" class=\"yoast-schema-graph\">{\"@context\":\"https:\/\/schema.org\",\"@graph\":[{\"@type\":\"WebPage\",\"@id\":\"https:\/\/www.bluehoteles.es\/fr\/politique-de-cookies\/\",\"url\":\"https:\/\/www.bluehoteles.es\/fr\/politique-de-cookies\/\",\"name\":\"BLUE HOTELES - Politique de Cookies\",\"isPartOf\":{\"@id\":\"https:\/\/www.bluehoteles.es\/en\/#website\"},\"datePublished\":\"2020-03-04T23:20:26+00:00\",\"dateModified\":\"2020-03-05T15:05:39+00:00\",\"description\":\"BLUE HOTELES - Politique de Cookies\",\"breadcrumb\":{\"@id\":\"https:\/\/www.bluehoteles.es\/fr\/politique-de-cookies\/#breadcrumb\"},\"inLanguage\":\"fr-FR\",\"potentialAction\":[{\"@type\":\"ReadAction\",\"target\":[\"https:\/\/www.bluehoteles.es\/fr\/politique-de-cookies\/\"]}]},{\"@type\":\"BreadcrumbList\",\"@id\":\"https:\/\/www.bluehoteles.es\/fr\/politique-de-cookies\/#breadcrumb\",\"itemListElement\":[{\"@type\":\"ListItem\",\"position\":1,\"name\":\"Portada\",\"item\":\"https:\/\/www.bluehoteles.es\/fr\/\"},{\"@type\":\"ListItem\",\"position\":2,\"name\":\"Politique de Cookies\"}]},{\"@type\":\"WebSite\",\"@id\":\"https:\/\/www.bluehoteles.es\/en\/#website\",\"url\":\"https:\/\/www.bluehoteles.es\/en\/\",\"name\":\"BLUE HOTELES\",\"description\":\"BLUE HOTELES\",\"potentialAction\":[{\"@type\":\"SearchAction\",\"target\":{\"@type\":\"EntryPoint\",\"urlTemplate\":\"https:\/\/www.bluehoteles.es\/en\/?s={search_term_string}\"},\"query-input\":\"required name=search_term_string\"}],\"inLanguage\":\"fr-FR\"}]}<\/script>\n<!-- \/ Yoast SEO plugin. -->","yoast_head_json":{"title":"BLUE HOTELES - Politique de Cookies","description":"BLUE HOTELES - Politique de Cookies","robots":{"index":"index","follow":"follow","max-snippet":"max-snippet:-1","max-image-preview":"max-image-preview:large","max-video-preview":"max-video-preview:-1"},"canonical":"https:\/\/www.bluehoteles.es\/fr\/politique-de-cookies\/","og_locale":"fr_FR","og_type":"article","og_title":"BLUE HOTELES - Politique de Cookies","og_description":"BLUE HOTELES - Politique de Cookies","og_url":"https:\/\/www.bluehoteles.es\/fr\/politique-de-cookies\/","og_site_name":"BLUE HOTELES","article_modified_time":"2020-03-05T15:05:39+00:00","twitter_card":"summary_large_image","twitter_misc":{"Est. reading time":"6 minutes"},"schema":{"@context":"https:\/\/schema.org","@graph":[{"@type":"WebPage","@id":"https:\/\/www.bluehoteles.es\/fr\/politique-de-cookies\/","url":"https:\/\/www.bluehoteles.es\/fr\/politique-de-cookies\/","name":"BLUE HOTELES - Politique de Cookies","isPartOf":{"@id":"https:\/\/www.bluehoteles.es\/en\/#website"},"datePublished":"2020-03-04T23:20:26+00:00","dateModified":"2020-03-05T15:05:39+00:00","description":"BLUE HOTELES - Politique de Cookies","breadcrumb":{"@id":"https:\/\/www.bluehoteles.es\/fr\/politique-de-cookies\/#breadcrumb"},"inLanguage":"fr-FR","potentialAction":[{"@type":"ReadAction","target":["https:\/\/www.bluehoteles.es\/fr\/politique-de-cookies\/"]}]},{"@type":"BreadcrumbList","@id":"https:\/\/www.bluehoteles.es\/fr\/politique-de-cookies\/#breadcrumb","itemListElement":[{"@type":"ListItem","position":1,"name":"Portada","item":"https:\/\/www.bluehoteles.es\/fr\/"},{"@type":"ListItem","position":2,"name":"Politique de Cookies"}]},{"@type":"WebSite","@id":"https:\/\/www.bluehoteles.es\/en\/#website","url":"https:\/\/www.bluehoteles.es\/en\/","name":"BLUE HOTELES","description":"BLUE HOTELES","potentialAction":[{"@type":"SearchAction","target":{"@type":"EntryPoint","urlTemplate":"https:\/\/www.bluehoteles.es\/en\/?s={search_term_string}"},"query-input":"required name=search_term_string"}],"inLanguage":"fr-FR"}]}},"_links":{"self":[{"href":"https:\/\/www.bluehoteles.es\/fr\/wp-json\/wp\/v2\/pages\/25479"}],"collection":[{"href":"https:\/\/www.bluehoteles.es\/fr\/wp-json\/wp\/v2\/pages"}],"about":[{"href":"https:\/\/www.bluehoteles.es\/fr\/wp-json\/wp\/v2\/types\/page"}],"author":[{"embeddable":true,"href":"https:\/\/www.bluehoteles.es\/fr\/wp-json\/wp\/v2\/users\/4"}],"replies":[{"embeddable":true,"href":"https:\/\/www.bluehoteles.es\/fr\/wp-json\/wp\/v2\/comments?post=25479"}],"version-history":[{"count":1,"href":"https:\/\/www.bluehoteles.es\/fr\/wp-json\/wp\/v2\/pages\/25479\/revisions"}],"predecessor-version":[{"id":25482,"href":"https:\/\/www.bluehoteles.es\/fr\/wp-json\/wp\/v2\/pages\/25479\/revisions\/25482"}],"wp:attachment":[{"href":"https:\/\/www.bluehoteles.es\/fr\/wp-json\/wp\/v2\/media?parent=25479"}],"curies":[{"name":"wp","href":"https:\/\/api.w.org\/{rel}","templated":true}]}}