{"id":21521,"date":"2013-10-16T12:05:38","date_gmt":"2013-10-16T10:05:38","guid":{"rendered":"https:\/\/www.bluehoteles.es\/marques-de-san-esteban\/localizacion-y-contacto\/"},"modified":"2018-09-07T10:53:48","modified_gmt":"2018-09-07T09:53:48","slug":"location-and-contact","status":"publish","type":"page","link":"https:\/\/www.bluehoteles.es\/marques-de-san-esteban\/en\/location-and-contact\/","title":{"rendered":"Location and Contact"},"content":{"rendered":"<p>[vc_row row_type=&#8221;row&#8221; use_row_as_full_screen_section=&#8221;no&#8221; type=&#8221;full_width&#8221; angled_section=&#8221;no&#8221; text_align=&#8221;left&#8221; background_image_as_pattern=&#8221;without_pattern&#8221; css_animation=&#8221;&#8221;][vc_column][vc_column_text]<\/p>\n<h3><strong>Hotel Marques Gij\u00f3n<\/strong><\/h3>\n<p>[\/vc_column_text][vc_separator type=&#8221;normal&#8221; color=&#8221;#ffffff&#8221; up=&#8221;15&#8243; down=&#8221;15&#8243;][vc_column_text]Marqu\u00e9s de San Esteban, 11<\/p>\n<p>33206 Gij\u00f3n,\u00a0Asturias, Espa\u00f1a<\/p>\n<p>Email: <a class=\"m_-5034015144532703890moz-txt-link-abbreviated\" href=\"mailto:hotelmarques@bluehoteles.es\" target=\"_blank\">hotelmarques@bluehoteles.es<\/a><\/p>\n<p>Phone: +34 985 090 929<\/p>\n<p>Fax:\u00a0+34 985 092 010[\/vc_column_text][vc_separator type=&#8221;transparent&#8221; up=&#8221;15&#8243; down=&#8221;15&#8243;]<span class='q_social_icon_holder normal_social' ><a itemprop='url' href='https:\/\/www.facebook.com\/BLUEHOTELS\/' target='_blank'><i class=\"qode_icon_font_awesome fa fa-facebook fa-2x simple_social\" style=\"margin: 0 13px 0 0;\" ><\/i><\/a><\/span><span class='q_social_icon_holder normal_social' ><a itemprop='url' href='https:\/\/twitter.com\/Bluehoteles' target='_blank'><i class=\"qode_icon_font_awesome fa fa-twitter fa-2x simple_social\" style=\"margin: 0 13px 0 0;\" ><\/i><\/a><\/span><span class='q_social_icon_holder normal_social' ><a itemprop='url' href='https:\/\/plus.google.com\/u\/0\/+BlueHotelesGijon' target='_blank'><i class=\"qode_icon_font_awesome fa fa-google-plus fa-2x simple_social\" style=\"margin: 0 13px 0 0;\" ><\/i><\/a><\/span><span class='q_social_icon_holder normal_social' ><a itemprop='url' href='https:\/\/www.pinterest.es\/bluehoteles\/' target='_blank'><i class=\"qode_icon_font_awesome fa fa-pinterest fa-2x simple_social\" style=\"margin: 0 13px 0 0;\" ><\/i><\/a><\/span>[\/vc_column][\/vc_row]<\/p>\n","protected":false},"excerpt":{"rendered":"<p>[vc_row row_type=&#8221;row&#8221; use_row_as_full_screen_section=&#8221;no&#8221; type=&#8221;full_width&#8221; angled_section=&#8221;no&#8221; text_align=&#8221;left&#8221; background_image_as_pattern=&#8221;without_pattern&#8221; css_animation=&#8221;&#8221;][vc_column][vc_column_text] Hotel Marques Gij\u00f3n [\/vc_column_text][vc_separator type=&#8221;normal&#8221; color=&#8221;#ffffff&#8221; up=&#8221;15&#8243; down=&#8221;15&#8243;][vc_column_text]Marqu\u00e9s de San Esteban, 11 33206 Gij\u00f3n,\u00a0Asturias, Espa\u00f1a Email: hotelmarques@bluehoteles.es Phone: +34 985 090 929 Fax:\u00a0+34 985 092 010[\/vc_column_text][vc_separator type=&#8221;transparent&#8221; up=&#8221;15&#8243; down=&#8221;15&#8243;][\/vc_column][\/vc_row]<\/p>\n","protected":false},"author":5,"featured_media":0,"parent":0,"menu_order":0,"comment_status":"open","ping_status":"closed","template":"contact-page.php","meta":{"footnotes":""},"yoast_head":"<!-- This site is optimized with the Yoast SEO plugin v22.2 - https:\/\/yoast.com\/wordpress\/plugins\/seo\/ -->\n<title>Location and Contact Hotel Marques de San Esteban Gij\u00f3n, Asturias, Espa\u00f1a<\/title>\n<meta name=\"description\" content=\"Hotel Marqu\u00e9s de San Esteban is located on the 2nd line of the Puerto Deportivo, next to the Plaza Mayor, San Lorenzo and Poniente beach, the Aquarium and in front of the new Talasoterapia de Gij\u00f3n center.\" \/>\n<meta name=\"robots\" content=\"index, follow, max-snippet:-1, max-image-preview:large, max-video-preview:-1\" \/>\n<link rel=\"canonical\" href=\"https:\/\/www.bluehoteles.es\/marques-de-san-esteban\/en\/location-and-contact\/\" \/>\n<meta property=\"og:locale\" content=\"en_US\" \/>\n<meta property=\"og:type\" content=\"article\" \/>\n<meta property=\"og:title\" content=\"Location and Contact Hotel Marques de San Esteban Gij\u00f3n, Asturias, Espa\u00f1a\" \/>\n<meta property=\"og:description\" content=\"Hotel Marqu\u00e9s de San Esteban is located on the 2nd line of the Puerto Deportivo, next to the Plaza Mayor, San Lorenzo and Poniente beach, the Aquarium and in front of the new Talasoterapia de Gij\u00f3n center.\" \/>\n<meta property=\"og:url\" content=\"https:\/\/www.bluehoteles.es\/marques-de-san-esteban\/en\/location-and-contact\/\" \/>\n<meta property=\"og:site_name\" content=\"Hotel Marqu\u00e9s Gij\u00f3n\" \/>\n<meta property=\"article:modified_time\" content=\"2018-09-07T09:53:48+00:00\" \/>\n<meta name=\"twitter:card\" content=\"summary_large_image\" \/>\n<meta name=\"twitter:label1\" content=\"Est. reading time\" \/>\n\t<meta name=\"twitter:data1\" content=\"1 minute\" \/>\n<script type=\"application\/ld+json\" class=\"yoast-schema-graph\">{\"@context\":\"https:\/\/schema.org\",\"@graph\":[{\"@type\":\"WebPage\",\"@id\":\"https:\/\/www.bluehoteles.es\/marques-de-san-esteban\/en\/location-and-contact\/\",\"url\":\"https:\/\/www.bluehoteles.es\/marques-de-san-esteban\/en\/location-and-contact\/\",\"name\":\"Location and Contact Hotel Marques de San Esteban Gij\u00f3n, Asturias, Espa\u00f1a\",\"isPartOf\":{\"@id\":\"https:\/\/www.bluehoteles.es\/marques-de-san-esteban\/#website\"},\"datePublished\":\"2013-10-16T10:05:38+00:00\",\"dateModified\":\"2018-09-07T09:53:48+00:00\",\"description\":\"Hotel Marqu\u00e9s de San Esteban is located on the 2nd line of the Puerto Deportivo, next to the Plaza Mayor, San Lorenzo and Poniente beach, the Aquarium and in front of the new Talasoterapia de Gij\u00f3n center.\",\"breadcrumb\":{\"@id\":\"https:\/\/www.bluehoteles.es\/marques-de-san-esteban\/en\/location-and-contact\/#breadcrumb\"},\"inLanguage\":\"en-US\",\"potentialAction\":[{\"@type\":\"ReadAction\",\"target\":[\"https:\/\/www.bluehoteles.es\/marques-de-san-esteban\/en\/location-and-contact\/\"]}]},{\"@type\":\"BreadcrumbList\",\"@id\":\"https:\/\/www.bluehoteles.es\/marques-de-san-esteban\/en\/location-and-contact\/#breadcrumb\",\"itemListElement\":[{\"@type\":\"ListItem\",\"position\":1,\"name\":\"Portada\",\"item\":\"https:\/\/www.bluehoteles.es\/marques-de-san-esteban\/en\/\"},{\"@type\":\"ListItem\",\"position\":2,\"name\":\"Location and Contact\"}]},{\"@type\":\"WebSite\",\"@id\":\"https:\/\/www.bluehoteles.es\/marques-de-san-esteban\/#website\",\"url\":\"https:\/\/www.bluehoteles.es\/marques-de-san-esteban\/\",\"name\":\"Hotel Marqu\u00e9s Gij\u00f3n\",\"description\":\"HOTEL Marqu\u00e9s de San Esteban\",\"potentialAction\":[{\"@type\":\"SearchAction\",\"target\":{\"@type\":\"EntryPoint\",\"urlTemplate\":\"https:\/\/www.bluehoteles.es\/marques-de-san-esteban\/?s={search_term_string}\"},\"query-input\":\"required name=search_term_string\"}],\"inLanguage\":\"en-US\"}]}<\/script>\n<!-- \/ Yoast SEO plugin. -->","yoast_head_json":{"title":"Location and Contact Hotel Marques de San Esteban Gij\u00f3n, Asturias, Espa\u00f1a","description":"Hotel Marqu\u00e9s de San Esteban is located on the 2nd line of the Puerto Deportivo, next to the Plaza Mayor, San Lorenzo and Poniente beach, the Aquarium and in front of the new Talasoterapia de Gij\u00f3n center.","robots":{"index":"index","follow":"follow","max-snippet":"max-snippet:-1","max-image-preview":"max-image-preview:large","max-video-preview":"max-video-preview:-1"},"canonical":"https:\/\/www.bluehoteles.es\/marques-de-san-esteban\/en\/location-and-contact\/","og_locale":"en_US","og_type":"article","og_title":"Location and Contact Hotel Marques de San Esteban Gij\u00f3n, Asturias, Espa\u00f1a","og_description":"Hotel Marqu\u00e9s de San Esteban is located on the 2nd line of the Puerto Deportivo, next to the Plaza Mayor, San Lorenzo and Poniente beach, the Aquarium and in front of the new Talasoterapia de Gij\u00f3n center.","og_url":"https:\/\/www.bluehoteles.es\/marques-de-san-esteban\/en\/location-and-contact\/","og_site_name":"Hotel Marqu\u00e9s Gij\u00f3n","article_modified_time":"2018-09-07T09:53:48+00:00","twitter_card":"summary_large_image","twitter_misc":{"Est. reading time":"1 minute"},"schema":{"@context":"https:\/\/schema.org","@graph":[{"@type":"WebPage","@id":"https:\/\/www.bluehoteles.es\/marques-de-san-esteban\/en\/location-and-contact\/","url":"https:\/\/www.bluehoteles.es\/marques-de-san-esteban\/en\/location-and-contact\/","name":"Location and Contact Hotel Marques de San Esteban Gij\u00f3n, Asturias, Espa\u00f1a","isPartOf":{"@id":"https:\/\/www.bluehoteles.es\/marques-de-san-esteban\/#website"},"datePublished":"2013-10-16T10:05:38+00:00","dateModified":"2018-09-07T09:53:48+00:00","description":"Hotel Marqu\u00e9s de San Esteban is located on the 2nd line of the Puerto Deportivo, next to the Plaza Mayor, San Lorenzo and Poniente beach, the Aquarium and in front of the new Talasoterapia de Gij\u00f3n center.","breadcrumb":{"@id":"https:\/\/www.bluehoteles.es\/marques-de-san-esteban\/en\/location-and-contact\/#breadcrumb"},"inLanguage":"en-US","potentialAction":[{"@type":"ReadAction","target":["https:\/\/www.bluehoteles.es\/marques-de-san-esteban\/en\/location-and-contact\/"]}]},{"@type":"BreadcrumbList","@id":"https:\/\/www.bluehoteles.es\/marques-de-san-esteban\/en\/location-and-contact\/#breadcrumb","itemListElement":[{"@type":"ListItem","position":1,"name":"Portada","item":"https:\/\/www.bluehoteles.es\/marques-de-san-esteban\/en\/"},{"@type":"ListItem","position":2,"name":"Location and Contact"}]},{"@type":"WebSite","@id":"https:\/\/www.bluehoteles.es\/marques-de-san-esteban\/#website","url":"https:\/\/www.bluehoteles.es\/marques-de-san-esteban\/","name":"Hotel Marqu\u00e9s Gij\u00f3n","description":"HOTEL Marqu\u00e9s de San Esteban","potentialAction":[{"@type":"SearchAction","target":{"@type":"EntryPoint","urlTemplate":"https:\/\/www.bluehoteles.es\/marques-de-san-esteban\/?s={search_term_string}"},"query-input":"required name=search_term_string"}],"inLanguage":"en-US"}]}},"_links":{"self":[{"href":"https:\/\/www.bluehoteles.es\/marques-de-san-esteban\/en\/wp-json\/wp\/v2\/pages\/21521"}],"collection":[{"href":"https:\/\/www.bluehoteles.es\/marques-de-san-esteban\/en\/wp-json\/wp\/v2\/pages"}],"about":[{"href":"https:\/\/www.bluehoteles.es\/marques-de-san-esteban\/en\/wp-json\/wp\/v2\/types\/page"}],"author":[{"embeddable":true,"href":"https:\/\/www.bluehoteles.es\/marques-de-san-esteban\/en\/wp-json\/wp\/v2\/users\/5"}],"replies":[{"embeddable":true,"href":"https:\/\/www.bluehoteles.es\/marques-de-san-esteban\/en\/wp-json\/wp\/v2\/comments?post=21521"}],"version-history":[{"count":9,"href":"https:\/\/www.bluehoteles.es\/marques-de-san-esteban\/en\/wp-json\/wp\/v2\/pages\/21521\/revisions"}],"predecessor-version":[{"id":22069,"href":"https:\/\/www.bluehoteles.es\/marques-de-san-esteban\/en\/wp-json\/wp\/v2\/pages\/21521\/revisions\/22069"}],"wp:attachment":[{"href":"https:\/\/www.bluehoteles.es\/marques-de-san-esteban\/en\/wp-json\/wp\/v2\/media?parent=21521"}],"curies":[{"name":"wp","href":"https:\/\/api.w.org\/{rel}","templated":true}]}}