{"id":21531,"date":"2014-03-26T08:17:14","date_gmt":"2014-03-26T08:17:14","guid":{"rendered":"https:\/\/www.bluehoteles.es\/marques-de-san-esteban\/galeria\/"},"modified":"2020-03-06T10:29:47","modified_gmt":"2020-03-06T09:29:47","slug":"galerie","status":"publish","type":"page","link":"https:\/\/www.bluehoteles.es\/marques-de-san-esteban\/fr\/galerie\/","title":{"rendered":"Galerie"},"content":{"rendered":"<p>[vc_row row_type=&#8221;row&#8221; use_row_as_full_screen_section=&#8221;no&#8221; type=&#8221;grid&#8221; angled_section=&#8221;no&#8221; text_align=&#8221;left&#8221; background_image_as_pattern=&#8221;without_pattern&#8221; background_color=&#8221;#ffffff&#8221; border_color=&#8221;#ffffff&#8221; padding_top=&#8221;70&#8243; padding_bottom=&#8221;70&#8243; css_animation=&#8221;&#8221;][vc_column][vc_gallery type=&#8221;image_grid&#8221; images=&#8221;22128,22309,22308,22307,22306,22305,22304,22303,22302,22301,22300,22299,22298,22297,22296,22295,22294,21422,22293,22292&#8243; img_size=&#8221;400&#215;400&#8243; column_number=&#8221;3&#8243; grayscale=&#8221;no&#8221; images_space=&#8221;gallery_with_space&#8221;][\/vc_column][\/vc_row]<\/p>\n","protected":false},"excerpt":{"rendered":"<p>[vc_row row_type=&#8221;row&#8221; use_row_as_full_screen_section=&#8221;no&#8221; type=&#8221;grid&#8221; angled_section=&#8221;no&#8221; text_align=&#8221;left&#8221; background_image_as_pattern=&#8221;without_pattern&#8221; background_color=&#8221;#ffffff&#8221; border_color=&#8221;#ffffff&#8221; padding_top=&#8221;70&#8243; padding_bottom=&#8221;70&#8243; css_animation=&#8221;&#8221;][vc_column][vc_gallery type=&#8221;image_grid&#8221; images=&#8221;22128,22309,22308,22307,22306,22305,22304,22303,22302,22301,22300,22299,22298,22297,22296,22295,22294,21422,22293,22292&#8243; img_size=&#8221;400&#215;400&#8243; column_number=&#8221;3&#8243; grayscale=&#8221;no&#8221; images_space=&#8221;gallery_with_space&#8221;][\/vc_column][\/vc_row]<\/p>\n","protected":false},"author":5,"featured_media":0,"parent":0,"menu_order":0,"comment_status":"open","ping_status":"open","template":"full_width.php","meta":{"footnotes":""},"yoast_head":"<!-- This site is optimized with the Yoast SEO plugin v22.2 - https:\/\/yoast.com\/wordpress\/plugins\/seo\/ -->\n<title>Galerie d&#039;images de l&#039;h\u00f4tel Blue Marqu\u00e9s de San Esteban, Gij\u00f3n, Espagne<\/title>\n<meta name=\"description\" content=\"Vous pourrez y d\u00e9couvrir notre H\u00f4tel Blue Marqu\u00e9s de San Esteban \u00e0 Gij\u00f3n \u00e0 travers sa galerie d&#039;images.\" \/>\n<meta name=\"robots\" content=\"index, follow, max-snippet:-1, max-image-preview:large, max-video-preview:-1\" \/>\n<link rel=\"canonical\" href=\"https:\/\/www.bluehoteles.es\/marques-de-san-esteban\/galeria\/\" \/>\n<meta property=\"og:locale\" content=\"fr_FR\" \/>\n<meta property=\"og:type\" content=\"article\" \/>\n<meta property=\"og:title\" content=\"Galerie d&#039;images de l&#039;h\u00f4tel Blue Marqu\u00e9s de San Esteban, Gij\u00f3n, Espagne\" \/>\n<meta property=\"og:description\" content=\"Vous pourrez y d\u00e9couvrir notre H\u00f4tel Blue Marqu\u00e9s de San Esteban \u00e0 Gij\u00f3n \u00e0 travers sa galerie d&#039;images.\" \/>\n<meta property=\"og:url\" content=\"https:\/\/www.bluehoteles.es\/marques-de-san-esteban\/galeria\/\" \/>\n<meta property=\"og:site_name\" content=\"Hotel Marqu\u00e9s Gij\u00f3n\" \/>\n<meta property=\"article:modified_time\" content=\"2020-03-06T09:29:47+00:00\" \/>\n<meta name=\"twitter:card\" content=\"summary_large_image\" \/>\n<script type=\"application\/ld+json\" class=\"yoast-schema-graph\">{\"@context\":\"https:\/\/schema.org\",\"@graph\":[{\"@type\":\"WebPage\",\"@id\":\"https:\/\/www.bluehoteles.es\/marques-de-san-esteban\/galeria\/\",\"url\":\"https:\/\/www.bluehoteles.es\/marques-de-san-esteban\/galeria\/\",\"name\":\"Galerie d'images de l'h\u00f4tel Blue Marqu\u00e9s de San Esteban, Gij\u00f3n, Espagne\",\"isPartOf\":{\"@id\":\"https:\/\/www.bluehoteles.es\/marques-de-san-esteban\/#website\"},\"datePublished\":\"2014-03-26T08:17:14+00:00\",\"dateModified\":\"2020-03-06T09:29:47+00:00\",\"description\":\"Vous pourrez y d\u00e9couvrir notre H\u00f4tel Blue Marqu\u00e9s de San Esteban \u00e0 Gij\u00f3n \u00e0 travers sa galerie d'images.\",\"breadcrumb\":{\"@id\":\"https:\/\/www.bluehoteles.es\/marques-de-san-esteban\/galeria\/#breadcrumb\"},\"inLanguage\":\"fr-FR\",\"potentialAction\":[{\"@type\":\"ReadAction\",\"target\":[\"https:\/\/www.bluehoteles.es\/marques-de-san-esteban\/galeria\/\"]}]},{\"@type\":\"BreadcrumbList\",\"@id\":\"https:\/\/www.bluehoteles.es\/marques-de-san-esteban\/galeria\/#breadcrumb\",\"itemListElement\":[{\"@type\":\"ListItem\",\"position\":1,\"name\":\"Portada\",\"item\":\"https:\/\/www.bluehoteles.es\/marques-de-san-esteban\/fr\/\"},{\"@type\":\"ListItem\",\"position\":2,\"name\":\"Galerie\"}]},{\"@type\":\"WebSite\",\"@id\":\"https:\/\/www.bluehoteles.es\/marques-de-san-esteban\/#website\",\"url\":\"https:\/\/www.bluehoteles.es\/marques-de-san-esteban\/\",\"name\":\"Hotel Marqu\u00e9s Gij\u00f3n\",\"description\":\"BLUE HOTEL Marqu\u00e9s de San Esteban\",\"potentialAction\":[{\"@type\":\"SearchAction\",\"target\":{\"@type\":\"EntryPoint\",\"urlTemplate\":\"https:\/\/www.bluehoteles.es\/marques-de-san-esteban\/?s={search_term_string}\"},\"query-input\":\"required name=search_term_string\"}],\"inLanguage\":\"fr-FR\"}]}<\/script>\n<!-- \/ Yoast SEO plugin. -->","yoast_head_json":{"title":"Galerie d'images de l'h\u00f4tel Blue Marqu\u00e9s de San Esteban, Gij\u00f3n, Espagne","description":"Vous pourrez y d\u00e9couvrir notre H\u00f4tel Blue Marqu\u00e9s de San Esteban \u00e0 Gij\u00f3n \u00e0 travers sa galerie d'images.","robots":{"index":"index","follow":"follow","max-snippet":"max-snippet:-1","max-image-preview":"max-image-preview:large","max-video-preview":"max-video-preview:-1"},"canonical":"https:\/\/www.bluehoteles.es\/marques-de-san-esteban\/galeria\/","og_locale":"fr_FR","og_type":"article","og_title":"Galerie d'images de l'h\u00f4tel Blue Marqu\u00e9s de San Esteban, Gij\u00f3n, Espagne","og_description":"Vous pourrez y d\u00e9couvrir notre H\u00f4tel Blue Marqu\u00e9s de San Esteban \u00e0 Gij\u00f3n \u00e0 travers sa galerie d'images.","og_url":"https:\/\/www.bluehoteles.es\/marques-de-san-esteban\/galeria\/","og_site_name":"Hotel Marqu\u00e9s Gij\u00f3n","article_modified_time":"2020-03-06T09:29:47+00:00","twitter_card":"summary_large_image","schema":{"@context":"https:\/\/schema.org","@graph":[{"@type":"WebPage","@id":"https:\/\/www.bluehoteles.es\/marques-de-san-esteban\/galeria\/","url":"https:\/\/www.bluehoteles.es\/marques-de-san-esteban\/galeria\/","name":"Galerie d'images de l'h\u00f4tel Blue Marqu\u00e9s de San Esteban, Gij\u00f3n, Espagne","isPartOf":{"@id":"https:\/\/www.bluehoteles.es\/marques-de-san-esteban\/#website"},"datePublished":"2014-03-26T08:17:14+00:00","dateModified":"2020-03-06T09:29:47+00:00","description":"Vous pourrez y d\u00e9couvrir notre H\u00f4tel Blue Marqu\u00e9s de San Esteban \u00e0 Gij\u00f3n \u00e0 travers sa galerie d'images.","breadcrumb":{"@id":"https:\/\/www.bluehoteles.es\/marques-de-san-esteban\/galeria\/#breadcrumb"},"inLanguage":"fr-FR","potentialAction":[{"@type":"ReadAction","target":["https:\/\/www.bluehoteles.es\/marques-de-san-esteban\/galeria\/"]}]},{"@type":"BreadcrumbList","@id":"https:\/\/www.bluehoteles.es\/marques-de-san-esteban\/galeria\/#breadcrumb","itemListElement":[{"@type":"ListItem","position":1,"name":"Portada","item":"https:\/\/www.bluehoteles.es\/marques-de-san-esteban\/fr\/"},{"@type":"ListItem","position":2,"name":"Galerie"}]},{"@type":"WebSite","@id":"https:\/\/www.bluehoteles.es\/marques-de-san-esteban\/#website","url":"https:\/\/www.bluehoteles.es\/marques-de-san-esteban\/","name":"Hotel Marqu\u00e9s Gij\u00f3n","description":"BLUE HOTEL Marqu\u00e9s de San Esteban","potentialAction":[{"@type":"SearchAction","target":{"@type":"EntryPoint","urlTemplate":"https:\/\/www.bluehoteles.es\/marques-de-san-esteban\/?s={search_term_string}"},"query-input":"required name=search_term_string"}],"inLanguage":"fr-FR"}]}},"_links":{"self":[{"href":"https:\/\/www.bluehoteles.es\/marques-de-san-esteban\/fr\/wp-json\/wp\/v2\/pages\/21531"}],"collection":[{"href":"https:\/\/www.bluehoteles.es\/marques-de-san-esteban\/fr\/wp-json\/wp\/v2\/pages"}],"about":[{"href":"https:\/\/www.bluehoteles.es\/marques-de-san-esteban\/fr\/wp-json\/wp\/v2\/types\/page"}],"author":[{"embeddable":true,"href":"https:\/\/www.bluehoteles.es\/marques-de-san-esteban\/fr\/wp-json\/wp\/v2\/users\/5"}],"replies":[{"embeddable":true,"href":"https:\/\/www.bluehoteles.es\/marques-de-san-esteban\/fr\/wp-json\/wp\/v2\/comments?post=21531"}],"version-history":[{"count":10,"href":"https:\/\/www.bluehoteles.es\/marques-de-san-esteban\/fr\/wp-json\/wp\/v2\/pages\/21531\/revisions"}],"predecessor-version":[{"id":22316,"href":"https:\/\/www.bluehoteles.es\/marques-de-san-esteban\/fr\/wp-json\/wp\/v2\/pages\/21531\/revisions\/22316"}],"wp:attachment":[{"href":"https:\/\/www.bluehoteles.es\/marques-de-san-esteban\/fr\/wp-json\/wp\/v2\/media?parent=21531"}],"curies":[{"name":"wp","href":"https:\/\/api.w.org\/{rel}","templated":true}]}}