{"id":1452,"date":"2013-10-16T12:05:38","date_gmt":"2013-10-16T10:05:38","guid":{"rendered":"https:\/\/demo.qodeinteractive.com\/bridge\/?page_id=1452"},"modified":"2018-09-07T10:52:32","modified_gmt":"2018-09-07T09:52:32","slug":"localizacion-y-contacto","status":"publish","type":"page","link":"https:\/\/www.bluehoteles.es\/marques-de-san-esteban\/localizacion-y-contacto\/","title":{"rendered":"Localizaci\u00f3n y Contacto"},"content":{"rendered":"<p>[vc_row row_type=\u00bbrow\u00bb use_row_as_full_screen_section=\u00bbno\u00bb type=\u00bbfull_width\u00bb angled_section=\u00bbno\u00bb text_align=\u00bbleft\u00bb background_image_as_pattern=\u00bbwithout_pattern\u00bb css_animation=\u00bb\u00bb][vc_column][vc_column_text]<\/p>\n<h3><strong>Hotel Marques Gij\u00f3n<\/strong><\/h3>\n<p>[\/vc_column_text][vc_separator type=\u00bbnormal\u00bb color=\u00bb#ffffff\u00bb up=\u00bb15&#8243; down=\u00bb15&#8243;][vc_column_text]Marqu\u00e9s de San Esteban, 11<\/p>\n<p>33206 Gij\u00f3n,\u00a0Asturias, Espa\u00f1a<\/p>\n<p>Email: <a class=\"m_-5034015144532703890moz-txt-link-abbreviated\" href=\"mailto:hotelmarques@bluehoteles.es\" target=\"_blank\">hotelmarques@bluehoteles.es<\/a><\/p>\n<p>Tel\u00e9fono: +34 985 090 929<\/p>\n<p>Fax:\u00a0+34 985 092 010[\/vc_column_text][vc_separator type=\u00bbtransparent\u00bb up=\u00bb15&#8243; down=\u00bb15&#8243;]<span class='q_social_icon_holder normal_social' ><a itemprop='url' href='https:\/\/www.facebook.com\/BLUEHOTELS\/' target='_blank'><i class=\"qode_icon_font_awesome fa fa-facebook fa-2x simple_social\" style=\"margin: 0 13px 0 0;\" ><\/i><\/a><\/span><span class='q_social_icon_holder normal_social' ><a itemprop='url' href='https:\/\/twitter.com\/Bluehoteles' target='_blank'><i class=\"qode_icon_font_awesome fa fa-twitter fa-2x simple_social\" style=\"margin: 0 13px 0 0;\" ><\/i><\/a><\/span><span class='q_social_icon_holder normal_social' ><a itemprop='url' href='https:\/\/plus.google.com\/u\/0\/+BlueHotelesGijon' target='_blank'><i class=\"qode_icon_font_awesome fa fa-google-plus fa-2x simple_social\" style=\"margin: 0 13px 0 0;\" ><\/i><\/a><\/span><span class='q_social_icon_holder normal_social' ><a itemprop='url' href='https:\/\/www.pinterest.es\/bluehoteles\/' target='_blank'><i class=\"qode_icon_font_awesome fa fa-pinterest fa-2x simple_social\" style=\"margin: 0 13px 0 0;\" ><\/i><\/a><\/span>[\/vc_column][\/vc_row]<\/p>\n","protected":false},"excerpt":{"rendered":"<p>[vc_row row_type=\u00bbrow\u00bb use_row_as_full_screen_section=\u00bbno\u00bb type=\u00bbfull_width\u00bb angled_section=\u00bbno\u00bb text_align=\u00bbleft\u00bb background_image_as_pattern=\u00bbwithout_pattern\u00bb css_animation=\u00bb\u00bb][vc_column][vc_column_text] Hotel Marques Gij\u00f3n [\/vc_column_text][vc_separator type=\u00bbnormal\u00bb color=\u00bb#ffffff\u00bb up=\u00bb15&#8243; down=\u00bb15&#8243;][vc_column_text]Marqu\u00e9s de San Esteban, 11 33206 Gij\u00f3n,\u00a0Asturias, Espa\u00f1a Email: hotelmarques@bluehoteles.es Tel\u00e9fono: +34 985 090 929 Fax:\u00a0+34 985 092 010[\/vc_column_text][vc_separator type=\u00bbtransparent\u00bb up=\u00bb15&#8243; down=\u00bb15&#8243;][\/vc_column][\/vc_row]<\/p>\n","protected":false},"author":5,"featured_media":0,"parent":0,"menu_order":0,"comment_status":"open","ping_status":"closed","template":"contact-page.php","meta":{"footnotes":""},"yoast_head":"<!-- This site is optimized with the Yoast SEO plugin v22.2 - https:\/\/yoast.com\/wordpress\/plugins\/seo\/ -->\n<title>Localizaci\u00f3n y Contacto Hotel Marques de San Esteban, Gij\u00f3n, Asturias, Espa\u00f1a<\/title>\n<meta name=\"description\" content=\"Hotel Marqu\u00e9s de San Esteban\u00a0se encuentra en 2\u00ba l\u00ednea del Puerto Deportivo, al lado de la Plaza Mayor, La playa de San Lorenzo y Poniente, el Acuario y frente al nuevo centro de Talasoter\u00e1pia de Gij\u00f3n.\" \/>\n<meta name=\"robots\" content=\"index, follow, max-snippet:-1, max-image-preview:large, max-video-preview:-1\" \/>\n<link rel=\"canonical\" href=\"https:\/\/www.bluehoteles.es\/marques-de-san-esteban\/localizacion-y-contacto\/\" \/>\n<meta property=\"og:locale\" content=\"es_ES\" \/>\n<meta property=\"og:type\" content=\"article\" \/>\n<meta property=\"og:title\" content=\"Localizaci\u00f3n y Contacto Hotel Marques de San Esteban, Gij\u00f3n, Asturias, Espa\u00f1a\" \/>\n<meta property=\"og:description\" content=\"Hotel Marqu\u00e9s de San Esteban\u00a0se encuentra en 2\u00ba l\u00ednea del Puerto Deportivo, al lado de la Plaza Mayor, La playa de San Lorenzo y Poniente, el Acuario y frente al nuevo centro de Talasoter\u00e1pia de Gij\u00f3n.\" \/>\n<meta property=\"og:url\" content=\"https:\/\/www.bluehoteles.es\/marques-de-san-esteban\/localizacion-y-contacto\/\" \/>\n<meta property=\"og:site_name\" content=\"Hotel Marqu\u00e9s Gij\u00f3n\" \/>\n<meta property=\"article:modified_time\" content=\"2018-09-07T09:52:32+00:00\" \/>\n<meta name=\"twitter:card\" content=\"summary_large_image\" \/>\n<meta name=\"twitter:label1\" content=\"Tiempo de lectura\" \/>\n\t<meta name=\"twitter:data1\" content=\"1 minuto\" \/>\n<script type=\"application\/ld+json\" class=\"yoast-schema-graph\">{\"@context\":\"https:\/\/schema.org\",\"@graph\":[{\"@type\":\"WebPage\",\"@id\":\"https:\/\/www.bluehoteles.es\/marques-de-san-esteban\/localizacion-y-contacto\/\",\"url\":\"https:\/\/www.bluehoteles.es\/marques-de-san-esteban\/localizacion-y-contacto\/\",\"name\":\"Localizaci\u00f3n y Contacto Hotel Marques de San Esteban, Gij\u00f3n, Asturias, Espa\u00f1a\",\"isPartOf\":{\"@id\":\"https:\/\/www.bluehoteles.es\/marques-de-san-esteban\/#website\"},\"datePublished\":\"2013-10-16T10:05:38+00:00\",\"dateModified\":\"2018-09-07T09:52:32+00:00\",\"description\":\"Hotel Marqu\u00e9s de San Esteban\u00a0se encuentra en 2\u00ba l\u00ednea del Puerto Deportivo, al lado de la Plaza Mayor, La playa de San Lorenzo y Poniente, el Acuario y frente al nuevo centro de Talasoter\u00e1pia de Gij\u00f3n.\",\"breadcrumb\":{\"@id\":\"https:\/\/www.bluehoteles.es\/marques-de-san-esteban\/localizacion-y-contacto\/#breadcrumb\"},\"inLanguage\":\"es\",\"potentialAction\":[{\"@type\":\"ReadAction\",\"target\":[\"https:\/\/www.bluehoteles.es\/marques-de-san-esteban\/localizacion-y-contacto\/\"]}]},{\"@type\":\"BreadcrumbList\",\"@id\":\"https:\/\/www.bluehoteles.es\/marques-de-san-esteban\/localizacion-y-contacto\/#breadcrumb\",\"itemListElement\":[{\"@type\":\"ListItem\",\"position\":1,\"name\":\"Portada\",\"item\":\"https:\/\/www.bluehoteles.es\/marques-de-san-esteban\/\"},{\"@type\":\"ListItem\",\"position\":2,\"name\":\"Localizaci\u00f3n y Contacto\"}]},{\"@type\":\"WebSite\",\"@id\":\"https:\/\/www.bluehoteles.es\/marques-de-san-esteban\/#website\",\"url\":\"https:\/\/www.bluehoteles.es\/marques-de-san-esteban\/\",\"name\":\"Hotel Marqu\u00e9s Gij\u00f3n\",\"description\":\"BLUE HOTEL Marqu\u00e9s de San Esteban\",\"potentialAction\":[{\"@type\":\"SearchAction\",\"target\":{\"@type\":\"EntryPoint\",\"urlTemplate\":\"https:\/\/www.bluehoteles.es\/marques-de-san-esteban\/?s={search_term_string}\"},\"query-input\":\"required name=search_term_string\"}],\"inLanguage\":\"es\"}]}<\/script>\n<!-- \/ Yoast SEO plugin. -->","yoast_head_json":{"title":"Localizaci\u00f3n y Contacto Hotel Marques de San Esteban, Gij\u00f3n, Asturias, Espa\u00f1a","description":"Hotel Marqu\u00e9s de San Esteban\u00a0se encuentra en 2\u00ba l\u00ednea del Puerto Deportivo, al lado de la Plaza Mayor, La playa de San Lorenzo y Poniente, el Acuario y frente al nuevo centro de Talasoter\u00e1pia de Gij\u00f3n.","robots":{"index":"index","follow":"follow","max-snippet":"max-snippet:-1","max-image-preview":"max-image-preview:large","max-video-preview":"max-video-preview:-1"},"canonical":"https:\/\/www.bluehoteles.es\/marques-de-san-esteban\/localizacion-y-contacto\/","og_locale":"es_ES","og_type":"article","og_title":"Localizaci\u00f3n y Contacto Hotel Marques de San Esteban, Gij\u00f3n, Asturias, Espa\u00f1a","og_description":"Hotel Marqu\u00e9s de San Esteban\u00a0se encuentra en 2\u00ba l\u00ednea del Puerto Deportivo, al lado de la Plaza Mayor, La playa de San Lorenzo y Poniente, el Acuario y frente al nuevo centro de Talasoter\u00e1pia de Gij\u00f3n.","og_url":"https:\/\/www.bluehoteles.es\/marques-de-san-esteban\/localizacion-y-contacto\/","og_site_name":"Hotel Marqu\u00e9s Gij\u00f3n","article_modified_time":"2018-09-07T09:52:32+00:00","twitter_card":"summary_large_image","twitter_misc":{"Tiempo de lectura":"1 minuto"},"schema":{"@context":"https:\/\/schema.org","@graph":[{"@type":"WebPage","@id":"https:\/\/www.bluehoteles.es\/marques-de-san-esteban\/localizacion-y-contacto\/","url":"https:\/\/www.bluehoteles.es\/marques-de-san-esteban\/localizacion-y-contacto\/","name":"Localizaci\u00f3n y Contacto Hotel Marques de San Esteban, Gij\u00f3n, Asturias, Espa\u00f1a","isPartOf":{"@id":"https:\/\/www.bluehoteles.es\/marques-de-san-esteban\/#website"},"datePublished":"2013-10-16T10:05:38+00:00","dateModified":"2018-09-07T09:52:32+00:00","description":"Hotel Marqu\u00e9s de San Esteban\u00a0se encuentra en 2\u00ba l\u00ednea del Puerto Deportivo, al lado de la Plaza Mayor, La playa de San Lorenzo y Poniente, el Acuario y frente al nuevo centro de Talasoter\u00e1pia de Gij\u00f3n.","breadcrumb":{"@id":"https:\/\/www.bluehoteles.es\/marques-de-san-esteban\/localizacion-y-contacto\/#breadcrumb"},"inLanguage":"es","potentialAction":[{"@type":"ReadAction","target":["https:\/\/www.bluehoteles.es\/marques-de-san-esteban\/localizacion-y-contacto\/"]}]},{"@type":"BreadcrumbList","@id":"https:\/\/www.bluehoteles.es\/marques-de-san-esteban\/localizacion-y-contacto\/#breadcrumb","itemListElement":[{"@type":"ListItem","position":1,"name":"Portada","item":"https:\/\/www.bluehoteles.es\/marques-de-san-esteban\/"},{"@type":"ListItem","position":2,"name":"Localizaci\u00f3n y Contacto"}]},{"@type":"WebSite","@id":"https:\/\/www.bluehoteles.es\/marques-de-san-esteban\/#website","url":"https:\/\/www.bluehoteles.es\/marques-de-san-esteban\/","name":"Hotel Marqu\u00e9s Gij\u00f3n","description":"BLUE HOTEL Marqu\u00e9s de San Esteban","potentialAction":[{"@type":"SearchAction","target":{"@type":"EntryPoint","urlTemplate":"https:\/\/www.bluehoteles.es\/marques-de-san-esteban\/?s={search_term_string}"},"query-input":"required name=search_term_string"}],"inLanguage":"es"}]}},"_links":{"self":[{"href":"https:\/\/www.bluehoteles.es\/marques-de-san-esteban\/wp-json\/wp\/v2\/pages\/1452"}],"collection":[{"href":"https:\/\/www.bluehoteles.es\/marques-de-san-esteban\/wp-json\/wp\/v2\/pages"}],"about":[{"href":"https:\/\/www.bluehoteles.es\/marques-de-san-esteban\/wp-json\/wp\/v2\/types\/page"}],"author":[{"embeddable":true,"href":"https:\/\/www.bluehoteles.es\/marques-de-san-esteban\/wp-json\/wp\/v2\/users\/5"}],"replies":[{"embeddable":true,"href":"https:\/\/www.bluehoteles.es\/marques-de-san-esteban\/wp-json\/wp\/v2\/comments?post=1452"}],"version-history":[{"count":8,"href":"https:\/\/www.bluehoteles.es\/marques-de-san-esteban\/wp-json\/wp\/v2\/pages\/1452\/revisions"}],"predecessor-version":[{"id":22068,"href":"https:\/\/www.bluehoteles.es\/marques-de-san-esteban\/wp-json\/wp\/v2\/pages\/1452\/revisions\/22068"}],"wp:attachment":[{"href":"https:\/\/www.bluehoteles.es\/marques-de-san-esteban\/wp-json\/wp\/v2\/media?parent=1452"}],"curies":[{"name":"wp","href":"https:\/\/api.w.org\/{rel}","templated":true}]}}