{"id":17103,"date":"2016-08-31T00:18:10","date_gmt":"2016-08-30T22:18:10","guid":{"rendered":"https:\/\/bcwd36.bookerclub.com\/?page_id=15524"},"modified":"2018-08-29T14:26:08","modified_gmt":"2018-08-29T13:26:08","slug":"reservas","status":"publish","type":"page","link":"https:\/\/www.bluehoteles.es\/marques-de-san-esteban\/reservas\/","title":{"rendered":"Ofertas"},"content":{"rendered":"","protected":false},"excerpt":{"rendered":"","protected":false},"author":5,"featured_media":0,"parent":0,"menu_order":0,"comment_status":"closed","ping_status":"closed","template":"page-reservas-reservar.php","meta":{"footnotes":""},"yoast_head":"<!-- This site is optimized with the Yoast SEO plugin v22.2 - https:\/\/yoast.com\/wordpress\/plugins\/seo\/ -->\n<title>Reservas Hotel Blue Marques de San Esteban \u00ae Gij\u00f3n, Espa\u00f1a\u00a0- WEB OFICIAL<\/title>\n<meta name=\"description\" content=\"Reserva directamente con el\u00a0Blue Marques de San Esteban\u00a0\u00ae de Gij\u00f3n en la WEB OFICIAL. Sin intermediarios, con descuentos especiales y el mejor precio garantizado.\" \/>\n<meta name=\"robots\" content=\"index, follow, max-snippet:-1, max-image-preview:large, max-video-preview:-1\" \/>\n<link rel=\"canonical\" href=\"https:\/\/www.bluehoteles.es\/marques-de-san-esteban\/reservas\/\" \/>\n<meta property=\"og:locale\" content=\"es_ES\" \/>\n<meta property=\"og:type\" content=\"article\" \/>\n<meta property=\"og:title\" content=\"Reservas Hotel Blue Marques de San Esteban \u00ae Gij\u00f3n, Espa\u00f1a\u00a0- WEB OFICIAL\" \/>\n<meta property=\"og:description\" content=\"Reserva directamente con el\u00a0Blue Marques de San Esteban\u00a0\u00ae de Gij\u00f3n en la WEB OFICIAL. Sin intermediarios, con descuentos especiales y el mejor precio garantizado.\" \/>\n<meta property=\"og:url\" content=\"https:\/\/www.bluehoteles.es\/marques-de-san-esteban\/reservas\/\" \/>\n<meta property=\"og:site_name\" content=\"Hotel Marqu\u00e9s Gij\u00f3n\" \/>\n<meta property=\"article:modified_time\" content=\"2018-08-29T13:26:08+00:00\" \/>\n<meta name=\"twitter:card\" content=\"summary_large_image\" \/>\n<script type=\"application\/ld+json\" class=\"yoast-schema-graph\">{\"@context\":\"https:\/\/schema.org\",\"@graph\":[{\"@type\":\"WebPage\",\"@id\":\"https:\/\/www.bluehoteles.es\/marques-de-san-esteban\/reservas\/\",\"url\":\"https:\/\/www.bluehoteles.es\/marques-de-san-esteban\/reservas\/\",\"name\":\"Reservas Hotel Blue Marques de San Esteban \u00ae Gij\u00f3n, Espa\u00f1a\u00a0- WEB OFICIAL\",\"isPartOf\":{\"@id\":\"https:\/\/www.bluehoteles.es\/marques-de-san-esteban\/#website\"},\"datePublished\":\"2016-08-30T22:18:10+00:00\",\"dateModified\":\"2018-08-29T13:26:08+00:00\",\"description\":\"Reserva directamente con el\u00a0Blue Marques de San Esteban\u00a0\u00ae de Gij\u00f3n en la WEB OFICIAL. Sin intermediarios, con descuentos especiales y el mejor precio garantizado.\",\"breadcrumb\":{\"@id\":\"https:\/\/www.bluehoteles.es\/marques-de-san-esteban\/reservas\/#breadcrumb\"},\"inLanguage\":\"es\",\"potentialAction\":[{\"@type\":\"ReadAction\",\"target\":[\"https:\/\/www.bluehoteles.es\/marques-de-san-esteban\/reservas\/\"]}]},{\"@type\":\"BreadcrumbList\",\"@id\":\"https:\/\/www.bluehoteles.es\/marques-de-san-esteban\/reservas\/#breadcrumb\",\"itemListElement\":[{\"@type\":\"ListItem\",\"position\":1,\"name\":\"Portada\",\"item\":\"https:\/\/www.bluehoteles.es\/marques-de-san-esteban\/\"},{\"@type\":\"ListItem\",\"position\":2,\"name\":\"Ofertas\"}]},{\"@type\":\"WebSite\",\"@id\":\"https:\/\/www.bluehoteles.es\/marques-de-san-esteban\/#website\",\"url\":\"https:\/\/www.bluehoteles.es\/marques-de-san-esteban\/\",\"name\":\"Hotel Marqu\u00e9s Gij\u00f3n\",\"description\":\"BLUE HOTEL Marqu\u00e9s de San Esteban\",\"potentialAction\":[{\"@type\":\"SearchAction\",\"target\":{\"@type\":\"EntryPoint\",\"urlTemplate\":\"https:\/\/www.bluehoteles.es\/marques-de-san-esteban\/?s={search_term_string}\"},\"query-input\":\"required name=search_term_string\"}],\"inLanguage\":\"es\"}]}<\/script>\n<!-- \/ Yoast SEO plugin. -->","yoast_head_json":{"title":"Reservas Hotel Blue Marques de San Esteban \u00ae Gij\u00f3n, Espa\u00f1a\u00a0- WEB OFICIAL","description":"Reserva directamente con el\u00a0Blue Marques de San Esteban\u00a0\u00ae de Gij\u00f3n en la WEB OFICIAL. Sin intermediarios, con descuentos especiales y el mejor precio garantizado.","robots":{"index":"index","follow":"follow","max-snippet":"max-snippet:-1","max-image-preview":"max-image-preview:large","max-video-preview":"max-video-preview:-1"},"canonical":"https:\/\/www.bluehoteles.es\/marques-de-san-esteban\/reservas\/","og_locale":"es_ES","og_type":"article","og_title":"Reservas Hotel Blue Marques de San Esteban \u00ae Gij\u00f3n, Espa\u00f1a\u00a0- WEB OFICIAL","og_description":"Reserva directamente con el\u00a0Blue Marques de San Esteban\u00a0\u00ae de Gij\u00f3n en la WEB OFICIAL. Sin intermediarios, con descuentos especiales y el mejor precio garantizado.","og_url":"https:\/\/www.bluehoteles.es\/marques-de-san-esteban\/reservas\/","og_site_name":"Hotel Marqu\u00e9s Gij\u00f3n","article_modified_time":"2018-08-29T13:26:08+00:00","twitter_card":"summary_large_image","schema":{"@context":"https:\/\/schema.org","@graph":[{"@type":"WebPage","@id":"https:\/\/www.bluehoteles.es\/marques-de-san-esteban\/reservas\/","url":"https:\/\/www.bluehoteles.es\/marques-de-san-esteban\/reservas\/","name":"Reservas Hotel Blue Marques de San Esteban \u00ae Gij\u00f3n, Espa\u00f1a\u00a0- WEB OFICIAL","isPartOf":{"@id":"https:\/\/www.bluehoteles.es\/marques-de-san-esteban\/#website"},"datePublished":"2016-08-30T22:18:10+00:00","dateModified":"2018-08-29T13:26:08+00:00","description":"Reserva directamente con el\u00a0Blue Marques de San Esteban\u00a0\u00ae de Gij\u00f3n en la WEB OFICIAL. Sin intermediarios, con descuentos especiales y el mejor precio garantizado.","breadcrumb":{"@id":"https:\/\/www.bluehoteles.es\/marques-de-san-esteban\/reservas\/#breadcrumb"},"inLanguage":"es","potentialAction":[{"@type":"ReadAction","target":["https:\/\/www.bluehoteles.es\/marques-de-san-esteban\/reservas\/"]}]},{"@type":"BreadcrumbList","@id":"https:\/\/www.bluehoteles.es\/marques-de-san-esteban\/reservas\/#breadcrumb","itemListElement":[{"@type":"ListItem","position":1,"name":"Portada","item":"https:\/\/www.bluehoteles.es\/marques-de-san-esteban\/"},{"@type":"ListItem","position":2,"name":"Ofertas"}]},{"@type":"WebSite","@id":"https:\/\/www.bluehoteles.es\/marques-de-san-esteban\/#website","url":"https:\/\/www.bluehoteles.es\/marques-de-san-esteban\/","name":"Hotel Marqu\u00e9s Gij\u00f3n","description":"BLUE HOTEL Marqu\u00e9s de San Esteban","potentialAction":[{"@type":"SearchAction","target":{"@type":"EntryPoint","urlTemplate":"https:\/\/www.bluehoteles.es\/marques-de-san-esteban\/?s={search_term_string}"},"query-input":"required name=search_term_string"}],"inLanguage":"es"}]}},"_links":{"self":[{"href":"https:\/\/www.bluehoteles.es\/marques-de-san-esteban\/wp-json\/wp\/v2\/pages\/17103"}],"collection":[{"href":"https:\/\/www.bluehoteles.es\/marques-de-san-esteban\/wp-json\/wp\/v2\/pages"}],"about":[{"href":"https:\/\/www.bluehoteles.es\/marques-de-san-esteban\/wp-json\/wp\/v2\/types\/page"}],"author":[{"embeddable":true,"href":"https:\/\/www.bluehoteles.es\/marques-de-san-esteban\/wp-json\/wp\/v2\/users\/5"}],"replies":[{"embeddable":true,"href":"https:\/\/www.bluehoteles.es\/marques-de-san-esteban\/wp-json\/wp\/v2\/comments?post=17103"}],"version-history":[{"count":5,"href":"https:\/\/www.bluehoteles.es\/marques-de-san-esteban\/wp-json\/wp\/v2\/pages\/17103\/revisions"}],"predecessor-version":[{"id":21902,"href":"https:\/\/www.bluehoteles.es\/marques-de-san-esteban\/wp-json\/wp\/v2\/pages\/17103\/revisions\/21902"}],"wp:attachment":[{"href":"https:\/\/www.bluehoteles.es\/marques-de-san-esteban\/wp-json\/wp\/v2\/media?parent=17103"}],"curies":[{"name":"wp","href":"https:\/\/api.w.org\/{rel}","templated":true}]}}