{"id":21201,"date":"2018-04-25T11:35:54","date_gmt":"2018-04-25T10:35:54","guid":{"rendered":"https:\/\/www.bluehoteles.es\/santa-rosa\/?page_id=21201"},"modified":"2020-03-06T10:50:32","modified_gmt":"2020-03-06T09:50:32","slug":"habitacion-doble","status":"publish","type":"page","link":"https:\/\/www.bluehoteles.es\/marques-de-san-esteban\/habitacion-doble\/","title":{"rendered":"Habitaci\u00f3n Doble &#8211; 1 o 2 camas"},"content":{"rendered":"<p>[vc_row row_type=\u00bbrow\u00bb use_row_as_full_screen_section=\u00bbno\u00bb type=\u00bbfull_width\u00bb anchor=\u00bbgallery\u00bb angled_section=\u00bbno\u00bb text_align=\u00bbleft\u00bb background_image_as_pattern=\u00bbwithout_pattern\u00bb css_animation=\u00bb\u00bb][vc_column]<div class='qode_image_gallery_no_space light highlight_active'><div class='qode_image_gallery_holder' style='height: 600px;'><ul style = \"background-color: #000000\" ><li style = \"opacity: 0.40\" ><div style=\"height: 600px; width:900px;\"><img decoding=\"async\" itemprop=\"image\" src=\"https:\/\/www.bluehoteles.es\/marques-de-san-esteban\/wp-content\/uploads\/sites\/3\/2020\/03\/hotel_marques_gijon_nuevo_2020_201_12.jpg\" alt=\"Hotel Marqu\u00e9s Gij\u00f3n (BLUE HOTELES)\" \/><\/div><\/li><li style = \"opacity: 0.40\" ><div style=\"height: 600px; width:850px;\"><img decoding=\"async\" itemprop=\"image\" src=\"https:\/\/www.bluehoteles.es\/marques-de-san-esteban\/wp-content\/uploads\/sites\/3\/2020\/03\/hotel_marques_gijon_nuevo_2020_201_13.jpg\" alt=\"Hotel Marqu\u00e9s Gij\u00f3n (BLUE HOTELES)\" \/><\/div><\/li><li style = \"opacity: 0.40\" ><div style=\"height: 600px; width:699px;\"><img decoding=\"async\" itemprop=\"image\" src=\"https:\/\/www.bluehoteles.es\/marques-de-san-esteban\/wp-content\/uploads\/sites\/3\/2020\/03\/hotel_marques_gijon_nuevo_2020_201_14.jpg\" alt=\"Hotel Marqu\u00e9s Gij\u00f3n (BLUE HOTELES)\" \/><\/div><\/li><li style = \"opacity: 0.40\" ><div style=\"height: 600px; width:826px;\"><img decoding=\"async\" itemprop=\"image\" src=\"https:\/\/www.bluehoteles.es\/marques-de-san-esteban\/wp-content\/uploads\/sites\/3\/2020\/03\/hotel_marques_gijon_nuevo_2020_303_26.jpg\" alt=\"Hotel Marqu\u00e9s Gij\u00f3n (BLUE HOTELES)\" \/><\/div><\/li><li style = \"opacity: 0.40\" ><div style=\"height: 600px; width:900px;\"><img decoding=\"async\" itemprop=\"image\" src=\"https:\/\/www.bluehoteles.es\/marques-de-san-esteban\/wp-content\/uploads\/sites\/3\/2020\/03\/hotel_marques_gijon_nuevo_2020_401_40.jpg\" alt=\"Hotel Marqu\u00e9s Gij\u00f3n (BLUE HOTELES)\" \/><\/div><\/li><li style = \"opacity: 0.40\" ><div style=\"height: 600px; width:800px;\"><img decoding=\"async\" itemprop=\"image\" src=\"https:\/\/www.bluehoteles.es\/marques-de-san-esteban\/wp-content\/uploads\/sites\/3\/2020\/03\/hotel_marques_gijon_nuevo_2020_401_43.jpg\" alt=\"Hotel Marqu\u00e9s Gij\u00f3n (BLUE HOTELES)\" \/><\/div><\/li><li style = \"opacity: 0.40\" ><div style=\"height: 600px; width:752px;\"><img decoding=\"async\" itemprop=\"image\" src=\"https:\/\/www.bluehoteles.es\/marques-de-san-esteban\/wp-content\/uploads\/sites\/3\/2020\/03\/hotel_marques_gijon_nuevo_2020_405_1.jpg\" alt=\"Hotel Marqu\u00e9s Gij\u00f3n (BLUE HOTELES)\" \/><\/div><\/li><li style = \"opacity: 0.40\" ><div style=\"height: 600px; width:900px;\"><img decoding=\"async\" itemprop=\"image\" src=\"https:\/\/www.bluehoteles.es\/marques-de-san-esteban\/wp-content\/uploads\/sites\/3\/2020\/03\/hotel_marques_gijon_nuevo_2020_405_32.jpg\" alt=\"Hotel Marqu\u00e9s Gij\u00f3n (BLUE HOTELES)\" \/><\/div><\/li><li style = \"opacity: 0.40\" ><div style=\"height: 600px; width:845px;\"><img decoding=\"async\" itemprop=\"image\" src=\"https:\/\/www.bluehoteles.es\/marques-de-san-esteban\/wp-content\/uploads\/sites\/3\/2020\/03\/hotel_marques_gijon_nuevo_2020_406_11.jpg\" alt=\"Hotel Marqu\u00e9s Gij\u00f3n (BLUE HOTELES)\" \/><\/div><\/li><li style = \"opacity: 0.40\" ><div style=\"height: 600px; width:900px;\"><img decoding=\"async\" itemprop=\"image\" src=\"https:\/\/www.bluehoteles.es\/marques-de-san-esteban\/wp-content\/uploads\/sites\/3\/2020\/03\/hotel_marques_Gijon_centro.jpg\" alt=\"Hotel Marqu\u00e9s Gij\u00f3n (BLUE HOTELES)\" \/><\/div><\/li><li style = \"opacity: 0.40\" ><div style=\"height: 600px; width:728px;\"><img decoding=\"async\" itemprop=\"image\" src=\"https:\/\/www.bluehoteles.es\/marques-de-san-esteban\/wp-content\/uploads\/sites\/3\/2020\/03\/banp_hotel_marques_gijon_nuevo_2020_9.jpg\" alt=\"Hotel Marqu\u00e9s Gij\u00f3n (BLUE HOTELES)\" \/><\/div><\/li><\/ul><\/div><div class=\"controls\"><a class=\"prev-slide\" href=\"#\"><span><i class=\"fa fa-angle-left\"><\/i><\/span><\/a><a class=\"next-slide\" href=\"#\"><span><i class=\"fa fa-angle-right\"><\/i><\/span><\/a><\/div><\/div>[\/vc_column][\/vc_row]<\/p>\n","protected":false},"excerpt":{"rendered":"<p>[vc_row row_type=\u00bbrow\u00bb use_row_as_full_screen_section=\u00bbno\u00bb type=\u00bbfull_width\u00bb anchor=\u00bbgallery\u00bb angled_section=\u00bbno\u00bb text_align=\u00bbleft\u00bb background_image_as_pattern=\u00bbwithout_pattern\u00bb css_animation=\u00bb\u00bb][vc_column][\/vc_column][\/vc_row]<\/p>\n","protected":false},"author":5,"featured_media":0,"parent":0,"menu_order":0,"comment_status":"closed","ping_status":"closed","template":"full_width.php","meta":{"footnotes":""},"yoast_head":"<!-- This site is optimized with the Yoast SEO plugin v22.2 - https:\/\/yoast.com\/wordpress\/plugins\/seo\/ -->\n<title>Hotel Marques Gij\u00f3n \u00ae Asturias -\u00a0Habitaci\u00f3n Doble - 1 o 2 camas\u00a0<\/title>\n<meta name=\"description\" content=\"La Habitaci\u00f3n Doble del Hotel\u00a0Marqu\u00e9s en Gij\u00f3n dispone de 2 camas individuales o 1 cama doble. El\u00a0tama\u00f1o de la habitaci\u00f3n ed de 11\u00a0m\u00b2.\" \/>\n<meta name=\"robots\" content=\"index, follow, max-snippet:-1, max-image-preview:large, max-video-preview:-1\" \/>\n<link rel=\"canonical\" href=\"https:\/\/www.bluehoteles.es\/marques-de-san-esteban\/habitacion-doble\/\" \/>\n<meta property=\"og:locale\" content=\"es_ES\" \/>\n<meta property=\"og:type\" content=\"article\" \/>\n<meta property=\"og:title\" content=\"Hotel Marques Gij\u00f3n \u00ae Asturias -\u00a0Habitaci\u00f3n Doble - 1 o 2 camas\u00a0\" \/>\n<meta property=\"og:description\" content=\"La Habitaci\u00f3n Doble del Hotel\u00a0Marqu\u00e9s en Gij\u00f3n dispone de 2 camas individuales o 1 cama doble. El\u00a0tama\u00f1o de la habitaci\u00f3n ed de 11\u00a0m\u00b2.\" \/>\n<meta property=\"og:url\" content=\"https:\/\/www.bluehoteles.es\/marques-de-san-esteban\/habitacion-doble\/\" \/>\n<meta property=\"og:site_name\" content=\"Hotel Marqu\u00e9s Gij\u00f3n\" \/>\n<meta property=\"article:modified_time\" content=\"2020-03-06T09:50:32+00:00\" \/>\n<meta name=\"twitter:card\" content=\"summary_large_image\" \/>\n<script type=\"application\/ld+json\" class=\"yoast-schema-graph\">{\"@context\":\"https:\/\/schema.org\",\"@graph\":[{\"@type\":\"WebPage\",\"@id\":\"https:\/\/www.bluehoteles.es\/marques-de-san-esteban\/habitacion-doble\/\",\"url\":\"https:\/\/www.bluehoteles.es\/marques-de-san-esteban\/habitacion-doble\/\",\"name\":\"Hotel Marques Gij\u00f3n \u00ae Asturias -\u00a0Habitaci\u00f3n Doble - 1 o 2 camas\u00a0\",\"isPartOf\":{\"@id\":\"https:\/\/www.bluehoteles.es\/marques-de-san-esteban\/#website\"},\"datePublished\":\"2018-04-25T10:35:54+00:00\",\"dateModified\":\"2020-03-06T09:50:32+00:00\",\"description\":\"La Habitaci\u00f3n Doble del Hotel\u00a0Marqu\u00e9s en Gij\u00f3n dispone de 2 camas individuales o 1 cama doble. El\u00a0tama\u00f1o de la habitaci\u00f3n ed de 11\u00a0m\u00b2.\",\"breadcrumb\":{\"@id\":\"https:\/\/www.bluehoteles.es\/marques-de-san-esteban\/habitacion-doble\/#breadcrumb\"},\"inLanguage\":\"es\",\"potentialAction\":[{\"@type\":\"ReadAction\",\"target\":[\"https:\/\/www.bluehoteles.es\/marques-de-san-esteban\/habitacion-doble\/\"]}]},{\"@type\":\"BreadcrumbList\",\"@id\":\"https:\/\/www.bluehoteles.es\/marques-de-san-esteban\/habitacion-doble\/#breadcrumb\",\"itemListElement\":[{\"@type\":\"ListItem\",\"position\":1,\"name\":\"Portada\",\"item\":\"https:\/\/www.bluehoteles.es\/marques-de-san-esteban\/\"},{\"@type\":\"ListItem\",\"position\":2,\"name\":\"Habitaci\u00f3n Doble &#8211; 1 o 2 camas\"}]},{\"@type\":\"WebSite\",\"@id\":\"https:\/\/www.bluehoteles.es\/marques-de-san-esteban\/#website\",\"url\":\"https:\/\/www.bluehoteles.es\/marques-de-san-esteban\/\",\"name\":\"Hotel Marqu\u00e9s Gij\u00f3n\",\"description\":\"BLUE HOTEL Marqu\u00e9s de San Esteban\",\"potentialAction\":[{\"@type\":\"SearchAction\",\"target\":{\"@type\":\"EntryPoint\",\"urlTemplate\":\"https:\/\/www.bluehoteles.es\/marques-de-san-esteban\/?s={search_term_string}\"},\"query-input\":\"required name=search_term_string\"}],\"inLanguage\":\"es\"}]}<\/script>\n<!-- \/ Yoast SEO plugin. -->","yoast_head_json":{"title":"Hotel Marques Gij\u00f3n \u00ae Asturias -\u00a0Habitaci\u00f3n Doble - 1 o 2 camas\u00a0","description":"La Habitaci\u00f3n Doble del Hotel\u00a0Marqu\u00e9s en Gij\u00f3n dispone de 2 camas individuales o 1 cama doble. El\u00a0tama\u00f1o de la habitaci\u00f3n ed de 11\u00a0m\u00b2.","robots":{"index":"index","follow":"follow","max-snippet":"max-snippet:-1","max-image-preview":"max-image-preview:large","max-video-preview":"max-video-preview:-1"},"canonical":"https:\/\/www.bluehoteles.es\/marques-de-san-esteban\/habitacion-doble\/","og_locale":"es_ES","og_type":"article","og_title":"Hotel Marques Gij\u00f3n \u00ae Asturias -\u00a0Habitaci\u00f3n Doble - 1 o 2 camas\u00a0","og_description":"La Habitaci\u00f3n Doble del Hotel\u00a0Marqu\u00e9s en Gij\u00f3n dispone de 2 camas individuales o 1 cama doble. El\u00a0tama\u00f1o de la habitaci\u00f3n ed de 11\u00a0m\u00b2.","og_url":"https:\/\/www.bluehoteles.es\/marques-de-san-esteban\/habitacion-doble\/","og_site_name":"Hotel Marqu\u00e9s Gij\u00f3n","article_modified_time":"2020-03-06T09:50:32+00:00","twitter_card":"summary_large_image","schema":{"@context":"https:\/\/schema.org","@graph":[{"@type":"WebPage","@id":"https:\/\/www.bluehoteles.es\/marques-de-san-esteban\/habitacion-doble\/","url":"https:\/\/www.bluehoteles.es\/marques-de-san-esteban\/habitacion-doble\/","name":"Hotel Marques Gij\u00f3n \u00ae Asturias -\u00a0Habitaci\u00f3n Doble - 1 o 2 camas\u00a0","isPartOf":{"@id":"https:\/\/www.bluehoteles.es\/marques-de-san-esteban\/#website"},"datePublished":"2018-04-25T10:35:54+00:00","dateModified":"2020-03-06T09:50:32+00:00","description":"La Habitaci\u00f3n Doble del Hotel\u00a0Marqu\u00e9s en Gij\u00f3n dispone de 2 camas individuales o 1 cama doble. El\u00a0tama\u00f1o de la habitaci\u00f3n ed de 11\u00a0m\u00b2.","breadcrumb":{"@id":"https:\/\/www.bluehoteles.es\/marques-de-san-esteban\/habitacion-doble\/#breadcrumb"},"inLanguage":"es","potentialAction":[{"@type":"ReadAction","target":["https:\/\/www.bluehoteles.es\/marques-de-san-esteban\/habitacion-doble\/"]}]},{"@type":"BreadcrumbList","@id":"https:\/\/www.bluehoteles.es\/marques-de-san-esteban\/habitacion-doble\/#breadcrumb","itemListElement":[{"@type":"ListItem","position":1,"name":"Portada","item":"https:\/\/www.bluehoteles.es\/marques-de-san-esteban\/"},{"@type":"ListItem","position":2,"name":"Habitaci\u00f3n Doble &#8211; 1 o 2 camas"}]},{"@type":"WebSite","@id":"https:\/\/www.bluehoteles.es\/marques-de-san-esteban\/#website","url":"https:\/\/www.bluehoteles.es\/marques-de-san-esteban\/","name":"Hotel Marqu\u00e9s Gij\u00f3n","description":"BLUE HOTEL Marqu\u00e9s de San Esteban","potentialAction":[{"@type":"SearchAction","target":{"@type":"EntryPoint","urlTemplate":"https:\/\/www.bluehoteles.es\/marques-de-san-esteban\/?s={search_term_string}"},"query-input":"required name=search_term_string"}],"inLanguage":"es"}]}},"_links":{"self":[{"href":"https:\/\/www.bluehoteles.es\/marques-de-san-esteban\/wp-json\/wp\/v2\/pages\/21201"}],"collection":[{"href":"https:\/\/www.bluehoteles.es\/marques-de-san-esteban\/wp-json\/wp\/v2\/pages"}],"about":[{"href":"https:\/\/www.bluehoteles.es\/marques-de-san-esteban\/wp-json\/wp\/v2\/types\/page"}],"author":[{"embeddable":true,"href":"https:\/\/www.bluehoteles.es\/marques-de-san-esteban\/wp-json\/wp\/v2\/users\/5"}],"replies":[{"embeddable":true,"href":"https:\/\/www.bluehoteles.es\/marques-de-san-esteban\/wp-json\/wp\/v2\/comments?post=21201"}],"version-history":[{"count":12,"href":"https:\/\/www.bluehoteles.es\/marques-de-san-esteban\/wp-json\/wp\/v2\/pages\/21201\/revisions"}],"predecessor-version":[{"id":22320,"href":"https:\/\/www.bluehoteles.es\/marques-de-san-esteban\/wp-json\/wp\/v2\/pages\/21201\/revisions\/22320"}],"wp:attachment":[{"href":"https:\/\/www.bluehoteles.es\/marques-de-san-esteban\/wp-json\/wp\/v2\/media?parent=21201"}],"curies":[{"name":"wp","href":"https:\/\/api.w.org\/{rel}","templated":true}]}}