{"id":21502,"date":"2014-03-26T08:17:14","date_gmt":"2014-03-26T08:17:14","guid":{"rendered":"https:\/\/demo.qodeinteractive.com\/bridge\/?page_id=13891"},"modified":"2020-03-06T10:24:13","modified_gmt":"2020-03-06T09:24:13","slug":"galeria","status":"publish","type":"page","link":"https:\/\/www.bluehoteles.es\/marques-de-san-esteban\/galeria\/","title":{"rendered":"Galer\u00eda"},"content":{"rendered":"<p>[vc_row row_type=\u00bbrow\u00bb use_row_as_full_screen_section=\u00bbno\u00bb type=\u00bbgrid\u00bb angled_section=\u00bbno\u00bb text_align=\u00bbleft\u00bb background_image_as_pattern=\u00bbwithout_pattern\u00bb background_color=\u00bb#ffffff\u00bb border_color=\u00bb#ffffff\u00bb padding_top=\u00bb70&#8243; padding_bottom=\u00bb70&#8243; css_animation=\u00bb\u00bb][vc_column][vc_gallery type=\u00bbimage_grid\u00bb images=\u00bb22128,22309,22308,22307,22306,22305,22304,22303,22302,22301,22300,22299,22298,22297,22296,22295,22294,21422,22293,22292&#8243; img_size=\u00bb400&#215;400&#8243; column_number=\u00bb3&#8243; grayscale=\u00bbno\u00bb images_space=\u00bbgallery_with_space\u00bb][\/vc_column][\/vc_row]<\/p>\n","protected":false},"excerpt":{"rendered":"<p>[vc_row row_type=\u00bbrow\u00bb use_row_as_full_screen_section=\u00bbno\u00bb type=\u00bbgrid\u00bb angled_section=\u00bbno\u00bb text_align=\u00bbleft\u00bb background_image_as_pattern=\u00bbwithout_pattern\u00bb background_color=\u00bb#ffffff\u00bb border_color=\u00bb#ffffff\u00bb padding_top=\u00bb70&#8243; padding_bottom=\u00bb70&#8243; css_animation=\u00bb\u00bb][vc_column][vc_gallery type=\u00bbimage_grid\u00bb images=\u00bb22128,22309,22308,22307,22306,22305,22304,22303,22302,22301,22300,22299,22298,22297,22296,22295,22294,21422,22293,22292&#8243; img_size=\u00bb400&#215;400&#8243; column_number=\u00bb3&#8243; grayscale=\u00bbno\u00bb images_space=\u00bbgallery_with_space\u00bb][\/vc_column][\/vc_row]<\/p>\n","protected":false},"author":5,"featured_media":0,"parent":0,"menu_order":0,"comment_status":"open","ping_status":"open","template":"full_width.php","meta":{"footnotes":""},"yoast_head":"<!-- This site is optimized with the Yoast SEO plugin v22.2 - https:\/\/yoast.com\/wordpress\/plugins\/seo\/ -->\n<title>Galer\u00eda de im\u00e1genes del Hotel Blue Marqu\u00e9s de San Esteban, Gij\u00f3n, Espa\u00f1a<\/title>\n<meta name=\"description\" content=\"Aqu\u00ed puedes descubrir nuestro\u00a0Hotel Blue Marqu\u00e9s de San Esteban\u00a0en Gij\u00f3n a trav\u00e9s de su galer\u00eda de fotos.\" \/>\n<meta name=\"robots\" content=\"index, follow, max-snippet:-1, max-image-preview:large, max-video-preview:-1\" \/>\n<link rel=\"canonical\" href=\"https:\/\/www.bluehoteles.es\/marques-de-san-esteban\/galeria\/\" \/>\n<meta property=\"og:locale\" content=\"es_ES\" \/>\n<meta property=\"og:type\" content=\"article\" \/>\n<meta property=\"og:title\" content=\"Galer\u00eda de im\u00e1genes del Hotel Blue Marqu\u00e9s de San Esteban, Gij\u00f3n, Espa\u00f1a\" \/>\n<meta property=\"og:description\" content=\"Aqu\u00ed puedes descubrir nuestro\u00a0Hotel Blue Marqu\u00e9s de San Esteban\u00a0en Gij\u00f3n a trav\u00e9s de su galer\u00eda de fotos.\" \/>\n<meta property=\"og:url\" content=\"https:\/\/www.bluehoteles.es\/marques-de-san-esteban\/galeria\/\" \/>\n<meta property=\"og:site_name\" content=\"Hotel Marqu\u00e9s Gij\u00f3n\" \/>\n<meta property=\"article:modified_time\" content=\"2020-03-06T09:24:13+00:00\" \/>\n<meta name=\"twitter:card\" content=\"summary_large_image\" \/>\n<script type=\"application\/ld+json\" class=\"yoast-schema-graph\">{\"@context\":\"https:\/\/schema.org\",\"@graph\":[{\"@type\":\"WebPage\",\"@id\":\"https:\/\/www.bluehoteles.es\/marques-de-san-esteban\/galeria\/\",\"url\":\"https:\/\/www.bluehoteles.es\/marques-de-san-esteban\/galeria\/\",\"name\":\"Galer\u00eda de im\u00e1genes del Hotel Blue Marqu\u00e9s de San Esteban, Gij\u00f3n, Espa\u00f1a\",\"isPartOf\":{\"@id\":\"https:\/\/www.bluehoteles.es\/marques-de-san-esteban\/#website\"},\"datePublished\":\"2014-03-26T08:17:14+00:00\",\"dateModified\":\"2020-03-06T09:24:13+00:00\",\"description\":\"Aqu\u00ed puedes descubrir nuestro\u00a0Hotel Blue Marqu\u00e9s de San Esteban\u00a0en Gij\u00f3n a trav\u00e9s de su galer\u00eda de fotos.\",\"breadcrumb\":{\"@id\":\"https:\/\/www.bluehoteles.es\/marques-de-san-esteban\/galeria\/#breadcrumb\"},\"inLanguage\":\"es\",\"potentialAction\":[{\"@type\":\"ReadAction\",\"target\":[\"https:\/\/www.bluehoteles.es\/marques-de-san-esteban\/galeria\/\"]}]},{\"@type\":\"BreadcrumbList\",\"@id\":\"https:\/\/www.bluehoteles.es\/marques-de-san-esteban\/galeria\/#breadcrumb\",\"itemListElement\":[{\"@type\":\"ListItem\",\"position\":1,\"name\":\"Portada\",\"item\":\"https:\/\/www.bluehoteles.es\/marques-de-san-esteban\/\"},{\"@type\":\"ListItem\",\"position\":2,\"name\":\"Galer\u00eda\"}]},{\"@type\":\"WebSite\",\"@id\":\"https:\/\/www.bluehoteles.es\/marques-de-san-esteban\/#website\",\"url\":\"https:\/\/www.bluehoteles.es\/marques-de-san-esteban\/\",\"name\":\"Hotel Marqu\u00e9s Gij\u00f3n\",\"description\":\"BLUE HOTEL Marqu\u00e9s de San Esteban\",\"potentialAction\":[{\"@type\":\"SearchAction\",\"target\":{\"@type\":\"EntryPoint\",\"urlTemplate\":\"https:\/\/www.bluehoteles.es\/marques-de-san-esteban\/?s={search_term_string}\"},\"query-input\":\"required name=search_term_string\"}],\"inLanguage\":\"es\"}]}<\/script>\n<!-- \/ Yoast SEO plugin. -->","yoast_head_json":{"title":"Galer\u00eda de im\u00e1genes del Hotel Blue Marqu\u00e9s de San Esteban, Gij\u00f3n, Espa\u00f1a","description":"Aqu\u00ed puedes descubrir nuestro\u00a0Hotel Blue Marqu\u00e9s de San Esteban\u00a0en Gij\u00f3n a trav\u00e9s de su galer\u00eda de fotos.","robots":{"index":"index","follow":"follow","max-snippet":"max-snippet:-1","max-image-preview":"max-image-preview:large","max-video-preview":"max-video-preview:-1"},"canonical":"https:\/\/www.bluehoteles.es\/marques-de-san-esteban\/galeria\/","og_locale":"es_ES","og_type":"article","og_title":"Galer\u00eda de im\u00e1genes del Hotel Blue Marqu\u00e9s de San Esteban, Gij\u00f3n, Espa\u00f1a","og_description":"Aqu\u00ed puedes descubrir nuestro\u00a0Hotel Blue Marqu\u00e9s de San Esteban\u00a0en Gij\u00f3n a trav\u00e9s de su galer\u00eda de fotos.","og_url":"https:\/\/www.bluehoteles.es\/marques-de-san-esteban\/galeria\/","og_site_name":"Hotel Marqu\u00e9s Gij\u00f3n","article_modified_time":"2020-03-06T09:24:13+00:00","twitter_card":"summary_large_image","schema":{"@context":"https:\/\/schema.org","@graph":[{"@type":"WebPage","@id":"https:\/\/www.bluehoteles.es\/marques-de-san-esteban\/galeria\/","url":"https:\/\/www.bluehoteles.es\/marques-de-san-esteban\/galeria\/","name":"Galer\u00eda de im\u00e1genes del Hotel Blue Marqu\u00e9s de San Esteban, Gij\u00f3n, Espa\u00f1a","isPartOf":{"@id":"https:\/\/www.bluehoteles.es\/marques-de-san-esteban\/#website"},"datePublished":"2014-03-26T08:17:14+00:00","dateModified":"2020-03-06T09:24:13+00:00","description":"Aqu\u00ed puedes descubrir nuestro\u00a0Hotel Blue Marqu\u00e9s de San Esteban\u00a0en Gij\u00f3n a trav\u00e9s de su galer\u00eda de fotos.","breadcrumb":{"@id":"https:\/\/www.bluehoteles.es\/marques-de-san-esteban\/galeria\/#breadcrumb"},"inLanguage":"es","potentialAction":[{"@type":"ReadAction","target":["https:\/\/www.bluehoteles.es\/marques-de-san-esteban\/galeria\/"]}]},{"@type":"BreadcrumbList","@id":"https:\/\/www.bluehoteles.es\/marques-de-san-esteban\/galeria\/#breadcrumb","itemListElement":[{"@type":"ListItem","position":1,"name":"Portada","item":"https:\/\/www.bluehoteles.es\/marques-de-san-esteban\/"},{"@type":"ListItem","position":2,"name":"Galer\u00eda"}]},{"@type":"WebSite","@id":"https:\/\/www.bluehoteles.es\/marques-de-san-esteban\/#website","url":"https:\/\/www.bluehoteles.es\/marques-de-san-esteban\/","name":"Hotel Marqu\u00e9s Gij\u00f3n","description":"BLUE HOTEL Marqu\u00e9s de San Esteban","potentialAction":[{"@type":"SearchAction","target":{"@type":"EntryPoint","urlTemplate":"https:\/\/www.bluehoteles.es\/marques-de-san-esteban\/?s={search_term_string}"},"query-input":"required name=search_term_string"}],"inLanguage":"es"}]}},"_links":{"self":[{"href":"https:\/\/www.bluehoteles.es\/marques-de-san-esteban\/wp-json\/wp\/v2\/pages\/21502"}],"collection":[{"href":"https:\/\/www.bluehoteles.es\/marques-de-san-esteban\/wp-json\/wp\/v2\/pages"}],"about":[{"href":"https:\/\/www.bluehoteles.es\/marques-de-san-esteban\/wp-json\/wp\/v2\/types\/page"}],"author":[{"embeddable":true,"href":"https:\/\/www.bluehoteles.es\/marques-de-san-esteban\/wp-json\/wp\/v2\/users\/5"}],"replies":[{"embeddable":true,"href":"https:\/\/www.bluehoteles.es\/marques-de-san-esteban\/wp-json\/wp\/v2\/comments?post=21502"}],"version-history":[{"count":15,"href":"https:\/\/www.bluehoteles.es\/marques-de-san-esteban\/wp-json\/wp\/v2\/pages\/21502\/revisions"}],"predecessor-version":[{"id":22313,"href":"https:\/\/www.bluehoteles.es\/marques-de-san-esteban\/wp-json\/wp\/v2\/pages\/21502\/revisions\/22313"}],"wp:attachment":[{"href":"https:\/\/www.bluehoteles.es\/marques-de-san-esteban\/wp-json\/wp\/v2\/media?parent=21502"}],"curies":[{"name":"wp","href":"https:\/\/api.w.org\/{rel}","templated":true}]}}