{"id":24025,"date":"2014-03-26T08:17:14","date_gmt":"2014-03-26T08:17:14","guid":{"rendered":"https:\/\/www.bluehoteles.es\/numa\/galeria\/"},"modified":"2024-10-02T22:25:45","modified_gmt":"2024-10-02T21:25:45","slug":"gallery","status":"publish","type":"page","link":"https:\/\/www.bluehoteles.es\/munna\/en\/gallery\/","title":{"rendered":"Gallery"},"content":{"rendered":"<p>[vc_row row_type=&#8221;row&#8221; use_row_as_full_screen_section=&#8221;no&#8221; type=&#8221;full_width&#8221; angled_section=&#8221;no&#8221; text_align=&#8221;left&#8221; background_image_as_pattern=&#8221;without_pattern&#8221; background_color=&#8221;#ffffff&#8221; border_color=&#8221;#ffffff&#8221; padding_top=&#8221;70&#8243; padding_bottom=&#8221;70&#8243; css_animation=&#8221;&#8221;][vc_column][vc_gallery type=&#8221;image_grid&#8221; images=&#8221;24662,24656,24339,24650,24644,24399,24384,24360,24378,24357,24366,24387,24402,24396,24363,24354,24381,24351,24414,24411,24348,24393,24408,24647,24390,24451,24430,24448,24445,24439,24433,24454,24427,24436,24463,22377,24222,24243,24237,24231,24228,24225,24234,24240,24249,24252,24216,24641,24219,24653,24290,24284,24287,22366,22360,22363,24466,24469,24472,24475,24478,24481,24484,24487,24574,24571,24568,24565,24562,24559,24556,24553,24550,24547,24535,24538,24541,24523,24532,24514,24511,24508,24505,24502,24499,24496,24493,24490&#8243; img_size=&#8221;400&#215;400&#8243; column_number=&#8221;4&#8243; grayscale=&#8221;no&#8221; images_space=&#8221;gallery_with_space&#8221;][\/vc_column][\/vc_row]<\/p>\n","protected":false},"excerpt":{"rendered":"<p>[vc_row row_type=&#8221;row&#8221; use_row_as_full_screen_section=&#8221;no&#8221; type=&#8221;full_width&#8221; angled_section=&#8221;no&#8221; text_align=&#8221;left&#8221; background_image_as_pattern=&#8221;without_pattern&#8221; background_color=&#8221;#ffffff&#8221; border_color=&#8221;#ffffff&#8221; padding_top=&#8221;70&#8243; padding_bottom=&#8221;70&#8243; css_animation=&#8221;&#8221;][vc_column][vc_gallery type=&#8221;image_grid&#8221; images=&#8221;24662,24656,24339,24650,24644,24399,24384,24360,24378,24357,24366,24387,24402,24396,24363,24354,24381,24351,24414,24411,24348,24393,24408,24647,24390,24451,24430,24448,24445,24439,24433,24454,24427,24436,24463,22377,24222,24243,24237,24231,24228,24225,24234,24240,24249,24252,24216,24641,24219,24653,24290,24284,24287,22366,22360,22363,24466,24469,24472,24475,24478,24481,24484,24487,24574,24571,24568,24565,24562,24559,24556,24553,24550,24547,24535,24538,24541,24523,24532,24514,24511,24508,24505,24502,24499,24496,24493,24490&#8243; img_size=&#8221;400&#215;400&#8243; column_number=&#8221;4&#8243; grayscale=&#8221;no&#8221; images_space=&#8221;gallery_with_space&#8221;][\/vc_column][\/vc_row]<\/p>\n","protected":false},"author":5,"featured_media":0,"parent":0,"menu_order":0,"comment_status":"open","ping_status":"open","template":"full_width.php","meta":{"footnotes":""},"yoast_head":"<!-- This site is optimized with the Yoast SEO plugin v22.2 - https:\/\/yoast.com\/wordpress\/plugins\/seo\/ -->\n<title>Image gallery of Munna Hotel Boutique, Gij\u00f3n, Spain<\/title>\n<meta name=\"description\" content=\"Discover Munna Hotel Boutique in Gij\u00f3n, check out our photo gallery and imagine yourself enjoying Gij\u00f3n city in such a hotel.\" \/>\n<meta name=\"robots\" content=\"index, follow, max-snippet:-1, max-image-preview:large, max-video-preview:-1\" \/>\n<link rel=\"canonical\" href=\"https:\/\/www.bluehoteles.es\/munna\/en\/gallery\/\" \/>\n<meta property=\"og:locale\" content=\"en_US\" \/>\n<meta property=\"og:type\" content=\"article\" \/>\n<meta property=\"og:title\" content=\"Image gallery of Munna Hotel Boutique, Gij\u00f3n, Spain\" \/>\n<meta property=\"og:description\" content=\"Discover Munna Hotel Boutique in Gij\u00f3n, check out our photo gallery and imagine yourself enjoying Gij\u00f3n city in such a hotel.\" \/>\n<meta property=\"og:url\" content=\"https:\/\/www.bluehoteles.es\/munna\/en\/gallery\/\" \/>\n<meta property=\"og:site_name\" content=\"MUNNA HOTEL BOUTIQUE\" \/>\n<meta property=\"article:modified_time\" content=\"2024-10-02T21:25:45+00:00\" \/>\n<meta name=\"twitter:card\" content=\"summary_large_image\" \/>\n<meta name=\"twitter:label1\" content=\"Est. reading time\" \/>\n\t<meta name=\"twitter:data1\" content=\"18 minutes\" \/>\n<script type=\"application\/ld+json\" class=\"yoast-schema-graph\">{\"@context\":\"https:\/\/schema.org\",\"@graph\":[{\"@type\":\"WebPage\",\"@id\":\"https:\/\/www.bluehoteles.es\/munna\/en\/gallery\/\",\"url\":\"https:\/\/www.bluehoteles.es\/munna\/en\/gallery\/\",\"name\":\"Image gallery of Munna Hotel Boutique, Gij\u00f3n, Spain\",\"isPartOf\":{\"@id\":\"https:\/\/www.bluehoteles.es\/munna\/#website\"},\"datePublished\":\"2014-03-26T08:17:14+00:00\",\"dateModified\":\"2024-10-02T21:25:45+00:00\",\"description\":\"Discover Munna Hotel Boutique in Gij\u00f3n, check out our photo gallery and imagine yourself enjoying Gij\u00f3n city in such a hotel.\",\"breadcrumb\":{\"@id\":\"https:\/\/www.bluehoteles.es\/munna\/en\/gallery\/#breadcrumb\"},\"inLanguage\":\"en-US\",\"potentialAction\":[{\"@type\":\"ReadAction\",\"target\":[\"https:\/\/www.bluehoteles.es\/munna\/en\/gallery\/\"]}]},{\"@type\":\"BreadcrumbList\",\"@id\":\"https:\/\/www.bluehoteles.es\/munna\/en\/gallery\/#breadcrumb\",\"itemListElement\":[{\"@type\":\"ListItem\",\"position\":1,\"name\":\"Home\",\"item\":\"https:\/\/www.bluehoteles.es\/munna\/en\/\"},{\"@type\":\"ListItem\",\"position\":2,\"name\":\"Gallery\"}]},{\"@type\":\"WebSite\",\"@id\":\"https:\/\/www.bluehoteles.es\/munna\/#website\",\"url\":\"https:\/\/www.bluehoteles.es\/munna\/\",\"name\":\"MUNNA HOTEL BOUTIQUE\",\"description\":\"MUNNA HOTEL BOUTIQUE, Gij\u00f3n, Asturias, Espa\u00f1a\",\"potentialAction\":[{\"@type\":\"SearchAction\",\"target\":{\"@type\":\"EntryPoint\",\"urlTemplate\":\"https:\/\/www.bluehoteles.es\/munna\/?s={search_term_string}\"},\"query-input\":\"required name=search_term_string\"}],\"inLanguage\":\"en-US\"}]}<\/script>\n<!-- \/ Yoast SEO plugin. -->","yoast_head_json":{"title":"Image gallery of Munna Hotel Boutique, Gij\u00f3n, Spain","description":"Discover Munna Hotel Boutique in Gij\u00f3n, check out our photo gallery and imagine yourself enjoying Gij\u00f3n city in such a hotel.","robots":{"index":"index","follow":"follow","max-snippet":"max-snippet:-1","max-image-preview":"max-image-preview:large","max-video-preview":"max-video-preview:-1"},"canonical":"https:\/\/www.bluehoteles.es\/munna\/en\/gallery\/","og_locale":"en_US","og_type":"article","og_title":"Image gallery of Munna Hotel Boutique, Gij\u00f3n, Spain","og_description":"Discover Munna Hotel Boutique in Gij\u00f3n, check out our photo gallery and imagine yourself enjoying Gij\u00f3n city in such a hotel.","og_url":"https:\/\/www.bluehoteles.es\/munna\/en\/gallery\/","og_site_name":"MUNNA HOTEL BOUTIQUE","article_modified_time":"2024-10-02T21:25:45+00:00","twitter_card":"summary_large_image","twitter_misc":{"Est. reading time":"18 minutes"},"schema":{"@context":"https:\/\/schema.org","@graph":[{"@type":"WebPage","@id":"https:\/\/www.bluehoteles.es\/munna\/en\/gallery\/","url":"https:\/\/www.bluehoteles.es\/munna\/en\/gallery\/","name":"Image gallery of Munna Hotel Boutique, Gij\u00f3n, Spain","isPartOf":{"@id":"https:\/\/www.bluehoteles.es\/munna\/#website"},"datePublished":"2014-03-26T08:17:14+00:00","dateModified":"2024-10-02T21:25:45+00:00","description":"Discover Munna Hotel Boutique in Gij\u00f3n, check out our photo gallery and imagine yourself enjoying Gij\u00f3n city in such a hotel.","breadcrumb":{"@id":"https:\/\/www.bluehoteles.es\/munna\/en\/gallery\/#breadcrumb"},"inLanguage":"en-US","potentialAction":[{"@type":"ReadAction","target":["https:\/\/www.bluehoteles.es\/munna\/en\/gallery\/"]}]},{"@type":"BreadcrumbList","@id":"https:\/\/www.bluehoteles.es\/munna\/en\/gallery\/#breadcrumb","itemListElement":[{"@type":"ListItem","position":1,"name":"Home","item":"https:\/\/www.bluehoteles.es\/munna\/en\/"},{"@type":"ListItem","position":2,"name":"Gallery"}]},{"@type":"WebSite","@id":"https:\/\/www.bluehoteles.es\/munna\/#website","url":"https:\/\/www.bluehoteles.es\/munna\/","name":"MUNNA HOTEL BOUTIQUE","description":"MUNNA HOTEL BOUTIQUE, Gij\u00f3n, Asturias, Espa\u00f1a","potentialAction":[{"@type":"SearchAction","target":{"@type":"EntryPoint","urlTemplate":"https:\/\/www.bluehoteles.es\/munna\/?s={search_term_string}"},"query-input":"required name=search_term_string"}],"inLanguage":"en-US"}]}},"_links":{"self":[{"href":"https:\/\/www.bluehoteles.es\/munna\/en\/wp-json\/wp\/v2\/pages\/24025"}],"collection":[{"href":"https:\/\/www.bluehoteles.es\/munna\/en\/wp-json\/wp\/v2\/pages"}],"about":[{"href":"https:\/\/www.bluehoteles.es\/munna\/en\/wp-json\/wp\/v2\/types\/page"}],"author":[{"embeddable":true,"href":"https:\/\/www.bluehoteles.es\/munna\/en\/wp-json\/wp\/v2\/users\/5"}],"replies":[{"embeddable":true,"href":"https:\/\/www.bluehoteles.es\/munna\/en\/wp-json\/wp\/v2\/comments?post=24025"}],"version-history":[{"count":20,"href":"https:\/\/www.bluehoteles.es\/munna\/en\/wp-json\/wp\/v2\/pages\/24025\/revisions"}],"predecessor-version":[{"id":24739,"href":"https:\/\/www.bluehoteles.es\/munna\/en\/wp-json\/wp\/v2\/pages\/24025\/revisions\/24739"}],"wp:attachment":[{"href":"https:\/\/www.bluehoteles.es\/munna\/en\/wp-json\/wp\/v2\/media?parent=24025"}],"curies":[{"name":"wp","href":"https:\/\/api.w.org\/{rel}","templated":true}]}}