{"id":24161,"date":"2018-09-05T16:03:56","date_gmt":"2018-09-05T15:03:56","guid":{"rendered":"https:\/\/www.bluehoteles.es\/numa\/politica-de-cookies\/"},"modified":"2024-10-02T12:00:06","modified_gmt":"2024-10-02T11:00:06","slug":"cookies-policy","status":"publish","type":"page","link":"https:\/\/www.bluehoteles.es\/munna\/en\/cookies-policy\/","title":{"rendered":"Cookies policy"},"content":{"rendered":"<p>[vc_row row_type=&#8221;row&#8221; use_row_as_full_screen_section=&#8221;no&#8221; type=&#8221;grid&#8221; angled_section=&#8221;no&#8221; text_align=&#8221;left&#8221; background_image_as_pattern=&#8221;without_pattern&#8221; padding_top=&#8221;70&#8243; padding_bottom=&#8221;70&#8243; css_animation=&#8221;element_from_right&#8221;][vc_column][vc_column_text]<\/p>\n<h2><span style=\"color: #333333;\">Uso De Cookies<\/span><\/h2>\n<p>&nbsp;<\/p>\n<p>Le informamos que este sitio web instala cookies propias y de terceros al visitar sus paginas. Si continua navegando, consideramos que acepta su uso. Las cookies son ficheros de texto no ejecutables destinados a almacenar cualquier tipo de informaci\u00f3n sobre el usuario. Utilizamos estos ficheros para facilitar su navegaci\u00f3n y obtener datos estad\u00edsticos.<\/p>\n<p>&nbsp;<\/p>\n<h2><span style=\"color: #333333;\">\u00bfQue tipo de cookies utiliza esta pagina web?<\/span><\/h2>\n<p>&nbsp;<\/p>\n<p><strong>Cookies t\u00e9cnicas:<\/strong> Son aquellas que permiten al usuario la navegaci\u00f3n a trav\u00e9s de una pagina web, plataforma o aplicaci\u00f3n y la utilizaci\u00f3n de las diferentes opciones o servicios que en ella existan.<\/p>\n<p>&nbsp;<\/p>\n<p><strong>Cookies de personalizaci\u00f3n:<\/strong> Son aquellas que permiten al usuario acceder al servicio con algunas caracter\u00edsticas de car\u00e1cter general predefinidas en funci\u00f3n de una serie de criterios en el terminal del usuario.<\/p>\n<p>&nbsp;<\/p>\n<p><strong>Cookies de an\u00e1lisis:<\/strong> Son aquellas que permiten el seguimiento y an\u00e1lisis del comportamiento de los usuarios de los sitios web a los que est\u00e1n vinculadas. La informacion recogida mediante este tipo de cookies se utiliza en la medici\u00f3n de la actividad de los sitios web, aplicaci\u00f3n o plataforma y para la elaboraci\u00f3n de perfiles de navegaci\u00f3n de los usuarios de dichos sitios, aplicaciones y plataformas, con el fin de introducir mejoras en funci\u00f3n del an\u00e1lisis de los datos de uso que hacen los usuarios del servicio.<\/p>\n<p>&nbsp;<\/p>\n<h2><span style=\"color: #333333;\">\u00bfQuien utiliza y tiene acceso a la informacion de las cookies que instalamos?<\/span><\/h2>\n<p>&nbsp;<\/p>\n<p>Solo el propietario de este sitio web y Bookerclub\u00a0S.L., la empresa que presta al propietario el servicio de mantenimiento y an\u00e1lisis del sitio, utilizan y tienen acceso a las cookies del mismo. Los terceros que hayan almacenado cookies en su ordenador tendr\u00e1n acceso a ellas.<\/p>\n<p>&nbsp;<\/p>\n<h2><span style=\"color: #333333;\">\u00bfComo gestionar sus preferencias sobre cookies?<\/span><\/h2>\n<p>&nbsp;<\/p>\n<p>La mayor\u00eda de los navegadores aceptan la utilizaci\u00f3n de cookies de forma autom\u00e1tica, pero usted puede configurar su navegador para no aceptarlas o para que el navegador le avise cuando un servidor quiera guardar una cookie. Puede hacerlo consultando:<\/p>\n<p>&nbsp;<\/p>\n<ul>\n<li><a href=\"https:\/\/windows.microsoft.com\/es-es\/internet-explorer\/delete-manage-cookies\" target=\"_blank\" rel=\"noopener\">Internet Explorer<\/a><\/li>\n<\/ul>\n<ul>\n<li><a href=\"https:\/\/support.google.com\/chrome\/answer\/95647?hl=es\" target=\"_blank\" rel=\"noopener\">Chrome<\/a><\/li>\n<\/ul>\n<ul>\n<li><a href=\"https:\/\/support.mozilla.org\/es\/kb\/habilitar-y-deshabilitar-cookies-que-los-sitios-we\" target=\"_blank\" rel=\"noopener\">Firefox<\/a><\/li>\n<\/ul>\n<ul>\n<li><a href=\"https:\/\/support.apple.com\/kb\/HT1677?viewlocale=es_ES\" target=\"_blank\" rel=\"noopener\">Safari<\/a><\/li>\n<\/ul>\n<ul>\n<li><a href=\"https:\/\/support.apple.com\/kb\/HT1677?viewlocale=es_ES\" target=\"_blank\" rel=\"noopener\">iOS (Safari)<\/a><\/li>\n<\/ul>\n<ul>\n<li><a href=\"https:\/\/www.usa.gov\/optout-instructions.shtml#android\" target=\"_blank\" rel=\"noopener\">Android<\/a><\/li>\n<\/ul>\n<ul>\n<li><a href=\"https:\/\/us.blackberry.com\/legal\/cookies\" target=\"_blank\" rel=\"noopener\">BlackBerry<\/a><\/li>\n<\/ul>\n<p>[\/vc_column_text][\/vc_column][\/vc_row]<\/p>\n","protected":false},"excerpt":{"rendered":"<p>[vc_row row_type=&#8221;row&#8221; use_row_as_full_screen_section=&#8221;no&#8221; type=&#8221;grid&#8221; angled_section=&#8221;no&#8221; text_align=&#8221;left&#8221; background_image_as_pattern=&#8221;without_pattern&#8221; padding_top=&#8221;70&#8243; padding_bottom=&#8221;70&#8243; css_animation=&#8221;element_from_right&#8221;][vc_column][vc_column_text] Uso De Cookies &nbsp; Le informamos que este sitio web instala cookies propias y de terceros al visitar sus paginas. Si continua navegando, consideramos que acepta su uso. Las cookies son ficheros de texto no&#8230;<\/p>\n","protected":false},"author":5,"featured_media":0,"parent":0,"menu_order":0,"comment_status":"open","ping_status":"open","template":"full_width.php","meta":{"footnotes":""},"yoast_head":"<!-- This site is optimized with the Yoast SEO plugin v22.2 - https:\/\/yoast.com\/wordpress\/plugins\/seo\/ -->\n<title>Munna Hotel Boutique, Gij\u00f3n, Asturias, Spain -\u00a0Cookies policy<\/title>\n<meta name=\"description\" content=\"You may check here in this page the Cookies policy of Munna Hotel Boutique\u00a0in the city centre of Gij\u00f3n, Asturias, Spain\" \/>\n<meta name=\"robots\" content=\"index, follow, max-snippet:-1, max-image-preview:large, max-video-preview:-1\" \/>\n<link rel=\"canonical\" href=\"https:\/\/www.bluehoteles.es\/munna\/en\/cookies-policy\/\" \/>\n<meta property=\"og:locale\" content=\"en_US\" \/>\n<meta property=\"og:type\" content=\"article\" \/>\n<meta property=\"og:title\" content=\"Munna Hotel Boutique, Gij\u00f3n, Asturias, Spain -\u00a0Cookies policy\" \/>\n<meta property=\"og:description\" content=\"You may check here in this page the Cookies policy of Munna Hotel Boutique\u00a0in the city centre of Gij\u00f3n, Asturias, Spain\" \/>\n<meta property=\"og:url\" content=\"https:\/\/www.bluehoteles.es\/munna\/en\/cookies-policy\/\" \/>\n<meta property=\"og:site_name\" content=\"MUNNA HOTEL BOUTIQUE\" \/>\n<meta property=\"article:modified_time\" content=\"2024-10-02T11:00:06+00:00\" \/>\n<meta name=\"twitter:card\" content=\"summary_large_image\" \/>\n<meta name=\"twitter:label1\" content=\"Est. reading time\" \/>\n\t<meta name=\"twitter:data1\" content=\"2 minutes\" \/>\n<script type=\"application\/ld+json\" class=\"yoast-schema-graph\">{\"@context\":\"https:\/\/schema.org\",\"@graph\":[{\"@type\":\"WebPage\",\"@id\":\"https:\/\/www.bluehoteles.es\/munna\/en\/cookies-policy\/\",\"url\":\"https:\/\/www.bluehoteles.es\/munna\/en\/cookies-policy\/\",\"name\":\"Munna Hotel Boutique, Gij\u00f3n, Asturias, Spain -\u00a0Cookies policy\",\"isPartOf\":{\"@id\":\"https:\/\/www.bluehoteles.es\/munna\/#website\"},\"datePublished\":\"2018-09-05T15:03:56+00:00\",\"dateModified\":\"2024-10-02T11:00:06+00:00\",\"description\":\"You may check here in this page the Cookies policy of Munna Hotel Boutique\u00a0in the city centre of Gij\u00f3n, Asturias, Spain\",\"breadcrumb\":{\"@id\":\"https:\/\/www.bluehoteles.es\/munna\/en\/cookies-policy\/#breadcrumb\"},\"inLanguage\":\"en-US\",\"potentialAction\":[{\"@type\":\"ReadAction\",\"target\":[\"https:\/\/www.bluehoteles.es\/munna\/en\/cookies-policy\/\"]}]},{\"@type\":\"BreadcrumbList\",\"@id\":\"https:\/\/www.bluehoteles.es\/munna\/en\/cookies-policy\/#breadcrumb\",\"itemListElement\":[{\"@type\":\"ListItem\",\"position\":1,\"name\":\"Home\",\"item\":\"https:\/\/www.bluehoteles.es\/munna\/en\/\"},{\"@type\":\"ListItem\",\"position\":2,\"name\":\"Cookies policy\"}]},{\"@type\":\"WebSite\",\"@id\":\"https:\/\/www.bluehoteles.es\/munna\/#website\",\"url\":\"https:\/\/www.bluehoteles.es\/munna\/\",\"name\":\"MUNNA HOTEL BOUTIQUE\",\"description\":\"MUNNA HOTEL BOUTIQUE, Gij\u00f3n, Asturias, Espa\u00f1a\",\"potentialAction\":[{\"@type\":\"SearchAction\",\"target\":{\"@type\":\"EntryPoint\",\"urlTemplate\":\"https:\/\/www.bluehoteles.es\/munna\/?s={search_term_string}\"},\"query-input\":\"required name=search_term_string\"}],\"inLanguage\":\"en-US\"}]}<\/script>\n<!-- \/ Yoast SEO plugin. -->","yoast_head_json":{"title":"Munna Hotel Boutique, Gij\u00f3n, Asturias, Spain -\u00a0Cookies policy","description":"You may check here in this page the Cookies policy of Munna Hotel Boutique\u00a0in the city centre of Gij\u00f3n, Asturias, Spain","robots":{"index":"index","follow":"follow","max-snippet":"max-snippet:-1","max-image-preview":"max-image-preview:large","max-video-preview":"max-video-preview:-1"},"canonical":"https:\/\/www.bluehoteles.es\/munna\/en\/cookies-policy\/","og_locale":"en_US","og_type":"article","og_title":"Munna Hotel Boutique, Gij\u00f3n, Asturias, Spain -\u00a0Cookies policy","og_description":"You may check here in this page the Cookies policy of Munna Hotel Boutique\u00a0in the city centre of Gij\u00f3n, Asturias, Spain","og_url":"https:\/\/www.bluehoteles.es\/munna\/en\/cookies-policy\/","og_site_name":"MUNNA HOTEL BOUTIQUE","article_modified_time":"2024-10-02T11:00:06+00:00","twitter_card":"summary_large_image","twitter_misc":{"Est. reading time":"2 minutes"},"schema":{"@context":"https:\/\/schema.org","@graph":[{"@type":"WebPage","@id":"https:\/\/www.bluehoteles.es\/munna\/en\/cookies-policy\/","url":"https:\/\/www.bluehoteles.es\/munna\/en\/cookies-policy\/","name":"Munna Hotel Boutique, Gij\u00f3n, Asturias, Spain -\u00a0Cookies policy","isPartOf":{"@id":"https:\/\/www.bluehoteles.es\/munna\/#website"},"datePublished":"2018-09-05T15:03:56+00:00","dateModified":"2024-10-02T11:00:06+00:00","description":"You may check here in this page the Cookies policy of Munna Hotel Boutique\u00a0in the city centre of Gij\u00f3n, Asturias, Spain","breadcrumb":{"@id":"https:\/\/www.bluehoteles.es\/munna\/en\/cookies-policy\/#breadcrumb"},"inLanguage":"en-US","potentialAction":[{"@type":"ReadAction","target":["https:\/\/www.bluehoteles.es\/munna\/en\/cookies-policy\/"]}]},{"@type":"BreadcrumbList","@id":"https:\/\/www.bluehoteles.es\/munna\/en\/cookies-policy\/#breadcrumb","itemListElement":[{"@type":"ListItem","position":1,"name":"Home","item":"https:\/\/www.bluehoteles.es\/munna\/en\/"},{"@type":"ListItem","position":2,"name":"Cookies policy"}]},{"@type":"WebSite","@id":"https:\/\/www.bluehoteles.es\/munna\/#website","url":"https:\/\/www.bluehoteles.es\/munna\/","name":"MUNNA HOTEL BOUTIQUE","description":"MUNNA HOTEL BOUTIQUE, Gij\u00f3n, Asturias, Espa\u00f1a","potentialAction":[{"@type":"SearchAction","target":{"@type":"EntryPoint","urlTemplate":"https:\/\/www.bluehoteles.es\/munna\/?s={search_term_string}"},"query-input":"required name=search_term_string"}],"inLanguage":"en-US"}]}},"_links":{"self":[{"href":"https:\/\/www.bluehoteles.es\/munna\/en\/wp-json\/wp\/v2\/pages\/24161"}],"collection":[{"href":"https:\/\/www.bluehoteles.es\/munna\/en\/wp-json\/wp\/v2\/pages"}],"about":[{"href":"https:\/\/www.bluehoteles.es\/munna\/en\/wp-json\/wp\/v2\/types\/page"}],"author":[{"embeddable":true,"href":"https:\/\/www.bluehoteles.es\/munna\/en\/wp-json\/wp\/v2\/users\/5"}],"replies":[{"embeddable":true,"href":"https:\/\/www.bluehoteles.es\/munna\/en\/wp-json\/wp\/v2\/comments?post=24161"}],"version-history":[{"count":2,"href":"https:\/\/www.bluehoteles.es\/munna\/en\/wp-json\/wp\/v2\/pages\/24161\/revisions"}],"predecessor-version":[{"id":24699,"href":"https:\/\/www.bluehoteles.es\/munna\/en\/wp-json\/wp\/v2\/pages\/24161\/revisions\/24699"}],"wp:attachment":[{"href":"https:\/\/www.bluehoteles.es\/munna\/en\/wp-json\/wp\/v2\/media?parent=24161"}],"curies":[{"name":"wp","href":"https:\/\/api.w.org\/{rel}","templated":true}]}}