{"id":24037,"date":"2017-04-11T02:50:23","date_gmt":"2017-04-11T00:50:23","guid":{"rendered":"https:\/\/www.bluehoteles.es\/numa\/servicios\/"},"modified":"2024-10-02T11:25:43","modified_gmt":"2024-10-02T10:25:43","slug":"services","status":"publish","type":"page","link":"https:\/\/www.bluehoteles.es\/munna\/fr\/services\/","title":{"rendered":"Services"},"content":{"rendered":"<p>[vc_row row_type=&#8221;row&#8221; use_row_as_full_screen_section=&#8221;no&#8221; type=&#8221;grid&#8221; angled_section=&#8221;no&#8221; text_align=&#8221;left&#8221; background_image_as_pattern=&#8221;without_pattern&#8221; background_color=&#8221;#ffffff&#8221; border_color=&#8221;#ffffff&#8221; padding_top=&#8221;54&#8243; padding_bottom=&#8221;0&#8243; css_animation=&#8221;&#8221;][vc_column][vc_column_text]<\/p>\n<h2 style=\"text-align: center;\"><span style=\"color: #333333;\">SERVICES D&#8217;INT\u00c9R\u00caT<\/span><\/h2>\n<p>[\/vc_column_text][\/vc_column][\/vc_row][vc_row row_type=&#8221;row&#8221; use_row_as_full_screen_section=&#8221;no&#8221; type=&#8221;grid&#8221; anchor=&#8221;siguiente&#8221; angled_section=&#8221;no&#8221; text_align=&#8221;left&#8221; background_image_as_pattern=&#8221;without_pattern&#8221; background_color=&#8221;#ffffff&#8221; border_color=&#8221;#ffffff&#8221; padding_top=&#8221;54&#8243; padding_bottom=&#8221;54&#8243; css_animation=&#8221;element_from_left&#8221;][vc_column width=&#8221;1\/6&#8243;]<div class='q_icon_with_title medium circle center'><div class=\"icon_holder \" style=\"margin: 0 0 28px 0; \"><span data-icon-type=\"circle\"   class=\"qode_iwt_icon_holder fa-stack fa-3x \" style=\"font-size: 45px;border-color: #000000;background-color: #000000;\"><i class=\"qode_icon_font_awesome fa fa-wifi qode_iwt_icon_element\" style=\"color: #ffffff;\" ><\/i><\/span><\/div><div class=\"icon_text_holder\" style=\"\"><div class=\"icon_text_inner\" style=\"\"><h3 class=\"icon_title\" style=\"color: #000000;\">Wifi gratuit<\/h3><p style=''><\/p><\/div><\/div><\/div>[\/vc_column][vc_column width=&#8221;1\/6&#8243;]<div class='q_icon_with_title medium circle center'><div class=\"icon_holder \" style=\"margin: 0 0 28px 0; \"><span data-icon-type=\"circle\"   class=\"qode_iwt_icon_holder fa-stack fa-3x \" style=\"font-size: 45px;border-color: #000000;background-color: #000000;\"><i class=\"qode_icon_font_awesome fa fa-asterisk qode_iwt_icon_element\" style=\"color: #ffffff;\" ><\/i><\/span><\/div><div class=\"icon_text_holder\" style=\"\"><div class=\"icon_text_inner\" style=\"\"><h3 class=\"icon_title\" style=\"color: #000000;\">Climatisation<\/h3><p style=''><\/p><\/div><\/div><\/div>[\/vc_column][vc_column width=&#8221;1\/6&#8243;]<div class='q_icon_with_title medium circle center'><div class=\"icon_holder \" style=\"margin: 0 0 28px 0; \"><span data-icon-type=\"circle\"   class=\"qode_iwt_icon_holder fa-stack fa-3x \" style=\"font-size: 45px;border-color: #000000;background-color: #000000;\"><i class=\"qode_icon_font_awesome fa fa-ils qode_iwt_icon_element\" style=\"color: #ffffff;\" ><\/i><\/span><\/div><div class=\"icon_text_holder\" style=\"\"><div class=\"icon_text_inner\" style=\"\"><h3 class=\"icon_title\" style=\"color: #000000;\">Chauffage<\/h3><p style=''><\/p><\/div><\/div><\/div>[\/vc_column][vc_column width=&#8221;1\/6&#8243;]<div class='q_icon_with_title medium circle center'><div class=\"icon_holder \" style=\"margin: 0 0 28px 0; \"><span data-icon-type=\"circle\"   class=\"qode_iwt_icon_holder fa-stack fa-3x \" style=\"font-size: 45px;border-color: #000000;background-color: #000000;\"><i class=\"qode_icon_font_awesome fa fa-car qode_iwt_icon_element\" style=\"color: #ffffff;\" ><\/i><\/span><\/div><div class=\"icon_text_holder\" style=\"\"><div class=\"icon_text_inner\" style=\"\"><h3 class=\"icon_title\" style=\"color: #000000;\">Garage<\/h3><p style=''><\/p><\/div><\/div><\/div>[\/vc_column][vc_column width=&#8221;1\/6&#8243;]<div class='q_icon_with_title medium circle center'><div class=\"icon_holder \" style=\"margin: 0 0 28px 0; \"><span data-icon-type=\"circle\"   class=\"qode_iwt_icon_holder fa-stack fa-3x \" style=\"font-size: 45px;border-color: #000000;background-color: #000000;\"><i class=\"qode_icon_font_awesome fa fa-coffee qode_iwt_icon_element\" style=\"color: #ffffff;\" ><\/i><\/span><\/div><div class=\"icon_text_holder\" style=\"\"><div class=\"icon_text_inner\" style=\"\"><h3 class=\"icon_title\" style=\"color: #000000;\">Service de chambre<\/h3><p style=''><\/p><\/div><\/div><\/div>[\/vc_column][vc_column width=&#8221;1\/6&#8243;]<div class='q_icon_with_title medium circle center'><div class=\"icon_holder \" style=\"margin: 0 0 28px 0; \"><span data-icon-type=\"circle\"   class=\"qode_iwt_icon_holder fa-stack fa-3x \" style=\"font-size: 45px;border-color: #000000;background-color: #000000;\"><i class=\"qode_icon_font_awesome fa fa-user qode_iwt_icon_element\" style=\"color: #ffffff;\" ><\/i><\/span><\/div><div class=\"icon_text_holder\" style=\"\"><div class=\"icon_text_inner\" style=\"\"><h3 class=\"icon_title\" style=\"color: #000000;\">R\u00e9ception 24 heures sur 24<\/h3><p style=''><\/p><\/div><\/div><\/div>[\/vc_column][\/vc_row][vc_row row_type=&#8221;row&#8221; use_row_as_full_screen_section=&#8221;no&#8221; type=&#8221;grid&#8221; angled_section=&#8221;no&#8221; text_align=&#8221;left&#8221; background_image_as_pattern=&#8221;without_pattern&#8221; background_color=&#8221;#ffffff&#8221; border_color=&#8221;#ffffff&#8221; padding_bottom=&#8221;54&#8243; css_animation=&#8221;element_from_right&#8221;][vc_column][vc_row_inner row_type=&#8221;row&#8221; type=&#8221;full_width&#8221; text_align=&#8221;left&#8221; css_animation=&#8221;&#8221;][vc_column_inner width=&#8221;1\/6&#8243;]<div class='q_icon_with_title medium circle center'><div class=\"icon_holder \" style=\"margin: 0 0 28px 0; \"><span data-icon-type=\"circle\"   class=\"qode_iwt_icon_holder fa-stack fa-3x \" style=\"font-size: 45px;border-color: #000000;background-color: #000000;\"><i class=\"qode_icon_font_awesome fa fa-info qode_iwt_icon_element\" style=\"color: #ffffff;\" ><\/i><\/span><\/div><div class=\"icon_text_holder\" style=\"\"><div class=\"icon_text_inner\" style=\"\"><h3 class=\"icon_title\" style=\"color: #000000;\">Informations touristiques<\/h3><p style=''><\/p><\/div><\/div><\/div>[\/vc_column_inner][vc_column_inner width=&#8221;1\/6&#8243;]<div class='q_icon_with_title medium circle center'><div class=\"icon_holder \" style=\"margin: 0 0 28px 0; \"><span data-icon-type=\"circle\"   class=\"qode_iwt_icon_holder fa-stack fa-3x \" style=\"font-size: 45px;border-color: #000000;background-color: #000000;\"><i class=\"qode_icon_font_awesome fa fa-battery-full qode_iwt_icon_element\" style=\"color: #ffffff;\" ><\/i><\/span><\/div><div class=\"icon_text_holder\" style=\"\"><div class=\"icon_text_inner\" style=\"\"><h3 class=\"icon_title\" style=\"color: #000000;\">Chargeurs \u00e9lectriques<\/h3><p style=''><\/p><\/div><\/div><\/div>[\/vc_column_inner][vc_column_inner width=&#8221;1\/6&#8243;]<div class='q_icon_with_title medium circle center'><div class=\"icon_holder \" style=\"margin: 0 0 28px 0; \"><span data-icon-type=\"circle\"   class=\"qode_iwt_icon_holder fa-stack fa-3x \" style=\"font-size: 45px;border-color: #000000;background-color: #000000;\"><i class=\"qode_icon_font_awesome fa fa-leaf qode_iwt_icon_element\" style=\"color: #ffffff;\" ><\/i><\/span><\/div><div class=\"icon_text_holder\" style=\"\"><div class=\"icon_text_inner\" style=\"\"><h3 class=\"icon_title\" style=\"color: #000000;\">Nettoyage \u00e0 sec<\/h3><p style=''><\/p><\/div><\/div><\/div>[\/vc_column_inner][vc_column_inner width=&#8221;1\/6&#8243;]<div class='q_icon_with_title medium circle center'><div class=\"icon_holder \" style=\"margin: 0 0 28px 0; \"><span data-icon-type=\"circle\"   class=\"qode_iwt_icon_holder fa-stack fa-3x \" style=\"font-size: 45px;border-color: #000000;background-color: #000000;\"><i class=\"qode_icon_font_awesome fa fa-suitcase qode_iwt_icon_element\" style=\"color: #ffffff;\" ><\/i><\/span><\/div><div class=\"icon_text_holder\" style=\"\"><div class=\"icon_text_inner\" style=\"\"><h3 class=\"icon_title\" style=\"color: #000000;\">Consigne \u00e0 bagages<\/h3><p style=''><\/p><\/div><\/div><\/div>[\/vc_column_inner][vc_column_inner width=&#8221;1\/6&#8243;]<div class='q_icon_with_title medium circle center'><div class=\"icon_holder \" style=\"margin: 0 0 28px 0; \"><span data-icon-type=\"circle\"   class=\"qode_iwt_icon_holder fa-stack fa-3x \" style=\"font-size: 45px;border-color: #000000;background-color: #000000;\"><i class=\"qode_icon_font_awesome fa fa-spoon qode_iwt_icon_element\" style=\"color: #ffffff;\" ><\/i><\/span><\/div><div class=\"icon_text_holder\" style=\"\"><div class=\"icon_text_inner\" style=\"\"><h3 class=\"icon_title\" style=\"color: #000000;\">Salle de petit-d\u00e9jeuner<\/h3><p style=''><\/p><\/div><\/div><\/div>[\/vc_column_inner][vc_column_inner width=&#8221;1\/6&#8243;]<div class='q_icon_with_title medium circle center'><div class=\"icon_holder \" style=\"margin: 0 0 28px 0; \"><span data-icon-type=\"circle\"   class=\"qode_iwt_icon_holder fa-stack fa-3x \" style=\"font-size: 45px;border-color: #000000;background-color: #000000;\"><i class=\"qode_icon_font_awesome fa fa-paw qode_iwt_icon_element\" style=\"color: #ffffff;\" ><\/i><\/span><\/div><div class=\"icon_text_holder\" style=\"\"><div class=\"icon_text_inner\" style=\"\"><h3 class=\"icon_title\" style=\"color: #000000;\">Les animaux de compagnie ne sont pas admis<\/h3><p style=''><\/p><\/div><\/div><\/div>[\/vc_column_inner][\/vc_row_inner][\/vc_column][\/vc_row]<\/p>\n","protected":false},"excerpt":{"rendered":"<p>[vc_row row_type=&#8221;row&#8221; use_row_as_full_screen_section=&#8221;no&#8221; type=&#8221;grid&#8221; angled_section=&#8221;no&#8221; text_align=&#8221;left&#8221; background_image_as_pattern=&#8221;without_pattern&#8221; background_color=&#8221;#ffffff&#8221; border_color=&#8221;#ffffff&#8221; padding_top=&#8221;54&#8243; padding_bottom=&#8221;0&#8243; css_animation=&#8221;&#8221;][vc_column][vc_column_text] SERVICES D&#8217;INT\u00c9R\u00caT [\/vc_column_text][\/vc_column][\/vc_row][vc_row row_type=&#8221;row&#8221; use_row_as_full_screen_section=&#8221;no&#8221; type=&#8221;grid&#8221; anchor=&#8221;siguiente&#8221; angled_section=&#8221;no&#8221; text_align=&#8221;left&#8221; background_image_as_pattern=&#8221;without_pattern&#8221; background_color=&#8221;#ffffff&#8221; border_color=&#8221;#ffffff&#8221; padding_top=&#8221;54&#8243; padding_bottom=&#8221;54&#8243; css_animation=&#8221;element_from_left&#8221;][vc_column width=&#8221;1\/6&#8243;][\/vc_column][vc_column width=&#8221;1\/6&#8243;][\/vc_column][vc_column width=&#8221;1\/6&#8243;][\/vc_column][vc_column width=&#8221;1\/6&#8243;][\/vc_column][vc_column width=&#8221;1\/6&#8243;][\/vc_column][vc_column width=&#8221;1\/6&#8243;][\/vc_column][\/vc_row][vc_row row_type=&#8221;row&#8221; use_row_as_full_screen_section=&#8221;no&#8221; type=&#8221;grid&#8221; angled_section=&#8221;no&#8221; text_align=&#8221;left&#8221; background_image_as_pattern=&#8221;without_pattern&#8221; background_color=&#8221;#ffffff&#8221; border_color=&#8221;#ffffff&#8221; padding_bottom=&#8221;54&#8243; css_animation=&#8221;element_from_right&#8221;][vc_column][vc_row_inner row_type=&#8221;row&#8221; type=&#8221;full_width&#8221;&#8230;<\/p>\n","protected":false},"author":5,"featured_media":0,"parent":0,"menu_order":0,"comment_status":"open","ping_status":"open","template":"full_width.php","meta":{"footnotes":""},"yoast_head":"<!-- This site is optimized with the Yoast SEO plugin v22.2 - https:\/\/yoast.com\/wordpress\/plugins\/seo\/ -->\n<title>Munna Hotel Boutique \u00ae Gij\u00f3n, Espagne - Services<\/title>\n<meta name=\"description\" content=\"Munnna Boutique Hotel \u00ae \u00e0 Gij\u00f3n propose la climatisation, le chauffage, le Wifi gratuit, une caf\u00e9t\u00e9ria, un ascenseur et un garage.\" \/>\n<meta name=\"robots\" content=\"index, follow, max-snippet:-1, max-image-preview:large, max-video-preview:-1\" \/>\n<link rel=\"canonical\" href=\"https:\/\/www.bluehoteles.es\/munna\/fr\/services\/\" \/>\n<meta property=\"og:locale\" content=\"fr_FR\" \/>\n<meta property=\"og:type\" content=\"article\" \/>\n<meta property=\"og:title\" content=\"Munna Hotel Boutique \u00ae Gij\u00f3n, Espagne - Services\" \/>\n<meta property=\"og:description\" content=\"Munnna Boutique Hotel \u00ae \u00e0 Gij\u00f3n propose la climatisation, le chauffage, le Wifi gratuit, une caf\u00e9t\u00e9ria, un ascenseur et un garage.\" \/>\n<meta property=\"og:url\" content=\"https:\/\/www.bluehoteles.es\/munna\/fr\/services\/\" \/>\n<meta property=\"og:site_name\" content=\"MUNNA HOTEL BOUTIQUE\" \/>\n<meta property=\"article:modified_time\" content=\"2024-10-02T10:25:43+00:00\" \/>\n<meta name=\"twitter:card\" content=\"summary_large_image\" \/>\n<meta name=\"twitter:label1\" content=\"Est. reading time\" \/>\n\t<meta name=\"twitter:data1\" content=\"2 minutes\" \/>\n<script type=\"application\/ld+json\" class=\"yoast-schema-graph\">{\"@context\":\"https:\/\/schema.org\",\"@graph\":[{\"@type\":\"WebPage\",\"@id\":\"https:\/\/www.bluehoteles.es\/munna\/fr\/services\/\",\"url\":\"https:\/\/www.bluehoteles.es\/munna\/fr\/services\/\",\"name\":\"Munna Hotel Boutique \u00ae Gij\u00f3n, Espagne - Services\",\"isPartOf\":{\"@id\":\"https:\/\/www.bluehoteles.es\/munna\/#website\"},\"datePublished\":\"2017-04-11T00:50:23+00:00\",\"dateModified\":\"2024-10-02T10:25:43+00:00\",\"description\":\"Munnna Boutique Hotel \u00ae \u00e0 Gij\u00f3n propose la climatisation, le chauffage, le Wifi gratuit, une caf\u00e9t\u00e9ria, un ascenseur et un garage.\",\"breadcrumb\":{\"@id\":\"https:\/\/www.bluehoteles.es\/munna\/fr\/services\/#breadcrumb\"},\"inLanguage\":\"fr-FR\",\"potentialAction\":[{\"@type\":\"ReadAction\",\"target\":[\"https:\/\/www.bluehoteles.es\/munna\/fr\/services\/\"]}]},{\"@type\":\"BreadcrumbList\",\"@id\":\"https:\/\/www.bluehoteles.es\/munna\/fr\/services\/#breadcrumb\",\"itemListElement\":[{\"@type\":\"ListItem\",\"position\":1,\"name\":\"Home\",\"item\":\"https:\/\/www.bluehoteles.es\/munna\/fr\/\"},{\"@type\":\"ListItem\",\"position\":2,\"name\":\"Services\"}]},{\"@type\":\"WebSite\",\"@id\":\"https:\/\/www.bluehoteles.es\/munna\/#website\",\"url\":\"https:\/\/www.bluehoteles.es\/munna\/\",\"name\":\"MUNNA HOTEL BOUTIQUE\",\"description\":\"MUNNA HOTEL BOUTIQUE, Gij\u00f3n, Asturias, Espa\u00f1a\",\"potentialAction\":[{\"@type\":\"SearchAction\",\"target\":{\"@type\":\"EntryPoint\",\"urlTemplate\":\"https:\/\/www.bluehoteles.es\/munna\/?s={search_term_string}\"},\"query-input\":\"required name=search_term_string\"}],\"inLanguage\":\"fr-FR\"}]}<\/script>\n<!-- \/ Yoast SEO plugin. -->","yoast_head_json":{"title":"Munna Hotel Boutique \u00ae Gij\u00f3n, Espagne - Services","description":"Munnna Boutique Hotel \u00ae \u00e0 Gij\u00f3n propose la climatisation, le chauffage, le Wifi gratuit, une caf\u00e9t\u00e9ria, un ascenseur et un garage.","robots":{"index":"index","follow":"follow","max-snippet":"max-snippet:-1","max-image-preview":"max-image-preview:large","max-video-preview":"max-video-preview:-1"},"canonical":"https:\/\/www.bluehoteles.es\/munna\/fr\/services\/","og_locale":"fr_FR","og_type":"article","og_title":"Munna Hotel Boutique \u00ae Gij\u00f3n, Espagne - Services","og_description":"Munnna Boutique Hotel \u00ae \u00e0 Gij\u00f3n propose la climatisation, le chauffage, le Wifi gratuit, une caf\u00e9t\u00e9ria, un ascenseur et un garage.","og_url":"https:\/\/www.bluehoteles.es\/munna\/fr\/services\/","og_site_name":"MUNNA HOTEL BOUTIQUE","article_modified_time":"2024-10-02T10:25:43+00:00","twitter_card":"summary_large_image","twitter_misc":{"Est. reading time":"2 minutes"},"schema":{"@context":"https:\/\/schema.org","@graph":[{"@type":"WebPage","@id":"https:\/\/www.bluehoteles.es\/munna\/fr\/services\/","url":"https:\/\/www.bluehoteles.es\/munna\/fr\/services\/","name":"Munna Hotel Boutique \u00ae Gij\u00f3n, Espagne - Services","isPartOf":{"@id":"https:\/\/www.bluehoteles.es\/munna\/#website"},"datePublished":"2017-04-11T00:50:23+00:00","dateModified":"2024-10-02T10:25:43+00:00","description":"Munnna Boutique Hotel \u00ae \u00e0 Gij\u00f3n propose la climatisation, le chauffage, le Wifi gratuit, une caf\u00e9t\u00e9ria, un ascenseur et un garage.","breadcrumb":{"@id":"https:\/\/www.bluehoteles.es\/munna\/fr\/services\/#breadcrumb"},"inLanguage":"fr-FR","potentialAction":[{"@type":"ReadAction","target":["https:\/\/www.bluehoteles.es\/munna\/fr\/services\/"]}]},{"@type":"BreadcrumbList","@id":"https:\/\/www.bluehoteles.es\/munna\/fr\/services\/#breadcrumb","itemListElement":[{"@type":"ListItem","position":1,"name":"Home","item":"https:\/\/www.bluehoteles.es\/munna\/fr\/"},{"@type":"ListItem","position":2,"name":"Services"}]},{"@type":"WebSite","@id":"https:\/\/www.bluehoteles.es\/munna\/#website","url":"https:\/\/www.bluehoteles.es\/munna\/","name":"MUNNA HOTEL BOUTIQUE","description":"MUNNA HOTEL BOUTIQUE, Gij\u00f3n, Asturias, Espa\u00f1a","potentialAction":[{"@type":"SearchAction","target":{"@type":"EntryPoint","urlTemplate":"https:\/\/www.bluehoteles.es\/munna\/?s={search_term_string}"},"query-input":"required name=search_term_string"}],"inLanguage":"fr-FR"}]}},"_links":{"self":[{"href":"https:\/\/www.bluehoteles.es\/munna\/fr\/wp-json\/wp\/v2\/pages\/24037"}],"collection":[{"href":"https:\/\/www.bluehoteles.es\/munna\/fr\/wp-json\/wp\/v2\/pages"}],"about":[{"href":"https:\/\/www.bluehoteles.es\/munna\/fr\/wp-json\/wp\/v2\/types\/page"}],"author":[{"embeddable":true,"href":"https:\/\/www.bluehoteles.es\/munna\/fr\/wp-json\/wp\/v2\/users\/5"}],"replies":[{"embeddable":true,"href":"https:\/\/www.bluehoteles.es\/munna\/fr\/wp-json\/wp\/v2\/comments?post=24037"}],"version-history":[{"count":4,"href":"https:\/\/www.bluehoteles.es\/munna\/fr\/wp-json\/wp\/v2\/pages\/24037\/revisions"}],"predecessor-version":[{"id":24629,"href":"https:\/\/www.bluehoteles.es\/munna\/fr\/wp-json\/wp\/v2\/pages\/24037\/revisions\/24629"}],"wp:attachment":[{"href":"https:\/\/www.bluehoteles.es\/munna\/fr\/wp-json\/wp\/v2\/media?parent=24037"}],"curies":[{"name":"wp","href":"https:\/\/api.w.org\/{rel}","templated":true}]}}