{"id":24051,"date":"2018-04-25T18:43:02","date_gmt":"2018-04-25T17:43:02","guid":{"rendered":"https:\/\/www.bluehoteles.es\/numa\/habitacion-doble-superior\/"},"modified":"2024-10-02T11:02:48","modified_gmt":"2024-10-02T10:02:48","slug":"chambre-double-superieure","status":"publish","type":"page","link":"https:\/\/www.bluehoteles.es\/munna\/fr\/chambre-double-superieure\/","title":{"rendered":"Chambre Double Sup\u00e9rieure"},"content":{"rendered":"<p>[vc_row row_type=&#8221;row&#8221; use_row_as_full_screen_section=&#8221;no&#8221; type=&#8221;full_width&#8221; anchor=&#8221;gallery&#8221; angled_section=&#8221;no&#8221; text_align=&#8221;left&#8221; background_image_as_pattern=&#8221;without_pattern&#8221; background_color=&#8221;#ffffff&#8221; css_animation=&#8221;&#8221;][vc_column]<div class='qode_image_gallery_no_space light highlight_active'><div class='qode_image_gallery_holder' style='height: 600px;'><ul style = \"background-color: #000000\" ><li style = \"opacity: 0.40\" ><div style=\"height: 600px; width:835px;\"><img decoding=\"async\" itemprop=\"image\" src=\"https:\/\/www.bluehoteles.es\/munna\/wp-content\/uploads\/sites\/5\/2021\/06\/numa_hotel_boutique_gijon_habitacion_doble_superior_802_34.jpg\" alt=\"\" \/><\/div><\/li><li style = \"opacity: 0.40\" ><div style=\"height: 600px; width:891px;\"><img decoding=\"async\" itemprop=\"image\" src=\"https:\/\/www.bluehoteles.es\/munna\/wp-content\/uploads\/sites\/5\/2021\/06\/numa_hotel_boutique_gijon_habitacion_doble_superior_802_9.jpg\" alt=\"\" \/><\/div><\/li><li style = \"opacity: 0.40\" ><div style=\"height: 600px; width:900px;\"><img decoding=\"async\" itemprop=\"image\" src=\"https:\/\/www.bluehoteles.es\/munna\/wp-content\/uploads\/sites\/5\/2021\/06\/numa_hotel_boutique_gijon_habitacion_doble_superior_802_30.jpg\" alt=\"\" \/><\/div><\/li><li style = \"opacity: 0.40\" ><div style=\"height: 600px; width:900px;\"><img decoding=\"async\" itemprop=\"image\" src=\"https:\/\/www.bluehoteles.es\/munna\/wp-content\/uploads\/sites\/5\/2021\/06\/numa_hotel_boutique_gijon_habitacion_doble_superior_802_5.jpg\" alt=\"\" \/><\/div><\/li><li style = \"opacity: 0.40\" ><div style=\"height: 600px; width:900px;\"><img decoding=\"async\" itemprop=\"image\" src=\"https:\/\/www.bluehoteles.es\/munna\/wp-content\/uploads\/sites\/5\/2021\/06\/numa_hotel_boutique_gijon_habitacion_doble_superior_802_47.jpg\" alt=\"\" \/><\/div><\/li><li style = \"opacity: 0.40\" ><div style=\"height: 600px; width:878px;\"><img decoding=\"async\" itemprop=\"image\" src=\"https:\/\/www.bluehoteles.es\/munna\/wp-content\/uploads\/sites\/5\/2021\/06\/numa_hotel_boutique_gijon_habitacion_doble_superior_802_45.jpg\" alt=\"\" \/><\/div><\/li><li style = \"opacity: 0.40\" ><div style=\"height: 600px; width:859px;\"><img decoding=\"async\" itemprop=\"image\" src=\"https:\/\/www.bluehoteles.es\/munna\/wp-content\/uploads\/sites\/5\/2021\/06\/numa_hotel_boutique_gijon_habitacion_doble_superior_802_44.jpg\" alt=\"\" \/><\/div><\/li><li style = \"opacity: 0.40\" ><div style=\"height: 600px; width:900px;\"><img decoding=\"async\" itemprop=\"image\" src=\"https:\/\/www.bluehoteles.es\/munna\/wp-content\/uploads\/sites\/5\/2021\/06\/numa_hotel_boutique_gijon_habitacion_doble_superior_802_11.jpg\" alt=\"\" \/><\/div><\/li><li style = \"opacity: 0.40\" ><div style=\"height: 600px; width:918px;\"><img decoding=\"async\" itemprop=\"image\" src=\"https:\/\/www.bluehoteles.es\/munna\/wp-content\/uploads\/sites\/5\/2021\/06\/numa_hotel_boutique_gijon_habitacion_doble_superior_802_23.jpg\" alt=\"\" \/><\/div><\/li><li style = \"opacity: 0.40\" ><div style=\"height: 600px; width:1015px;\"><img decoding=\"async\" itemprop=\"image\" src=\"https:\/\/www.bluehoteles.es\/munna\/wp-content\/uploads\/sites\/5\/2021\/06\/numa_hotel_boutique_gijon_habitacion_doble_superior_802_1p.jpg\" alt=\"\" \/><\/div><\/li><\/ul><\/div><div class=\"controls\"><a class=\"prev-slide\" href=\"#\"><span><i class=\"fa fa-angle-left\"><\/i><\/span><\/a><a class=\"next-slide\" href=\"#\"><span><i class=\"fa fa-angle-right\"><\/i><\/span><\/a><\/div><\/div>[\/vc_column][\/vc_row]<\/p>\n","protected":false},"excerpt":{"rendered":"<p>[vc_row row_type=&#8221;row&#8221; use_row_as_full_screen_section=&#8221;no&#8221; type=&#8221;full_width&#8221; anchor=&#8221;gallery&#8221; angled_section=&#8221;no&#8221; text_align=&#8221;left&#8221; background_image_as_pattern=&#8221;without_pattern&#8221; background_color=&#8221;#ffffff&#8221; css_animation=&#8221;&#8221;][vc_column][\/vc_column][\/vc_row]<\/p>\n","protected":false},"author":5,"featured_media":0,"parent":0,"menu_order":0,"comment_status":"closed","ping_status":"closed","template":"full_width.php","meta":{"footnotes":""},"yoast_head":"<!-- This site is optimized with the Yoast SEO plugin v22.2 - https:\/\/yoast.com\/wordpress\/plugins\/seo\/ -->\n<title>Munna Hotel Boutique \u00ae Gij\u00f3n -\u00a0Chambre Double Sup\u00e9rieure<\/title>\n<meta name=\"description\" content=\"2 lits 1,05x2m, salle de bain avec douche \u00e0 effet pluie, s\u00e8che-cheveux, climatisation \/ chauffage, r\u00e9frig\u00e9rateur, coffre-fort (taille ordinateur), bureau, Smart TV 50 &quot;. WIFI, canap\u00e9-lit, t\u00e9l\u00e9phone, machine \u00e0 caf\u00e9 nespresso.\" \/>\n<meta name=\"robots\" content=\"index, follow, max-snippet:-1, max-image-preview:large, max-video-preview:-1\" \/>\n<link rel=\"canonical\" href=\"https:\/\/www.bluehoteles.es\/munna\/fr\/chambre-double-superieure\/\" \/>\n<meta property=\"og:locale\" content=\"fr_FR\" \/>\n<meta property=\"og:type\" content=\"article\" \/>\n<meta property=\"og:title\" content=\"Munna Hotel Boutique \u00ae Gij\u00f3n -\u00a0Chambre Double Sup\u00e9rieure\" \/>\n<meta property=\"og:description\" content=\"2 lits 1,05x2m, salle de bain avec douche \u00e0 effet pluie, s\u00e8che-cheveux, climatisation \/ chauffage, r\u00e9frig\u00e9rateur, coffre-fort (taille ordinateur), bureau, Smart TV 50 &quot;. WIFI, canap\u00e9-lit, t\u00e9l\u00e9phone, machine \u00e0 caf\u00e9 nespresso.\" \/>\n<meta property=\"og:url\" content=\"https:\/\/www.bluehoteles.es\/munna\/fr\/chambre-double-superieure\/\" \/>\n<meta property=\"og:site_name\" content=\"MUNNA HOTEL BOUTIQUE\" \/>\n<meta property=\"article:modified_time\" content=\"2024-10-02T10:02:48+00:00\" \/>\n<meta name=\"twitter:card\" content=\"summary_large_image\" \/>\n<meta name=\"twitter:label1\" content=\"Est. reading time\" \/>\n\t<meta name=\"twitter:data1\" content=\"1 minute\" \/>\n<script type=\"application\/ld+json\" class=\"yoast-schema-graph\">{\"@context\":\"https:\/\/schema.org\",\"@graph\":[{\"@type\":\"WebPage\",\"@id\":\"https:\/\/www.bluehoteles.es\/munna\/fr\/chambre-double-superieure\/\",\"url\":\"https:\/\/www.bluehoteles.es\/munna\/fr\/chambre-double-superieure\/\",\"name\":\"Munna Hotel Boutique \u00ae Gij\u00f3n -\u00a0Chambre Double Sup\u00e9rieure\",\"isPartOf\":{\"@id\":\"https:\/\/www.bluehoteles.es\/munna\/#website\"},\"datePublished\":\"2018-04-25T17:43:02+00:00\",\"dateModified\":\"2024-10-02T10:02:48+00:00\",\"description\":\"2 lits 1,05x2m, salle de bain avec douche \u00e0 effet pluie, s\u00e8che-cheveux, climatisation \/ chauffage, r\u00e9frig\u00e9rateur, coffre-fort (taille ordinateur), bureau, Smart TV 50 \\\". WIFI, canap\u00e9-lit, t\u00e9l\u00e9phone, machine \u00e0 caf\u00e9 nespresso.\",\"breadcrumb\":{\"@id\":\"https:\/\/www.bluehoteles.es\/munna\/fr\/chambre-double-superieure\/#breadcrumb\"},\"inLanguage\":\"fr-FR\",\"potentialAction\":[{\"@type\":\"ReadAction\",\"target\":[\"https:\/\/www.bluehoteles.es\/munna\/fr\/chambre-double-superieure\/\"]}]},{\"@type\":\"BreadcrumbList\",\"@id\":\"https:\/\/www.bluehoteles.es\/munna\/fr\/chambre-double-superieure\/#breadcrumb\",\"itemListElement\":[{\"@type\":\"ListItem\",\"position\":1,\"name\":\"Home\",\"item\":\"https:\/\/www.bluehoteles.es\/munna\/fr\/\"},{\"@type\":\"ListItem\",\"position\":2,\"name\":\"Chambre Double Sup\u00e9rieure\"}]},{\"@type\":\"WebSite\",\"@id\":\"https:\/\/www.bluehoteles.es\/munna\/#website\",\"url\":\"https:\/\/www.bluehoteles.es\/munna\/\",\"name\":\"MUNNA HOTEL BOUTIQUE\",\"description\":\"MUNNA HOTEL BOUTIQUE, Gij\u00f3n, Asturias, Espa\u00f1a\",\"potentialAction\":[{\"@type\":\"SearchAction\",\"target\":{\"@type\":\"EntryPoint\",\"urlTemplate\":\"https:\/\/www.bluehoteles.es\/munna\/?s={search_term_string}\"},\"query-input\":\"required name=search_term_string\"}],\"inLanguage\":\"fr-FR\"}]}<\/script>\n<!-- \/ Yoast SEO plugin. -->","yoast_head_json":{"title":"Munna Hotel Boutique \u00ae Gij\u00f3n -\u00a0Chambre Double Sup\u00e9rieure","description":"2 lits 1,05x2m, salle de bain avec douche \u00e0 effet pluie, s\u00e8che-cheveux, climatisation \/ chauffage, r\u00e9frig\u00e9rateur, coffre-fort (taille ordinateur), bureau, Smart TV 50 \". WIFI, canap\u00e9-lit, t\u00e9l\u00e9phone, machine \u00e0 caf\u00e9 nespresso.","robots":{"index":"index","follow":"follow","max-snippet":"max-snippet:-1","max-image-preview":"max-image-preview:large","max-video-preview":"max-video-preview:-1"},"canonical":"https:\/\/www.bluehoteles.es\/munna\/fr\/chambre-double-superieure\/","og_locale":"fr_FR","og_type":"article","og_title":"Munna Hotel Boutique \u00ae Gij\u00f3n -\u00a0Chambre Double Sup\u00e9rieure","og_description":"2 lits 1,05x2m, salle de bain avec douche \u00e0 effet pluie, s\u00e8che-cheveux, climatisation \/ chauffage, r\u00e9frig\u00e9rateur, coffre-fort (taille ordinateur), bureau, Smart TV 50 \". WIFI, canap\u00e9-lit, t\u00e9l\u00e9phone, machine \u00e0 caf\u00e9 nespresso.","og_url":"https:\/\/www.bluehoteles.es\/munna\/fr\/chambre-double-superieure\/","og_site_name":"MUNNA HOTEL BOUTIQUE","article_modified_time":"2024-10-02T10:02:48+00:00","twitter_card":"summary_large_image","twitter_misc":{"Est. reading time":"1 minute"},"schema":{"@context":"https:\/\/schema.org","@graph":[{"@type":"WebPage","@id":"https:\/\/www.bluehoteles.es\/munna\/fr\/chambre-double-superieure\/","url":"https:\/\/www.bluehoteles.es\/munna\/fr\/chambre-double-superieure\/","name":"Munna Hotel Boutique \u00ae Gij\u00f3n -\u00a0Chambre Double Sup\u00e9rieure","isPartOf":{"@id":"https:\/\/www.bluehoteles.es\/munna\/#website"},"datePublished":"2018-04-25T17:43:02+00:00","dateModified":"2024-10-02T10:02:48+00:00","description":"2 lits 1,05x2m, salle de bain avec douche \u00e0 effet pluie, s\u00e8che-cheveux, climatisation \/ chauffage, r\u00e9frig\u00e9rateur, coffre-fort (taille ordinateur), bureau, Smart TV 50 \". WIFI, canap\u00e9-lit, t\u00e9l\u00e9phone, machine \u00e0 caf\u00e9 nespresso.","breadcrumb":{"@id":"https:\/\/www.bluehoteles.es\/munna\/fr\/chambre-double-superieure\/#breadcrumb"},"inLanguage":"fr-FR","potentialAction":[{"@type":"ReadAction","target":["https:\/\/www.bluehoteles.es\/munna\/fr\/chambre-double-superieure\/"]}]},{"@type":"BreadcrumbList","@id":"https:\/\/www.bluehoteles.es\/munna\/fr\/chambre-double-superieure\/#breadcrumb","itemListElement":[{"@type":"ListItem","position":1,"name":"Home","item":"https:\/\/www.bluehoteles.es\/munna\/fr\/"},{"@type":"ListItem","position":2,"name":"Chambre Double Sup\u00e9rieure"}]},{"@type":"WebSite","@id":"https:\/\/www.bluehoteles.es\/munna\/#website","url":"https:\/\/www.bluehoteles.es\/munna\/","name":"MUNNA HOTEL BOUTIQUE","description":"MUNNA HOTEL BOUTIQUE, Gij\u00f3n, Asturias, Espa\u00f1a","potentialAction":[{"@type":"SearchAction","target":{"@type":"EntryPoint","urlTemplate":"https:\/\/www.bluehoteles.es\/munna\/?s={search_term_string}"},"query-input":"required name=search_term_string"}],"inLanguage":"fr-FR"}]}},"_links":{"self":[{"href":"https:\/\/www.bluehoteles.es\/munna\/fr\/wp-json\/wp\/v2\/pages\/24051"}],"collection":[{"href":"https:\/\/www.bluehoteles.es\/munna\/fr\/wp-json\/wp\/v2\/pages"}],"about":[{"href":"https:\/\/www.bluehoteles.es\/munna\/fr\/wp-json\/wp\/v2\/types\/page"}],"author":[{"embeddable":true,"href":"https:\/\/www.bluehoteles.es\/munna\/fr\/wp-json\/wp\/v2\/users\/5"}],"replies":[{"embeddable":true,"href":"https:\/\/www.bluehoteles.es\/munna\/fr\/wp-json\/wp\/v2\/comments?post=24051"}],"version-history":[{"count":4,"href":"https:\/\/www.bluehoteles.es\/munna\/fr\/wp-json\/wp\/v2\/pages\/24051\/revisions"}],"predecessor-version":[{"id":24588,"href":"https:\/\/www.bluehoteles.es\/munna\/fr\/wp-json\/wp\/v2\/pages\/24051\/revisions\/24588"}],"wp:attachment":[{"href":"https:\/\/www.bluehoteles.es\/munna\/fr\/wp-json\/wp\/v2\/media?parent=24051"}],"curies":[{"name":"wp","href":"https:\/\/api.w.org\/{rel}","templated":true}]}}