{"id":24170,"date":"2018-08-29T12:26:33","date_gmt":"2018-08-29T11:26:33","guid":{"rendered":"https:\/\/www.bluehoteles.es\/numa\/aviso-legal\/"},"modified":"2024-10-02T11:50:48","modified_gmt":"2024-10-02T10:50:48","slug":"avis-juridique","status":"publish","type":"page","link":"https:\/\/www.bluehoteles.es\/munna\/fr\/avis-juridique\/","title":{"rendered":"Mentions l\u00e9gales"},"content":{"rendered":"<p>[vc_row row_type=&#8221;row&#8221; use_row_as_full_screen_section=&#8221;no&#8221; type=&#8221;full_width&#8221; angled_section=&#8221;no&#8221; text_align=&#8221;left&#8221; background_image_as_pattern=&#8221;without_pattern&#8221; css_animation=&#8221;&#8221;][vc_column][vc_column_text]<\/p>\n<h2 style=\"text-align: left;\"><span style=\"color: #333333;\">AVISO LEGAL<\/span><\/h2>\n<p>[\/vc_column_text][vc_separator type=&#8221;normal&#8221;][vc_column_text]Este sitio web ha sido creado por CADENA HOTELERA BLUE, con car\u00e1cter informativo y para su uso personal.<\/p>\n<p>El hecho de acceder a este sitio web implica el conocimiento y aceptaci\u00f3n de los siguientes t\u00e9rminos y condiciones.<\/p>\n<p>&nbsp;<\/p>\n<p><strong>1. TITULARIDAD DEL SITIO WEB<\/strong><\/p>\n<p>El domicilio social deBLUE HOTELES queda establecido, a los efectos del presente Aviso Legal, en:<\/p>\n<blockquote><p>BLUE HOTELES<br \/>\nPlaza del Instituto n\u00ba6, 1\u00ba CP 33201 de Gij\u00f3n, Asturias<\/p><\/blockquote>\n<p>Ud. puede ponerse en contacto con nosotros en los siguientes n\u00fameros y direcci\u00f3n:<\/p>\n<blockquote><p>Tlf: 985091919<br \/>\nFax:984391802<br \/>\nE-mail:atencioncliente@bluehoteles.es<\/p><\/blockquote>\n<p>CADENA HOTELERA BLUE, S.L., es una empresa inscrita en el Registro Mercantil de Asturias, en el Tomo 3829, Hoja AS-40665, Libro 0, Folio 85, Inscripci\u00f3n 1, con CIF B33976135<\/p>\n<p>FOMENTO HOUSING, S.L., es una empresa inscrita en el Registro Mercantil de Asturias, en el Tomo 2908, Hoja AS-25843, Libro 0, Folio 2908, Inscripci\u00f3n 1, con CIF B33879719<\/p>\n<p>&nbsp;<\/p>\n<p><strong>2. T\u00c9RMINOS Y CONDICIONES<\/strong><\/p>\n<p>Los contenidos y servicios incluidos y ofrecidos en este sitio web, no est\u00e1n dirigidos a aquellas personas residentes en aquellas jurisdicciones donde no se encuentren autorizados. El usuario accede voluntariamente a este sitio web. El acceso y navegaci\u00f3n en este sitio web implica aceptar y conocer las advertencias legales, condiciones y t\u00e9rminos de uso contenidos en ella. El mero acceso no implica el establecimiento de ning\u00fan tipo de relaci\u00f3n comercial entre BLUE HOTELES y el usuario.<\/p>\n<p>&nbsp;<\/p>\n<p><strong>3. SERVICIOS<\/strong><\/p>\n<p>BLUE HOTELES ofrece determinados servicios a los usuarios, sometidos a los t\u00e9rminos y condiciones indicados en el presente sitio web, debiendo el usuario leer con atenci\u00f3n las condiciones que se apliquen a cada servicio, que en ning\u00fan caso eximir\u00e1, salvo manifestaci\u00f3n expresa de lo contrario, del cumplimiento de lo expresado en el Aviso Legal.<\/p>\n<p>&nbsp;<\/p>\n<p><strong>4. CONTENIDOS<\/strong><\/p>\n<p>BLUE HOTELES realiza los m\u00e1ximos esfuerzos para evitar errores en los contenidos que se publican en el sitio web. Todos los contenidos que se ofrecen a trav\u00e9s del sitio web del BLUE HOTELES es titular o responsable se encuentran actualizados, reserv\u00e1ndose BLUE HOTELES la facultad de poder modificarlos en cualquier momento. BLUE HOTELES no se responsabiliza de las consecuencias que puedan derivarse de los errores en los contenidos que puedan aparecer en este sitio web proporcionados por terceros.<\/p>\n<p>BLUE HOTELES no es responsable por las transmisiones entre usuarios de informaci\u00f3n dirigidas o a trav\u00e9s de este sitio web. La responsabilidad por las manifestaciones que se realicen por los usuarios es exclusiva de quienes las realizan. Queda prohibida cualquier comunicaci\u00f3n o transmisi\u00f3n de contenidos que infrinja los derechos propiedad de terceros y cuyo contenido sea amenazante, obsceno, difamatorio, pornogr\u00e1fico, xen\u00f3fobo, atentatorio contra la dignidad de la persona o los derechos de la infancia, la legalidad vigente o cualquier conducta que incite o constituya la realizaci\u00f3n de una ofensa penal.<\/p>\n<p>Asimismo queda prohibida la inclusi\u00f3n y comunicaci\u00f3n de contenidos, por parte de los usuarios, que sean falsos o inexactos y que induzcan o puedan inducir a error al resto de usuarios o al personal de BLUE HOTELES en particular los contenidos que se encuentren protegidos por cualesquiera derechos de propiedad intelectual o industrial, pertenecientes a terceras personas, cuando no cuenten con la autorizaci\u00f3n del titular de los derechos, menoscaben o desprestigien la fama o cr\u00e9dito de BLUE HOTELES sean considerados como una caso de publicidad il\u00edcita, enga\u00f1osa o desleal y\/o incorporen virus o cualquier otro elemento electr\u00f3nico que pudiese da\u00f1ar o impedir el funcionamiento del sitio web, de la red, equipos inform\u00e1ticos deBLUE HOTELES o terceros y\/o el acceso al portal del resto de usuarios.<\/p>\n<p>BLUE HOTELES podr\u00e1 prohibir el acceso a este sitio web de cualquier usuario que realice cualquiera de las conductas referenciadas con car\u00e1cter enunciativo y no limitativo en el presente p\u00e1rrafo.<\/p>\n<p>BLUE HOTELES ofrece enlaces, directa o indirectamente, a recursos o sitios de Internet que se encuentran fuera del presente sitio web. La presencia de estos enlaces en el sitio web tiene una finalidad informativa, no constituyendo en ning\u00fan caso una invitaci\u00f3n a la contrataci\u00f3n de productos o servicios que se ofrezcan en el sitio web de destino.<\/p>\n<p>En caso de que BLUE HOTELES tenga conocimiento efectivo de que la actividad o la informaci\u00f3n a la que se remite desde dichos enlaces es il\u00edcita, constitutiva de delito o puede lesionar bienes o derechos de un tercero susceptibles de indemnizaci\u00f3n, actuar\u00e1 con la diligencia necesaria para suprimir o inutilizar el enlace correspondiente con la mayor brevedad posible.<\/p>\n<p>&nbsp;<\/p>\n<p><strong>5. LIMITACI\u00d3N DE RESPONSABILIDAD<\/strong><\/p>\n<p>BLUE HOTELES no garantiza la ausencia de virus u otros elementos que pudieran causar da\u00f1os en los sistemas inform\u00e1ticos, en los documentos electr\u00f3nicos o en los ficheros de usuario de este sitio web o de sitios web de terceros, por lo que no se responsabiliza de los perjuicios que se pudieran producir por estas causas. BLUE HOTELES no se responsabiliza del mal uso que Vd. pueda hacer de este sitio web.<\/p>\n<p>BLUE HOTELES tampoco se responsabiliza del contenido de los sitios web a los que enlaza fuera de su p\u00e1gina. Tampoco ser\u00e1 BLUE HOTELES responsable de cualquier da\u00f1o o p\u00e9rdida que pueda surgir por la conexi\u00f3n o por el uso de cualquier contenido, producto o servicio disponible en los sitios web a los que se dirijan los enlaces. BLUE HOTELES no puede garantizar la disponibilidad y el correcto funcionamiento de los enlaces a otros sitios web desde el sitio web de BLUE HOTELES.<\/p>\n<p>El presente Aviso Legal es aplicable \u00fanicamente a la informaci\u00f3n recogida y servicios prestados a trav\u00e9s del sitio web deBLUE HOTELES, no siendo de aplicaci\u00f3n a los contenidos recogidos o servicios prestados desde sitios web de terceros a los que se haya accedido desde el sito web de BLUE HOTELES.<\/p>\n<p>BLUE HOTELES se reserva el derecho de modificar el contenido de la web sin previo aviso y sin ning\u00fan tipo de limitaci\u00f3n. La empresa declina cualquier responsabilidad por los eventuales da\u00f1os y perjuicios que puedan ocasionarse por la falta de disponibilidad y\/o continuidad de esta web y de los servicios que se ofrecen en ella.<\/p>\n<p>&nbsp;<\/p>\n<p><strong>6. PROPIEDAD INTELECTUAL E INDUSTRIAL<\/strong><\/p>\n<p>Este sitio web y los contenidos que alberga se encuentran protegidos por la legislaci\u00f3n vigente en materia de propiedad intelectual. Se proh\u00edbe la modificaci\u00f3n, copia, reproducci\u00f3n, descarga, transmisi\u00f3n, distribuci\u00f3n, cesi\u00f3n, venta, alquiler, transformaci\u00f3n y\/o exposici\u00f3n p\u00fablica de los contenidos del Portal, si no se tiene la autorizaci\u00f3n previa del titular de los correspondientes derechos. El acceso al sitio web no supone en ning\u00fan caso adquisici\u00f3n por parte de los usuarios de derecho de propiedad alguno sobre los contenidos que figuran en el mismo.<\/p>\n<p>Algunos de los contenidos del este sitio web pueden ser descargados en el terminal del usuario siempre que sea para uso privado y sin fin comercial alguno.<br \/>\nLas referencias a nombres comerciales o marcas registradas o signos distintivos, ya sean titularidad de BLUE HOTELES o de terceras empresas, llevan impl\u00edcitas la prohibici\u00f3n sobre su uso sin el consentimiento de BLUE HOTELES o sus leg\u00edtimos propietarios o licenciantes. En ning\u00fan momento, salvo manifestaci\u00f3n expresa, el acceso o uso del Portal y\/o de sus contenidos, confiere al usuario derecho alguno sobre las marcas, logos, y\/o signos distintivos en \u00e9l incluidos protegidos por Ley.<\/p>\n<p>Las personas o empresas que remitan cualquier tipo de informaci\u00f3n a BLUE HOTELES se comprometen a que la misma sea veraz y que no vulnere derecho de terceros ni la legalidad vigente. Si Ud. cree que cualquier contenido y\/o informaci\u00f3n de esta web vulnera un derecho leg\u00edtimo o la legalidad vigente, por favor contacte con nosotros a la direcci\u00f3n de correo hotelsantarosa@bluehoteles.es, donde figure como asunto Propiedad Intelectual.<\/p>\n<p>Las condiciones generales expuestas en este documento se rigen por la ley espa\u00f1ola.<\/p>\n<p>&nbsp;<\/p>\n<p><strong>7. NAVEGACI\u00d3N Y SEGURIDAD<\/strong><\/p>\n<p>BLUE HOTELES realiza los m\u00e1ximos esfuerzos para garantizar que la navegaci\u00f3n a trav\u00e9s de este sitio web se realice en las mejores condiciones. \u00danicamente los servicios ofertados a trav\u00e9s de esta p\u00e1gina web podr\u00e1n ser recibidos correctamente en el caso de que se cumplan con las condiciones t\u00e9cnicas especificadas en el presente aviso legal.<\/p>\n<p>BLUE HOTELES no garantiza, ni se responsabiliza de que el acceso a este sitio web sea ininterrumpido o se encuentre libre de error. En ning\u00fan BLUE HOTELES ser\u00e1 responsable por los perjuicios de cualquier tipo que surjan por el acceso y el uso de este sitio web.<\/p>\n<p>&nbsp;<\/p>\n<p><strong>8. POL\u00cdTICA DE PRIVACIDAD Y PROTECCI\u00d3N DE DATOS<\/strong><\/p>\n<p>En cumplimiento con lo dispuesto en la Ley Org\u00e1nica 15\/1999, de 13 de diciembre, de Protecci\u00f3n de Datos de Car\u00e1cter Personal (LOPD), BLUE HOTELES informa a los usuarios del presente sitio web que los datos personales facilitados mediante este sitio web, pasar\u00e1n a formar parte de un fichero automatizado de datos de car\u00e1cter personal, cuya titularidad y responsabilidad corresponde a BLUE HOTELES siendo su finalidad el poder atender y procesar adecuadamente las solicitudes de consulta remitidas, as\u00ed como poder informarle y transmitirle informaci\u00f3n de los servicios ofrecidos por BLUE HOTELES. Con la remisi\u00f3n de sus datos, Ud. presta su consentimiento expreso para que BLUE HOTELES pueda llevar a cabo el tratamiento automatizado, as\u00ed como la cesi\u00f3n de los mismos a terceros necesarios para la prestaci\u00f3n del servicio solicitado a BLUE HOTELES, y siempre para el cumplimiento de las finalidades anteriormente indicadas.<\/p>\n<p>Sus datos personales son tratados con la m\u00e1xima confidencialidad, habiendo adoptado BLUE HOTELES como responsable del fichero, las medidas de orden t\u00e9cnico y organizativo necesarias para garantizar la confidencialidad y seguridad de los datos personales, evitando su alteraci\u00f3n, p\u00e9rdida, tratamiento o acceso no autorizado.<br \/>\nBLUE HOTELES procede al archivo de los datos que los usuarios facilitan para realizar una consulta o remitir una solicitud, algunos de los cuales son necesarios para atender adecuadamente las mismas. El usuario es advertido, convenientemente, de la necesidad de facilitar dichos datos. Le informamos de que la direcci\u00f3n de correo electr\u00f3nico es utilizada para dar respuesta a su consulta, as\u00ed como poder transmitirle informaci\u00f3n de los servicios ofrecidos por BLUE HOTELES e informarle de cualesquiera otros cambios relevantes que se produzcan.<\/p>\n<p>Nuestra p\u00e1gina web no utiliza cookies ni otros medios t\u00e9cnicos que nos permitan identificar a usuarios en concreto ni conocer datos de su navegaci\u00f3n, sin que el usuario sea consciente. Ello no obstante, es nuestro compromiso que cualquier cambio en la Pol\u00edtica de Privacidad a este respecto ser\u00e1 inmediatamente advertido, a trav\u00e9s del presente sitio web, incluyendo la oportuna rectificaci\u00f3n en este apartado. Asimismo, con relaci\u00f3n a los datos personales recabados en la forma prevista en esta Pol\u00edtica de Privacidad, se informa a los usuarios que tienen reconocidos los derechos de acceso, rectificaci\u00f3n, oposici\u00f3n y cancelaci\u00f3n de sus datos personales. Los referidos derechos podr\u00e1n ser ejercitados, bien por el usuario, bien por su representante, mediante la remisi\u00f3n de una solicitud escrita y firmada, a la siguiente direcci\u00f3n:<\/p>\n<blockquote><p>BLUE HOTELES<\/p>\n<p>Plaza del Instituto n\u00ba6, 1\u00ba CP 33201 de Gij\u00f3n, Asturias<br \/>\nRef. Datos Personales<\/p><\/blockquote>\n<p>La solicitud deber\u00e1 contener el nombre y apellidos del usuario, fotocopia del DNI as\u00ed como el contenido de la petici\u00f3n que desee realizar, en su caso.<\/p>\n<p>&nbsp;<\/p>\n<p><strong>9. LEGISLACI\u00d3N APLICABLE Y TRIBUNALES COMPETENTES<\/strong><\/p>\n<p>Los t\u00e9rminos y condiciones que rigen este website, as\u00ed como las relaciones que pudieran derivarse est\u00e1n protegidas y quedan sujetas a la legislaci\u00f3n espa\u00f1ola.<br \/>\nPara la resoluci\u00f3n de cualquier tipo de controversia, litigio o discrepancia que pudiera suscitarse entre el usuario yBLUE HOTELES, por el uso de este sitio web, se acuerda el sometimiento de las mismas a los Juzgados y Tribunales de la ciudad de Oviedo, Espa\u00f1a.<\/p>\n<p>*BLUE HOTELES, es la marca comercial, esta involucra las siguientes razones sociales:<\/p>\n<p>Raz\u00f3n Social CADENA HOTELERA BLUE, S.L. con CIF: B33976135, domicilio social Plaza del Instituto n\u00ba6, 1\u00ba CP 33201 de Gij\u00f3n, Asturias, al que pertenece Hotel Santa Rosa.<\/p>\n<p>Raz\u00f3n Social FOMENTO HOUSING, S.L. con CIF: B33879719, Plaza del Instituto n\u00ba6, 1\u00ba CP 33201 de Gij\u00f3n, Asturias, al que pertenecen el Hotel Marqu\u00e9s y Apartamentos Urban Blue.[\/vc_column_text][vc_separator type=&#8221;normal&#8221;][\/vc_column][\/vc_row]<\/p>\n","protected":false},"excerpt":{"rendered":"<p>[vc_row row_type=&#8221;row&#8221; use_row_as_full_screen_section=&#8221;no&#8221; type=&#8221;full_width&#8221; angled_section=&#8221;no&#8221; text_align=&#8221;left&#8221; background_image_as_pattern=&#8221;without_pattern&#8221; css_animation=&#8221;&#8221;][vc_column][vc_column_text] AVISO LEGAL [\/vc_column_text][vc_separator type=&#8221;normal&#8221;][vc_column_text]Este sitio web ha sido creado por CADENA HOTELERA BLUE, con car\u00e1cter informativo y para su uso personal. El hecho de acceder a este sitio web implica el conocimiento y aceptaci\u00f3n de los siguientes&#8230;<\/p>\n","protected":false},"author":5,"featured_media":0,"parent":0,"menu_order":0,"comment_status":"closed","ping_status":"closed","template":"","meta":{"footnotes":""},"yoast_head":"<!-- This site is optimized with the Yoast SEO plugin v22.2 - https:\/\/yoast.com\/wordpress\/plugins\/seo\/ -->\n<title>Mentions l\u00e9gales Munna Hotel Boutique \u00ae, Gij\u00f3n, Asturias<\/title>\n<meta name=\"description\" content=\"Mentions l\u00e9gales Munna Hotel Boutique \u00ae, Gij\u00f3n, Asturias, Espagne\" \/>\n<meta name=\"robots\" content=\"index, follow, max-snippet:-1, max-image-preview:large, max-video-preview:-1\" \/>\n<link rel=\"canonical\" href=\"https:\/\/www.bluehoteles.es\/munna\/aviso-legal\/\" \/>\n<meta property=\"og:locale\" content=\"fr_FR\" \/>\n<meta property=\"og:type\" content=\"article\" \/>\n<meta property=\"og:title\" content=\"Mentions l\u00e9gales Munna Hotel Boutique \u00ae, Gij\u00f3n, Asturias\" \/>\n<meta property=\"og:description\" content=\"Mentions l\u00e9gales Munna Hotel Boutique \u00ae, Gij\u00f3n, Asturias, Espagne\" \/>\n<meta property=\"og:url\" content=\"https:\/\/www.bluehoteles.es\/munna\/aviso-legal\/\" \/>\n<meta property=\"og:site_name\" content=\"MUNNA HOTEL BOUTIQUE\" \/>\n<meta property=\"article:modified_time\" content=\"2024-10-02T10:50:48+00:00\" \/>\n<meta name=\"twitter:card\" content=\"summary_large_image\" \/>\n<meta name=\"twitter:label1\" content=\"Est. reading time\" \/>\n\t<meta name=\"twitter:data1\" content=\"9 minutes\" \/>\n<script type=\"application\/ld+json\" class=\"yoast-schema-graph\">{\"@context\":\"https:\/\/schema.org\",\"@graph\":[{\"@type\":\"WebPage\",\"@id\":\"https:\/\/www.bluehoteles.es\/munna\/aviso-legal\/\",\"url\":\"https:\/\/www.bluehoteles.es\/munna\/aviso-legal\/\",\"name\":\"Mentions l\u00e9gales Munna Hotel Boutique \u00ae, Gij\u00f3n, Asturias\",\"isPartOf\":{\"@id\":\"https:\/\/www.bluehoteles.es\/munna\/#website\"},\"datePublished\":\"2018-08-29T11:26:33+00:00\",\"dateModified\":\"2024-10-02T10:50:48+00:00\",\"description\":\"Mentions l\u00e9gales Munna Hotel Boutique \u00ae, Gij\u00f3n, Asturias, Espagne\",\"breadcrumb\":{\"@id\":\"https:\/\/www.bluehoteles.es\/munna\/aviso-legal\/#breadcrumb\"},\"inLanguage\":\"fr-FR\",\"potentialAction\":[{\"@type\":\"ReadAction\",\"target\":[\"https:\/\/www.bluehoteles.es\/munna\/aviso-legal\/\"]}]},{\"@type\":\"BreadcrumbList\",\"@id\":\"https:\/\/www.bluehoteles.es\/munna\/aviso-legal\/#breadcrumb\",\"itemListElement\":[{\"@type\":\"ListItem\",\"position\":1,\"name\":\"Home\",\"item\":\"https:\/\/www.bluehoteles.es\/munna\/fr\/\"},{\"@type\":\"ListItem\",\"position\":2,\"name\":\"Mentions l\u00e9gales\"}]},{\"@type\":\"WebSite\",\"@id\":\"https:\/\/www.bluehoteles.es\/munna\/#website\",\"url\":\"https:\/\/www.bluehoteles.es\/munna\/\",\"name\":\"MUNNA HOTEL BOUTIQUE\",\"description\":\"MUNNA HOTEL BOUTIQUE, Gij\u00f3n, Asturias, Espa\u00f1a\",\"potentialAction\":[{\"@type\":\"SearchAction\",\"target\":{\"@type\":\"EntryPoint\",\"urlTemplate\":\"https:\/\/www.bluehoteles.es\/munna\/?s={search_term_string}\"},\"query-input\":\"required name=search_term_string\"}],\"inLanguage\":\"fr-FR\"}]}<\/script>\n<!-- \/ Yoast SEO plugin. -->","yoast_head_json":{"title":"Mentions l\u00e9gales Munna Hotel Boutique \u00ae, Gij\u00f3n, Asturias","description":"Mentions l\u00e9gales Munna Hotel Boutique \u00ae, Gij\u00f3n, Asturias, Espagne","robots":{"index":"index","follow":"follow","max-snippet":"max-snippet:-1","max-image-preview":"max-image-preview:large","max-video-preview":"max-video-preview:-1"},"canonical":"https:\/\/www.bluehoteles.es\/munna\/aviso-legal\/","og_locale":"fr_FR","og_type":"article","og_title":"Mentions l\u00e9gales Munna Hotel Boutique \u00ae, Gij\u00f3n, Asturias","og_description":"Mentions l\u00e9gales Munna Hotel Boutique \u00ae, Gij\u00f3n, Asturias, Espagne","og_url":"https:\/\/www.bluehoteles.es\/munna\/aviso-legal\/","og_site_name":"MUNNA HOTEL BOUTIQUE","article_modified_time":"2024-10-02T10:50:48+00:00","twitter_card":"summary_large_image","twitter_misc":{"Est. reading time":"9 minutes"},"schema":{"@context":"https:\/\/schema.org","@graph":[{"@type":"WebPage","@id":"https:\/\/www.bluehoteles.es\/munna\/aviso-legal\/","url":"https:\/\/www.bluehoteles.es\/munna\/aviso-legal\/","name":"Mentions l\u00e9gales Munna Hotel Boutique \u00ae, Gij\u00f3n, Asturias","isPartOf":{"@id":"https:\/\/www.bluehoteles.es\/munna\/#website"},"datePublished":"2018-08-29T11:26:33+00:00","dateModified":"2024-10-02T10:50:48+00:00","description":"Mentions l\u00e9gales Munna Hotel Boutique \u00ae, Gij\u00f3n, Asturias, Espagne","breadcrumb":{"@id":"https:\/\/www.bluehoteles.es\/munna\/aviso-legal\/#breadcrumb"},"inLanguage":"fr-FR","potentialAction":[{"@type":"ReadAction","target":["https:\/\/www.bluehoteles.es\/munna\/aviso-legal\/"]}]},{"@type":"BreadcrumbList","@id":"https:\/\/www.bluehoteles.es\/munna\/aviso-legal\/#breadcrumb","itemListElement":[{"@type":"ListItem","position":1,"name":"Home","item":"https:\/\/www.bluehoteles.es\/munna\/fr\/"},{"@type":"ListItem","position":2,"name":"Mentions l\u00e9gales"}]},{"@type":"WebSite","@id":"https:\/\/www.bluehoteles.es\/munna\/#website","url":"https:\/\/www.bluehoteles.es\/munna\/","name":"MUNNA HOTEL BOUTIQUE","description":"MUNNA HOTEL BOUTIQUE, Gij\u00f3n, Asturias, Espa\u00f1a","potentialAction":[{"@type":"SearchAction","target":{"@type":"EntryPoint","urlTemplate":"https:\/\/www.bluehoteles.es\/munna\/?s={search_term_string}"},"query-input":"required name=search_term_string"}],"inLanguage":"fr-FR"}]}},"_links":{"self":[{"href":"https:\/\/www.bluehoteles.es\/munna\/fr\/wp-json\/wp\/v2\/pages\/24170"}],"collection":[{"href":"https:\/\/www.bluehoteles.es\/munna\/fr\/wp-json\/wp\/v2\/pages"}],"about":[{"href":"https:\/\/www.bluehoteles.es\/munna\/fr\/wp-json\/wp\/v2\/types\/page"}],"author":[{"embeddable":true,"href":"https:\/\/www.bluehoteles.es\/munna\/fr\/wp-json\/wp\/v2\/users\/5"}],"replies":[{"embeddable":true,"href":"https:\/\/www.bluehoteles.es\/munna\/fr\/wp-json\/wp\/v2\/comments?post=24170"}],"version-history":[{"count":2,"href":"https:\/\/www.bluehoteles.es\/munna\/fr\/wp-json\/wp\/v2\/pages\/24170\/revisions"}],"predecessor-version":[{"id":24697,"href":"https:\/\/www.bluehoteles.es\/munna\/fr\/wp-json\/wp\/v2\/pages\/24170\/revisions\/24697"}],"wp:attachment":[{"href":"https:\/\/www.bluehoteles.es\/munna\/fr\/wp-json\/wp\/v2\/media?parent=24170"}],"curies":[{"name":"wp","href":"https:\/\/api.w.org\/{rel}","templated":true}]}}