{"id":25222,"date":"2014-03-26T08:17:14","date_gmt":"2014-03-26T08:17:14","guid":{"rendered":"https:\/\/www.bluehoteles.es\/nuvo\/galeria\/"},"modified":"2024-03-13T12:34:38","modified_gmt":"2024-03-13T11:34:38","slug":"galerie","status":"publish","type":"page","link":"https:\/\/www.bluehoteles.es\/nuvo\/fr\/galerie\/","title":{"rendered":"Galerie"},"content":{"rendered":"<p>[vc_row row_type=&#8221;row&#8221; use_row_as_full_screen_section=&#8221;no&#8221; type=&#8221;full_width&#8221; angled_section=&#8221;no&#8221; text_align=&#8221;left&#8221; background_image_as_pattern=&#8221;without_pattern&#8221; background_color=&#8221;#ffffff&#8221; border_color=&#8221;#ffffff&#8221; padding_top=&#8221;70&#8243; padding_bottom=&#8221;70&#8243; css_animation=&#8221;&#8221;][vc_column][vc_gallery type=&#8221;image_grid&#8221; images=&#8221;25217,25474,25477,25465,25462,25471,25459,25468,25453,25456,25450,25447,24801,24789,24786,24804,24795,24798,24777,24774,24780,24783,24792,24828,24825,24894,24891,24888,24885,24882,24879,24876,24873,24870,24867,24864,24861,24858,24855,24852,24849,24846,24843,24840,24837,24834,24831,24822,24819,24816,24813,24810,24807,25258,25249,25264,25261,25255,25252,25246,25243,25240,25237,25234,25231,25426,25423,25420,25417,25414,25411,25408,25405,25402,25399,25396,25393,25390,25387,25384,25381,25378,25375,25372,25369,25366,25363&#8243; img_size=&#8221;400&#215;400&#8243; column_number=&#8221;4&#8243; grayscale=&#8221;no&#8221; images_space=&#8221;gallery_with_space&#8221;][\/vc_column][\/vc_row]<\/p>\n","protected":false},"excerpt":{"rendered":"<p>[vc_row row_type=&#8221;row&#8221; use_row_as_full_screen_section=&#8221;no&#8221; type=&#8221;full_width&#8221; angled_section=&#8221;no&#8221; text_align=&#8221;left&#8221; background_image_as_pattern=&#8221;without_pattern&#8221; background_color=&#8221;#ffffff&#8221; border_color=&#8221;#ffffff&#8221; padding_top=&#8221;70&#8243; padding_bottom=&#8221;70&#8243; css_animation=&#8221;&#8221;][vc_column][vc_gallery type=&#8221;image_grid&#8221; images=&#8221;25217,25474,25477,25465,25462,25471,25459,25468,25453,25456,25450,25447,24801,24789,24786,24804,24795,24798,24777,24774,24780,24783,24792,24828,24825,24894,24891,24888,24885,24882,24879,24876,24873,24870,24867,24864,24861,24858,24855,24852,24849,24846,24843,24840,24837,24834,24831,24822,24819,24816,24813,24810,24807,25258,25249,25264,25261,25255,25252,25246,25243,25240,25237,25234,25231,25426,25423,25420,25417,25414,25411,25408,25405,25402,25399,25396,25393,25390,25387,25384,25381,25378,25375,25372,25369,25366,25363&#8243; img_size=&#8221;400&#215;400&#8243; column_number=&#8221;4&#8243; grayscale=&#8221;no&#8221; images_space=&#8221;gallery_with_space&#8221;][\/vc_column][\/vc_row]<\/p>\n","protected":false},"author":4,"featured_media":0,"parent":0,"menu_order":0,"comment_status":"open","ping_status":"open","template":"full_width.php","meta":{"footnotes":""},"yoast_head":"<!-- This site is optimized with the Yoast SEO plugin v22.2 - https:\/\/yoast.com\/wordpress\/plugins\/seo\/ -->\n<title>Galerie d&#039;images de la boutique de l&#039;h\u00f4tel NUV\u00d3, Oviedo, Espagne<\/title>\n<meta name=\"description\" content=\"Ici vous pouvez d\u00e9couvrir notre NUV\u00d3 Boutique H\u00f4tel \u00e0 Oviedo \u00e0 travers sa galerie de photos.\" \/>\n<meta name=\"robots\" content=\"index, follow, max-snippet:-1, max-image-preview:large, max-video-preview:-1\" \/>\n<link rel=\"canonical\" href=\"https:\/\/www.bluehoteles.es\/nuvo\/fr\/galerie\/\" \/>\n<meta property=\"og:locale\" content=\"fr_FR\" \/>\n<meta property=\"og:type\" content=\"article\" \/>\n<meta property=\"og:title\" content=\"Galerie d&#039;images de la boutique de l&#039;h\u00f4tel NUV\u00d3, Oviedo, Espagne\" \/>\n<meta property=\"og:description\" content=\"Ici vous pouvez d\u00e9couvrir notre NUV\u00d3 Boutique H\u00f4tel \u00e0 Oviedo \u00e0 travers sa galerie de photos.\" \/>\n<meta property=\"og:url\" content=\"https:\/\/www.bluehoteles.es\/nuvo\/fr\/galerie\/\" \/>\n<meta property=\"og:site_name\" content=\"NUV\u00d3 hotel boutique\" \/>\n<meta property=\"article:modified_time\" content=\"2024-03-13T11:34:38+00:00\" \/>\n<meta name=\"twitter:card\" content=\"summary_large_image\" \/>\n<meta name=\"twitter:label1\" content=\"Est. reading time\" \/>\n\t<meta name=\"twitter:data1\" content=\"18 minutes\" \/>\n<script type=\"application\/ld+json\" class=\"yoast-schema-graph\">{\"@context\":\"https:\/\/schema.org\",\"@graph\":[{\"@type\":\"WebPage\",\"@id\":\"https:\/\/www.bluehoteles.es\/nuvo\/fr\/galerie\/\",\"url\":\"https:\/\/www.bluehoteles.es\/nuvo\/fr\/galerie\/\",\"name\":\"Galerie d'images de la boutique de l'h\u00f4tel NUV\u00d3, Oviedo, Espagne\",\"isPartOf\":{\"@id\":\"https:\/\/www.bluehoteles.es\/nuvo\/#website\"},\"datePublished\":\"2014-03-26T08:17:14+00:00\",\"dateModified\":\"2024-03-13T11:34:38+00:00\",\"description\":\"Ici vous pouvez d\u00e9couvrir notre NUV\u00d3 Boutique H\u00f4tel \u00e0 Oviedo \u00e0 travers sa galerie de photos.\",\"breadcrumb\":{\"@id\":\"https:\/\/www.bluehoteles.es\/nuvo\/fr\/galerie\/#breadcrumb\"},\"inLanguage\":\"fr-FR\",\"potentialAction\":[{\"@type\":\"ReadAction\",\"target\":[\"https:\/\/www.bluehoteles.es\/nuvo\/fr\/galerie\/\"]}]},{\"@type\":\"BreadcrumbList\",\"@id\":\"https:\/\/www.bluehoteles.es\/nuvo\/fr\/galerie\/#breadcrumb\",\"itemListElement\":[{\"@type\":\"ListItem\",\"position\":1,\"name\":\"Portada\",\"item\":\"https:\/\/www.bluehoteles.es\/nuvo\/fr\/\"},{\"@type\":\"ListItem\",\"position\":2,\"name\":\"Galerie\"}]},{\"@type\":\"WebSite\",\"@id\":\"https:\/\/www.bluehoteles.es\/nuvo\/#website\",\"url\":\"https:\/\/www.bluehoteles.es\/nuvo\/\",\"name\":\"NUV\u00d3 hotel boutique\",\"description\":\"WEB OFICIAL de NUV\u00d3 hotel boutique \u00ae en Oviedo, sin intermediarios, con descuentos especiales y al mejor precio garantizado. BLUE HOTELES.\",\"potentialAction\":[{\"@type\":\"SearchAction\",\"target\":{\"@type\":\"EntryPoint\",\"urlTemplate\":\"https:\/\/www.bluehoteles.es\/nuvo\/?s={search_term_string}\"},\"query-input\":\"required name=search_term_string\"}],\"inLanguage\":\"fr-FR\"}]}<\/script>\n<!-- \/ Yoast SEO plugin. -->","yoast_head_json":{"title":"Galerie d'images de la boutique de l'h\u00f4tel NUV\u00d3, Oviedo, Espagne","description":"Ici vous pouvez d\u00e9couvrir notre NUV\u00d3 Boutique H\u00f4tel \u00e0 Oviedo \u00e0 travers sa galerie de photos.","robots":{"index":"index","follow":"follow","max-snippet":"max-snippet:-1","max-image-preview":"max-image-preview:large","max-video-preview":"max-video-preview:-1"},"canonical":"https:\/\/www.bluehoteles.es\/nuvo\/fr\/galerie\/","og_locale":"fr_FR","og_type":"article","og_title":"Galerie d'images de la boutique de l'h\u00f4tel NUV\u00d3, Oviedo, Espagne","og_description":"Ici vous pouvez d\u00e9couvrir notre NUV\u00d3 Boutique H\u00f4tel \u00e0 Oviedo \u00e0 travers sa galerie de photos.","og_url":"https:\/\/www.bluehoteles.es\/nuvo\/fr\/galerie\/","og_site_name":"NUV\u00d3 hotel boutique","article_modified_time":"2024-03-13T11:34:38+00:00","twitter_card":"summary_large_image","twitter_misc":{"Est. reading time":"18 minutes"},"schema":{"@context":"https:\/\/schema.org","@graph":[{"@type":"WebPage","@id":"https:\/\/www.bluehoteles.es\/nuvo\/fr\/galerie\/","url":"https:\/\/www.bluehoteles.es\/nuvo\/fr\/galerie\/","name":"Galerie d'images de la boutique de l'h\u00f4tel NUV\u00d3, Oviedo, Espagne","isPartOf":{"@id":"https:\/\/www.bluehoteles.es\/nuvo\/#website"},"datePublished":"2014-03-26T08:17:14+00:00","dateModified":"2024-03-13T11:34:38+00:00","description":"Ici vous pouvez d\u00e9couvrir notre NUV\u00d3 Boutique H\u00f4tel \u00e0 Oviedo \u00e0 travers sa galerie de photos.","breadcrumb":{"@id":"https:\/\/www.bluehoteles.es\/nuvo\/fr\/galerie\/#breadcrumb"},"inLanguage":"fr-FR","potentialAction":[{"@type":"ReadAction","target":["https:\/\/www.bluehoteles.es\/nuvo\/fr\/galerie\/"]}]},{"@type":"BreadcrumbList","@id":"https:\/\/www.bluehoteles.es\/nuvo\/fr\/galerie\/#breadcrumb","itemListElement":[{"@type":"ListItem","position":1,"name":"Portada","item":"https:\/\/www.bluehoteles.es\/nuvo\/fr\/"},{"@type":"ListItem","position":2,"name":"Galerie"}]},{"@type":"WebSite","@id":"https:\/\/www.bluehoteles.es\/nuvo\/#website","url":"https:\/\/www.bluehoteles.es\/nuvo\/","name":"NUV\u00d3 hotel boutique","description":"WEB OFICIAL de NUV\u00d3 hotel boutique \u00ae en Oviedo, sin intermediarios, con descuentos especiales y al mejor precio garantizado. BLUE HOTELES.","potentialAction":[{"@type":"SearchAction","target":{"@type":"EntryPoint","urlTemplate":"https:\/\/www.bluehoteles.es\/nuvo\/?s={search_term_string}"},"query-input":"required name=search_term_string"}],"inLanguage":"fr-FR"}]}},"_links":{"self":[{"href":"https:\/\/www.bluehoteles.es\/nuvo\/fr\/wp-json\/wp\/v2\/pages\/25222"}],"collection":[{"href":"https:\/\/www.bluehoteles.es\/nuvo\/fr\/wp-json\/wp\/v2\/pages"}],"about":[{"href":"https:\/\/www.bluehoteles.es\/nuvo\/fr\/wp-json\/wp\/v2\/types\/page"}],"author":[{"embeddable":true,"href":"https:\/\/www.bluehoteles.es\/nuvo\/fr\/wp-json\/wp\/v2\/users\/4"}],"replies":[{"embeddable":true,"href":"https:\/\/www.bluehoteles.es\/nuvo\/fr\/wp-json\/wp\/v2\/comments?post=25222"}],"version-history":[{"count":5,"href":"https:\/\/www.bluehoteles.es\/nuvo\/fr\/wp-json\/wp\/v2\/pages\/25222\/revisions"}],"predecessor-version":[{"id":25480,"href":"https:\/\/www.bluehoteles.es\/nuvo\/fr\/wp-json\/wp\/v2\/pages\/25222\/revisions\/25480"}],"wp:attachment":[{"href":"https:\/\/www.bluehoteles.es\/nuvo\/fr\/wp-json\/wp\/v2\/media?parent=25222"}],"curies":[{"name":"wp","href":"https:\/\/api.w.org\/{rel}","templated":true}]}}