{"id":25506,"date":"2024-09-30T10:05:31","date_gmt":"2024-09-30T09:05:31","guid":{"rendered":"https:\/\/www.bluehoteles.es\/nuvo\/?page_id=25506"},"modified":"2024-09-30T10:05:31","modified_gmt":"2024-09-30T09:05:31","slug":"chambre-simple-avec-lit-queen-size","status":"publish","type":"page","link":"https:\/\/www.bluehoteles.es\/nuvo\/fr\/chambre-simple-avec-lit-queen-size\/","title":{"rendered":"Chambre Simple avec Lit Queen-Size"},"content":{"rendered":"<p>[vc_row row_type=&#8221;row&#8221; use_row_as_full_screen_section=&#8221;no&#8221; type=&#8221;full_width&#8221; anchor=&#8221;gallery&#8221; angled_section=&#8221;no&#8221; text_align=&#8221;left&#8221; background_image_as_pattern=&#8221;without_pattern&#8221; css_animation=&#8221;&#8221;][vc_column]<div class='qode_image_gallery_no_space light highlight_active'><div class='qode_image_gallery_holder' style='height: 600px;'><ul style = \"background-color: #000000\" ><li style = \"opacity: 0.40\" ><div style=\"height: 600px; width:780px;\"><img decoding=\"async\" itemprop=\"image\" src=\"https:\/\/www.bluehoteles.es\/nuvo\/wp-content\/uploads\/sites\/6\/2023\/12\/nuvo_hotel_boutique_oviedo_habitacion_estandar_matrimonial_2_111-15.jpg\" alt=\"\" \/><\/div><\/li><li style = \"opacity: 0.40\" ><div style=\"height: 600px; width:618px;\"><img decoding=\"async\" itemprop=\"image\" src=\"https:\/\/www.bluehoteles.es\/nuvo\/wp-content\/uploads\/sites\/6\/2023\/12\/nuvo_hotel_boutique_oviedo_habitacion_estandar_matrimonial_2_111-35.jpg\" alt=\"\" \/><\/div><\/li><li style = \"opacity: 0.40\" ><div style=\"height: 600px; width:659px;\"><img decoding=\"async\" itemprop=\"image\" src=\"https:\/\/www.bluehoteles.es\/nuvo\/wp-content\/uploads\/sites\/6\/2023\/12\/nuvo_hotel_boutique_oviedo_habitacion_estandar_matrimonial_2_111-42.jpg\" alt=\"\" \/><\/div><\/li><li style = \"opacity: 0.40\" ><div style=\"height: 600px; width:591px;\"><img decoding=\"async\" itemprop=\"image\" src=\"https:\/\/www.bluehoteles.es\/nuvo\/wp-content\/uploads\/sites\/6\/2023\/12\/nuvo_hotel_boutique_oviedo_habitacion_estandar_matrimonial_2_111-8.jpg\" alt=\"\" \/><\/div><\/li><li style = \"opacity: 0.40\" ><div style=\"height: 600px; width:548px;\"><img decoding=\"async\" itemprop=\"image\" src=\"https:\/\/www.bluehoteles.es\/nuvo\/wp-content\/uploads\/sites\/6\/2023\/12\/nuvo_hotel_boutique_oviedo_habitacion_estandar_matrimonial_2_111-39.jpg\" alt=\"\" \/><\/div><\/li><li style = \"opacity: 0.40\" ><div style=\"height: 600px; width:586px;\"><img decoding=\"async\" itemprop=\"image\" src=\"https:\/\/www.bluehoteles.es\/nuvo\/wp-content\/uploads\/sites\/6\/2023\/12\/nuvo_hotel_boutique_oviedo_habitacion_estandar_matrimonial_2_111-46.jpg\" alt=\"\" \/><\/div><\/li><li style = \"opacity: 0.40\" ><div style=\"height: 600px; width:780px;\"><img decoding=\"async\" itemprop=\"image\" src=\"https:\/\/www.bluehoteles.es\/nuvo\/wp-content\/uploads\/sites\/6\/2023\/12\/nuvo_hotel_boutique_oviedo_habitacion_estandar_matrimonial_2_111-52.jpg\" alt=\"\" \/><\/div><\/li><li style = \"opacity: 0.40\" ><div style=\"height: 600px; width:704px;\"><img decoding=\"async\" itemprop=\"image\" src=\"https:\/\/www.bluehoteles.es\/nuvo\/wp-content\/uploads\/sites\/6\/2023\/12\/nuvo_hotel_boutique_oviedo_habitacion_estandar_matrimonial_2_111-48.jpg\" alt=\"\" \/><\/div><\/li><li style = \"opacity: 0.40\" ><div style=\"height: 600px; width:900px;\"><img decoding=\"async\" itemprop=\"image\" src=\"https:\/\/www.bluehoteles.es\/nuvo\/wp-content\/uploads\/sites\/6\/2023\/12\/nuvo_hotel_boutique_oviedo_habitacion_estandar_matrimonial_2_111-54.jpg\" alt=\"\" \/><\/div><\/li><li style = \"opacity: 0.40\" ><div style=\"height: 600px; width:750px;\"><img decoding=\"async\" itemprop=\"image\" src=\"https:\/\/www.bluehoteles.es\/nuvo\/wp-content\/uploads\/sites\/6\/2023\/12\/nuvo_hotel_boutique_oviedo_habitacion_estandar_matrimonial_2_111-53.jpg\" alt=\"\" \/><\/div><\/li><\/ul><\/div><div class=\"controls\"><a class=\"prev-slide\" href=\"#\"><span><i class=\"fa fa-angle-left\"><\/i><\/span><\/a><a class=\"next-slide\" href=\"#\"><span><i class=\"fa fa-angle-right\"><\/i><\/span><\/a><\/div><\/div>[\/vc_column][\/vc_row]<\/p>\n","protected":false},"excerpt":{"rendered":"<p>[vc_row row_type=&#8221;row&#8221; use_row_as_full_screen_section=&#8221;no&#8221; type=&#8221;full_width&#8221; anchor=&#8221;gallery&#8221; angled_section=&#8221;no&#8221; text_align=&#8221;left&#8221; background_image_as_pattern=&#8221;without_pattern&#8221; css_animation=&#8221;&#8221;][vc_column][\/vc_column][\/vc_row]<\/p>\n","protected":false},"author":4,"featured_media":0,"parent":0,"menu_order":0,"comment_status":"closed","ping_status":"closed","template":"full_width.php","meta":{"footnotes":""},"yoast_head":"<!-- This site is optimized with the Yoast SEO plugin v22.2 - https:\/\/yoast.com\/wordpress\/plugins\/seo\/ -->\n<title>NUV\u00d3 hotel boutique\u00ae -\u00a0Chambre Simple avec Lit Queen-Size<\/title>\n<meta name=\"description\" content=\"Chambre ext\u00e9rieure avec 1 lit double Queen Size, salle de bain avec douche \u00e0 effet pluie, s\u00e8che-cheveux, chauffage A\/C, r\u00e9frig\u00e9rateur, coffre-fort, bureau, Smart TV 50&quot;, WIFI, t\u00e9l\u00e9phone.\" \/>\n<meta name=\"robots\" content=\"index, follow, max-snippet:-1, max-image-preview:large, max-video-preview:-1\" \/>\n<link rel=\"canonical\" href=\"https:\/\/www.bluehoteles.es\/nuvo\/fr\/chambre-simple-avec-lit-queen-size\/\" \/>\n<meta property=\"og:locale\" content=\"fr_FR\" \/>\n<meta property=\"og:type\" content=\"article\" \/>\n<meta property=\"og:title\" content=\"NUV\u00d3 hotel boutique\u00ae -\u00a0Chambre Simple avec Lit Queen-Size\" \/>\n<meta property=\"og:description\" content=\"Chambre ext\u00e9rieure avec 1 lit double Queen Size, salle de bain avec douche \u00e0 effet pluie, s\u00e8che-cheveux, chauffage A\/C, r\u00e9frig\u00e9rateur, coffre-fort, bureau, Smart TV 50&quot;, WIFI, t\u00e9l\u00e9phone.\" \/>\n<meta property=\"og:url\" content=\"https:\/\/www.bluehoteles.es\/nuvo\/fr\/chambre-simple-avec-lit-queen-size\/\" \/>\n<meta property=\"og:site_name\" content=\"NUV\u00d3 hotel boutique\" \/>\n<meta name=\"twitter:card\" content=\"summary_large_image\" \/>\n<meta name=\"twitter:label1\" content=\"Est. reading time\" \/>\n\t<meta name=\"twitter:data1\" content=\"3 minutes\" \/>\n<script type=\"application\/ld+json\" class=\"yoast-schema-graph\">{\"@context\":\"https:\/\/schema.org\",\"@graph\":[{\"@type\":\"WebPage\",\"@id\":\"https:\/\/www.bluehoteles.es\/nuvo\/fr\/chambre-simple-avec-lit-queen-size\/\",\"url\":\"https:\/\/www.bluehoteles.es\/nuvo\/fr\/chambre-simple-avec-lit-queen-size\/\",\"name\":\"NUV\u00d3 hotel boutique\u00ae -\u00a0Chambre Simple avec Lit Queen-Size\",\"isPartOf\":{\"@id\":\"https:\/\/www.bluehoteles.es\/nuvo\/#website\"},\"datePublished\":\"2024-09-30T09:05:31+00:00\",\"dateModified\":\"2024-09-30T09:05:31+00:00\",\"description\":\"Chambre ext\u00e9rieure avec 1 lit double Queen Size, salle de bain avec douche \u00e0 effet pluie, s\u00e8che-cheveux, chauffage A\/C, r\u00e9frig\u00e9rateur, coffre-fort, bureau, Smart TV 50\\\", WIFI, t\u00e9l\u00e9phone.\",\"breadcrumb\":{\"@id\":\"https:\/\/www.bluehoteles.es\/nuvo\/fr\/chambre-simple-avec-lit-queen-size\/#breadcrumb\"},\"inLanguage\":\"fr-FR\",\"potentialAction\":[{\"@type\":\"ReadAction\",\"target\":[\"https:\/\/www.bluehoteles.es\/nuvo\/fr\/chambre-simple-avec-lit-queen-size\/\"]}]},{\"@type\":\"BreadcrumbList\",\"@id\":\"https:\/\/www.bluehoteles.es\/nuvo\/fr\/chambre-simple-avec-lit-queen-size\/#breadcrumb\",\"itemListElement\":[{\"@type\":\"ListItem\",\"position\":1,\"name\":\"Portada\",\"item\":\"https:\/\/www.bluehoteles.es\/nuvo\/fr\/\"},{\"@type\":\"ListItem\",\"position\":2,\"name\":\"Chambre Simple avec Lit Queen-Size\"}]},{\"@type\":\"WebSite\",\"@id\":\"https:\/\/www.bluehoteles.es\/nuvo\/#website\",\"url\":\"https:\/\/www.bluehoteles.es\/nuvo\/\",\"name\":\"NUV\u00d3 hotel boutique\",\"description\":\"WEB OFICIAL de NUV\u00d3 hotel boutique \u00ae en Oviedo, sin intermediarios, con descuentos especiales y al mejor precio garantizado. BLUE HOTELES.\",\"potentialAction\":[{\"@type\":\"SearchAction\",\"target\":{\"@type\":\"EntryPoint\",\"urlTemplate\":\"https:\/\/www.bluehoteles.es\/nuvo\/?s={search_term_string}\"},\"query-input\":\"required name=search_term_string\"}],\"inLanguage\":\"fr-FR\"}]}<\/script>\n<!-- \/ Yoast SEO plugin. -->","yoast_head_json":{"title":"NUV\u00d3 hotel boutique\u00ae -\u00a0Chambre Simple avec Lit Queen-Size","description":"Chambre ext\u00e9rieure avec 1 lit double Queen Size, salle de bain avec douche \u00e0 effet pluie, s\u00e8che-cheveux, chauffage A\/C, r\u00e9frig\u00e9rateur, coffre-fort, bureau, Smart TV 50\", WIFI, t\u00e9l\u00e9phone.","robots":{"index":"index","follow":"follow","max-snippet":"max-snippet:-1","max-image-preview":"max-image-preview:large","max-video-preview":"max-video-preview:-1"},"canonical":"https:\/\/www.bluehoteles.es\/nuvo\/fr\/chambre-simple-avec-lit-queen-size\/","og_locale":"fr_FR","og_type":"article","og_title":"NUV\u00d3 hotel boutique\u00ae -\u00a0Chambre Simple avec Lit Queen-Size","og_description":"Chambre ext\u00e9rieure avec 1 lit double Queen Size, salle de bain avec douche \u00e0 effet pluie, s\u00e8che-cheveux, chauffage A\/C, r\u00e9frig\u00e9rateur, coffre-fort, bureau, Smart TV 50\", WIFI, t\u00e9l\u00e9phone.","og_url":"https:\/\/www.bluehoteles.es\/nuvo\/fr\/chambre-simple-avec-lit-queen-size\/","og_site_name":"NUV\u00d3 hotel boutique","twitter_card":"summary_large_image","twitter_misc":{"Est. reading time":"3 minutes"},"schema":{"@context":"https:\/\/schema.org","@graph":[{"@type":"WebPage","@id":"https:\/\/www.bluehoteles.es\/nuvo\/fr\/chambre-simple-avec-lit-queen-size\/","url":"https:\/\/www.bluehoteles.es\/nuvo\/fr\/chambre-simple-avec-lit-queen-size\/","name":"NUV\u00d3 hotel boutique\u00ae -\u00a0Chambre Simple avec Lit Queen-Size","isPartOf":{"@id":"https:\/\/www.bluehoteles.es\/nuvo\/#website"},"datePublished":"2024-09-30T09:05:31+00:00","dateModified":"2024-09-30T09:05:31+00:00","description":"Chambre ext\u00e9rieure avec 1 lit double Queen Size, salle de bain avec douche \u00e0 effet pluie, s\u00e8che-cheveux, chauffage A\/C, r\u00e9frig\u00e9rateur, coffre-fort, bureau, Smart TV 50\", WIFI, t\u00e9l\u00e9phone.","breadcrumb":{"@id":"https:\/\/www.bluehoteles.es\/nuvo\/fr\/chambre-simple-avec-lit-queen-size\/#breadcrumb"},"inLanguage":"fr-FR","potentialAction":[{"@type":"ReadAction","target":["https:\/\/www.bluehoteles.es\/nuvo\/fr\/chambre-simple-avec-lit-queen-size\/"]}]},{"@type":"BreadcrumbList","@id":"https:\/\/www.bluehoteles.es\/nuvo\/fr\/chambre-simple-avec-lit-queen-size\/#breadcrumb","itemListElement":[{"@type":"ListItem","position":1,"name":"Portada","item":"https:\/\/www.bluehoteles.es\/nuvo\/fr\/"},{"@type":"ListItem","position":2,"name":"Chambre Simple avec Lit Queen-Size"}]},{"@type":"WebSite","@id":"https:\/\/www.bluehoteles.es\/nuvo\/#website","url":"https:\/\/www.bluehoteles.es\/nuvo\/","name":"NUV\u00d3 hotel boutique","description":"WEB OFICIAL de NUV\u00d3 hotel boutique \u00ae en Oviedo, sin intermediarios, con descuentos especiales y al mejor precio garantizado. BLUE HOTELES.","potentialAction":[{"@type":"SearchAction","target":{"@type":"EntryPoint","urlTemplate":"https:\/\/www.bluehoteles.es\/nuvo\/?s={search_term_string}"},"query-input":"required name=search_term_string"}],"inLanguage":"fr-FR"}]}},"_links":{"self":[{"href":"https:\/\/www.bluehoteles.es\/nuvo\/fr\/wp-json\/wp\/v2\/pages\/25506"}],"collection":[{"href":"https:\/\/www.bluehoteles.es\/nuvo\/fr\/wp-json\/wp\/v2\/pages"}],"about":[{"href":"https:\/\/www.bluehoteles.es\/nuvo\/fr\/wp-json\/wp\/v2\/types\/page"}],"author":[{"embeddable":true,"href":"https:\/\/www.bluehoteles.es\/nuvo\/fr\/wp-json\/wp\/v2\/users\/4"}],"replies":[{"embeddable":true,"href":"https:\/\/www.bluehoteles.es\/nuvo\/fr\/wp-json\/wp\/v2\/comments?post=25506"}],"version-history":[{"count":2,"href":"https:\/\/www.bluehoteles.es\/nuvo\/fr\/wp-json\/wp\/v2\/pages\/25506\/revisions"}],"predecessor-version":[{"id":25511,"href":"https:\/\/www.bluehoteles.es\/nuvo\/fr\/wp-json\/wp\/v2\/pages\/25506\/revisions\/25511"}],"wp:attachment":[{"href":"https:\/\/www.bluehoteles.es\/nuvo\/fr\/wp-json\/wp\/v2\/media?parent=25506"}],"curies":[{"name":"wp","href":"https:\/\/api.w.org\/{rel}","templated":true}]}}