{"id":21232,"date":"2018-04-25T18:43:02","date_gmt":"2018-04-25T17:43:02","guid":{"rendered":"https:\/\/www.bluehoteles.es\/santa-rosa\/?page_id=21232"},"modified":"2024-01-22T15:09:01","modified_gmt":"2024-01-22T14:09:01","slug":"habitacion-doble-2-camas","status":"publish","type":"page","link":"https:\/\/www.bluehoteles.es\/nuvo\/habitacion-doble-2-camas\/","title":{"rendered":"Habitaci\u00f3n Doble 2 Camas"},"content":{"rendered":"<p>[vc_row row_type=\u00bbrow\u00bb use_row_as_full_screen_section=\u00bbno\u00bb type=\u00bbfull_width\u00bb anchor=\u00bbgallery\u00bb angled_section=\u00bbno\u00bb text_align=\u00bbleft\u00bb background_image_as_pattern=\u00bbwithout_pattern\u00bb background_color=\u00bb#ffffff\u00bb css_animation=\u00bb\u00bb][vc_column]<div class='qode_image_gallery_no_space light highlight_active'><div class='qode_image_gallery_holder' style='height: 600px;'><ul style = \"background-color: #000000\" ><li style = \"opacity: 0.40\" ><div style=\"height: 600px; width:689px;\"><img decoding=\"async\" itemprop=\"image\" src=\"https:\/\/www.bluehoteles.es\/nuvo\/wp-content\/uploads\/sites\/6\/2023\/12\/nuvo_hotel_boutique_oviedo_habitacion_estandar_2_camas_2_107-100.jpg\" alt=\"\" \/><\/div><\/li><li style = \"opacity: 0.40\" ><div style=\"height: 600px; width:800px;\"><img decoding=\"async\" itemprop=\"image\" src=\"https:\/\/www.bluehoteles.es\/nuvo\/wp-content\/uploads\/sites\/6\/2023\/12\/nuvo_hotel_boutique_oviedo_habitacion_estandar_2_camas_2_103-27.jpg\" alt=\"\" \/><\/div><\/li><li style = \"opacity: 0.40\" ><div style=\"height: 600px; width:881px;\"><img decoding=\"async\" itemprop=\"image\" src=\"https:\/\/www.bluehoteles.es\/nuvo\/wp-content\/uploads\/sites\/6\/2023\/12\/nuvo_hotel_boutique_oviedo_habitacion_estandar_2_camas_2_104-16.jpg\" alt=\"\" \/><\/div><\/li><li style = \"opacity: 0.40\" ><div style=\"height: 600px; width:813px;\"><img decoding=\"async\" itemprop=\"image\" src=\"https:\/\/www.bluehoteles.es\/nuvo\/wp-content\/uploads\/sites\/6\/2023\/12\/nuvo_hotel_boutique_oviedo_habitacion_estandar_2_camas_2_104-38.jpg\" alt=\"\" \/><\/div><\/li><li style = \"opacity: 0.40\" ><div style=\"height: 600px; width:713px;\"><img decoding=\"async\" itemprop=\"image\" src=\"https:\/\/www.bluehoteles.es\/nuvo\/wp-content\/uploads\/sites\/6\/2023\/12\/nuvo_hotel_boutique_oviedo_habitacion_estandar_2_camas_hotel_boutique_oviedo_habitacion_estandar_2_camas_1-59.jpg\" alt=\"\" \/><\/div><\/li><li style = \"opacity: 0.40\" ><div style=\"height: 600px; width:660px;\"><img decoding=\"async\" itemprop=\"image\" src=\"https:\/\/www.bluehoteles.es\/nuvo\/wp-content\/uploads\/sites\/6\/2023\/12\/nuvo_hotel_boutique_oviedo_habitacion_estandar_2_camas_2_103-22.jpg\" alt=\"\" \/><\/div><\/li><li style = \"opacity: 0.40\" ><div style=\"height: 600px; width:687px;\"><img decoding=\"async\" itemprop=\"image\" src=\"https:\/\/www.bluehoteles.es\/nuvo\/wp-content\/uploads\/sites\/6\/2023\/12\/nuvo_hotel_boutique_oviedo_habitacion_estandar_2_camas_2_105-1.jpg\" alt=\"\" \/><\/div><\/li><li style = \"opacity: 0.40\" ><div style=\"height: 600px; width:725px;\"><img decoding=\"async\" itemprop=\"image\" src=\"https:\/\/www.bluehoteles.es\/nuvo\/wp-content\/uploads\/sites\/6\/2023\/12\/nuvo_hotel_boutique_oviedo_habitacion_estandar_2_camas_hotel_boutique_oviedo_habitacion_estandar_2_camas_1-56.jpg\" alt=\"\" \/><\/div><\/li><li style = \"opacity: 0.40\" ><div style=\"height: 600px; width:758px;\"><img decoding=\"async\" itemprop=\"image\" src=\"https:\/\/www.bluehoteles.es\/nuvo\/wp-content\/uploads\/sites\/6\/2023\/12\/nuvo_hotel_boutique_oviedo_habitacion_estandar_2_camas_2_104-12.jpg\" alt=\"\" \/><\/div><\/li><li style = \"opacity: 0.40\" ><div style=\"height: 600px; width:900px;\"><img decoding=\"async\" itemprop=\"image\" src=\"https:\/\/www.bluehoteles.es\/nuvo\/wp-content\/uploads\/sites\/6\/2023\/12\/nuvo_hotel_boutique_oviedo_habitacion_estandar_2_camas_hotel_boutique_oviedo_habitacion_estandar_2_camas_1-65.jpg\" alt=\"\" \/><\/div><\/li><li style = \"opacity: 0.40\" ><div style=\"height: 600px; width:845px;\"><img decoding=\"async\" itemprop=\"image\" src=\"https:\/\/www.bluehoteles.es\/nuvo\/wp-content\/uploads\/sites\/6\/2023\/12\/nuvo_hotel_boutique_oviedo_habitacion_estandar_2_camas_2_103-9.jpg\" alt=\"\" \/><\/div><\/li><li style = \"opacity: 0.40\" ><div style=\"height: 600px; width:900px;\"><img decoding=\"async\" itemprop=\"image\" src=\"https:\/\/www.bluehoteles.es\/nuvo\/wp-content\/uploads\/sites\/6\/2023\/12\/nuvo_hotel_boutique_oviedo_habitacion_estandar_2_camas_2_104-18.jpg\" alt=\"\" \/><\/div><\/li><li style = \"opacity: 0.40\" ><div style=\"height: 600px; width:683px;\"><img decoding=\"async\" itemprop=\"image\" src=\"https:\/\/www.bluehoteles.es\/nuvo\/wp-content\/uploads\/sites\/6\/2023\/12\/nuvo_hotel_boutique_oviedo_habitacion_estandar_2_camas_hotel_boutique_oviedo_habitacion_estandar_2_camas_1-52.jpg\" alt=\"\" \/><\/div><\/li><li style = \"opacity: 0.40\" ><div style=\"height: 600px; width:900px;\"><img decoding=\"async\" itemprop=\"image\" src=\"https:\/\/www.bluehoteles.es\/nuvo\/wp-content\/uploads\/sites\/6\/2023\/12\/nuvo_hotel_boutique_oviedo_habitacion_estandar_2_camas_2_104-36.jpg\" alt=\"\" \/><\/div><\/li><li style = \"opacity: 0.40\" ><div style=\"height: 600px; width:900px;\"><img decoding=\"async\" itemprop=\"image\" src=\"https:\/\/www.bluehoteles.es\/nuvo\/wp-content\/uploads\/sites\/6\/2023\/12\/nuvo_hotel_boutique_oviedo_habitacion_estandar_2_camas_hotel_boutique_oviedo_habitacion_estandar_2_camas_1-79.jpg\" alt=\"\" \/><\/div><\/li><li style = \"opacity: 0.40\" ><div style=\"height: 600px; width:900px;\"><img decoding=\"async\" itemprop=\"image\" src=\"https:\/\/www.bluehoteles.es\/nuvo\/wp-content\/uploads\/sites\/6\/2023\/12\/nuvo_hotel_boutique_oviedo_habitacion_estandar_2_camas_hotel_boutique_oviedo_habitacion_estandar_2_camas_1-80.jpg\" alt=\"\" \/><\/div><\/li><li style = \"opacity: 0.40\" ><div style=\"height: 600px; width:644px;\"><img decoding=\"async\" itemprop=\"image\" src=\"https:\/\/www.bluehoteles.es\/nuvo\/wp-content\/uploads\/sites\/6\/2023\/12\/nuvo_hotel_boutique_oviedo_habitacion_estandar_2_camas_hotel_boutique_oviedo_habitacion_estandar_2_camas_1-77.jpg\" alt=\"\" \/><\/div><\/li><li style = \"opacity: 0.40\" ><div style=\"height: 600px; width:631px;\"><img decoding=\"async\" itemprop=\"image\" src=\"https:\/\/www.bluehoteles.es\/nuvo\/wp-content\/uploads\/sites\/6\/2023\/12\/nuvo_hotel_boutique_oviedo_habitacion_estandar_2_camas_2_105-2.jpg\" alt=\"\" \/><\/div><\/li><li style = \"opacity: 0.40\" ><div style=\"height: 600px; width:596px;\"><img decoding=\"async\" itemprop=\"image\" src=\"https:\/\/www.bluehoteles.es\/nuvo\/wp-content\/uploads\/sites\/6\/2023\/12\/nuvo_hotel_boutique_oviedo_habitacion_estandar_2_camas_hotel_boutique_oviedo_habitacion_estandar_2_camas_1-83.jpg\" alt=\"\" \/><\/div><\/li><li style = \"opacity: 0.40\" ><div style=\"height: 600px; width:580px;\"><img decoding=\"async\" itemprop=\"image\" src=\"https:\/\/www.bluehoteles.es\/nuvo\/wp-content\/uploads\/sites\/6\/2023\/12\/nuvo_hotel_boutique_oviedo_habitacion_estandar_2_camas_hotel_boutique_oviedo_habitacion_estandar_2_camas_1-75.jpg\" alt=\"\" \/><\/div><\/li><\/ul><\/div><div class=\"controls\"><a class=\"prev-slide\" href=\"#\"><span><i class=\"fa fa-angle-left\"><\/i><\/span><\/a><a class=\"next-slide\" href=\"#\"><span><i class=\"fa fa-angle-right\"><\/i><\/span><\/a><\/div><\/div>[\/vc_column][\/vc_row]<\/p>\n","protected":false},"excerpt":{"rendered":"<p>[vc_row row_type=\u00bbrow\u00bb use_row_as_full_screen_section=\u00bbno\u00bb type=\u00bbfull_width\u00bb anchor=\u00bbgallery\u00bb angled_section=\u00bbno\u00bb text_align=\u00bbleft\u00bb background_image_as_pattern=\u00bbwithout_pattern\u00bb background_color=\u00bb#ffffff\u00bb css_animation=\u00bb\u00bb][vc_column][\/vc_column][\/vc_row]<\/p>\n","protected":false},"author":4,"featured_media":0,"parent":0,"menu_order":0,"comment_status":"closed","ping_status":"closed","template":"full_width.php","meta":{"footnotes":""},"yoast_head":"<!-- This site is optimized with the Yoast SEO plugin v22.2 - https:\/\/yoast.com\/wordpress\/plugins\/seo\/ -->\n<title>NUV\u00d3 hotel boutique\u00a0Oviedo \u00ae Asturias -\u00a0Habitaci\u00f3n Doble 2 Camas<\/title>\n<meta name=\"description\" content=\"Habitaci\u00f3n exterior con 2 camas de 1,05 x 2 m, ba\u00f1o con ducha efecto lluvia, secador de pelo, climatizador A\/A calefacci\u00f3n, nevera, caja fuerte (tama\u00f1o ordenador), escritorio, Smart TV 50\u201d, WIFI, tel\u00e9fono.\" \/>\n<meta name=\"robots\" content=\"index, follow, max-snippet:-1, max-image-preview:large, max-video-preview:-1\" \/>\n<link rel=\"canonical\" href=\"https:\/\/www.bluehoteles.es\/nuvo\/habitacion-doble-2-camas\/\" \/>\n<meta property=\"og:locale\" content=\"es_ES\" \/>\n<meta property=\"og:type\" content=\"article\" \/>\n<meta property=\"og:title\" content=\"NUV\u00d3 hotel boutique\u00a0Oviedo \u00ae Asturias -\u00a0Habitaci\u00f3n Doble 2 Camas\" \/>\n<meta property=\"og:description\" content=\"Habitaci\u00f3n exterior con 2 camas de 1,05 x 2 m, ba\u00f1o con ducha efecto lluvia, secador de pelo, climatizador A\/A calefacci\u00f3n, nevera, caja fuerte (tama\u00f1o ordenador), escritorio, Smart TV 50\u201d, WIFI, tel\u00e9fono.\" \/>\n<meta property=\"og:url\" content=\"https:\/\/www.bluehoteles.es\/nuvo\/habitacion-doble-2-camas\/\" \/>\n<meta property=\"og:site_name\" content=\"NUV\u00d3 hotel boutique\" \/>\n<meta property=\"article:modified_time\" content=\"2024-01-22T14:09:01+00:00\" \/>\n<meta name=\"twitter:card\" content=\"summary_large_image\" \/>\n<script type=\"application\/ld+json\" class=\"yoast-schema-graph\">{\"@context\":\"https:\/\/schema.org\",\"@graph\":[{\"@type\":\"WebPage\",\"@id\":\"https:\/\/www.bluehoteles.es\/nuvo\/habitacion-doble-2-camas\/\",\"url\":\"https:\/\/www.bluehoteles.es\/nuvo\/habitacion-doble-2-camas\/\",\"name\":\"NUV\u00d3 hotel boutique\u00a0Oviedo \u00ae Asturias -\u00a0Habitaci\u00f3n Doble 2 Camas\",\"isPartOf\":{\"@id\":\"https:\/\/www.bluehoteles.es\/nuvo\/#website\"},\"datePublished\":\"2018-04-25T17:43:02+00:00\",\"dateModified\":\"2024-01-22T14:09:01+00:00\",\"description\":\"Habitaci\u00f3n exterior con 2 camas de 1,05 x 2 m, ba\u00f1o con ducha efecto lluvia, secador de pelo, climatizador A\/A calefacci\u00f3n, nevera, caja fuerte (tama\u00f1o ordenador), escritorio, Smart TV 50\u201d, WIFI, tel\u00e9fono.\",\"breadcrumb\":{\"@id\":\"https:\/\/www.bluehoteles.es\/nuvo\/habitacion-doble-2-camas\/#breadcrumb\"},\"inLanguage\":\"es\",\"potentialAction\":[{\"@type\":\"ReadAction\",\"target\":[\"https:\/\/www.bluehoteles.es\/nuvo\/habitacion-doble-2-camas\/\"]}]},{\"@type\":\"BreadcrumbList\",\"@id\":\"https:\/\/www.bluehoteles.es\/nuvo\/habitacion-doble-2-camas\/#breadcrumb\",\"itemListElement\":[{\"@type\":\"ListItem\",\"position\":1,\"name\":\"Portada\",\"item\":\"https:\/\/www.bluehoteles.es\/nuvo\/\"},{\"@type\":\"ListItem\",\"position\":2,\"name\":\"Habitaci\u00f3n Doble 2 Camas\"}]},{\"@type\":\"WebSite\",\"@id\":\"https:\/\/www.bluehoteles.es\/nuvo\/#website\",\"url\":\"https:\/\/www.bluehoteles.es\/nuvo\/\",\"name\":\"NUV\u00d3 hotel boutique\",\"description\":\"WEB OFICIAL de NUV\u00d3 hotel boutique \u00ae en Oviedo, sin intermediarios, con descuentos especiales y al mejor precio garantizado. BLUE HOTELES.\",\"potentialAction\":[{\"@type\":\"SearchAction\",\"target\":{\"@type\":\"EntryPoint\",\"urlTemplate\":\"https:\/\/www.bluehoteles.es\/nuvo\/?s={search_term_string}\"},\"query-input\":\"required name=search_term_string\"}],\"inLanguage\":\"es\"}]}<\/script>\n<!-- \/ Yoast SEO plugin. -->","yoast_head_json":{"title":"NUV\u00d3 hotel boutique\u00a0Oviedo \u00ae Asturias -\u00a0Habitaci\u00f3n Doble 2 Camas","description":"Habitaci\u00f3n exterior con 2 camas de 1,05 x 2 m, ba\u00f1o con ducha efecto lluvia, secador de pelo, climatizador A\/A calefacci\u00f3n, nevera, caja fuerte (tama\u00f1o ordenador), escritorio, Smart TV 50\u201d, WIFI, tel\u00e9fono.","robots":{"index":"index","follow":"follow","max-snippet":"max-snippet:-1","max-image-preview":"max-image-preview:large","max-video-preview":"max-video-preview:-1"},"canonical":"https:\/\/www.bluehoteles.es\/nuvo\/habitacion-doble-2-camas\/","og_locale":"es_ES","og_type":"article","og_title":"NUV\u00d3 hotel boutique\u00a0Oviedo \u00ae Asturias -\u00a0Habitaci\u00f3n Doble 2 Camas","og_description":"Habitaci\u00f3n exterior con 2 camas de 1,05 x 2 m, ba\u00f1o con ducha efecto lluvia, secador de pelo, climatizador A\/A calefacci\u00f3n, nevera, caja fuerte (tama\u00f1o ordenador), escritorio, Smart TV 50\u201d, WIFI, tel\u00e9fono.","og_url":"https:\/\/www.bluehoteles.es\/nuvo\/habitacion-doble-2-camas\/","og_site_name":"NUV\u00d3 hotel boutique","article_modified_time":"2024-01-22T14:09:01+00:00","twitter_card":"summary_large_image","schema":{"@context":"https:\/\/schema.org","@graph":[{"@type":"WebPage","@id":"https:\/\/www.bluehoteles.es\/nuvo\/habitacion-doble-2-camas\/","url":"https:\/\/www.bluehoteles.es\/nuvo\/habitacion-doble-2-camas\/","name":"NUV\u00d3 hotel boutique\u00a0Oviedo \u00ae Asturias -\u00a0Habitaci\u00f3n Doble 2 Camas","isPartOf":{"@id":"https:\/\/www.bluehoteles.es\/nuvo\/#website"},"datePublished":"2018-04-25T17:43:02+00:00","dateModified":"2024-01-22T14:09:01+00:00","description":"Habitaci\u00f3n exterior con 2 camas de 1,05 x 2 m, ba\u00f1o con ducha efecto lluvia, secador de pelo, climatizador A\/A calefacci\u00f3n, nevera, caja fuerte (tama\u00f1o ordenador), escritorio, Smart TV 50\u201d, WIFI, tel\u00e9fono.","breadcrumb":{"@id":"https:\/\/www.bluehoteles.es\/nuvo\/habitacion-doble-2-camas\/#breadcrumb"},"inLanguage":"es","potentialAction":[{"@type":"ReadAction","target":["https:\/\/www.bluehoteles.es\/nuvo\/habitacion-doble-2-camas\/"]}]},{"@type":"BreadcrumbList","@id":"https:\/\/www.bluehoteles.es\/nuvo\/habitacion-doble-2-camas\/#breadcrumb","itemListElement":[{"@type":"ListItem","position":1,"name":"Portada","item":"https:\/\/www.bluehoteles.es\/nuvo\/"},{"@type":"ListItem","position":2,"name":"Habitaci\u00f3n Doble 2 Camas"}]},{"@type":"WebSite","@id":"https:\/\/www.bluehoteles.es\/nuvo\/#website","url":"https:\/\/www.bluehoteles.es\/nuvo\/","name":"NUV\u00d3 hotel boutique","description":"WEB OFICIAL de NUV\u00d3 hotel boutique \u00ae en Oviedo, sin intermediarios, con descuentos especiales y al mejor precio garantizado. BLUE HOTELES.","potentialAction":[{"@type":"SearchAction","target":{"@type":"EntryPoint","urlTemplate":"https:\/\/www.bluehoteles.es\/nuvo\/?s={search_term_string}"},"query-input":"required name=search_term_string"}],"inLanguage":"es"}]}},"_links":{"self":[{"href":"https:\/\/www.bluehoteles.es\/nuvo\/wp-json\/wp\/v2\/pages\/21232"}],"collection":[{"href":"https:\/\/www.bluehoteles.es\/nuvo\/wp-json\/wp\/v2\/pages"}],"about":[{"href":"https:\/\/www.bluehoteles.es\/nuvo\/wp-json\/wp\/v2\/types\/page"}],"author":[{"embeddable":true,"href":"https:\/\/www.bluehoteles.es\/nuvo\/wp-json\/wp\/v2\/users\/4"}],"replies":[{"embeddable":true,"href":"https:\/\/www.bluehoteles.es\/nuvo\/wp-json\/wp\/v2\/comments?post=21232"}],"version-history":[{"count":4,"href":"https:\/\/www.bluehoteles.es\/nuvo\/wp-json\/wp\/v2\/pages\/21232\/revisions"}],"predecessor-version":[{"id":25190,"href":"https:\/\/www.bluehoteles.es\/nuvo\/wp-json\/wp\/v2\/pages\/21232\/revisions\/25190"}],"wp:attachment":[{"href":"https:\/\/www.bluehoteles.es\/nuvo\/wp-json\/wp\/v2\/media?parent=21232"}],"curies":[{"name":"wp","href":"https:\/\/api.w.org\/{rel}","templated":true}]}}