{"id":21502,"date":"2014-03-26T08:17:14","date_gmt":"2014-03-26T08:17:14","guid":{"rendered":"https:\/\/demo.qodeinteractive.com\/bridge\/?page_id=13891"},"modified":"2024-03-13T10:51:29","modified_gmt":"2024-03-13T09:51:29","slug":"galeria","status":"publish","type":"page","link":"https:\/\/www.bluehoteles.es\/nuvo\/galeria\/","title":{"rendered":"Galer\u00eda"},"content":{"rendered":"<p>[vc_row row_type=\u00bbrow\u00bb use_row_as_full_screen_section=\u00bbno\u00bb type=\u00bbfull_width\u00bb angled_section=\u00bbno\u00bb text_align=\u00bbleft\u00bb background_image_as_pattern=\u00bbwithout_pattern\u00bb background_color=\u00bb#ffffff\u00bb border_color=\u00bb#ffffff\u00bb padding_top=\u00bb70&#8243; padding_bottom=\u00bb70&#8243; css_animation=\u00bb\u00bb][vc_column][vc_gallery type=\u00bbimage_grid\u00bb images=\u00bb25217,25472,25475,25448,25466,25469,25454,25457,25460,24801,25463,25451,25445,24789,24786,24804,24795,24798,24777,24774,24780,24783,24792,24828,24825,24894,24891,24888,24885,24882,24879,24876,24873,24870,24867,24864,24861,24858,24855,24852,24849,24846,24843,24840,24837,24834,24831,24822,24819,24816,24813,24810,24807,25256,25247,25262,25259,25253,25250,25244,25241,25238,25235,25232,25229,25424,25421,25418,25415,25412,25409,25406,25403,25400,25397,25394,25391,25388,25385,25382,25379,25376,25373,25370,25367,25364,25361&#8243; img_size=\u00bb400&#215;400&#8243; column_number=\u00bb4&#8243; grayscale=\u00bbno\u00bb images_space=\u00bbgallery_with_space\u00bb][\/vc_column][\/vc_row]<\/p>\n","protected":false},"excerpt":{"rendered":"<p>[vc_row row_type=\u00bbrow\u00bb use_row_as_full_screen_section=\u00bbno\u00bb type=\u00bbfull_width\u00bb angled_section=\u00bbno\u00bb text_align=\u00bbleft\u00bb background_image_as_pattern=\u00bbwithout_pattern\u00bb background_color=\u00bb#ffffff\u00bb border_color=\u00bb#ffffff\u00bb padding_top=\u00bb70&#8243; padding_bottom=\u00bb70&#8243; css_animation=\u00bb\u00bb][vc_column][vc_gallery type=\u00bbimage_grid\u00bb images=\u00bb25217,25472,25475,25448,25466,25469,25454,25457,25460,24801,25463,25451,25445,24789,24786,24804,24795,24798,24777,24774,24780,24783,24792,24828,24825,24894,24891,24888,24885,24882,24879,24876,24873,24870,24867,24864,24861,24858,24855,24852,24849,24846,24843,24840,24837,24834,24831,24822,24819,24816,24813,24810,24807,25256,25247,25262,25259,25253,25250,25244,25241,25238,25235,25232,25229,25424,25421,25418,25415,25412,25409,25406,25403,25400,25397,25394,25391,25388,25385,25382,25379,25376,25373,25370,25367,25364,25361&#8243; img_size=\u00bb400&#215;400&#8243; column_number=\u00bb4&#8243; grayscale=\u00bbno\u00bb images_space=\u00bbgallery_with_space\u00bb][\/vc_column][\/vc_row]<\/p>\n","protected":false},"author":4,"featured_media":0,"parent":0,"menu_order":0,"comment_status":"open","ping_status":"open","template":"full_width.php","meta":{"footnotes":""},"yoast_head":"<!-- This site is optimized with the Yoast SEO plugin v22.2 - https:\/\/yoast.com\/wordpress\/plugins\/seo\/ -->\n<title>Galer\u00eda de im\u00e1genes del NUV\u00d3 Hotel Boutique, Oviedo, Espa\u00f1a<\/title>\n<meta name=\"description\" content=\"Aqu\u00ed puedes descubrir nuestro\u00a0NUV\u00d3 Hotel Boutique\u00a0en Oviedo a trav\u00e9s de su galer\u00eda de fotos.\" \/>\n<meta name=\"robots\" content=\"index, follow, max-snippet:-1, max-image-preview:large, max-video-preview:-1\" \/>\n<link rel=\"canonical\" href=\"https:\/\/www.bluehoteles.es\/nuvo\/galeria\/\" \/>\n<meta property=\"og:locale\" content=\"es_ES\" \/>\n<meta property=\"og:type\" content=\"article\" \/>\n<meta property=\"og:title\" content=\"Galer\u00eda de im\u00e1genes del NUV\u00d3 Hotel Boutique, Oviedo, Espa\u00f1a\" \/>\n<meta property=\"og:description\" content=\"Aqu\u00ed puedes descubrir nuestro\u00a0NUV\u00d3 Hotel Boutique\u00a0en Oviedo a trav\u00e9s de su galer\u00eda de fotos.\" \/>\n<meta property=\"og:url\" content=\"https:\/\/www.bluehoteles.es\/nuvo\/galeria\/\" \/>\n<meta property=\"og:site_name\" content=\"NUV\u00d3 hotel boutique\" \/>\n<meta property=\"article:modified_time\" content=\"2024-03-13T09:51:29+00:00\" \/>\n<meta name=\"twitter:card\" content=\"summary_large_image\" \/>\n<meta name=\"twitter:label1\" content=\"Tiempo de lectura\" \/>\n\t<meta name=\"twitter:data1\" content=\"18 minutos\" \/>\n<script type=\"application\/ld+json\" class=\"yoast-schema-graph\">{\"@context\":\"https:\/\/schema.org\",\"@graph\":[{\"@type\":\"WebPage\",\"@id\":\"https:\/\/www.bluehoteles.es\/nuvo\/galeria\/\",\"url\":\"https:\/\/www.bluehoteles.es\/nuvo\/galeria\/\",\"name\":\"Galer\u00eda de im\u00e1genes del NUV\u00d3 Hotel Boutique, Oviedo, Espa\u00f1a\",\"isPartOf\":{\"@id\":\"https:\/\/www.bluehoteles.es\/nuvo\/#website\"},\"datePublished\":\"2014-03-26T08:17:14+00:00\",\"dateModified\":\"2024-03-13T09:51:29+00:00\",\"description\":\"Aqu\u00ed puedes descubrir nuestro\u00a0NUV\u00d3 Hotel Boutique\u00a0en Oviedo a trav\u00e9s de su galer\u00eda de fotos.\",\"breadcrumb\":{\"@id\":\"https:\/\/www.bluehoteles.es\/nuvo\/galeria\/#breadcrumb\"},\"inLanguage\":\"es\",\"potentialAction\":[{\"@type\":\"ReadAction\",\"target\":[\"https:\/\/www.bluehoteles.es\/nuvo\/galeria\/\"]}]},{\"@type\":\"BreadcrumbList\",\"@id\":\"https:\/\/www.bluehoteles.es\/nuvo\/galeria\/#breadcrumb\",\"itemListElement\":[{\"@type\":\"ListItem\",\"position\":1,\"name\":\"Portada\",\"item\":\"https:\/\/www.bluehoteles.es\/nuvo\/\"},{\"@type\":\"ListItem\",\"position\":2,\"name\":\"Galer\u00eda\"}]},{\"@type\":\"WebSite\",\"@id\":\"https:\/\/www.bluehoteles.es\/nuvo\/#website\",\"url\":\"https:\/\/www.bluehoteles.es\/nuvo\/\",\"name\":\"NUV\u00d3 hotel boutique\",\"description\":\"WEB OFICIAL de NUV\u00d3 hotel boutique \u00ae en Oviedo, sin intermediarios, con descuentos especiales y al mejor precio garantizado. BLUE HOTELES.\",\"potentialAction\":[{\"@type\":\"SearchAction\",\"target\":{\"@type\":\"EntryPoint\",\"urlTemplate\":\"https:\/\/www.bluehoteles.es\/nuvo\/?s={search_term_string}\"},\"query-input\":\"required name=search_term_string\"}],\"inLanguage\":\"es\"}]}<\/script>\n<!-- \/ Yoast SEO plugin. -->","yoast_head_json":{"title":"Galer\u00eda de im\u00e1genes del NUV\u00d3 Hotel Boutique, Oviedo, Espa\u00f1a","description":"Aqu\u00ed puedes descubrir nuestro\u00a0NUV\u00d3 Hotel Boutique\u00a0en Oviedo a trav\u00e9s de su galer\u00eda de fotos.","robots":{"index":"index","follow":"follow","max-snippet":"max-snippet:-1","max-image-preview":"max-image-preview:large","max-video-preview":"max-video-preview:-1"},"canonical":"https:\/\/www.bluehoteles.es\/nuvo\/galeria\/","og_locale":"es_ES","og_type":"article","og_title":"Galer\u00eda de im\u00e1genes del NUV\u00d3 Hotel Boutique, Oviedo, Espa\u00f1a","og_description":"Aqu\u00ed puedes descubrir nuestro\u00a0NUV\u00d3 Hotel Boutique\u00a0en Oviedo a trav\u00e9s de su galer\u00eda de fotos.","og_url":"https:\/\/www.bluehoteles.es\/nuvo\/galeria\/","og_site_name":"NUV\u00d3 hotel boutique","article_modified_time":"2024-03-13T09:51:29+00:00","twitter_card":"summary_large_image","twitter_misc":{"Tiempo de lectura":"18 minutos"},"schema":{"@context":"https:\/\/schema.org","@graph":[{"@type":"WebPage","@id":"https:\/\/www.bluehoteles.es\/nuvo\/galeria\/","url":"https:\/\/www.bluehoteles.es\/nuvo\/galeria\/","name":"Galer\u00eda de im\u00e1genes del NUV\u00d3 Hotel Boutique, Oviedo, Espa\u00f1a","isPartOf":{"@id":"https:\/\/www.bluehoteles.es\/nuvo\/#website"},"datePublished":"2014-03-26T08:17:14+00:00","dateModified":"2024-03-13T09:51:29+00:00","description":"Aqu\u00ed puedes descubrir nuestro\u00a0NUV\u00d3 Hotel Boutique\u00a0en Oviedo a trav\u00e9s de su galer\u00eda de fotos.","breadcrumb":{"@id":"https:\/\/www.bluehoteles.es\/nuvo\/galeria\/#breadcrumb"},"inLanguage":"es","potentialAction":[{"@type":"ReadAction","target":["https:\/\/www.bluehoteles.es\/nuvo\/galeria\/"]}]},{"@type":"BreadcrumbList","@id":"https:\/\/www.bluehoteles.es\/nuvo\/galeria\/#breadcrumb","itemListElement":[{"@type":"ListItem","position":1,"name":"Portada","item":"https:\/\/www.bluehoteles.es\/nuvo\/"},{"@type":"ListItem","position":2,"name":"Galer\u00eda"}]},{"@type":"WebSite","@id":"https:\/\/www.bluehoteles.es\/nuvo\/#website","url":"https:\/\/www.bluehoteles.es\/nuvo\/","name":"NUV\u00d3 hotel boutique","description":"WEB OFICIAL de NUV\u00d3 hotel boutique \u00ae en Oviedo, sin intermediarios, con descuentos especiales y al mejor precio garantizado. BLUE HOTELES.","potentialAction":[{"@type":"SearchAction","target":{"@type":"EntryPoint","urlTemplate":"https:\/\/www.bluehoteles.es\/nuvo\/?s={search_term_string}"},"query-input":"required name=search_term_string"}],"inLanguage":"es"}]}},"_links":{"self":[{"href":"https:\/\/www.bluehoteles.es\/nuvo\/wp-json\/wp\/v2\/pages\/21502"}],"collection":[{"href":"https:\/\/www.bluehoteles.es\/nuvo\/wp-json\/wp\/v2\/pages"}],"about":[{"href":"https:\/\/www.bluehoteles.es\/nuvo\/wp-json\/wp\/v2\/types\/page"}],"author":[{"embeddable":true,"href":"https:\/\/www.bluehoteles.es\/nuvo\/wp-json\/wp\/v2\/users\/4"}],"replies":[{"embeddable":true,"href":"https:\/\/www.bluehoteles.es\/nuvo\/wp-json\/wp\/v2\/comments?post=21502"}],"version-history":[{"count":9,"href":"https:\/\/www.bluehoteles.es\/nuvo\/wp-json\/wp\/v2\/pages\/21502\/revisions"}],"predecessor-version":[{"id":25478,"href":"https:\/\/www.bluehoteles.es\/nuvo\/wp-json\/wp\/v2\/pages\/21502\/revisions\/25478"}],"wp:attachment":[{"href":"https:\/\/www.bluehoteles.es\/nuvo\/wp-json\/wp\/v2\/media?parent=21502"}],"curies":[{"name":"wp","href":"https:\/\/api.w.org\/{rel}","templated":true}]}}