{"id":22274,"date":"2020-03-04T09:30:35","date_gmt":"2020-03-04T08:30:35","guid":{"rendered":"https:\/\/www.bluehoteles.es\/?page_id=22061"},"modified":"2025-04-09T10:30:45","modified_gmt":"2025-04-09T09:30:45","slug":"localizacion-contacto","status":"publish","type":"page","link":"https:\/\/www.bluehoteles.es\/nuvo\/localizacion-contacto\/","title":{"rendered":"Localizaci\u00f3n y Contacto"},"content":{"rendered":"<p>[vc_row row_type=\u00bbrow\u00bb use_row_as_full_screen_section=\u00bbyes\u00bb type=\u00bbfull_width\u00bb angled_section=\u00bbno\u00bb text_align=\u00bbleft\u00bb background_image_as_pattern=\u00bbwithout_pattern\u00bb background_color=\u00bb#ffffff\u00bb border_color=\u00bb#ffffff\u00bb side_padding=\u00bb0\/0&#8243; css_animation=\u00bb\u00bb][vc_column][vc_gmaps link=\u00bb#E-8_JTNDaWZyYW1lJTIwc3JjJTNEJTIyaHR0cHMlM0ElMkYlMkZ3d3cuZ29vZ2xlLmNvbSUyRm1hcHMlMkZlbWJlZCUzRnBiJTNEJTIxMW0xOCUyMTFtMTIlMjExbTMlMjExZDI5MDAuNTc4NjgxNzI3OTI2JTIxMmQtNS44NDE0OTY0MDAwMDAwMDA1JTIxM2Q0My4zNjQ5MjI4JTIxMm0zJTIxMWYwJTIxMmYwJTIxM2YwJTIxM20yJTIxMWkxMDI0JTIxMmk3NjglMjE0ZjEzLjElMjEzbTMlMjExbTIlMjExczB4ZDM2OGQ4NDBmMjE1YTkzJTI1M0EweDVlMzQ4NjA4OWMyODFjMTQlMjEyc05VViUyNUMzJTI1OTMlMjUyMGhvdGVsJTI1MjBib3V0aXF1ZSUyMTVlMCUyMTNtMiUyMTFzZXMlMjEyc2VzJTIxNHYxNzQ0MTkwOTE3NzgyJTIxNW0yJTIxMXNlcyUyMTJzZXMlMjIlMjB3aWR0aCUzRCUyMjgwMCUyMiUyMGhlaWdodCUzRCUyMjYwMCUyMiUyMHN0eWxlJTNEJTIyYm9yZGVyJTNBMCUzQiUyMiUyMGFsbG93ZnVsbHNjcmVlbiUzRCUyMiUyMiUyMGxvYWRpbmclM0QlMjJsYXp5JTIyJTIwcmVmZXJyZXJwb2xpY3klM0QlMjJuby1yZWZlcnJlci13aGVuLWRvd25ncmFkZSUyMiUzRSUzQyUyRmlmcmFtZSUzRQ==\u00bb size=\u00bb510&#8243;][\/vc_column][\/vc_row][vc_row row_type=\u00bbrow\u00bb use_row_as_full_screen_section=\u00bbno\u00bb type=\u00bbgrid\u00bb angled_section=\u00bbno\u00bb text_align=\u00bbleft\u00bb background_image_as_pattern=\u00bbwithout_pattern\u00bb padding_top=\u00bb54&#8243; padding_bottom=\u00bb54&#8243; css_animation=\u00bbelement_from_right\u00bb transition_delay=\u00bb180&#8243;][vc_column width=\u00bb1\/3&#8243;][vc_column_text]<\/p>\n<h3><span style=\"color: #000000;\"><strong>NUV\u00d3\u00a0HOTEL BOUTIQUE<\/strong><\/span><\/h3>\n<p>[\/vc_column_text][vc_separator type=\u00bbtransparent\u00bb up=\u00bb6&#8243; down=\u00bb6&#8243;][vc_column_text][vc_separator type=&#8217;transparent&#8217; color=\u00bb thickness=\u00bb up=&#8217;6&#8242; down=&#8217;6&#8242;]<\/p>\n<p>Plaza de la losa del Vasco, Torre 6,<\/p>\n<p><span style=\"color: #333333;\">33002 Oviedo, Asturias, Espa\u00f1a<\/span><\/p>\n<p><span style=\"color: #333333;\">email: <a href=\"mailto:hotelnuvo@bluehoteles.es\">hotelnuvo@bluehoteles.es<\/a><\/span><\/p>\n<p><span style=\"color: #333333;\">Tel\u00e9fono: <a href=\"tel:0034985092525\">+34 985 092 525<\/a><\/span><\/p>\n<p><span style=\"color: #333333;\">Fax:\u00a0<\/span><\/p>\n<p>[vc_separator type=&#8217;transparent&#8217; color=\u00bb thickness=\u00bb up=&#8217;2&#8242; down=\u00bb][\/vc_column_text][vc_separator type=\u00bbtransparent\u00bb up=\u00bb12&#8243; down=\u00bb12&#8243;]<span class='q_social_icon_holder normal_social' data-color=#000000 data-hover-color=#000000><a itemprop='url' href='https:\/\/www.facebook.com\/BLUEHOTELS\/' target='_blank'><i class=\"qode_icon_font_awesome fa fa-facebook fa-2x simple_social\" style=\"color: #000000;margin: 0 13px 0 0;\" ><\/i><\/a><\/span><span class='q_social_icon_holder normal_social' data-color=#000000 data-hover-color=#000000><a itemprop='url' href='https:\/\/twitter.com\/Bluehoteles' target='_blank'><i class=\"qode_icon_font_awesome fa fa-twitter fa-2x simple_social\" style=\"color: #000000;margin: 0 13px 0 0;\" ><\/i><\/a><\/span><span class='q_social_icon_holder normal_social' data-color=#000000 data-hover-color=#000000><a itemprop='url' href='https:\/\/www.instagram.com\/bluehoteles\/' target='_blank'><i class=\"qode_icon_font_awesome fa fa-instagram fa-2x simple_social\" style=\"color: #000000;margin: 0 13px 0 0;\" ><\/i><\/a><\/span>[\/vc_column][vc_column width=\u00bb2\/3&#8243;][vc_column_text]<\/p>\n<h3><span style=\"color: #000000;\"><strong>ESTAMOS A TU DISPOSICI\u00d3N<\/strong><\/span><\/h3>\n<p>[\/vc_column_text]\n<div class=\"wpcf7 no-js\" id=\"wpcf7-f24709-o1\" lang=\"es-ES\" dir=\"ltr\">\n<div class=\"screen-reader-response\"><p role=\"status\" aria-live=\"polite\" aria-atomic=\"true\"><\/p> <ul><\/ul><\/div>\n<form action=\"\/nuvo\/wp-json\/wp\/v2\/pages\/22274#wpcf7-f24709-o1\" method=\"post\" class=\"wpcf7-form init cf7_custom_style_1\" aria-label=\"Formulario de contacto\" novalidate=\"novalidate\" data-status=\"init\">\n<div style=\"display: none;\">\n<input type=\"hidden\" name=\"_wpcf7\" value=\"24709\" \/>\n<input type=\"hidden\" name=\"_wpcf7_version\" value=\"5.9\" \/>\n<input type=\"hidden\" name=\"_wpcf7_locale\" value=\"es_ES\" \/>\n<input type=\"hidden\" name=\"_wpcf7_unit_tag\" value=\"wpcf7-f24709-o1\" \/>\n<input type=\"hidden\" name=\"_wpcf7_container_post\" value=\"0\" \/>\n<input type=\"hidden\" name=\"_wpcf7_posted_data_hash\" value=\"\" \/>\n<input type=\"hidden\" name=\"_wpcf7_recaptcha_response\" value=\"\" \/>\n<\/div>\n<p><label><br \/>\n<span class=\"wpcf7-form-control-wrap\" data-name=\"your-name\"><input size=\"40\" class=\"wpcf7-form-control wpcf7-text wpcf7-validates-as-required\" aria-required=\"true\" aria-invalid=\"false\" placeholder=\"Name *\" value=\"\" type=\"text\" name=\"your-name\" \/><\/span> <\/label>\n<\/p>\n<p><label><br \/>\n<span class=\"wpcf7-form-control-wrap\" data-name=\"your-email\"><input size=\"40\" class=\"wpcf7-form-control wpcf7-email wpcf7-validates-as-required wpcf7-text wpcf7-validates-as-email\" aria-required=\"true\" aria-invalid=\"false\" placeholder=\"Email *\" value=\"\" type=\"email\" name=\"your-email\" \/><\/span> <\/label>\n<\/p>\n<p><label><br \/>\n<span class=\"wpcf7-form-control-wrap\" data-name=\"your-subject\"><input size=\"40\" class=\"wpcf7-form-control wpcf7-text\" aria-invalid=\"false\" placeholder=\"Subject\" value=\"\" type=\"text\" name=\"your-subject\" \/><\/span> <\/label>\n<\/p>\n<p><label><br \/>\n<span class=\"wpcf7-form-control-wrap\" data-name=\"your-message\"><textarea cols=\"40\" rows=\"10\" class=\"wpcf7-form-control wpcf7-textarea\" aria-invalid=\"false\" placeholder=\"Message\" name=\"your-message\"><\/textarea><\/span> <\/label>\n<\/p>\n<p><span class=\"wpcf7-form-control-wrap\" data-name=\"your-consent\"><span class=\"wpcf7-form-control wpcf7-acceptance\"><span class=\"wpcf7-list-item\"><label><input type=\"checkbox\" name=\"your-consent\" value=\"1\" aria-invalid=\"false\" \/><span class=\"wpcf7-list-item-label\">I have read and accept the <a href=\"https:\/\/www.bluehoteles.es\/politica-de-privacidad\/\" target=\"_blank\">Privacy Policy.<\/a><\/span><\/label><\/span><\/span><\/span>\n<\/p>\n<p><input class=\"wpcf7-form-control wpcf7-submit has-spinner\" type=\"submit\" value=\"Send\" \/>\n<\/p><div class=\"wpcf7-response-output\" aria-hidden=\"true\"><\/div>\n<\/form>\n<\/div>\n[\/vc_column][\/vc_row]<\/p>\n","protected":false},"excerpt":{"rendered":"<p>[vc_row row_type=\u00bbrow\u00bb use_row_as_full_screen_section=\u00bbyes\u00bb type=\u00bbfull_width\u00bb angled_section=\u00bbno\u00bb text_align=\u00bbleft\u00bb background_image_as_pattern=\u00bbwithout_pattern\u00bb background_color=\u00bb#ffffff\u00bb border_color=\u00bb#ffffff\u00bb side_padding=\u00bb0\/0&#8243; css_animation=\u00bb\u00bb][vc_column][vc_gmaps link=\u00bb#E-8_JTNDaWZyYW1lJTIwc3JjJTNEJTIyaHR0cHMlM0ElMkYlMkZ3d3cuZ29vZ2xlLmNvbSUyRm1hcHMlMkZlbWJlZCUzRnBiJTNEJTIxMW0xOCUyMTFtMTIlMjExbTMlMjExZDI5MDAuNTc4NjgxNzI3OTI2JTIxMmQtNS44NDE0OTY0MDAwMDAwMDA1JTIxM2Q0My4zNjQ5MjI4JTIxMm0zJTIxMWYwJTIxMmYwJTIxM2YwJTIxM20yJTIxMWkxMDI0JTIxMmk3NjglMjE0ZjEzLjElMjEzbTMlMjExbTIlMjExczB4ZDM2OGQ4NDBmMjE1YTkzJTI1M0EweDVlMzQ4NjA4OWMyODFjMTQlMjEyc05VViUyNUMzJTI1OTMlMjUyMGhvdGVsJTI1MjBib3V0aXF1ZSUyMTVlMCUyMTNtMiUyMTFzZXMlMjEyc2VzJTIxNHYxNzQ0MTkwOTE3NzgyJTIxNW0yJTIxMXNlcyUyMTJzZXMlMjIlMjB3aWR0aCUzRCUyMjgwMCUyMiUyMGhlaWdodCUzRCUyMjYwMCUyMiUyMHN0eWxlJTNEJTIyYm9yZGVyJTNBMCUzQiUyMiUyMGFsbG93ZnVsbHNjcmVlbiUzRCUyMiUyMiUyMGxvYWRpbmclM0QlMjJsYXp5JTIyJTIwcmVmZXJyZXJwb2xpY3klM0QlMjJuby1yZWZlcnJlci13aGVuLWRvd25ncmFkZSUyMiUzRSUzQyUyRmlmcmFtZSUzRQ==\u00bb size=\u00bb510&#8243;][\/vc_column][\/vc_row][vc_row row_type=\u00bbrow\u00bb use_row_as_full_screen_section=\u00bbno\u00bb type=\u00bbgrid\u00bb angled_section=\u00bbno\u00bb text_align=\u00bbleft\u00bb background_image_as_pattern=\u00bbwithout_pattern\u00bb padding_top=\u00bb54&#8243; padding_bottom=\u00bb54&#8243; css_animation=\u00bbelement_from_right\u00bb transition_delay=\u00bb180&#8243;][vc_column width=\u00bb1\/3&#8243;][vc_column_text] NUV\u00d3\u00a0HOTEL BOUTIQUE [\/vc_column_text][vc_separator type=\u00bbtransparent\u00bb up=\u00bb6&#8243; down=\u00bb6&#8243;][vc_column_text][vc_separator type=&#8217;transparent&#8217; color=\u00bb thickness=\u00bb up=&#8217;6&#8242; down=&#8217;6&#8242;] Plaza de la losa del Vasco, Torre 6, 33002 Oviedo,&#8230;<\/p>\n","protected":false},"author":4,"featured_media":0,"parent":0,"menu_order":0,"comment_status":"open","ping_status":"closed","template":"full_width.php","meta":{"footnotes":""},"yoast_head":"<!-- This site is optimized with the Yoast SEO plugin v22.2 - https:\/\/yoast.com\/wordpress\/plugins\/seo\/ -->\n<title>Localizaci\u00f3n y Contacto NUV\u00d3 hotel boutique, Oviedo, Espa\u00f1a<\/title>\n<meta name=\"robots\" content=\"index, follow, max-snippet:-1, max-image-preview:large, max-video-preview:-1\" \/>\n<link rel=\"canonical\" href=\"https:\/\/www.bluehoteles.es\/nuvo\/localizacion-contacto\/\" \/>\n<meta property=\"og:locale\" content=\"es_ES\" \/>\n<meta property=\"og:type\" content=\"article\" \/>\n<meta property=\"og:title\" content=\"Localizaci\u00f3n y Contacto NUV\u00d3 hotel boutique, Oviedo, Espa\u00f1a\" \/>\n<meta property=\"og:description\" content=\"[vc_row row_type=\u00bbrow\u00bb use_row_as_full_screen_section=\u00bbyes\u00bb type=\u00bbfull_width\u00bb angled_section=\u00bbno\u00bb text_align=\u00bbleft\u00bb background_image_as_pattern=\u00bbwithout_pattern\u00bb background_color=\u00bb#ffffff\u00bb border_color=\u00bb#ffffff\u00bb side_padding=\u00bb0\/0&#8243; css_animation=\u00bb\u00bb][vc_column][vc_gmaps link=\u00bb#E-8_JTNDaWZyYW1lJTIwc3JjJTNEJTIyaHR0cHMlM0ElMkYlMkZ3d3cuZ29vZ2xlLmNvbSUyRm1hcHMlMkZlbWJlZCUzRnBiJTNEJTIxMW0xOCUyMTFtMTIlMjExbTMlMjExZDI5MDAuNTc4NjgxNzI3OTI2JTIxMmQtNS44NDE0OTY0MDAwMDAwMDA1JTIxM2Q0My4zNjQ5MjI4JTIxMm0zJTIxMWYwJTIxMmYwJTIxM2YwJTIxM20yJTIxMWkxMDI0JTIxMmk3NjglMjE0ZjEzLjElMjEzbTMlMjExbTIlMjExczB4ZDM2OGQ4NDBmMjE1YTkzJTI1M0EweDVlMzQ4NjA4OWMyODFjMTQlMjEyc05VViUyNUMzJTI1OTMlMjUyMGhvdGVsJTI1MjBib3V0aXF1ZSUyMTVlMCUyMTNtMiUyMTFzZXMlMjEyc2VzJTIxNHYxNzQ0MTkwOTE3NzgyJTIxNW0yJTIxMXNlcyUyMTJzZXMlMjIlMjB3aWR0aCUzRCUyMjgwMCUyMiUyMGhlaWdodCUzRCUyMjYwMCUyMiUyMHN0eWxlJTNEJTIyYm9yZGVyJTNBMCUzQiUyMiUyMGFsbG93ZnVsbHNjcmVlbiUzRCUyMiUyMiUyMGxvYWRpbmclM0QlMjJsYXp5JTIyJTIwcmVmZXJyZXJwb2xpY3klM0QlMjJuby1yZWZlcnJlci13aGVuLWRvd25ncmFkZSUyMiUzRSUzQyUyRmlmcmFtZSUzRQ==\u00bb size=\u00bb510&#8243;][\/vc_column][\/vc_row][vc_row row_type=\u00bbrow\u00bb use_row_as_full_screen_section=\u00bbno\u00bb type=\u00bbgrid\u00bb angled_section=\u00bbno\u00bb text_align=\u00bbleft\u00bb background_image_as_pattern=\u00bbwithout_pattern\u00bb padding_top=\u00bb54&#8243; padding_bottom=\u00bb54&#8243; css_animation=\u00bbelement_from_right\u00bb transition_delay=\u00bb180&#8243;][vc_column width=\u00bb1\/3&#8243;][vc_column_text] NUV\u00d3\u00a0HOTEL BOUTIQUE [\/vc_column_text][vc_separator type=\u00bbtransparent\u00bb up=\u00bb6&#8243; down=\u00bb6&#8243;][vc_column_text][vc_separator type=&#8217;transparent&#8217; color=\u00bb thickness=\u00bb up=&#8217;6&#8242; down=&#8217;6&#8242;] Plaza de la losa del Vasco, Torre 6, 33002 Oviedo,...\" \/>\n<meta property=\"og:url\" content=\"https:\/\/www.bluehoteles.es\/nuvo\/localizacion-contacto\/\" \/>\n<meta property=\"og:site_name\" content=\"NUV\u00d3 hotel boutique\" \/>\n<meta property=\"article:modified_time\" content=\"2025-04-09T09:30:45+00:00\" \/>\n<meta name=\"twitter:card\" content=\"summary_large_image\" \/>\n<meta name=\"twitter:label1\" content=\"Tiempo de lectura\" \/>\n\t<meta name=\"twitter:data1\" content=\"1 minuto\" \/>\n<script type=\"application\/ld+json\" class=\"yoast-schema-graph\">{\"@context\":\"https:\/\/schema.org\",\"@graph\":[{\"@type\":\"WebPage\",\"@id\":\"https:\/\/www.bluehoteles.es\/nuvo\/localizacion-contacto\/\",\"url\":\"https:\/\/www.bluehoteles.es\/nuvo\/localizacion-contacto\/\",\"name\":\"Localizaci\u00f3n y Contacto NUV\u00d3 hotel boutique, Oviedo, Espa\u00f1a\",\"isPartOf\":{\"@id\":\"https:\/\/www.bluehoteles.es\/nuvo\/#website\"},\"datePublished\":\"2020-03-04T08:30:35+00:00\",\"dateModified\":\"2025-04-09T09:30:45+00:00\",\"breadcrumb\":{\"@id\":\"https:\/\/www.bluehoteles.es\/nuvo\/localizacion-contacto\/#breadcrumb\"},\"inLanguage\":\"es\",\"potentialAction\":[{\"@type\":\"ReadAction\",\"target\":[\"https:\/\/www.bluehoteles.es\/nuvo\/localizacion-contacto\/\"]}]},{\"@type\":\"BreadcrumbList\",\"@id\":\"https:\/\/www.bluehoteles.es\/nuvo\/localizacion-contacto\/#breadcrumb\",\"itemListElement\":[{\"@type\":\"ListItem\",\"position\":1,\"name\":\"Portada\",\"item\":\"https:\/\/www.bluehoteles.es\/nuvo\/\"},{\"@type\":\"ListItem\",\"position\":2,\"name\":\"Localizaci\u00f3n y Contacto\"}]},{\"@type\":\"WebSite\",\"@id\":\"https:\/\/www.bluehoteles.es\/nuvo\/#website\",\"url\":\"https:\/\/www.bluehoteles.es\/nuvo\/\",\"name\":\"NUV\u00d3 hotel boutique\",\"description\":\"WEB OFICIAL de NUV\u00d3 hotel boutique \u00ae en Oviedo, sin intermediarios, con descuentos especiales y al mejor precio garantizado. BLUE HOTELES.\",\"potentialAction\":[{\"@type\":\"SearchAction\",\"target\":{\"@type\":\"EntryPoint\",\"urlTemplate\":\"https:\/\/www.bluehoteles.es\/nuvo\/?s={search_term_string}\"},\"query-input\":\"required name=search_term_string\"}],\"inLanguage\":\"es\"}]}<\/script>\n<!-- \/ Yoast SEO plugin. -->","yoast_head_json":{"title":"Localizaci\u00f3n y Contacto NUV\u00d3 hotel boutique, Oviedo, Espa\u00f1a","robots":{"index":"index","follow":"follow","max-snippet":"max-snippet:-1","max-image-preview":"max-image-preview:large","max-video-preview":"max-video-preview:-1"},"canonical":"https:\/\/www.bluehoteles.es\/nuvo\/localizacion-contacto\/","og_locale":"es_ES","og_type":"article","og_title":"Localizaci\u00f3n y Contacto NUV\u00d3 hotel boutique, Oviedo, Espa\u00f1a","og_description":"[vc_row row_type=\u00bbrow\u00bb use_row_as_full_screen_section=\u00bbyes\u00bb type=\u00bbfull_width\u00bb angled_section=\u00bbno\u00bb text_align=\u00bbleft\u00bb background_image_as_pattern=\u00bbwithout_pattern\u00bb background_color=\u00bb#ffffff\u00bb border_color=\u00bb#ffffff\u00bb side_padding=\u00bb0\/0&#8243; css_animation=\u00bb\u00bb][vc_column][vc_gmaps link=\u00bb#E-8_JTNDaWZyYW1lJTIwc3JjJTNEJTIyaHR0cHMlM0ElMkYlMkZ3d3cuZ29vZ2xlLmNvbSUyRm1hcHMlMkZlbWJlZCUzRnBiJTNEJTIxMW0xOCUyMTFtMTIlMjExbTMlMjExZDI5MDAuNTc4NjgxNzI3OTI2JTIxMmQtNS44NDE0OTY0MDAwMDAwMDA1JTIxM2Q0My4zNjQ5MjI4JTIxMm0zJTIxMWYwJTIxMmYwJTIxM2YwJTIxM20yJTIxMWkxMDI0JTIxMmk3NjglMjE0ZjEzLjElMjEzbTMlMjExbTIlMjExczB4ZDM2OGQ4NDBmMjE1YTkzJTI1M0EweDVlMzQ4NjA4OWMyODFjMTQlMjEyc05VViUyNUMzJTI1OTMlMjUyMGhvdGVsJTI1MjBib3V0aXF1ZSUyMTVlMCUyMTNtMiUyMTFzZXMlMjEyc2VzJTIxNHYxNzQ0MTkwOTE3NzgyJTIxNW0yJTIxMXNlcyUyMTJzZXMlMjIlMjB3aWR0aCUzRCUyMjgwMCUyMiUyMGhlaWdodCUzRCUyMjYwMCUyMiUyMHN0eWxlJTNEJTIyYm9yZGVyJTNBMCUzQiUyMiUyMGFsbG93ZnVsbHNjcmVlbiUzRCUyMiUyMiUyMGxvYWRpbmclM0QlMjJsYXp5JTIyJTIwcmVmZXJyZXJwb2xpY3klM0QlMjJuby1yZWZlcnJlci13aGVuLWRvd25ncmFkZSUyMiUzRSUzQyUyRmlmcmFtZSUzRQ==\u00bb size=\u00bb510&#8243;][\/vc_column][\/vc_row][vc_row row_type=\u00bbrow\u00bb use_row_as_full_screen_section=\u00bbno\u00bb type=\u00bbgrid\u00bb angled_section=\u00bbno\u00bb text_align=\u00bbleft\u00bb background_image_as_pattern=\u00bbwithout_pattern\u00bb padding_top=\u00bb54&#8243; padding_bottom=\u00bb54&#8243; css_animation=\u00bbelement_from_right\u00bb transition_delay=\u00bb180&#8243;][vc_column width=\u00bb1\/3&#8243;][vc_column_text] NUV\u00d3\u00a0HOTEL BOUTIQUE [\/vc_column_text][vc_separator type=\u00bbtransparent\u00bb up=\u00bb6&#8243; down=\u00bb6&#8243;][vc_column_text][vc_separator type=&#8217;transparent&#8217; color=\u00bb thickness=\u00bb up=&#8217;6&#8242; down=&#8217;6&#8242;] Plaza de la losa del Vasco, Torre 6, 33002 Oviedo,...","og_url":"https:\/\/www.bluehoteles.es\/nuvo\/localizacion-contacto\/","og_site_name":"NUV\u00d3 hotel boutique","article_modified_time":"2025-04-09T09:30:45+00:00","twitter_card":"summary_large_image","twitter_misc":{"Tiempo de lectura":"1 minuto"},"schema":{"@context":"https:\/\/schema.org","@graph":[{"@type":"WebPage","@id":"https:\/\/www.bluehoteles.es\/nuvo\/localizacion-contacto\/","url":"https:\/\/www.bluehoteles.es\/nuvo\/localizacion-contacto\/","name":"Localizaci\u00f3n y Contacto NUV\u00d3 hotel boutique, Oviedo, Espa\u00f1a","isPartOf":{"@id":"https:\/\/www.bluehoteles.es\/nuvo\/#website"},"datePublished":"2020-03-04T08:30:35+00:00","dateModified":"2025-04-09T09:30:45+00:00","breadcrumb":{"@id":"https:\/\/www.bluehoteles.es\/nuvo\/localizacion-contacto\/#breadcrumb"},"inLanguage":"es","potentialAction":[{"@type":"ReadAction","target":["https:\/\/www.bluehoteles.es\/nuvo\/localizacion-contacto\/"]}]},{"@type":"BreadcrumbList","@id":"https:\/\/www.bluehoteles.es\/nuvo\/localizacion-contacto\/#breadcrumb","itemListElement":[{"@type":"ListItem","position":1,"name":"Portada","item":"https:\/\/www.bluehoteles.es\/nuvo\/"},{"@type":"ListItem","position":2,"name":"Localizaci\u00f3n y Contacto"}]},{"@type":"WebSite","@id":"https:\/\/www.bluehoteles.es\/nuvo\/#website","url":"https:\/\/www.bluehoteles.es\/nuvo\/","name":"NUV\u00d3 hotel boutique","description":"WEB OFICIAL de NUV\u00d3 hotel boutique \u00ae en Oviedo, sin intermediarios, con descuentos especiales y al mejor precio garantizado. BLUE HOTELES.","potentialAction":[{"@type":"SearchAction","target":{"@type":"EntryPoint","urlTemplate":"https:\/\/www.bluehoteles.es\/nuvo\/?s={search_term_string}"},"query-input":"required name=search_term_string"}],"inLanguage":"es"}]}},"_links":{"self":[{"href":"https:\/\/www.bluehoteles.es\/nuvo\/wp-json\/wp\/v2\/pages\/22274"}],"collection":[{"href":"https:\/\/www.bluehoteles.es\/nuvo\/wp-json\/wp\/v2\/pages"}],"about":[{"href":"https:\/\/www.bluehoteles.es\/nuvo\/wp-json\/wp\/v2\/types\/page"}],"author":[{"embeddable":true,"href":"https:\/\/www.bluehoteles.es\/nuvo\/wp-json\/wp\/v2\/users\/4"}],"replies":[{"embeddable":true,"href":"https:\/\/www.bluehoteles.es\/nuvo\/wp-json\/wp\/v2\/comments?post=22274"}],"version-history":[{"count":13,"href":"https:\/\/www.bluehoteles.es\/nuvo\/wp-json\/wp\/v2\/pages\/22274\/revisions"}],"predecessor-version":[{"id":25539,"href":"https:\/\/www.bluehoteles.es\/nuvo\/wp-json\/wp\/v2\/pages\/22274\/revisions\/25539"}],"wp:attachment":[{"href":"https:\/\/www.bluehoteles.es\/nuvo\/wp-json\/wp\/v2\/media?parent=22274"}],"curies":[{"name":"wp","href":"https:\/\/api.w.org\/{rel}","templated":true}]}}