{"id":22407,"date":"2021-05-18T09:59:52","date_gmt":"2021-05-18T08:59:52","guid":{"rendered":"https:\/\/www.bluehoteles.es\/numa\/?page_id=22407"},"modified":"2024-09-26T18:58:09","modified_gmt":"2024-09-26T17:58:09","slug":"habitacion-doble-con-salon","status":"publish","type":"page","link":"https:\/\/www.bluehoteles.es\/nuvo\/habitacion-doble-con-salon\/","title":{"rendered":"Habitaci\u00f3n Doble con sal\u00f3n"},"content":{"rendered":"<p>[vc_row row_type=\u00bbrow\u00bb use_row_as_full_screen_section=\u00bbno\u00bb type=\u00bbfull_width\u00bb anchor=\u00bbgallery\u00bb angled_section=\u00bbno\u00bb text_align=\u00bbleft\u00bb background_image_as_pattern=\u00bbwithout_pattern\u00bb css_animation=\u00bb\u00bb][vc_column]<div class='qode_image_gallery_no_space light highlight_active'><div class='qode_image_gallery_holder' style='height: 600px;'><ul style = \"background-color: #000000\" ><li style = \"opacity: 0.40\" ><div style=\"height: 600px; width:684px;\"><img decoding=\"async\" itemprop=\"image\" src=\"https:\/\/www.bluehoteles.es\/nuvo\/wp-content\/uploads\/sites\/6\/2021\/05\/nuvo_hotel_boutique_oviedo_habitacion_doble_2_camas_con_salon_-608-27.jpg\" alt=\"\" \/><\/div><\/li><li style = \"opacity: 0.40\" ><div style=\"height: 600px; width:650px;\"><img decoding=\"async\" itemprop=\"image\" src=\"https:\/\/www.bluehoteles.es\/nuvo\/wp-content\/uploads\/sites\/6\/2021\/05\/nuvo_hotel_boutique_oviedo_habitacion_doble_2_camas_con_salon_-608-35.jpg\" alt=\"\" \/><\/div><\/li><li style = \"opacity: 0.40\" ><div style=\"height: 600px; width:900px;\"><img decoding=\"async\" itemprop=\"image\" src=\"https:\/\/www.bluehoteles.es\/nuvo\/wp-content\/uploads\/sites\/6\/2021\/05\/nuvo_hotel_boutique_oviedo_habitacion_doble_2_camas_con_salon_-608-6.jpg\" alt=\"\" \/><\/div><\/li><li style = \"opacity: 0.40\" ><div style=\"height: 600px; width:683px;\"><img decoding=\"async\" itemprop=\"image\" src=\"https:\/\/www.bluehoteles.es\/nuvo\/wp-content\/uploads\/sites\/6\/2021\/05\/nuvo_hotel_boutique_oviedo_habitacion_doble_2_camas_con_salon_-608-49.jpg\" alt=\"\" \/><\/div><\/li><li style = \"opacity: 0.40\" ><div style=\"height: 600px; width:900px;\"><img decoding=\"async\" itemprop=\"image\" src=\"https:\/\/www.bluehoteles.es\/nuvo\/wp-content\/uploads\/sites\/6\/2021\/05\/nuvo_hotel_boutique_oviedo_habitacion_doble_2_camas_con_salon_-608-17.jpg\" alt=\"\" \/><\/div><\/li><li style = \"opacity: 0.40\" ><div style=\"height: 600px; width:900px;\"><img decoding=\"async\" itemprop=\"image\" src=\"https:\/\/www.bluehoteles.es\/nuvo\/wp-content\/uploads\/sites\/6\/2021\/05\/nuvo_hotel_boutique_oviedo_habitacion_doble_2_camas_con_salon_-608-21.jpg\" alt=\"\" \/><\/div><\/li><li style = \"opacity: 0.40\" ><div style=\"height: 600px; width:900px;\"><img decoding=\"async\" itemprop=\"image\" src=\"https:\/\/www.bluehoteles.es\/nuvo\/wp-content\/uploads\/sites\/6\/2021\/05\/nuvo_hotel_boutique_oviedo_habitacion_doble_2_camas_con_salon_-608-10.jpg\" alt=\"\" \/><\/div><\/li><li style = \"opacity: 0.40\" ><div style=\"height: 600px; width:774px;\"><img decoding=\"async\" itemprop=\"image\" src=\"https:\/\/www.bluehoteles.es\/nuvo\/wp-content\/uploads\/sites\/6\/2021\/05\/nuvo_hotel_boutique_oviedo_habitacion_doble_2_camas_con_salon_-608-41.jpg\" alt=\"\" \/><\/div><\/li><li style = \"opacity: 0.40\" ><div style=\"height: 600px; width:806px;\"><img decoding=\"async\" itemprop=\"image\" src=\"https:\/\/www.bluehoteles.es\/nuvo\/wp-content\/uploads\/sites\/6\/2021\/05\/nuvo_hotel_boutique_oviedo_habitacion_doble_2_camas_con_salon_-608-47.jpg\" alt=\"\" \/><\/div><\/li><li style = \"opacity: 0.40\" ><div style=\"height: 600px; width:838px;\"><img decoding=\"async\" itemprop=\"image\" src=\"https:\/\/www.bluehoteles.es\/nuvo\/wp-content\/uploads\/sites\/6\/2021\/05\/nuvo_hotel_boutique_oviedo_habitacion_doble_2_camas_con_salon_-608-19.jpg\" alt=\"\" \/><\/div><\/li><li style = \"opacity: 0.40\" ><div style=\"height: 600px; width:894px;\"><img decoding=\"async\" itemprop=\"image\" src=\"https:\/\/www.bluehoteles.es\/nuvo\/wp-content\/uploads\/sites\/6\/2021\/05\/nuvo_hotel_boutique_oviedo_habitacion_doble_2_camas_con_salon_-608-42.jpg\" alt=\"\" \/><\/div><\/li><li style = \"opacity: 0.40\" ><div style=\"height: 600px; width:900px;\"><img decoding=\"async\" itemprop=\"image\" src=\"https:\/\/www.bluehoteles.es\/nuvo\/wp-content\/uploads\/sites\/6\/2021\/05\/nuvo_hotel_boutique_oviedo_habitacion_doble_2_camas_con_salon_-608-46.jpg\" alt=\"\" \/><\/div><\/li><\/ul><\/div><div class=\"controls\"><a class=\"prev-slide\" href=\"#\"><span><i class=\"fa fa-angle-left\"><\/i><\/span><\/a><a class=\"next-slide\" href=\"#\"><span><i class=\"fa fa-angle-right\"><\/i><\/span><\/a><\/div><\/div>[\/vc_column][\/vc_row]<\/p>\n","protected":false},"excerpt":{"rendered":"<p>[vc_row row_type=\u00bbrow\u00bb use_row_as_full_screen_section=\u00bbno\u00bb type=\u00bbfull_width\u00bb anchor=\u00bbgallery\u00bb angled_section=\u00bbno\u00bb text_align=\u00bbleft\u00bb background_image_as_pattern=\u00bbwithout_pattern\u00bb css_animation=\u00bb\u00bb][vc_column][\/vc_column][\/vc_row]<\/p>\n","protected":false},"author":4,"featured_media":0,"parent":0,"menu_order":0,"comment_status":"closed","ping_status":"closed","template":"full_width.php","meta":{"footnotes":""},"yoast_head":"<!-- This site is optimized with the Yoast SEO plugin v22.2 - https:\/\/yoast.com\/wordpress\/plugins\/seo\/ -->\n<title>NUV\u00d3 hotel boutique\u00a0Oviedo \u00ae -\u00a0Habitaci\u00f3n Doble con sal\u00f3n<\/title>\n<meta name=\"description\" content=\"Habitaci\u00f3n Doble Confort y sala de estar con 2 camas individuales de 105 x 200 cm y 1 sof\u00e1 cama de 140 cm con ba\u00f1o con ducha efecto lluvia, secador de pelo, climatizador A\/A calefacci\u00f3n, nevera, caja fuerte (tama\u00f1o ordenador), escritorio, Smart TV 50 \u201c, tel\u00e9fono, WiFi gratis.\" \/>\n<meta name=\"robots\" content=\"index, follow, max-snippet:-1, max-image-preview:large, max-video-preview:-1\" \/>\n<link rel=\"canonical\" href=\"https:\/\/www.bluehoteles.es\/nuvo\/habitacion-doble-con-salon\/\" \/>\n<meta property=\"og:locale\" content=\"es_ES\" \/>\n<meta property=\"og:type\" content=\"article\" \/>\n<meta property=\"og:title\" content=\"NUV\u00d3 hotel boutique\u00a0Oviedo \u00ae -\u00a0Habitaci\u00f3n Doble con sal\u00f3n\" \/>\n<meta property=\"og:description\" content=\"Habitaci\u00f3n Doble Confort y sala de estar con 2 camas individuales de 105 x 200 cm y 1 sof\u00e1 cama de 140 cm con ba\u00f1o con ducha efecto lluvia, secador de pelo, climatizador A\/A calefacci\u00f3n, nevera, caja fuerte (tama\u00f1o ordenador), escritorio, Smart TV 50 \u201c, tel\u00e9fono, WiFi gratis.\" \/>\n<meta property=\"og:url\" content=\"https:\/\/www.bluehoteles.es\/nuvo\/habitacion-doble-con-salon\/\" \/>\n<meta property=\"og:site_name\" content=\"NUV\u00d3 hotel boutique\" \/>\n<meta property=\"article:modified_time\" content=\"2024-09-26T17:58:09+00:00\" \/>\n<meta name=\"twitter:card\" content=\"summary_large_image\" \/>\n<meta name=\"twitter:label1\" content=\"Tiempo de lectura\" \/>\n\t<meta name=\"twitter:data1\" content=\"3 minutos\" \/>\n<script type=\"application\/ld+json\" class=\"yoast-schema-graph\">{\"@context\":\"https:\/\/schema.org\",\"@graph\":[{\"@type\":\"WebPage\",\"@id\":\"https:\/\/www.bluehoteles.es\/nuvo\/habitacion-doble-con-salon\/\",\"url\":\"https:\/\/www.bluehoteles.es\/nuvo\/habitacion-doble-con-salon\/\",\"name\":\"NUV\u00d3 hotel boutique\u00a0Oviedo \u00ae -\u00a0Habitaci\u00f3n Doble con sal\u00f3n\",\"isPartOf\":{\"@id\":\"https:\/\/www.bluehoteles.es\/nuvo\/#website\"},\"datePublished\":\"2021-05-18T08:59:52+00:00\",\"dateModified\":\"2024-09-26T17:58:09+00:00\",\"description\":\"Habitaci\u00f3n Doble Confort y sala de estar con 2 camas individuales de 105 x 200 cm y 1 sof\u00e1 cama de 140 cm con ba\u00f1o con ducha efecto lluvia, secador de pelo, climatizador A\/A calefacci\u00f3n, nevera, caja fuerte (tama\u00f1o ordenador), escritorio, Smart TV 50 \u201c, tel\u00e9fono, WiFi gratis.\",\"breadcrumb\":{\"@id\":\"https:\/\/www.bluehoteles.es\/nuvo\/habitacion-doble-con-salon\/#breadcrumb\"},\"inLanguage\":\"es\",\"potentialAction\":[{\"@type\":\"ReadAction\",\"target\":[\"https:\/\/www.bluehoteles.es\/nuvo\/habitacion-doble-con-salon\/\"]}]},{\"@type\":\"BreadcrumbList\",\"@id\":\"https:\/\/www.bluehoteles.es\/nuvo\/habitacion-doble-con-salon\/#breadcrumb\",\"itemListElement\":[{\"@type\":\"ListItem\",\"position\":1,\"name\":\"Portada\",\"item\":\"https:\/\/www.bluehoteles.es\/nuvo\/\"},{\"@type\":\"ListItem\",\"position\":2,\"name\":\"Habitaci\u00f3n Doble con sal\u00f3n\"}]},{\"@type\":\"WebSite\",\"@id\":\"https:\/\/www.bluehoteles.es\/nuvo\/#website\",\"url\":\"https:\/\/www.bluehoteles.es\/nuvo\/\",\"name\":\"NUV\u00d3 hotel boutique\",\"description\":\"WEB OFICIAL de NUV\u00d3 hotel boutique \u00ae en Oviedo, sin intermediarios, con descuentos especiales y al mejor precio garantizado. BLUE HOTELES.\",\"potentialAction\":[{\"@type\":\"SearchAction\",\"target\":{\"@type\":\"EntryPoint\",\"urlTemplate\":\"https:\/\/www.bluehoteles.es\/nuvo\/?s={search_term_string}\"},\"query-input\":\"required name=search_term_string\"}],\"inLanguage\":\"es\"}]}<\/script>\n<!-- \/ Yoast SEO plugin. -->","yoast_head_json":{"title":"NUV\u00d3 hotel boutique\u00a0Oviedo \u00ae -\u00a0Habitaci\u00f3n Doble con sal\u00f3n","description":"Habitaci\u00f3n Doble Confort y sala de estar con 2 camas individuales de 105 x 200 cm y 1 sof\u00e1 cama de 140 cm con ba\u00f1o con ducha efecto lluvia, secador de pelo, climatizador A\/A calefacci\u00f3n, nevera, caja fuerte (tama\u00f1o ordenador), escritorio, Smart TV 50 \u201c, tel\u00e9fono, WiFi gratis.","robots":{"index":"index","follow":"follow","max-snippet":"max-snippet:-1","max-image-preview":"max-image-preview:large","max-video-preview":"max-video-preview:-1"},"canonical":"https:\/\/www.bluehoteles.es\/nuvo\/habitacion-doble-con-salon\/","og_locale":"es_ES","og_type":"article","og_title":"NUV\u00d3 hotel boutique\u00a0Oviedo \u00ae -\u00a0Habitaci\u00f3n Doble con sal\u00f3n","og_description":"Habitaci\u00f3n Doble Confort y sala de estar con 2 camas individuales de 105 x 200 cm y 1 sof\u00e1 cama de 140 cm con ba\u00f1o con ducha efecto lluvia, secador de pelo, climatizador A\/A calefacci\u00f3n, nevera, caja fuerte (tama\u00f1o ordenador), escritorio, Smart TV 50 \u201c, tel\u00e9fono, WiFi gratis.","og_url":"https:\/\/www.bluehoteles.es\/nuvo\/habitacion-doble-con-salon\/","og_site_name":"NUV\u00d3 hotel boutique","article_modified_time":"2024-09-26T17:58:09+00:00","twitter_card":"summary_large_image","twitter_misc":{"Tiempo de lectura":"3 minutos"},"schema":{"@context":"https:\/\/schema.org","@graph":[{"@type":"WebPage","@id":"https:\/\/www.bluehoteles.es\/nuvo\/habitacion-doble-con-salon\/","url":"https:\/\/www.bluehoteles.es\/nuvo\/habitacion-doble-con-salon\/","name":"NUV\u00d3 hotel boutique\u00a0Oviedo \u00ae -\u00a0Habitaci\u00f3n Doble con sal\u00f3n","isPartOf":{"@id":"https:\/\/www.bluehoteles.es\/nuvo\/#website"},"datePublished":"2021-05-18T08:59:52+00:00","dateModified":"2024-09-26T17:58:09+00:00","description":"Habitaci\u00f3n Doble Confort y sala de estar con 2 camas individuales de 105 x 200 cm y 1 sof\u00e1 cama de 140 cm con ba\u00f1o con ducha efecto lluvia, secador de pelo, climatizador A\/A calefacci\u00f3n, nevera, caja fuerte (tama\u00f1o ordenador), escritorio, Smart TV 50 \u201c, tel\u00e9fono, WiFi gratis.","breadcrumb":{"@id":"https:\/\/www.bluehoteles.es\/nuvo\/habitacion-doble-con-salon\/#breadcrumb"},"inLanguage":"es","potentialAction":[{"@type":"ReadAction","target":["https:\/\/www.bluehoteles.es\/nuvo\/habitacion-doble-con-salon\/"]}]},{"@type":"BreadcrumbList","@id":"https:\/\/www.bluehoteles.es\/nuvo\/habitacion-doble-con-salon\/#breadcrumb","itemListElement":[{"@type":"ListItem","position":1,"name":"Portada","item":"https:\/\/www.bluehoteles.es\/nuvo\/"},{"@type":"ListItem","position":2,"name":"Habitaci\u00f3n Doble con sal\u00f3n"}]},{"@type":"WebSite","@id":"https:\/\/www.bluehoteles.es\/nuvo\/#website","url":"https:\/\/www.bluehoteles.es\/nuvo\/","name":"NUV\u00d3 hotel boutique","description":"WEB OFICIAL de NUV\u00d3 hotel boutique \u00ae en Oviedo, sin intermediarios, con descuentos especiales y al mejor precio garantizado. BLUE HOTELES.","potentialAction":[{"@type":"SearchAction","target":{"@type":"EntryPoint","urlTemplate":"https:\/\/www.bluehoteles.es\/nuvo\/?s={search_term_string}"},"query-input":"required name=search_term_string"}],"inLanguage":"es"}]}},"_links":{"self":[{"href":"https:\/\/www.bluehoteles.es\/nuvo\/wp-json\/wp\/v2\/pages\/22407"}],"collection":[{"href":"https:\/\/www.bluehoteles.es\/nuvo\/wp-json\/wp\/v2\/pages"}],"about":[{"href":"https:\/\/www.bluehoteles.es\/nuvo\/wp-json\/wp\/v2\/types\/page"}],"author":[{"embeddable":true,"href":"https:\/\/www.bluehoteles.es\/nuvo\/wp-json\/wp\/v2\/users\/4"}],"replies":[{"embeddable":true,"href":"https:\/\/www.bluehoteles.es\/nuvo\/wp-json\/wp\/v2\/comments?post=22407"}],"version-history":[{"count":4,"href":"https:\/\/www.bluehoteles.es\/nuvo\/wp-json\/wp\/v2\/pages\/22407\/revisions"}],"predecessor-version":[{"id":25500,"href":"https:\/\/www.bluehoteles.es\/nuvo\/wp-json\/wp\/v2\/pages\/22407\/revisions\/25500"}],"wp:attachment":[{"href":"https:\/\/www.bluehoteles.es\/nuvo\/wp-json\/wp\/v2\/media?parent=22407"}],"curies":[{"name":"wp","href":"https:\/\/api.w.org\/{rel}","templated":true}]}}