{"id":21650,"date":"2018-05-07T10:19:23","date_gmt":"2018-05-07T09:19:23","guid":{"rendered":"https:\/\/www.bluehoteles.es\/santa-rosa\/inicio-blue-hotel-santa-rosa\/"},"modified":"2025-04-09T09:40:17","modified_gmt":"2025-04-09T08:40:17","slug":"inicio-blue-hotel-santa-rosa-2","status":"publish","type":"page","link":"https:\/\/www.bluehoteles.es\/santa-rosa\/fr\/","title":{"rendered":"Accueil BLUE HOTEL Santa Rosa"},"content":{"rendered":"<p>[vc_row row_type=&#8221;row&#8221; use_row_as_full_screen_section=&#8221;no&#8221; type=&#8221;full_width&#8221; anchor=&#8221;siguiente&#8221; angled_section=&#8221;no&#8221; text_align=&#8221;left&#8221; background_image_as_pattern=&#8221;without_pattern&#8221; background_color=&#8221;#ffffff&#8221; padding_top=&#8221;54&#8243; css_animation=&#8221;element_from_left&#8221;][vc_column][vc_column_text]<\/p>\n<h2 style=\"text-align: center;\">Emplacement\u00a0Hotel Santa Rosa Gij\u00f3n<\/h2>\n<p>[\/vc_column_text][vc_empty_space height=&#8221;54px&#8221;][vc_gmaps link=&#8221;#E-8_JTNDaWZyYW1lJTIwc3JjJTNEJTIyaHR0cHMlM0ElMkYlMkZ3d3cuZ29vZ2xlLmNvbSUyRm1hcHMlMkZlbWJlZCUzRnBiJTNEJTIxMW0xOCUyMTFtMTIlMjExbTMlMjExZDI4OTIuMDM2NTUwMjQ2MTg2JTIxMmQtNS42NjM1MDE4OTk5OTk5OTklMjEzZDQzLjU0MzI3OTk5OTk5OTk5NiUyMTJtMyUyMTFmMCUyMTJmMCUyMTNmMCUyMTNtMiUyMTFpMTAyNCUyMTJpNzY4JTIxNGYxMy4xJTIxM20zJTIxMW0yJTIxMXMweGQzNjdjNjY1OTNlZTI4NSUyNTNBMHg1NDVjNTRhMDEyYzczOWU5JTIxMnNIb3RlbCUyNTIwU2FudGElMjUyMFJvc2ElMjE1ZTAlMjEzbTIlMjExc2VzJTIxMnNlcyUyMTR2MTc0NDE4Nzg0MDE1MiUyMTVtMiUyMTFzZXMlMjEyc2VzJTIyJTIwd2lkdGglM0QlMjI4MDAlMjIlMjBoZWlnaHQlM0QlMjI2MDAlMjIlMjBzdHlsZSUzRCUyMmJvcmRlciUzQTAlM0IlMjIlMjBhbGxvd2Z1bGxzY3JlZW4lM0QlMjIlMjIlMjBsb2FkaW5nJTNEJTIybGF6eSUyMiUyMHJlZmVycmVycG9saWN5JTNEJTIybm8tcmVmZXJyZXItd2hlbi1kb3duZ3JhZGUlMjIlM0UlM0MlMkZpZnJhbWUlM0U=&#8221; size=&#8221;510&#8243;][\/vc_column][\/vc_row]<\/p>\n","protected":false},"excerpt":{"rendered":"<p>[vc_row row_type=&#8221;row&#8221; use_row_as_full_screen_section=&#8221;no&#8221; type=&#8221;full_width&#8221; anchor=&#8221;siguiente&#8221; angled_section=&#8221;no&#8221; text_align=&#8221;left&#8221; background_image_as_pattern=&#8221;without_pattern&#8221; background_color=&#8221;#ffffff&#8221; padding_top=&#8221;54&#8243; css_animation=&#8221;element_from_left&#8221;][vc_column][vc_column_text] Emplacement\u00a0Hotel Santa Rosa Gij\u00f3n [\/vc_column_text][vc_empty_space height=&#8221;54px&#8221;][vc_gmaps link=&#8221;#E-8_JTNDaWZyYW1lJTIwc3JjJTNEJTIyaHR0cHMlM0ElMkYlMkZ3d3cuZ29vZ2xlLmNvbSUyRm1hcHMlMkZlbWJlZCUzRnBiJTNEJTIxMW0xOCUyMTFtMTIlMjExbTMlMjExZDI4OTIuMDM2NTUwMjQ2MTg2JTIxMmQtNS42NjM1MDE4OTk5OTk5OTklMjEzZDQzLjU0MzI3OTk5OTk5OTk5NiUyMTJtMyUyMTFmMCUyMTJmMCUyMTNmMCUyMTNtMiUyMTFpMTAyNCUyMTJpNzY4JTIxNGYxMy4xJTIxM20zJTIxMW0yJTIxMXMweGQzNjdjNjY1OTNlZTI4NSUyNTNBMHg1NDVjNTRhMDEyYzczOWU5JTIxMnNIb3RlbCUyNTIwU2FudGElMjUyMFJvc2ElMjE1ZTAlMjEzbTIlMjExc2VzJTIxMnNlcyUyMTR2MTc0NDE4Nzg0MDE1MiUyMTVtMiUyMTFzZXMlMjEyc2VzJTIyJTIwd2lkdGglM0QlMjI4MDAlMjIlMjBoZWlnaHQlM0QlMjI2MDAlMjIlMjBzdHlsZSUzRCUyMmJvcmRlciUzQTAlM0IlMjIlMjBhbGxvd2Z1bGxzY3JlZW4lM0QlMjIlMjIlMjBsb2FkaW5nJTNEJTIybGF6eSUyMiUyMHJlZmVycmVycG9saWN5JTNEJTIybm8tcmVmZXJyZXItd2hlbi1kb3duZ3JhZGUlMjIlM0UlM0MlMkZpZnJhbWUlM0U=&#8221; size=&#8221;510&#8243;][\/vc_column][\/vc_row]<\/p>\n","protected":false},"author":4,"featured_media":0,"parent":0,"menu_order":0,"comment_status":"open","ping_status":"open","template":"full_width.php","meta":{"footnotes":""},"yoast_head":"<!-- This site is optimized with the Yoast SEO plugin v22.2 - https:\/\/yoast.com\/wordpress\/plugins\/seo\/ -->\n<title>BLUE HOTEL Santa Rosa\u00a0\u00ae, Gij\u00f3n, Espagne - SITE OFFICIEL<\/title>\n<meta name=\"description\" content=\"R\u00e9servez directement avec l&#039;h\u00f4tel Blue Santa Rosa \u00ae, dans le centre de Gij\u00f3n, \u00e0 3 minutes \u00e0 pied de la plage. WiFi gratuit et des r\u00e9ductions sur le site officiel\u00a0\u2705\" \/>\n<meta name=\"robots\" content=\"index, follow, max-snippet:-1, max-image-preview:large, max-video-preview:-1\" \/>\n<link rel=\"canonical\" href=\"https:\/\/www.bluehoteles.es\/santa-rosa\/fr\/\" \/>\n<meta property=\"og:locale\" content=\"fr_FR\" \/>\n<meta property=\"og:type\" content=\"article\" \/>\n<meta property=\"og:title\" content=\"BLUE HOTEL Santa Rosa\u00a0\u00ae, Gij\u00f3n, Espagne - SITE OFFICIEL\" \/>\n<meta property=\"og:description\" content=\"R\u00e9servez directement avec l&#039;h\u00f4tel Blue Santa Rosa \u00ae, dans le centre de Gij\u00f3n, \u00e0 3 minutes \u00e0 pied de la plage. WiFi gratuit et des r\u00e9ductions sur le site officiel\u00a0\u2705\" \/>\n<meta property=\"og:url\" content=\"https:\/\/www.bluehoteles.es\/santa-rosa\/fr\/\" \/>\n<meta property=\"og:site_name\" content=\"Hotel Santa Rosa Gij\u00f3n\" \/>\n<meta property=\"article:modified_time\" content=\"2025-04-09T08:40:17+00:00\" \/>\n<meta name=\"twitter:card\" content=\"summary_large_image\" \/>\n<meta name=\"twitter:label1\" content=\"Est. reading time\" \/>\n\t<meta name=\"twitter:data1\" content=\"1 minute\" \/>\n<script type=\"application\/ld+json\" class=\"yoast-schema-graph\">{\"@context\":\"https:\/\/schema.org\",\"@graph\":[{\"@type\":\"WebPage\",\"@id\":\"https:\/\/www.bluehoteles.es\/santa-rosa\/fr\/\",\"url\":\"https:\/\/www.bluehoteles.es\/santa-rosa\/fr\/\",\"name\":\"BLUE HOTEL Santa Rosa\u00a0\u00ae, Gij\u00f3n, Espagne - SITE OFFICIEL\",\"isPartOf\":{\"@id\":\"https:\/\/www.bluehoteles.es\/santa-rosa\/#website\"},\"datePublished\":\"2018-05-07T09:19:23+00:00\",\"dateModified\":\"2025-04-09T08:40:17+00:00\",\"description\":\"R\u00e9servez directement avec l'h\u00f4tel Blue Santa Rosa \u00ae, dans le centre de Gij\u00f3n, \u00e0 3 minutes \u00e0 pied de la plage. WiFi gratuit et des r\u00e9ductions sur le site officiel\u00a0\u2705\",\"breadcrumb\":{\"@id\":\"https:\/\/www.bluehoteles.es\/santa-rosa\/fr\/#breadcrumb\"},\"inLanguage\":\"fr-FR\",\"potentialAction\":[{\"@type\":\"ReadAction\",\"target\":[\"https:\/\/www.bluehoteles.es\/santa-rosa\/fr\/\"]}]},{\"@type\":\"BreadcrumbList\",\"@id\":\"https:\/\/www.bluehoteles.es\/santa-rosa\/fr\/#breadcrumb\",\"itemListElement\":[{\"@type\":\"ListItem\",\"position\":1,\"name\":\"Portada\",\"item\":\"https:\/\/www.bluehoteles.es\/santa-rosa\/fr\/\"},{\"@type\":\"ListItem\",\"position\":2,\"name\":\"Accueil BLUE HOTEL Santa Rosa\"}]},{\"@type\":\"WebSite\",\"@id\":\"https:\/\/www.bluehoteles.es\/santa-rosa\/#website\",\"url\":\"https:\/\/www.bluehoteles.es\/santa-rosa\/\",\"name\":\"Hotel Santa Rosa Gij\u00f3n\",\"description\":\"BLUE HOTEL Santa Rosa\",\"potentialAction\":[{\"@type\":\"SearchAction\",\"target\":{\"@type\":\"EntryPoint\",\"urlTemplate\":\"https:\/\/www.bluehoteles.es\/santa-rosa\/?s={search_term_string}\"},\"query-input\":\"required name=search_term_string\"}],\"inLanguage\":\"fr-FR\"}]}<\/script>\n<!-- \/ Yoast SEO plugin. -->","yoast_head_json":{"title":"BLUE HOTEL Santa Rosa\u00a0\u00ae, Gij\u00f3n, Espagne - SITE OFFICIEL","description":"R\u00e9servez directement avec l'h\u00f4tel Blue Santa Rosa \u00ae, dans le centre de Gij\u00f3n, \u00e0 3 minutes \u00e0 pied de la plage. WiFi gratuit et des r\u00e9ductions sur le site officiel\u00a0\u2705","robots":{"index":"index","follow":"follow","max-snippet":"max-snippet:-1","max-image-preview":"max-image-preview:large","max-video-preview":"max-video-preview:-1"},"canonical":"https:\/\/www.bluehoteles.es\/santa-rosa\/fr\/","og_locale":"fr_FR","og_type":"article","og_title":"BLUE HOTEL Santa Rosa\u00a0\u00ae, Gij\u00f3n, Espagne - SITE OFFICIEL","og_description":"R\u00e9servez directement avec l'h\u00f4tel Blue Santa Rosa \u00ae, dans le centre de Gij\u00f3n, \u00e0 3 minutes \u00e0 pied de la plage. WiFi gratuit et des r\u00e9ductions sur le site officiel\u00a0\u2705","og_url":"https:\/\/www.bluehoteles.es\/santa-rosa\/fr\/","og_site_name":"Hotel Santa Rosa Gij\u00f3n","article_modified_time":"2025-04-09T08:40:17+00:00","twitter_card":"summary_large_image","twitter_misc":{"Est. reading time":"1 minute"},"schema":{"@context":"https:\/\/schema.org","@graph":[{"@type":"WebPage","@id":"https:\/\/www.bluehoteles.es\/santa-rosa\/fr\/","url":"https:\/\/www.bluehoteles.es\/santa-rosa\/fr\/","name":"BLUE HOTEL Santa Rosa\u00a0\u00ae, Gij\u00f3n, Espagne - SITE OFFICIEL","isPartOf":{"@id":"https:\/\/www.bluehoteles.es\/santa-rosa\/#website"},"datePublished":"2018-05-07T09:19:23+00:00","dateModified":"2025-04-09T08:40:17+00:00","description":"R\u00e9servez directement avec l'h\u00f4tel Blue Santa Rosa \u00ae, dans le centre de Gij\u00f3n, \u00e0 3 minutes \u00e0 pied de la plage. WiFi gratuit et des r\u00e9ductions sur le site officiel\u00a0\u2705","breadcrumb":{"@id":"https:\/\/www.bluehoteles.es\/santa-rosa\/fr\/#breadcrumb"},"inLanguage":"fr-FR","potentialAction":[{"@type":"ReadAction","target":["https:\/\/www.bluehoteles.es\/santa-rosa\/fr\/"]}]},{"@type":"BreadcrumbList","@id":"https:\/\/www.bluehoteles.es\/santa-rosa\/fr\/#breadcrumb","itemListElement":[{"@type":"ListItem","position":1,"name":"Portada","item":"https:\/\/www.bluehoteles.es\/santa-rosa\/fr\/"},{"@type":"ListItem","position":2,"name":"Accueil BLUE HOTEL Santa Rosa"}]},{"@type":"WebSite","@id":"https:\/\/www.bluehoteles.es\/santa-rosa\/#website","url":"https:\/\/www.bluehoteles.es\/santa-rosa\/","name":"Hotel Santa Rosa Gij\u00f3n","description":"BLUE HOTEL Santa Rosa","potentialAction":[{"@type":"SearchAction","target":{"@type":"EntryPoint","urlTemplate":"https:\/\/www.bluehoteles.es\/santa-rosa\/?s={search_term_string}"},"query-input":"required name=search_term_string"}],"inLanguage":"fr-FR"}]}},"_links":{"self":[{"href":"https:\/\/www.bluehoteles.es\/santa-rosa\/fr\/wp-json\/wp\/v2\/pages\/21650"}],"collection":[{"href":"https:\/\/www.bluehoteles.es\/santa-rosa\/fr\/wp-json\/wp\/v2\/pages"}],"about":[{"href":"https:\/\/www.bluehoteles.es\/santa-rosa\/fr\/wp-json\/wp\/v2\/types\/page"}],"author":[{"embeddable":true,"href":"https:\/\/www.bluehoteles.es\/santa-rosa\/fr\/wp-json\/wp\/v2\/users\/4"}],"replies":[{"embeddable":true,"href":"https:\/\/www.bluehoteles.es\/santa-rosa\/fr\/wp-json\/wp\/v2\/comments?post=21650"}],"version-history":[{"count":11,"href":"https:\/\/www.bluehoteles.es\/santa-rosa\/fr\/wp-json\/wp\/v2\/pages\/21650\/revisions"}],"predecessor-version":[{"id":22822,"href":"https:\/\/www.bluehoteles.es\/santa-rosa\/fr\/wp-json\/wp\/v2\/pages\/21650\/revisions\/22822"}],"wp:attachment":[{"href":"https:\/\/www.bluehoteles.es\/santa-rosa\/fr\/wp-json\/wp\/v2\/media?parent=21650"}],"curies":[{"name":"wp","href":"https:\/\/api.w.org\/{rel}","templated":true}]}}