{"id":21672,"date":"2014-03-26T08:17:14","date_gmt":"2014-03-26T08:17:14","guid":{"rendered":"https:\/\/www.bluehoteles.es\/santa-rosa\/galeria\/"},"modified":"2025-02-25T10:15:36","modified_gmt":"2025-02-25T09:15:36","slug":"galerie","status":"publish","type":"page","link":"https:\/\/www.bluehoteles.es\/santa-rosa\/fr\/galerie\/","title":{"rendered":"Galerie"},"content":{"rendered":"<p>[vc_row row_type=&#8221;row&#8221; use_row_as_full_screen_section=&#8221;no&#8221; type=&#8221;grid&#8221; angled_section=&#8221;no&#8221; text_align=&#8221;left&#8221; background_image_as_pattern=&#8221;without_pattern&#8221; background_color=&#8221;#ffffff&#8221; border_color=&#8221;#ffffff&#8221; padding_top=&#8221;70&#8243; padding_bottom=&#8221;70&#8243; css_animation=&#8221;&#8221;][vc_column][vc_gallery type=&#8221;image_grid&#8221; images=&#8221;21546,19291,21525,21537,22609,22606,22603,22600,22597,22618,22621,22624,22627,22630,22633,22591,22594,22615,22612,19270,21459,19258,21531,19294,21519,21486,21516,21501,21507,21504,21498,21489,21492,21513,21495&#8243; img_size=&#8221;600&#215;600&#8243; column_number=&#8221;4&#8243; grayscale=&#8221;no&#8221; images_space=&#8221;gallery_with_space&#8221;][\/vc_column][\/vc_row]<\/p>\n","protected":false},"excerpt":{"rendered":"<p>[vc_row row_type=&#8221;row&#8221; use_row_as_full_screen_section=&#8221;no&#8221; type=&#8221;grid&#8221; angled_section=&#8221;no&#8221; text_align=&#8221;left&#8221; background_image_as_pattern=&#8221;without_pattern&#8221; background_color=&#8221;#ffffff&#8221; border_color=&#8221;#ffffff&#8221; padding_top=&#8221;70&#8243; padding_bottom=&#8221;70&#8243; css_animation=&#8221;&#8221;][vc_column][vc_gallery type=&#8221;image_grid&#8221; images=&#8221;21546,19291,21525,21537,22609,22606,22603,22600,22597,22618,22621,22624,22627,22630,22633,22591,22594,22615,22612,19270,21459,19258,21531,19294,21519,21486,21516,21501,21507,21504,21498,21489,21492,21513,21495&#8243; img_size=&#8221;600&#215;600&#8243; column_number=&#8221;4&#8243; grayscale=&#8221;no&#8221; images_space=&#8221;gallery_with_space&#8221;][\/vc_column][\/vc_row]<\/p>\n","protected":false},"author":4,"featured_media":0,"parent":0,"menu_order":0,"comment_status":"open","ping_status":"open","template":"full_width.php","meta":{"footnotes":""},"yoast_head":"<!-- This site is optimized with the Yoast SEO plugin v22.2 - https:\/\/yoast.com\/wordpress\/plugins\/seo\/ -->\n<title>Galerie d&#039;images de Hotel Blue Santa Rosa, Gij\u00f3n, Espagne<\/title>\n<meta name=\"description\" content=\"Ici, vous pouvez d\u00e9couvrir notre H\u00f4tel Blue Santa Rosa \u00e0 Gij\u00f3n \u00e0 travers sa galerie d&#039;images.\" \/>\n<meta name=\"robots\" content=\"index, follow, max-snippet:-1, max-image-preview:large, max-video-preview:-1\" \/>\n<link rel=\"canonical\" href=\"https:\/\/www.bluehoteles.es\/santa-rosa\/fr\/galerie\/\" \/>\n<meta property=\"og:locale\" content=\"fr_FR\" \/>\n<meta property=\"og:type\" content=\"article\" \/>\n<meta property=\"og:title\" content=\"Galerie d&#039;images de Hotel Blue Santa Rosa, Gij\u00f3n, Espagne\" \/>\n<meta property=\"og:description\" content=\"Ici, vous pouvez d\u00e9couvrir notre H\u00f4tel Blue Santa Rosa \u00e0 Gij\u00f3n \u00e0 travers sa galerie d&#039;images.\" \/>\n<meta property=\"og:url\" content=\"https:\/\/www.bluehoteles.es\/santa-rosa\/fr\/galerie\/\" \/>\n<meta property=\"og:site_name\" content=\"Hotel Santa Rosa Gij\u00f3n\" \/>\n<meta property=\"article:modified_time\" content=\"2025-02-25T09:15:36+00:00\" \/>\n<meta name=\"twitter:card\" content=\"summary_large_image\" \/>\n<meta name=\"twitter:label1\" content=\"Est. reading time\" \/>\n\t<meta name=\"twitter:data1\" content=\"8 minutes\" \/>\n<script type=\"application\/ld+json\" class=\"yoast-schema-graph\">{\"@context\":\"https:\/\/schema.org\",\"@graph\":[{\"@type\":\"WebPage\",\"@id\":\"https:\/\/www.bluehoteles.es\/santa-rosa\/fr\/galerie\/\",\"url\":\"https:\/\/www.bluehoteles.es\/santa-rosa\/fr\/galerie\/\",\"name\":\"Galerie d'images de Hotel Blue Santa Rosa, Gij\u00f3n, Espagne\",\"isPartOf\":{\"@id\":\"https:\/\/www.bluehoteles.es\/santa-rosa\/#website\"},\"datePublished\":\"2014-03-26T08:17:14+00:00\",\"dateModified\":\"2025-02-25T09:15:36+00:00\",\"description\":\"Ici, vous pouvez d\u00e9couvrir notre H\u00f4tel Blue Santa Rosa \u00e0 Gij\u00f3n \u00e0 travers sa galerie d'images.\",\"breadcrumb\":{\"@id\":\"https:\/\/www.bluehoteles.es\/santa-rosa\/fr\/galerie\/#breadcrumb\"},\"inLanguage\":\"fr-FR\",\"potentialAction\":[{\"@type\":\"ReadAction\",\"target\":[\"https:\/\/www.bluehoteles.es\/santa-rosa\/fr\/galerie\/\"]}]},{\"@type\":\"BreadcrumbList\",\"@id\":\"https:\/\/www.bluehoteles.es\/santa-rosa\/fr\/galerie\/#breadcrumb\",\"itemListElement\":[{\"@type\":\"ListItem\",\"position\":1,\"name\":\"Portada\",\"item\":\"https:\/\/www.bluehoteles.es\/santa-rosa\/fr\/\"},{\"@type\":\"ListItem\",\"position\":2,\"name\":\"Galerie\"}]},{\"@type\":\"WebSite\",\"@id\":\"https:\/\/www.bluehoteles.es\/santa-rosa\/#website\",\"url\":\"https:\/\/www.bluehoteles.es\/santa-rosa\/\",\"name\":\"Hotel Santa Rosa Gij\u00f3n\",\"description\":\"BLUE HOTEL Santa Rosa\",\"potentialAction\":[{\"@type\":\"SearchAction\",\"target\":{\"@type\":\"EntryPoint\",\"urlTemplate\":\"https:\/\/www.bluehoteles.es\/santa-rosa\/?s={search_term_string}\"},\"query-input\":\"required name=search_term_string\"}],\"inLanguage\":\"fr-FR\"}]}<\/script>\n<!-- \/ Yoast SEO plugin. -->","yoast_head_json":{"title":"Galerie d'images de Hotel Blue Santa Rosa, Gij\u00f3n, Espagne","description":"Ici, vous pouvez d\u00e9couvrir notre H\u00f4tel Blue Santa Rosa \u00e0 Gij\u00f3n \u00e0 travers sa galerie d'images.","robots":{"index":"index","follow":"follow","max-snippet":"max-snippet:-1","max-image-preview":"max-image-preview:large","max-video-preview":"max-video-preview:-1"},"canonical":"https:\/\/www.bluehoteles.es\/santa-rosa\/fr\/galerie\/","og_locale":"fr_FR","og_type":"article","og_title":"Galerie d'images de Hotel Blue Santa Rosa, Gij\u00f3n, Espagne","og_description":"Ici, vous pouvez d\u00e9couvrir notre H\u00f4tel Blue Santa Rosa \u00e0 Gij\u00f3n \u00e0 travers sa galerie d'images.","og_url":"https:\/\/www.bluehoteles.es\/santa-rosa\/fr\/galerie\/","og_site_name":"Hotel Santa Rosa Gij\u00f3n","article_modified_time":"2025-02-25T09:15:36+00:00","twitter_card":"summary_large_image","twitter_misc":{"Est. reading time":"8 minutes"},"schema":{"@context":"https:\/\/schema.org","@graph":[{"@type":"WebPage","@id":"https:\/\/www.bluehoteles.es\/santa-rosa\/fr\/galerie\/","url":"https:\/\/www.bluehoteles.es\/santa-rosa\/fr\/galerie\/","name":"Galerie d'images de Hotel Blue Santa Rosa, Gij\u00f3n, Espagne","isPartOf":{"@id":"https:\/\/www.bluehoteles.es\/santa-rosa\/#website"},"datePublished":"2014-03-26T08:17:14+00:00","dateModified":"2025-02-25T09:15:36+00:00","description":"Ici, vous pouvez d\u00e9couvrir notre H\u00f4tel Blue Santa Rosa \u00e0 Gij\u00f3n \u00e0 travers sa galerie d'images.","breadcrumb":{"@id":"https:\/\/www.bluehoteles.es\/santa-rosa\/fr\/galerie\/#breadcrumb"},"inLanguage":"fr-FR","potentialAction":[{"@type":"ReadAction","target":["https:\/\/www.bluehoteles.es\/santa-rosa\/fr\/galerie\/"]}]},{"@type":"BreadcrumbList","@id":"https:\/\/www.bluehoteles.es\/santa-rosa\/fr\/galerie\/#breadcrumb","itemListElement":[{"@type":"ListItem","position":1,"name":"Portada","item":"https:\/\/www.bluehoteles.es\/santa-rosa\/fr\/"},{"@type":"ListItem","position":2,"name":"Galerie"}]},{"@type":"WebSite","@id":"https:\/\/www.bluehoteles.es\/santa-rosa\/#website","url":"https:\/\/www.bluehoteles.es\/santa-rosa\/","name":"Hotel Santa Rosa Gij\u00f3n","description":"BLUE HOTEL Santa Rosa","potentialAction":[{"@type":"SearchAction","target":{"@type":"EntryPoint","urlTemplate":"https:\/\/www.bluehoteles.es\/santa-rosa\/?s={search_term_string}"},"query-input":"required name=search_term_string"}],"inLanguage":"fr-FR"}]}},"_links":{"self":[{"href":"https:\/\/www.bluehoteles.es\/santa-rosa\/fr\/wp-json\/wp\/v2\/pages\/21672"}],"collection":[{"href":"https:\/\/www.bluehoteles.es\/santa-rosa\/fr\/wp-json\/wp\/v2\/pages"}],"about":[{"href":"https:\/\/www.bluehoteles.es\/santa-rosa\/fr\/wp-json\/wp\/v2\/types\/page"}],"author":[{"embeddable":true,"href":"https:\/\/www.bluehoteles.es\/santa-rosa\/fr\/wp-json\/wp\/v2\/users\/4"}],"replies":[{"embeddable":true,"href":"https:\/\/www.bluehoteles.es\/santa-rosa\/fr\/wp-json\/wp\/v2\/comments?post=21672"}],"version-history":[{"count":15,"href":"https:\/\/www.bluehoteles.es\/santa-rosa\/fr\/wp-json\/wp\/v2\/pages\/21672\/revisions"}],"predecessor-version":[{"id":22808,"href":"https:\/\/www.bluehoteles.es\/santa-rosa\/fr\/wp-json\/wp\/v2\/pages\/21672\/revisions\/22808"}],"wp:attachment":[{"href":"https:\/\/www.bluehoteles.es\/santa-rosa\/fr\/wp-json\/wp\/v2\/media?parent=21672"}],"curies":[{"name":"wp","href":"https:\/\/api.w.org\/{rel}","templated":true}]}}