{"id":21698,"date":"2016-08-31T00:18:10","date_gmt":"2016-08-30T22:18:10","guid":{"rendered":"https:\/\/www.bluehoteles.es\/santa-rosa\/reservas\/"},"modified":"2018-08-30T11:44:35","modified_gmt":"2018-08-30T10:44:35","slug":"reservations","status":"publish","type":"page","link":"https:\/\/www.bluehoteles.es\/santa-rosa\/fr\/reservations\/","title":{"rendered":"R\u00e9servations"},"content":{"rendered":"","protected":false},"excerpt":{"rendered":"","protected":false},"author":4,"featured_media":0,"parent":0,"menu_order":0,"comment_status":"closed","ping_status":"closed","template":"page-reservas-reservar.php","meta":{"footnotes":""},"yoast_head":"<!-- This site is optimized with the Yoast SEO plugin v22.2 - https:\/\/yoast.com\/wordpress\/plugins\/seo\/ -->\n<title>R\u00e9servations Hotel Blue Santa Rosa\u00a0\u00ae Gij\u00f3n,\u00a0Espagne - SITE OFFICIEL<\/title>\n<meta name=\"description\" content=\"R\u00e9servez directement avec l&#039;H\u00f4tel Blue Santa Rosa \u00ae de Gij\u00f3n sur le SITE OFFICIEL. Sans interm\u00e9diaires, avec des r\u00e9ductions sp\u00e9ciales et le meilleur prix garanti\" \/>\n<meta name=\"robots\" content=\"index, follow, max-snippet:-1, max-image-preview:large, max-video-preview:-1\" \/>\n<link rel=\"canonical\" href=\"https:\/\/www.bluehoteles.es\/santa-rosa\/reservas\/\" \/>\n<meta property=\"og:locale\" content=\"fr_FR\" \/>\n<meta property=\"og:type\" content=\"article\" \/>\n<meta property=\"og:title\" content=\"R\u00e9servations Hotel Blue Santa Rosa\u00a0\u00ae Gij\u00f3n,\u00a0Espagne - SITE OFFICIEL\" \/>\n<meta property=\"og:description\" content=\"R\u00e9servez directement avec l&#039;H\u00f4tel Blue Santa Rosa \u00ae de Gij\u00f3n sur le SITE OFFICIEL. Sans interm\u00e9diaires, avec des r\u00e9ductions sp\u00e9ciales et le meilleur prix garanti\" \/>\n<meta property=\"og:url\" content=\"https:\/\/www.bluehoteles.es\/santa-rosa\/reservas\/\" \/>\n<meta property=\"og:site_name\" content=\"Hotel Santa Rosa Gij\u00f3n\" \/>\n<meta property=\"article:modified_time\" content=\"2018-08-30T10:44:35+00:00\" \/>\n<meta name=\"twitter:card\" content=\"summary_large_image\" \/>\n<script type=\"application\/ld+json\" class=\"yoast-schema-graph\">{\"@context\":\"https:\/\/schema.org\",\"@graph\":[{\"@type\":\"WebPage\",\"@id\":\"https:\/\/www.bluehoteles.es\/santa-rosa\/reservas\/\",\"url\":\"https:\/\/www.bluehoteles.es\/santa-rosa\/reservas\/\",\"name\":\"R\u00e9servations Hotel Blue Santa Rosa\u00a0\u00ae Gij\u00f3n,\u00a0Espagne - SITE OFFICIEL\",\"isPartOf\":{\"@id\":\"https:\/\/www.bluehoteles.es\/santa-rosa\/#website\"},\"datePublished\":\"2016-08-30T22:18:10+00:00\",\"dateModified\":\"2018-08-30T10:44:35+00:00\",\"description\":\"R\u00e9servez directement avec l'H\u00f4tel Blue Santa Rosa \u00ae de Gij\u00f3n sur le SITE OFFICIEL. Sans interm\u00e9diaires, avec des r\u00e9ductions sp\u00e9ciales et le meilleur prix garanti\",\"breadcrumb\":{\"@id\":\"https:\/\/www.bluehoteles.es\/santa-rosa\/reservas\/#breadcrumb\"},\"inLanguage\":\"fr-FR\",\"potentialAction\":[{\"@type\":\"ReadAction\",\"target\":[\"https:\/\/www.bluehoteles.es\/santa-rosa\/reservas\/\"]}]},{\"@type\":\"BreadcrumbList\",\"@id\":\"https:\/\/www.bluehoteles.es\/santa-rosa\/reservas\/#breadcrumb\",\"itemListElement\":[{\"@type\":\"ListItem\",\"position\":1,\"name\":\"Portada\",\"item\":\"https:\/\/www.bluehoteles.es\/santa-rosa\/fr\/\"},{\"@type\":\"ListItem\",\"position\":2,\"name\":\"R\u00e9servations\"}]},{\"@type\":\"WebSite\",\"@id\":\"https:\/\/www.bluehoteles.es\/santa-rosa\/#website\",\"url\":\"https:\/\/www.bluehoteles.es\/santa-rosa\/\",\"name\":\"Hotel Santa Rosa Gij\u00f3n\",\"description\":\"BLUE HOTEL Santa Rosa\",\"potentialAction\":[{\"@type\":\"SearchAction\",\"target\":{\"@type\":\"EntryPoint\",\"urlTemplate\":\"https:\/\/www.bluehoteles.es\/santa-rosa\/?s={search_term_string}\"},\"query-input\":\"required name=search_term_string\"}],\"inLanguage\":\"fr-FR\"}]}<\/script>\n<!-- \/ Yoast SEO plugin. -->","yoast_head_json":{"title":"R\u00e9servations Hotel Blue Santa Rosa\u00a0\u00ae Gij\u00f3n,\u00a0Espagne - SITE OFFICIEL","description":"R\u00e9servez directement avec l'H\u00f4tel Blue Santa Rosa \u00ae de Gij\u00f3n sur le SITE OFFICIEL. Sans interm\u00e9diaires, avec des r\u00e9ductions sp\u00e9ciales et le meilleur prix garanti","robots":{"index":"index","follow":"follow","max-snippet":"max-snippet:-1","max-image-preview":"max-image-preview:large","max-video-preview":"max-video-preview:-1"},"canonical":"https:\/\/www.bluehoteles.es\/santa-rosa\/reservas\/","og_locale":"fr_FR","og_type":"article","og_title":"R\u00e9servations Hotel Blue Santa Rosa\u00a0\u00ae Gij\u00f3n,\u00a0Espagne - SITE OFFICIEL","og_description":"R\u00e9servez directement avec l'H\u00f4tel Blue Santa Rosa \u00ae de Gij\u00f3n sur le SITE OFFICIEL. Sans interm\u00e9diaires, avec des r\u00e9ductions sp\u00e9ciales et le meilleur prix garanti","og_url":"https:\/\/www.bluehoteles.es\/santa-rosa\/reservas\/","og_site_name":"Hotel Santa Rosa Gij\u00f3n","article_modified_time":"2018-08-30T10:44:35+00:00","twitter_card":"summary_large_image","schema":{"@context":"https:\/\/schema.org","@graph":[{"@type":"WebPage","@id":"https:\/\/www.bluehoteles.es\/santa-rosa\/reservas\/","url":"https:\/\/www.bluehoteles.es\/santa-rosa\/reservas\/","name":"R\u00e9servations Hotel Blue Santa Rosa\u00a0\u00ae Gij\u00f3n,\u00a0Espagne - SITE OFFICIEL","isPartOf":{"@id":"https:\/\/www.bluehoteles.es\/santa-rosa\/#website"},"datePublished":"2016-08-30T22:18:10+00:00","dateModified":"2018-08-30T10:44:35+00:00","description":"R\u00e9servez directement avec l'H\u00f4tel Blue Santa Rosa \u00ae de Gij\u00f3n sur le SITE OFFICIEL. Sans interm\u00e9diaires, avec des r\u00e9ductions sp\u00e9ciales et le meilleur prix garanti","breadcrumb":{"@id":"https:\/\/www.bluehoteles.es\/santa-rosa\/reservas\/#breadcrumb"},"inLanguage":"fr-FR","potentialAction":[{"@type":"ReadAction","target":["https:\/\/www.bluehoteles.es\/santa-rosa\/reservas\/"]}]},{"@type":"BreadcrumbList","@id":"https:\/\/www.bluehoteles.es\/santa-rosa\/reservas\/#breadcrumb","itemListElement":[{"@type":"ListItem","position":1,"name":"Portada","item":"https:\/\/www.bluehoteles.es\/santa-rosa\/fr\/"},{"@type":"ListItem","position":2,"name":"R\u00e9servations"}]},{"@type":"WebSite","@id":"https:\/\/www.bluehoteles.es\/santa-rosa\/#website","url":"https:\/\/www.bluehoteles.es\/santa-rosa\/","name":"Hotel Santa Rosa Gij\u00f3n","description":"BLUE HOTEL Santa Rosa","potentialAction":[{"@type":"SearchAction","target":{"@type":"EntryPoint","urlTemplate":"https:\/\/www.bluehoteles.es\/santa-rosa\/?s={search_term_string}"},"query-input":"required name=search_term_string"}],"inLanguage":"fr-FR"}]}},"_links":{"self":[{"href":"https:\/\/www.bluehoteles.es\/santa-rosa\/fr\/wp-json\/wp\/v2\/pages\/21698"}],"collection":[{"href":"https:\/\/www.bluehoteles.es\/santa-rosa\/fr\/wp-json\/wp\/v2\/pages"}],"about":[{"href":"https:\/\/www.bluehoteles.es\/santa-rosa\/fr\/wp-json\/wp\/v2\/types\/page"}],"author":[{"embeddable":true,"href":"https:\/\/www.bluehoteles.es\/santa-rosa\/fr\/wp-json\/wp\/v2\/users\/4"}],"replies":[{"embeddable":true,"href":"https:\/\/www.bluehoteles.es\/santa-rosa\/fr\/wp-json\/wp\/v2\/comments?post=21698"}],"version-history":[{"count":2,"href":"https:\/\/www.bluehoteles.es\/santa-rosa\/fr\/wp-json\/wp\/v2\/pages\/21698\/revisions"}],"predecessor-version":[{"id":21705,"href":"https:\/\/www.bluehoteles.es\/santa-rosa\/fr\/wp-json\/wp\/v2\/pages\/21698\/revisions\/21705"}],"wp:attachment":[{"href":"https:\/\/www.bluehoteles.es\/santa-rosa\/fr\/wp-json\/wp\/v2\/media?parent=21698"}],"curies":[{"name":"wp","href":"https:\/\/api.w.org\/{rel}","templated":true}]}}