{"id":21707,"date":"2016-08-30T23:22:37","date_gmt":"2016-08-30T21:22:37","guid":{"rendered":"https:\/\/www.bluehoteles.es\/santa-rosa\/mi-reserva\/"},"modified":"2018-08-30T11:45:33","modified_gmt":"2018-08-30T10:45:33","slug":"ma-reservation","status":"publish","type":"page","link":"https:\/\/www.bluehoteles.es\/santa-rosa\/fr\/ma-reservation\/","title":{"rendered":"Ma r\u00e9servation"},"content":{"rendered":"","protected":false},"excerpt":{"rendered":"","protected":false},"author":4,"featured_media":0,"parent":0,"menu_order":0,"comment_status":"closed","ping_status":"closed","template":"page-reservas.php","meta":{"footnotes":""},"yoast_head":"<!-- This site is optimized with the Yoast SEO plugin v22.2 - https:\/\/yoast.com\/wordpress\/plugins\/seo\/ -->\n<title>Ma r\u00e9servation - Hotel Blue Santa Rosa\u00a0\u00ae Gij\u00f3n, Espagne<\/title>\n<meta name=\"description\" content=\"Ici vous pouvez acc\u00e9der \u00e0 vos r\u00e9servations \u00e0 l&#039;H\u00f4tel Blue Santa Rosa \u00e0 Gij\u00f3n pour voir tous les d\u00e9tails et si n\u00e9cessaire l&#039;imprimer et \/ ou l&#039;annuler.\" \/>\n<meta name=\"robots\" content=\"index, follow, max-snippet:-1, max-image-preview:large, max-video-preview:-1\" \/>\n<link rel=\"canonical\" href=\"https:\/\/www.bluehoteles.es\/santa-rosa\/mi-reserva\/\" \/>\n<meta property=\"og:locale\" content=\"fr_FR\" \/>\n<meta property=\"og:type\" content=\"article\" \/>\n<meta property=\"og:title\" content=\"Ma r\u00e9servation - Hotel Blue Santa Rosa\u00a0\u00ae Gij\u00f3n, Espagne\" \/>\n<meta property=\"og:description\" content=\"Ici vous pouvez acc\u00e9der \u00e0 vos r\u00e9servations \u00e0 l&#039;H\u00f4tel Blue Santa Rosa \u00e0 Gij\u00f3n pour voir tous les d\u00e9tails et si n\u00e9cessaire l&#039;imprimer et \/ ou l&#039;annuler.\" \/>\n<meta property=\"og:url\" content=\"https:\/\/www.bluehoteles.es\/santa-rosa\/mi-reserva\/\" \/>\n<meta property=\"og:site_name\" content=\"Hotel Santa Rosa Gij\u00f3n\" \/>\n<meta property=\"article:modified_time\" content=\"2018-08-30T10:45:33+00:00\" \/>\n<meta name=\"twitter:card\" content=\"summary_large_image\" \/>\n<script type=\"application\/ld+json\" class=\"yoast-schema-graph\">{\"@context\":\"https:\/\/schema.org\",\"@graph\":[{\"@type\":\"WebPage\",\"@id\":\"https:\/\/www.bluehoteles.es\/santa-rosa\/mi-reserva\/\",\"url\":\"https:\/\/www.bluehoteles.es\/santa-rosa\/mi-reserva\/\",\"name\":\"Ma r\u00e9servation - Hotel Blue Santa Rosa\u00a0\u00ae Gij\u00f3n, Espagne\",\"isPartOf\":{\"@id\":\"https:\/\/www.bluehoteles.es\/santa-rosa\/#website\"},\"datePublished\":\"2016-08-30T21:22:37+00:00\",\"dateModified\":\"2018-08-30T10:45:33+00:00\",\"description\":\"Ici vous pouvez acc\u00e9der \u00e0 vos r\u00e9servations \u00e0 l'H\u00f4tel Blue Santa Rosa \u00e0 Gij\u00f3n pour voir tous les d\u00e9tails et si n\u00e9cessaire l'imprimer et \/ ou l'annuler.\",\"breadcrumb\":{\"@id\":\"https:\/\/www.bluehoteles.es\/santa-rosa\/mi-reserva\/#breadcrumb\"},\"inLanguage\":\"fr-FR\",\"potentialAction\":[{\"@type\":\"ReadAction\",\"target\":[\"https:\/\/www.bluehoteles.es\/santa-rosa\/mi-reserva\/\"]}]},{\"@type\":\"BreadcrumbList\",\"@id\":\"https:\/\/www.bluehoteles.es\/santa-rosa\/mi-reserva\/#breadcrumb\",\"itemListElement\":[{\"@type\":\"ListItem\",\"position\":1,\"name\":\"Portada\",\"item\":\"https:\/\/www.bluehoteles.es\/santa-rosa\/fr\/\"},{\"@type\":\"ListItem\",\"position\":2,\"name\":\"Ma r\u00e9servation\"}]},{\"@type\":\"WebSite\",\"@id\":\"https:\/\/www.bluehoteles.es\/santa-rosa\/#website\",\"url\":\"https:\/\/www.bluehoteles.es\/santa-rosa\/\",\"name\":\"Hotel Santa Rosa Gij\u00f3n\",\"description\":\"BLUE HOTEL Santa Rosa\",\"potentialAction\":[{\"@type\":\"SearchAction\",\"target\":{\"@type\":\"EntryPoint\",\"urlTemplate\":\"https:\/\/www.bluehoteles.es\/santa-rosa\/?s={search_term_string}\"},\"query-input\":\"required name=search_term_string\"}],\"inLanguage\":\"fr-FR\"}]}<\/script>\n<!-- \/ Yoast SEO plugin. -->","yoast_head_json":{"title":"Ma r\u00e9servation - Hotel Blue Santa Rosa\u00a0\u00ae Gij\u00f3n, Espagne","description":"Ici vous pouvez acc\u00e9der \u00e0 vos r\u00e9servations \u00e0 l'H\u00f4tel Blue Santa Rosa \u00e0 Gij\u00f3n pour voir tous les d\u00e9tails et si n\u00e9cessaire l'imprimer et \/ ou l'annuler.","robots":{"index":"index","follow":"follow","max-snippet":"max-snippet:-1","max-image-preview":"max-image-preview:large","max-video-preview":"max-video-preview:-1"},"canonical":"https:\/\/www.bluehoteles.es\/santa-rosa\/mi-reserva\/","og_locale":"fr_FR","og_type":"article","og_title":"Ma r\u00e9servation - Hotel Blue Santa Rosa\u00a0\u00ae Gij\u00f3n, Espagne","og_description":"Ici vous pouvez acc\u00e9der \u00e0 vos r\u00e9servations \u00e0 l'H\u00f4tel Blue Santa Rosa \u00e0 Gij\u00f3n pour voir tous les d\u00e9tails et si n\u00e9cessaire l'imprimer et \/ ou l'annuler.","og_url":"https:\/\/www.bluehoteles.es\/santa-rosa\/mi-reserva\/","og_site_name":"Hotel Santa Rosa Gij\u00f3n","article_modified_time":"2018-08-30T10:45:33+00:00","twitter_card":"summary_large_image","schema":{"@context":"https:\/\/schema.org","@graph":[{"@type":"WebPage","@id":"https:\/\/www.bluehoteles.es\/santa-rosa\/mi-reserva\/","url":"https:\/\/www.bluehoteles.es\/santa-rosa\/mi-reserva\/","name":"Ma r\u00e9servation - Hotel Blue Santa Rosa\u00a0\u00ae Gij\u00f3n, Espagne","isPartOf":{"@id":"https:\/\/www.bluehoteles.es\/santa-rosa\/#website"},"datePublished":"2016-08-30T21:22:37+00:00","dateModified":"2018-08-30T10:45:33+00:00","description":"Ici vous pouvez acc\u00e9der \u00e0 vos r\u00e9servations \u00e0 l'H\u00f4tel Blue Santa Rosa \u00e0 Gij\u00f3n pour voir tous les d\u00e9tails et si n\u00e9cessaire l'imprimer et \/ ou l'annuler.","breadcrumb":{"@id":"https:\/\/www.bluehoteles.es\/santa-rosa\/mi-reserva\/#breadcrumb"},"inLanguage":"fr-FR","potentialAction":[{"@type":"ReadAction","target":["https:\/\/www.bluehoteles.es\/santa-rosa\/mi-reserva\/"]}]},{"@type":"BreadcrumbList","@id":"https:\/\/www.bluehoteles.es\/santa-rosa\/mi-reserva\/#breadcrumb","itemListElement":[{"@type":"ListItem","position":1,"name":"Portada","item":"https:\/\/www.bluehoteles.es\/santa-rosa\/fr\/"},{"@type":"ListItem","position":2,"name":"Ma r\u00e9servation"}]},{"@type":"WebSite","@id":"https:\/\/www.bluehoteles.es\/santa-rosa\/#website","url":"https:\/\/www.bluehoteles.es\/santa-rosa\/","name":"Hotel Santa Rosa Gij\u00f3n","description":"BLUE HOTEL Santa Rosa","potentialAction":[{"@type":"SearchAction","target":{"@type":"EntryPoint","urlTemplate":"https:\/\/www.bluehoteles.es\/santa-rosa\/?s={search_term_string}"},"query-input":"required name=search_term_string"}],"inLanguage":"fr-FR"}]}},"_links":{"self":[{"href":"https:\/\/www.bluehoteles.es\/santa-rosa\/fr\/wp-json\/wp\/v2\/pages\/21707"}],"collection":[{"href":"https:\/\/www.bluehoteles.es\/santa-rosa\/fr\/wp-json\/wp\/v2\/pages"}],"about":[{"href":"https:\/\/www.bluehoteles.es\/santa-rosa\/fr\/wp-json\/wp\/v2\/types\/page"}],"author":[{"embeddable":true,"href":"https:\/\/www.bluehoteles.es\/santa-rosa\/fr\/wp-json\/wp\/v2\/users\/4"}],"replies":[{"embeddable":true,"href":"https:\/\/www.bluehoteles.es\/santa-rosa\/fr\/wp-json\/wp\/v2\/comments?post=21707"}],"version-history":[{"count":2,"href":"https:\/\/www.bluehoteles.es\/santa-rosa\/fr\/wp-json\/wp\/v2\/pages\/21707\/revisions"}],"predecessor-version":[{"id":21711,"href":"https:\/\/www.bluehoteles.es\/santa-rosa\/fr\/wp-json\/wp\/v2\/pages\/21707\/revisions\/21711"}],"wp:attachment":[{"href":"https:\/\/www.bluehoteles.es\/santa-rosa\/fr\/wp-json\/wp\/v2\/media?parent=21707"}],"curies":[{"name":"wp","href":"https:\/\/api.w.org\/{rel}","templated":true}]}}