{"id":21713,"date":"2018-04-26T11:00:40","date_gmt":"2018-04-26T10:00:40","guid":{"rendered":"https:\/\/www.bluehoteles.es\/santa-rosa\/habitaciones\/"},"modified":"2018-08-27T11:23:36","modified_gmt":"2018-08-27T10:23:36","slug":"chambres","status":"publish","type":"page","link":"https:\/\/www.bluehoteles.es\/santa-rosa\/fr\/chambres\/","title":{"rendered":"Chambres de l&#8217;H\u00f4tel Santa Rosa Gij\u00f3n"},"content":{"rendered":"<p>[vc_row row_type=&#8221;row&#8221; use_row_as_full_screen_section=&#8221;no&#8221; type=&#8221;grid&#8221; angled_section=&#8221;no&#8221; text_align=&#8221;left&#8221; background_image_as_pattern=&#8221;without_pattern&#8221; background_color=&#8221;#ffffff&#8221; border_color=&#8221;#ffffff&#8221; padding_top=&#8221;54&#8243; padding_bottom=&#8221;54&#8243; css_animation=&#8221;element_from_right&#8221; transition_delay=&#8221;170&#8243;][vc_column width=&#8221;1\/2&#8243;][vc_column_text]<\/p>\n<h2 style=\"text-align: center;\"><a href=\"https:\/\/www.bluehoteles.es\/santa-rosa\/fr\/chambre-double-ou-lits-jumeaux\/\">Chambres Doubles<\/a><\/h2>\n<p>[\/vc_column_text][\/vc_column][vc_column width=&#8221;1\/2&#8243;][vc_column_text]<\/p>\n<h2 style=\"text-align: center;\"><a href=\"https:\/\/www.bluehoteles.es\/santa-rosa\/fr\/chambre-double-superieure\/\">Chambres Sup\u00e9rieures<\/a><\/h2>\n<p>[\/vc_column_text][\/vc_column][\/vc_row][vc_row row_type=&#8221;row&#8221; use_row_as_full_screen_section=&#8221;no&#8221; type=&#8221;grid&#8221; angled_section=&#8221;no&#8221; text_align=&#8221;left&#8221; background_image_as_pattern=&#8221;without_pattern&#8221; background_color=&#8221;#ffffff&#8221; border_color=&#8221;#ffffff&#8221; padding_bottom=&#8221;54&#8243; css_animation=&#8221;element_from_right&#8221; transition_delay=&#8221;150&#8243;][vc_column][vc_row_inner row_type=&#8221;row&#8221; type=&#8221;grid&#8221; text_align=&#8221;left&#8221; css_animation=&#8221;&#8221;][vc_column_inner width=&#8221;1\/2&#8243;]<div class=\"image_with_text\"><img decoding=\"async\" itemprop=\"image\" src=\"https:\/\/www.bluehoteles.es\/santa-rosa\/wp-content\/uploads\/sites\/2\/2018\/01\/Dormitorioazul.jpg\" alt=\"\" \/><h3 ><\/h3><span style=\"margin: 6px 0px;\" class=\"separator transparent\"><\/span><\/div>[\/vc_column_inner][vc_column_inner width=&#8221;1\/2&#8243;]<div class=\"image_with_text\"><img decoding=\"async\" itemprop=\"image\" src=\"https:\/\/www.bluehoteles.es\/santa-rosa\/wp-content\/uploads\/sites\/2\/2018\/05\/new-Sta.Rosa2paxSuperior7.jpg\" alt=\"\" \/><h3 ><\/h3><span style=\"margin: 6px 0px;\" class=\"separator transparent\"><\/span><\/div>[\/vc_column_inner][\/vc_row_inner][\/vc_column][\/vc_row]<\/p>\n","protected":false},"excerpt":{"rendered":"<p>[vc_row row_type=&#8221;row&#8221; use_row_as_full_screen_section=&#8221;no&#8221; type=&#8221;grid&#8221; angled_section=&#8221;no&#8221; text_align=&#8221;left&#8221; background_image_as_pattern=&#8221;without_pattern&#8221; background_color=&#8221;#ffffff&#8221; border_color=&#8221;#ffffff&#8221; padding_top=&#8221;54&#8243; padding_bottom=&#8221;54&#8243; css_animation=&#8221;element_from_right&#8221; transition_delay=&#8221;170&#8243;][vc_column width=&#8221;1\/2&#8243;][vc_column_text] Chambres Doubles [\/vc_column_text][\/vc_column][vc_column width=&#8221;1\/2&#8243;][vc_column_text] Chambres Sup\u00e9rieures [\/vc_column_text][\/vc_column][\/vc_row][vc_row row_type=&#8221;row&#8221; use_row_as_full_screen_section=&#8221;no&#8221; type=&#8221;grid&#8221; angled_section=&#8221;no&#8221; text_align=&#8221;left&#8221; background_image_as_pattern=&#8221;without_pattern&#8221; background_color=&#8221;#ffffff&#8221; border_color=&#8221;#ffffff&#8221; padding_bottom=&#8221;54&#8243; css_animation=&#8221;element_from_right&#8221; transition_delay=&#8221;150&#8243;][vc_column][vc_row_inner row_type=&#8221;row&#8221; type=&#8221;grid&#8221; text_align=&#8221;left&#8221; css_animation=&#8221;&#8221;][vc_column_inner width=&#8221;1\/2&#8243;][\/vc_column_inner][vc_column_inner width=&#8221;1\/2&#8243;][\/vc_column_inner][\/vc_row_inner][\/vc_column][\/vc_row]<\/p>\n","protected":false},"author":4,"featured_media":0,"parent":0,"menu_order":0,"comment_status":"closed","ping_status":"closed","template":"full_width.php","meta":{"footnotes":""},"yoast_head":"<!-- This site is optimized with the Yoast SEO plugin v22.2 - https:\/\/yoast.com\/wordpress\/plugins\/seo\/ -->\n<title>Chambres de l&#039;H\u00f4tel Santa Rosa \u00ae Gij\u00f3n, Espagne<\/title>\n<meta name=\"description\" content=\"L&#039;H\u00f4tel Santa Rosa dispose de chambres doubles et chambres doubles sup\u00e9rieures avec 2 lits simples et 1 canap\u00e9-lit.\u00a0N&#039;oubliez pas de r\u00e9server directement avec l&#039;h\u00f4tel sans interm\u00e9diaires.\" \/>\n<meta name=\"robots\" content=\"index, follow, max-snippet:-1, max-image-preview:large, max-video-preview:-1\" \/>\n<link rel=\"canonical\" href=\"https:\/\/www.bluehoteles.es\/santa-rosa\/habitaciones\/\" \/>\n<meta property=\"og:locale\" content=\"fr_FR\" \/>\n<meta property=\"og:type\" content=\"article\" \/>\n<meta property=\"og:title\" content=\"Chambres de l&#039;H\u00f4tel Santa Rosa \u00ae Gij\u00f3n, Espagne\" \/>\n<meta property=\"og:description\" content=\"L&#039;H\u00f4tel Santa Rosa dispose de chambres doubles et chambres doubles sup\u00e9rieures avec 2 lits simples et 1 canap\u00e9-lit.\u00a0N&#039;oubliez pas de r\u00e9server directement avec l&#039;h\u00f4tel sans interm\u00e9diaires.\" \/>\n<meta property=\"og:url\" content=\"https:\/\/www.bluehoteles.es\/santa-rosa\/habitaciones\/\" \/>\n<meta property=\"og:site_name\" content=\"Hotel Santa Rosa Gij\u00f3n\" \/>\n<meta property=\"article:modified_time\" content=\"2018-08-27T10:23:36+00:00\" \/>\n<meta name=\"twitter:card\" content=\"summary_large_image\" \/>\n<meta name=\"twitter:label1\" content=\"Est. reading time\" \/>\n\t<meta name=\"twitter:data1\" content=\"1 minute\" \/>\n<script type=\"application\/ld+json\" class=\"yoast-schema-graph\">{\"@context\":\"https:\/\/schema.org\",\"@graph\":[{\"@type\":\"WebPage\",\"@id\":\"https:\/\/www.bluehoteles.es\/santa-rosa\/habitaciones\/\",\"url\":\"https:\/\/www.bluehoteles.es\/santa-rosa\/habitaciones\/\",\"name\":\"Chambres de l'H\u00f4tel Santa Rosa \u00ae Gij\u00f3n, Espagne\",\"isPartOf\":{\"@id\":\"https:\/\/www.bluehoteles.es\/santa-rosa\/#website\"},\"datePublished\":\"2018-04-26T10:00:40+00:00\",\"dateModified\":\"2018-08-27T10:23:36+00:00\",\"description\":\"L'H\u00f4tel Santa Rosa dispose de chambres doubles et chambres doubles sup\u00e9rieures avec 2 lits simples et 1 canap\u00e9-lit.\u00a0N'oubliez pas de r\u00e9server directement avec l'h\u00f4tel sans interm\u00e9diaires.\",\"breadcrumb\":{\"@id\":\"https:\/\/www.bluehoteles.es\/santa-rosa\/habitaciones\/#breadcrumb\"},\"inLanguage\":\"fr-FR\",\"potentialAction\":[{\"@type\":\"ReadAction\",\"target\":[\"https:\/\/www.bluehoteles.es\/santa-rosa\/habitaciones\/\"]}]},{\"@type\":\"BreadcrumbList\",\"@id\":\"https:\/\/www.bluehoteles.es\/santa-rosa\/habitaciones\/#breadcrumb\",\"itemListElement\":[{\"@type\":\"ListItem\",\"position\":1,\"name\":\"Portada\",\"item\":\"https:\/\/www.bluehoteles.es\/santa-rosa\/fr\/\"},{\"@type\":\"ListItem\",\"position\":2,\"name\":\"Chambres de l&#8217;H\u00f4tel Santa Rosa Gij\u00f3n\"}]},{\"@type\":\"WebSite\",\"@id\":\"https:\/\/www.bluehoteles.es\/santa-rosa\/#website\",\"url\":\"https:\/\/www.bluehoteles.es\/santa-rosa\/\",\"name\":\"Hotel Santa Rosa Gij\u00f3n\",\"description\":\"BLUE HOTEL Santa Rosa\",\"potentialAction\":[{\"@type\":\"SearchAction\",\"target\":{\"@type\":\"EntryPoint\",\"urlTemplate\":\"https:\/\/www.bluehoteles.es\/santa-rosa\/?s={search_term_string}\"},\"query-input\":\"required name=search_term_string\"}],\"inLanguage\":\"fr-FR\"}]}<\/script>\n<!-- \/ Yoast SEO plugin. -->","yoast_head_json":{"title":"Chambres de l'H\u00f4tel Santa Rosa \u00ae Gij\u00f3n, Espagne","description":"L'H\u00f4tel Santa Rosa dispose de chambres doubles et chambres doubles sup\u00e9rieures avec 2 lits simples et 1 canap\u00e9-lit.\u00a0N'oubliez pas de r\u00e9server directement avec l'h\u00f4tel sans interm\u00e9diaires.","robots":{"index":"index","follow":"follow","max-snippet":"max-snippet:-1","max-image-preview":"max-image-preview:large","max-video-preview":"max-video-preview:-1"},"canonical":"https:\/\/www.bluehoteles.es\/santa-rosa\/habitaciones\/","og_locale":"fr_FR","og_type":"article","og_title":"Chambres de l'H\u00f4tel Santa Rosa \u00ae Gij\u00f3n, Espagne","og_description":"L'H\u00f4tel Santa Rosa dispose de chambres doubles et chambres doubles sup\u00e9rieures avec 2 lits simples et 1 canap\u00e9-lit.\u00a0N'oubliez pas de r\u00e9server directement avec l'h\u00f4tel sans interm\u00e9diaires.","og_url":"https:\/\/www.bluehoteles.es\/santa-rosa\/habitaciones\/","og_site_name":"Hotel Santa Rosa Gij\u00f3n","article_modified_time":"2018-08-27T10:23:36+00:00","twitter_card":"summary_large_image","twitter_misc":{"Est. reading time":"1 minute"},"schema":{"@context":"https:\/\/schema.org","@graph":[{"@type":"WebPage","@id":"https:\/\/www.bluehoteles.es\/santa-rosa\/habitaciones\/","url":"https:\/\/www.bluehoteles.es\/santa-rosa\/habitaciones\/","name":"Chambres de l'H\u00f4tel Santa Rosa \u00ae Gij\u00f3n, Espagne","isPartOf":{"@id":"https:\/\/www.bluehoteles.es\/santa-rosa\/#website"},"datePublished":"2018-04-26T10:00:40+00:00","dateModified":"2018-08-27T10:23:36+00:00","description":"L'H\u00f4tel Santa Rosa dispose de chambres doubles et chambres doubles sup\u00e9rieures avec 2 lits simples et 1 canap\u00e9-lit.\u00a0N'oubliez pas de r\u00e9server directement avec l'h\u00f4tel sans interm\u00e9diaires.","breadcrumb":{"@id":"https:\/\/www.bluehoteles.es\/santa-rosa\/habitaciones\/#breadcrumb"},"inLanguage":"fr-FR","potentialAction":[{"@type":"ReadAction","target":["https:\/\/www.bluehoteles.es\/santa-rosa\/habitaciones\/"]}]},{"@type":"BreadcrumbList","@id":"https:\/\/www.bluehoteles.es\/santa-rosa\/habitaciones\/#breadcrumb","itemListElement":[{"@type":"ListItem","position":1,"name":"Portada","item":"https:\/\/www.bluehoteles.es\/santa-rosa\/fr\/"},{"@type":"ListItem","position":2,"name":"Chambres de l&#8217;H\u00f4tel Santa Rosa Gij\u00f3n"}]},{"@type":"WebSite","@id":"https:\/\/www.bluehoteles.es\/santa-rosa\/#website","url":"https:\/\/www.bluehoteles.es\/santa-rosa\/","name":"Hotel Santa Rosa Gij\u00f3n","description":"BLUE HOTEL Santa Rosa","potentialAction":[{"@type":"SearchAction","target":{"@type":"EntryPoint","urlTemplate":"https:\/\/www.bluehoteles.es\/santa-rosa\/?s={search_term_string}"},"query-input":"required name=search_term_string"}],"inLanguage":"fr-FR"}]}},"_links":{"self":[{"href":"https:\/\/www.bluehoteles.es\/santa-rosa\/fr\/wp-json\/wp\/v2\/pages\/21713"}],"collection":[{"href":"https:\/\/www.bluehoteles.es\/santa-rosa\/fr\/wp-json\/wp\/v2\/pages"}],"about":[{"href":"https:\/\/www.bluehoteles.es\/santa-rosa\/fr\/wp-json\/wp\/v2\/types\/page"}],"author":[{"embeddable":true,"href":"https:\/\/www.bluehoteles.es\/santa-rosa\/fr\/wp-json\/wp\/v2\/users\/4"}],"replies":[{"embeddable":true,"href":"https:\/\/www.bluehoteles.es\/santa-rosa\/fr\/wp-json\/wp\/v2\/comments?post=21713"}],"version-history":[{"count":10,"href":"https:\/\/www.bluehoteles.es\/santa-rosa\/fr\/wp-json\/wp\/v2\/pages\/21713\/revisions"}],"predecessor-version":[{"id":21935,"href":"https:\/\/www.bluehoteles.es\/santa-rosa\/fr\/wp-json\/wp\/v2\/pages\/21713\/revisions\/21935"}],"wp:attachment":[{"href":"https:\/\/www.bluehoteles.es\/santa-rosa\/fr\/wp-json\/wp\/v2\/media?parent=21713"}],"curies":[{"name":"wp","href":"https:\/\/api.w.org\/{rel}","templated":true}]}}