{"id":22552,"date":"2020-03-04T09:30:35","date_gmt":"2020-03-04T08:30:35","guid":{"rendered":"https:\/\/www.bluehoteles.es\/marques-de-san-esteban\/localizacion-contacto\/"},"modified":"2025-04-09T10:01:04","modified_gmt":"2025-04-09T09:01:04","slug":"localisation-contact-2","status":"publish","type":"page","link":"https:\/\/www.bluehoteles.es\/santa-rosa\/fr\/localisation-contact-2\/","title":{"rendered":"Localisation et Contact"},"content":{"rendered":"<p>[vc_row row_type=&#8221;row&#8221; use_row_as_full_screen_section=&#8221;yes&#8221; type=&#8221;full_width&#8221; angled_section=&#8221;no&#8221; text_align=&#8221;left&#8221; background_image_as_pattern=&#8221;without_pattern&#8221; background_color=&#8221;#ffffff&#8221; border_color=&#8221;#ffffff&#8221; side_padding=&#8221;0\/0&#8243; css_animation=&#8221;&#8221;][vc_column][vc_gmaps link=&#8221;#E-8_JTNDaWZyYW1lJTIwc3JjJTNEJTIyaHR0cHMlM0ElMkYlMkZ3d3cuZ29vZ2xlLmNvbSUyRm1hcHMlMkZlbWJlZCUzRnBiJTNEJTIxMW0xOCUyMTFtMTIlMjExbTMlMjExZDI4OTIuMDM2NTUwMjQ2MTg2JTIxMmQtNS42NjM1MDE4OTk5OTk5OTklMjEzZDQzLjU0MzI3OTk5OTk5OTk5NiUyMTJtMyUyMTFmMCUyMTJmMCUyMTNmMCUyMTNtMiUyMTFpMTAyNCUyMTJpNzY4JTIxNGYxMy4xJTIxM20zJTIxMW0yJTIxMXMweGQzNjdjNjY1OTNlZTI4NSUyNTNBMHg1NDVjNTRhMDEyYzczOWU5JTIxMnNIb3RlbCUyNTIwU2FudGElMjUyMFJvc2ElMjE1ZTAlMjEzbTIlMjExc2VzJTIxMnNlcyUyMTR2MTc0NDE4Nzg0MDE1MiUyMTVtMiUyMTFzZXMlMjEyc2VzJTIyJTIwd2lkdGglM0QlMjI4MDAlMjIlMjBoZWlnaHQlM0QlMjI2MDAlMjIlMjBzdHlsZSUzRCUyMmJvcmRlciUzQTAlM0IlMjIlMjBhbGxvd2Z1bGxzY3JlZW4lM0QlMjIlMjIlMjBsb2FkaW5nJTNEJTIybGF6eSUyMiUyMHJlZmVycmVycG9saWN5JTNEJTIybm8tcmVmZXJyZXItd2hlbi1kb3duZ3JhZGUlMjIlM0UlM0MlMkZpZnJhbWUlM0U=&#8221; size=&#8221;510&#8243;][\/vc_column][\/vc_row][vc_row row_type=&#8221;row&#8221; use_row_as_full_screen_section=&#8221;no&#8221; type=&#8221;grid&#8221; angled_section=&#8221;no&#8221; text_align=&#8221;left&#8221; background_image_as_pattern=&#8221;without_pattern&#8221; padding_top=&#8221;54&#8243; padding_bottom=&#8221;54&#8243; css_animation=&#8221;element_from_right&#8221; transition_delay=&#8221;180&#8243;][vc_column width=&#8221;1\/3&#8243;][vc_column_text]<\/p>\n<h3><strong>Hotel\u00a0Santa Rosa Gij\u00f3n<\/strong><\/h3>\n<p>[\/vc_column_text][vc_separator type=&#8221;transparent&#8221; up=&#8221;6&#8243; down=&#8221;6&#8243;][vc_column_text][vc_separator type=&#8217;transparent&#8217; color=&#8221; thickness=&#8221; up=&#8217;6&#8242; down=&#8217;6&#8242;]<\/p>\n<p>Calle Santa Rosa, 4<\/p>\n<p>33201\u00a0Gij\u00f3n,\u00a0Asturias, Espa\u00f1a<\/p>\n<p>Email: hotelsantarosa@bluehoteles.es<\/p>\n<p>T\u00e9l\u00e9phone: +34 985 091 919<\/p>\n<p>Fax:\u00a0+34 984 391 802<\/p>\n<p>[vc_separator type=&#8217;transparent&#8217; color=&#8221; thickness=&#8221; up=&#8217;2&#8242; down=&#8221;][\/vc_column_text][vc_separator type=&#8221;transparent&#8221; up=&#8221;12&#8243; down=&#8221;12&#8243;]<span class='q_social_icon_holder normal_social' data-hover-color=#253367><a itemprop='url' href='https:\/\/www.facebook.com\/BLUEHOTELS\/' target='_blank'><i class=\"qode_icon_font_awesome fa fa-facebook fa-2x simple_social\" style=\"margin: 0 13px 0 0;\" ><\/i><\/a><\/span><span class='q_social_icon_holder normal_social' data-hover-color=#253367><a itemprop='url' href='https:\/\/twitter.com\/Bluehoteles' target='_blank'><i class=\"qode_icon_font_awesome fa fa-twitter fa-2x simple_social\" style=\"margin: 0 13px 0 0;\" ><\/i><\/a><\/span><span class='q_social_icon_holder normal_social' data-hover-color=#253367><a itemprop='url' href='https:\/\/plus.google.com\/u\/0\/115875322788488734095\/posts' target='_blank'><i class=\"qode_icon_font_awesome fa fa-google-plus fa-2x simple_social\" style=\"margin: 0 13px 0 0;\" ><\/i><\/a><\/span><span class='q_social_icon_holder normal_social' data-hover-color=#253367><a itemprop='url' href='https:\/\/www.pinterest.com\/bluehoteles\/' target='_blank'><i class=\"qode_icon_font_awesome fa fa-pinterest fa-2x simple_social\" style=\"margin: 0 13px 0 0;\" ><\/i><\/a><\/span>[\/vc_column][vc_column width=&#8221;2\/3&#8243;][vc_column_text]<\/p>\n<h3><strong>Nous sommes \u00e0 votre disposition<\/strong><\/h3>\n<p>[\/vc_column_text]\n<div class=\"wpcf7 no-js\" id=\"wpcf7-f22548-o1\" lang=\"es-ES\" dir=\"ltr\">\n<div class=\"screen-reader-response\"><p role=\"status\" aria-live=\"polite\" aria-atomic=\"true\"><\/p> <ul><\/ul><\/div>\n<form action=\"\/santa-rosa\/fr\/wp-json\/wp\/v2\/pages\/22552#wpcf7-f22548-o1\" method=\"post\" class=\"wpcf7-form init cf7_custom_style_1\" aria-label=\"Contact form\" novalidate=\"novalidate\" data-status=\"init\">\n<div style=\"display: none;\">\n<input type=\"hidden\" name=\"_wpcf7\" value=\"22548\" \/>\n<input type=\"hidden\" name=\"_wpcf7_version\" value=\"5.9\" \/>\n<input type=\"hidden\" name=\"_wpcf7_locale\" value=\"es_ES\" \/>\n<input type=\"hidden\" name=\"_wpcf7_unit_tag\" value=\"wpcf7-f22548-o1\" \/>\n<input type=\"hidden\" name=\"_wpcf7_container_post\" value=\"0\" \/>\n<input type=\"hidden\" name=\"_wpcf7_posted_data_hash\" value=\"\" \/>\n<input type=\"hidden\" name=\"_wpcf7_recaptcha_response\" value=\"\" \/>\n<\/div>\n<p><label><br \/>\n<span class=\"wpcf7-form-control-wrap\" data-name=\"your-name\"><input size=\"40\" class=\"wpcf7-form-control wpcf7-text wpcf7-validates-as-required\" aria-required=\"true\" aria-invalid=\"false\" placeholder=\"Pr\u00e9nom *\" value=\"\" type=\"text\" name=\"your-name\" \/><\/span> <\/label>\n<\/p>\n<p><label><br \/>\n<span class=\"wpcf7-form-control-wrap\" data-name=\"your-email\"><input size=\"40\" class=\"wpcf7-form-control wpcf7-email wpcf7-validates-as-required wpcf7-text wpcf7-validates-as-email\" aria-required=\"true\" aria-invalid=\"false\" placeholder=\"Email *\" value=\"\" type=\"email\" name=\"your-email\" \/><\/span> <\/label>\n<\/p>\n<p><label><br \/>\n<span class=\"wpcf7-form-control-wrap\" data-name=\"your-subject\"><input size=\"40\" class=\"wpcf7-form-control wpcf7-text\" aria-invalid=\"false\" placeholder=\"Objet\" value=\"\" type=\"text\" name=\"your-subject\" \/><\/span> <\/label>\n<\/p>\n<p><label><br \/>\n<span class=\"wpcf7-form-control-wrap\" data-name=\"your-message\"><textarea cols=\"40\" rows=\"10\" class=\"wpcf7-form-control wpcf7-textarea\" aria-invalid=\"false\" placeholder=\"Message\" name=\"your-message\"><\/textarea><\/span> <\/label>\n<\/p>\n<p><span class=\"wpcf7-form-control-wrap\" data-name=\"your-consent\"><span class=\"wpcf7-form-control wpcf7-acceptance\"><span class=\"wpcf7-list-item\"><label><input type=\"checkbox\" name=\"your-consent\" value=\"1\" aria-invalid=\"false\" \/><span class=\"wpcf7-list-item-label\">J'ai lu et j'accepte le <a href=\"https:\/\/www.bluehoteles.es\/politica-de-privacidad\/\" target=\"_blank\">Politique de Confidentialit\u00e9.<\/a><\/span><\/label><\/span><\/span><\/span>\n<\/p>\n<p><input class=\"wpcf7-form-control wpcf7-submit has-spinner\" type=\"submit\" value=\"Envoyer\" \/>\n<\/p><div class=\"wpcf7-response-output\" aria-hidden=\"true\"><\/div>\n<\/form>\n<\/div>\n[\/vc_column][\/vc_row]<\/p>\n","protected":false},"excerpt":{"rendered":"<p>[vc_row row_type=&#8221;row&#8221; use_row_as_full_screen_section=&#8221;yes&#8221; type=&#8221;full_width&#8221; angled_section=&#8221;no&#8221; text_align=&#8221;left&#8221; background_image_as_pattern=&#8221;without_pattern&#8221; background_color=&#8221;#ffffff&#8221; border_color=&#8221;#ffffff&#8221; side_padding=&#8221;0\/0&#8243; css_animation=&#8221;&#8221;][vc_column][vc_gmaps link=&#8221;#E-8_JTNDaWZyYW1lJTIwc3JjJTNEJTIyaHR0cHMlM0ElMkYlMkZ3d3cuZ29vZ2xlLmNvbSUyRm1hcHMlMkZlbWJlZCUzRnBiJTNEJTIxMW0xOCUyMTFtMTIlMjExbTMlMjExZDI4OTIuMDM2NTUwMjQ2MTg2JTIxMmQtNS42NjM1MDE4OTk5OTk5OTklMjEzZDQzLjU0MzI3OTk5OTk5OTk5NiUyMTJtMyUyMTFmMCUyMTJmMCUyMTNmMCUyMTNtMiUyMTFpMTAyNCUyMTJpNzY4JTIxNGYxMy4xJTIxM20zJTIxMW0yJTIxMXMweGQzNjdjNjY1OTNlZTI4NSUyNTNBMHg1NDVjNTRhMDEyYzczOWU5JTIxMnNIb3RlbCUyNTIwU2FudGElMjUyMFJvc2ElMjE1ZTAlMjEzbTIlMjExc2VzJTIxMnNlcyUyMTR2MTc0NDE4Nzg0MDE1MiUyMTVtMiUyMTFzZXMlMjEyc2VzJTIyJTIwd2lkdGglM0QlMjI4MDAlMjIlMjBoZWlnaHQlM0QlMjI2MDAlMjIlMjBzdHlsZSUzRCUyMmJvcmRlciUzQTAlM0IlMjIlMjBhbGxvd2Z1bGxzY3JlZW4lM0QlMjIlMjIlMjBsb2FkaW5nJTNEJTIybGF6eSUyMiUyMHJlZmVycmVycG9saWN5JTNEJTIybm8tcmVmZXJyZXItd2hlbi1kb3duZ3JhZGUlMjIlM0UlM0MlMkZpZnJhbWUlM0U=&#8221; size=&#8221;510&#8243;][\/vc_column][\/vc_row][vc_row row_type=&#8221;row&#8221; use_row_as_full_screen_section=&#8221;no&#8221; type=&#8221;grid&#8221; angled_section=&#8221;no&#8221; text_align=&#8221;left&#8221; background_image_as_pattern=&#8221;without_pattern&#8221; padding_top=&#8221;54&#8243; padding_bottom=&#8221;54&#8243; css_animation=&#8221;element_from_right&#8221; transition_delay=&#8221;180&#8243;][vc_column width=&#8221;1\/3&#8243;][vc_column_text] Hotel\u00a0Santa Rosa Gij\u00f3n [\/vc_column_text][vc_separator type=&#8221;transparent&#8221; up=&#8221;6&#8243; down=&#8221;6&#8243;][vc_column_text][vc_separator type=&#8217;transparent&#8217; color=&#8221; thickness=&#8221; up=&#8217;6&#8242; down=&#8217;6&#8242;] Calle Santa Rosa, 4 33201\u00a0Gij\u00f3n,\u00a0Asturias, Espa\u00f1a Email: hotelsantarosa@bluehoteles.es T\u00e9l\u00e9phone:&#8230;<\/p>\n","protected":false},"author":4,"featured_media":0,"parent":0,"menu_order":0,"comment_status":"open","ping_status":"closed","template":"full_width.php","meta":{"footnotes":""},"yoast_head":"<!-- This site is optimized with the Yoast SEO plugin v22.2 - https:\/\/yoast.com\/wordpress\/plugins\/seo\/ -->\n<title>Emplacement et contact Hotel Santa Rosa, Gij\u00f3n, Asturias, Espagne<\/title>\n<meta name=\"description\" content=\"L&#039;h\u00f4tel Santa Rosa est situ\u00e9 dans le centre pi\u00e9tonnier de la ville. La plage de San Lorenzo, le port de plaisance et la Plaza Mayor sont \u00e0 50 m\u00e8tres \u00e0 pied.\" \/>\n<meta name=\"robots\" content=\"index, follow, max-snippet:-1, max-image-preview:large, max-video-preview:-1\" \/>\n<link rel=\"canonical\" href=\"https:\/\/www.bluehoteles.es\/santa-rosa\/fr\/localisation-contact-2\/\" \/>\n<meta property=\"og:locale\" content=\"fr_FR\" \/>\n<meta property=\"og:type\" content=\"article\" \/>\n<meta property=\"og:title\" content=\"Emplacement et contact Hotel Santa Rosa, Gij\u00f3n, Asturias, Espagne\" \/>\n<meta property=\"og:description\" content=\"L&#039;h\u00f4tel Santa Rosa est situ\u00e9 dans le centre pi\u00e9tonnier de la ville. La plage de San Lorenzo, le port de plaisance et la Plaza Mayor sont \u00e0 50 m\u00e8tres \u00e0 pied.\" \/>\n<meta property=\"og:url\" content=\"https:\/\/www.bluehoteles.es\/santa-rosa\/fr\/localisation-contact-2\/\" \/>\n<meta property=\"og:site_name\" content=\"Hotel Santa Rosa Gij\u00f3n\" \/>\n<meta property=\"article:modified_time\" content=\"2025-04-09T09:01:04+00:00\" \/>\n<meta name=\"twitter:card\" content=\"summary_large_image\" \/>\n<meta name=\"twitter:label1\" content=\"Est. reading time\" \/>\n\t<meta name=\"twitter:data1\" content=\"1 minute\" \/>\n<script type=\"application\/ld+json\" class=\"yoast-schema-graph\">{\"@context\":\"https:\/\/schema.org\",\"@graph\":[{\"@type\":\"WebPage\",\"@id\":\"https:\/\/www.bluehoteles.es\/santa-rosa\/fr\/localisation-contact-2\/\",\"url\":\"https:\/\/www.bluehoteles.es\/santa-rosa\/fr\/localisation-contact-2\/\",\"name\":\"Emplacement et contact Hotel Santa Rosa, Gij\u00f3n, Asturias, Espagne\",\"isPartOf\":{\"@id\":\"https:\/\/www.bluehoteles.es\/santa-rosa\/#website\"},\"datePublished\":\"2020-03-04T08:30:35+00:00\",\"dateModified\":\"2025-04-09T09:01:04+00:00\",\"description\":\"L'h\u00f4tel Santa Rosa est situ\u00e9 dans le centre pi\u00e9tonnier de la ville. La plage de San Lorenzo, le port de plaisance et la Plaza Mayor sont \u00e0 50 m\u00e8tres \u00e0 pied.\",\"breadcrumb\":{\"@id\":\"https:\/\/www.bluehoteles.es\/santa-rosa\/fr\/localisation-contact-2\/#breadcrumb\"},\"inLanguage\":\"fr-FR\",\"potentialAction\":[{\"@type\":\"ReadAction\",\"target\":[\"https:\/\/www.bluehoteles.es\/santa-rosa\/fr\/localisation-contact-2\/\"]}]},{\"@type\":\"BreadcrumbList\",\"@id\":\"https:\/\/www.bluehoteles.es\/santa-rosa\/fr\/localisation-contact-2\/#breadcrumb\",\"itemListElement\":[{\"@type\":\"ListItem\",\"position\":1,\"name\":\"Portada\",\"item\":\"https:\/\/www.bluehoteles.es\/santa-rosa\/fr\/\"},{\"@type\":\"ListItem\",\"position\":2,\"name\":\"Localisation et Contact\"}]},{\"@type\":\"WebSite\",\"@id\":\"https:\/\/www.bluehoteles.es\/santa-rosa\/#website\",\"url\":\"https:\/\/www.bluehoteles.es\/santa-rosa\/\",\"name\":\"Hotel Santa Rosa Gij\u00f3n\",\"description\":\"BLUE HOTEL Santa Rosa\",\"potentialAction\":[{\"@type\":\"SearchAction\",\"target\":{\"@type\":\"EntryPoint\",\"urlTemplate\":\"https:\/\/www.bluehoteles.es\/santa-rosa\/?s={search_term_string}\"},\"query-input\":\"required name=search_term_string\"}],\"inLanguage\":\"fr-FR\"}]}<\/script>\n<!-- \/ Yoast SEO plugin. -->","yoast_head_json":{"title":"Emplacement et contact Hotel Santa Rosa, Gij\u00f3n, Asturias, Espagne","description":"L'h\u00f4tel Santa Rosa est situ\u00e9 dans le centre pi\u00e9tonnier de la ville. La plage de San Lorenzo, le port de plaisance et la Plaza Mayor sont \u00e0 50 m\u00e8tres \u00e0 pied.","robots":{"index":"index","follow":"follow","max-snippet":"max-snippet:-1","max-image-preview":"max-image-preview:large","max-video-preview":"max-video-preview:-1"},"canonical":"https:\/\/www.bluehoteles.es\/santa-rosa\/fr\/localisation-contact-2\/","og_locale":"fr_FR","og_type":"article","og_title":"Emplacement et contact Hotel Santa Rosa, Gij\u00f3n, Asturias, Espagne","og_description":"L'h\u00f4tel Santa Rosa est situ\u00e9 dans le centre pi\u00e9tonnier de la ville. La plage de San Lorenzo, le port de plaisance et la Plaza Mayor sont \u00e0 50 m\u00e8tres \u00e0 pied.","og_url":"https:\/\/www.bluehoteles.es\/santa-rosa\/fr\/localisation-contact-2\/","og_site_name":"Hotel Santa Rosa Gij\u00f3n","article_modified_time":"2025-04-09T09:01:04+00:00","twitter_card":"summary_large_image","twitter_misc":{"Est. reading time":"1 minute"},"schema":{"@context":"https:\/\/schema.org","@graph":[{"@type":"WebPage","@id":"https:\/\/www.bluehoteles.es\/santa-rosa\/fr\/localisation-contact-2\/","url":"https:\/\/www.bluehoteles.es\/santa-rosa\/fr\/localisation-contact-2\/","name":"Emplacement et contact Hotel Santa Rosa, Gij\u00f3n, Asturias, Espagne","isPartOf":{"@id":"https:\/\/www.bluehoteles.es\/santa-rosa\/#website"},"datePublished":"2020-03-04T08:30:35+00:00","dateModified":"2025-04-09T09:01:04+00:00","description":"L'h\u00f4tel Santa Rosa est situ\u00e9 dans le centre pi\u00e9tonnier de la ville. La plage de San Lorenzo, le port de plaisance et la Plaza Mayor sont \u00e0 50 m\u00e8tres \u00e0 pied.","breadcrumb":{"@id":"https:\/\/www.bluehoteles.es\/santa-rosa\/fr\/localisation-contact-2\/#breadcrumb"},"inLanguage":"fr-FR","potentialAction":[{"@type":"ReadAction","target":["https:\/\/www.bluehoteles.es\/santa-rosa\/fr\/localisation-contact-2\/"]}]},{"@type":"BreadcrumbList","@id":"https:\/\/www.bluehoteles.es\/santa-rosa\/fr\/localisation-contact-2\/#breadcrumb","itemListElement":[{"@type":"ListItem","position":1,"name":"Portada","item":"https:\/\/www.bluehoteles.es\/santa-rosa\/fr\/"},{"@type":"ListItem","position":2,"name":"Localisation et Contact"}]},{"@type":"WebSite","@id":"https:\/\/www.bluehoteles.es\/santa-rosa\/#website","url":"https:\/\/www.bluehoteles.es\/santa-rosa\/","name":"Hotel Santa Rosa Gij\u00f3n","description":"BLUE HOTEL Santa Rosa","potentialAction":[{"@type":"SearchAction","target":{"@type":"EntryPoint","urlTemplate":"https:\/\/www.bluehoteles.es\/santa-rosa\/?s={search_term_string}"},"query-input":"required name=search_term_string"}],"inLanguage":"fr-FR"}]}},"_links":{"self":[{"href":"https:\/\/www.bluehoteles.es\/santa-rosa\/fr\/wp-json\/wp\/v2\/pages\/22552"}],"collection":[{"href":"https:\/\/www.bluehoteles.es\/santa-rosa\/fr\/wp-json\/wp\/v2\/pages"}],"about":[{"href":"https:\/\/www.bluehoteles.es\/santa-rosa\/fr\/wp-json\/wp\/v2\/types\/page"}],"author":[{"embeddable":true,"href":"https:\/\/www.bluehoteles.es\/santa-rosa\/fr\/wp-json\/wp\/v2\/users\/4"}],"replies":[{"embeddable":true,"href":"https:\/\/www.bluehoteles.es\/santa-rosa\/fr\/wp-json\/wp\/v2\/comments?post=22552"}],"version-history":[{"count":3,"href":"https:\/\/www.bluehoteles.es\/santa-rosa\/fr\/wp-json\/wp\/v2\/pages\/22552\/revisions"}],"predecessor-version":[{"id":22829,"href":"https:\/\/www.bluehoteles.es\/santa-rosa\/fr\/wp-json\/wp\/v2\/pages\/22552\/revisions\/22829"}],"wp:attachment":[{"href":"https:\/\/www.bluehoteles.es\/santa-rosa\/fr\/wp-json\/wp\/v2\/media?parent=22552"}],"curies":[{"name":"wp","href":"https:\/\/api.w.org\/{rel}","templated":true}]}}