{"id":21232,"date":"2018-04-25T18:43:02","date_gmt":"2018-04-25T17:43:02","guid":{"rendered":"https:\/\/www.bluehoteles.es\/santa-rosa\/?page_id=21232"},"modified":"2022-04-09T22:45:02","modified_gmt":"2022-04-09T21:45:02","slug":"habitacion-doble-1-2-camas","status":"publish","type":"page","link":"https:\/\/www.bluehoteles.es\/santa-rosa\/habitacion-doble-1-2-camas\/","title":{"rendered":"Habitaci\u00f3n Doble Est\u00e1ndar- 1 o 2 camas"},"content":{"rendered":"<p>[vc_row row_type=\u00bbrow\u00bb use_row_as_full_screen_section=\u00bbno\u00bb type=\u00bbfull_width\u00bb anchor=\u00bbgallery\u00bb angled_section=\u00bbno\u00bb text_align=\u00bbleft\u00bb background_image_as_pattern=\u00bbwithout_pattern\u00bb css_animation=\u00bb\u00bb][vc_column]<div class='qode_image_gallery_no_space light highlight_active'><div class='qode_image_gallery_holder' style='height: 600px;'><ul style = \"background-color: #000000\" ><li style = \"opacity: 0.40\" ><div style=\"height: 600px; width:900px;\"><img decoding=\"async\" itemprop=\"image\" src=\"https:\/\/www.bluehoteles.es\/santa-rosa\/wp-content\/uploads\/sites\/2\/2022\/04\/hotel_santa_rosa_habitacion_estandar_104_3.jpeg\" alt=\"\" \/><\/div><\/li><li style = \"opacity: 0.40\" ><div style=\"height: 600px; width:921px;\"><img decoding=\"async\" itemprop=\"image\" src=\"https:\/\/www.bluehoteles.es\/santa-rosa\/wp-content\/uploads\/sites\/2\/2022\/04\/hotel_santa_rosa_habitacion_estandar_104_35.jpeg\" alt=\"\" \/><\/div><\/li><li style = \"opacity: 0.40\" ><div style=\"height: 600px; width:900px;\"><img decoding=\"async\" itemprop=\"image\" src=\"https:\/\/www.bluehoteles.es\/santa-rosa\/wp-content\/uploads\/sites\/2\/2022\/04\/hotel_santa_rosa_habitacion_estandar_105_5.jpeg\" alt=\"\" \/><\/div><\/li><li style = \"opacity: 0.40\" ><div style=\"height: 600px; width:913px;\"><img decoding=\"async\" itemprop=\"image\" src=\"https:\/\/www.bluehoteles.es\/santa-rosa\/wp-content\/uploads\/sites\/2\/2022\/04\/hotel_santa_rosa_habitacion_estandar_104_4.jpeg\" alt=\"\" \/><\/div><\/li><li style = \"opacity: 0.40\" ><div style=\"height: 600px; width:900px;\"><img decoding=\"async\" itemprop=\"image\" src=\"https:\/\/www.bluehoteles.es\/santa-rosa\/wp-content\/uploads\/sites\/2\/2022\/04\/hotel_santa_rosa_habitacion_estandar_105_7.jpeg\" alt=\"\" \/><\/div><\/li><li style = \"opacity: 0.40\" ><div style=\"height: 600px; width:900px;\"><img decoding=\"async\" itemprop=\"image\" src=\"https:\/\/www.bluehoteles.es\/santa-rosa\/wp-content\/uploads\/sites\/2\/2022\/04\/hotel_santa_rosa_habitacion_estandar_104_34.jpeg\" alt=\"\" \/><\/div><\/li><li style = \"opacity: 0.40\" ><div style=\"height: 600px; width:900px;\"><img decoding=\"async\" itemprop=\"image\" src=\"https:\/\/www.bluehoteles.es\/santa-rosa\/wp-content\/uploads\/sites\/2\/2022\/04\/hotel_santa_rosa_habitacion_estandar_105_12.jpeg\" alt=\"\" \/><\/div><\/li><li style = \"opacity: 0.40\" ><div style=\"height: 600px; width:900px;\"><img decoding=\"async\" itemprop=\"image\" src=\"https:\/\/www.bluehoteles.es\/santa-rosa\/wp-content\/uploads\/sites\/2\/2022\/04\/hotel_santa_rosa_habitacion_estandar_104_32.jpeg\" alt=\"\" \/><\/div><\/li><li style = \"opacity: 0.40\" ><div style=\"height: 600px; width:900px;\"><img decoding=\"async\" itemprop=\"image\" src=\"https:\/\/www.bluehoteles.es\/santa-rosa\/wp-content\/uploads\/sites\/2\/2022\/04\/hotel_santa_rosa_habitacion_estandar_104_9.jpeg\" alt=\"\" \/><\/div><\/li><li style = \"opacity: 0.40\" ><div style=\"height: 600px; width:900px;\"><img decoding=\"async\" itemprop=\"image\" src=\"https:\/\/www.bluehoteles.es\/santa-rosa\/wp-content\/uploads\/sites\/2\/2022\/04\/hotel_santa_rosa_habitacion_estandar_109_13.jpeg\" alt=\"\" \/><\/div><\/li><li style = \"opacity: 0.40\" ><div style=\"height: 600px; width:900px;\"><img decoding=\"async\" itemprop=\"image\" src=\"https:\/\/www.bluehoteles.es\/santa-rosa\/wp-content\/uploads\/sites\/2\/2022\/04\/hotel_santa_rosa_habitacion_estandar_105_17.jpeg\" alt=\"\" \/><\/div><\/li><li style = \"opacity: 0.40\" ><div style=\"height: 600px; width:900px;\"><img decoding=\"async\" itemprop=\"image\" src=\"https:\/\/www.bluehoteles.es\/santa-rosa\/wp-content\/uploads\/sites\/2\/2022\/04\/hotel_santa_rosa_habitacion_estandar_105_4.jpeg\" alt=\"\" \/><\/div><\/li><li style = \"opacity: 0.40\" ><div style=\"height: 600px; width:775px;\"><img decoding=\"async\" itemprop=\"image\" src=\"https:\/\/www.bluehoteles.es\/santa-rosa\/wp-content\/uploads\/sites\/2\/2022\/04\/hotel_santa_rosa_habitacion_estandar_104_24.jpeg\" alt=\"\" \/><\/div><\/li><li style = \"opacity: 0.40\" ><div style=\"height: 600px; width:900px;\"><img decoding=\"async\" itemprop=\"image\" src=\"https:\/\/www.bluehoteles.es\/santa-rosa\/wp-content\/uploads\/sites\/2\/2022\/04\/hotel_santa_rosa_habitacion_estandar_109_16.jpeg\" alt=\"\" \/><\/div><\/li><li style = \"opacity: 0.40\" ><div style=\"height: 600px; width:900px;\"><img decoding=\"async\" itemprop=\"image\" src=\"https:\/\/www.bluehoteles.es\/santa-rosa\/wp-content\/uploads\/sites\/2\/2022\/04\/hotel_santa_rosa_habitacion_estandar_2022_109_9.jpeg\" alt=\"\" \/><\/div><\/li><li style = \"opacity: 0.40\" ><div style=\"height: 600px; width:901px;\"><img decoding=\"async\" itemprop=\"image\" src=\"https:\/\/www.bluehoteles.es\/santa-rosa\/wp-content\/uploads\/sites\/2\/2018\/04\/StaRosa404-9.jpg\" alt=\"\" \/><\/div><\/li><li style = \"opacity: 0.40\" ><div style=\"height: 600px; width:901px;\"><img decoding=\"async\" itemprop=\"image\" src=\"https:\/\/www.bluehoteles.es\/santa-rosa\/wp-content\/uploads\/sites\/2\/2018\/04\/StaRosa209-5.jpg\" alt=\"\" \/><\/div><\/li><li style = \"opacity: 0.40\" ><div style=\"height: 600px; width:901px;\"><img decoding=\"async\" itemprop=\"image\" src=\"https:\/\/www.bluehoteles.es\/santa-rosa\/wp-content\/uploads\/sites\/2\/2018\/04\/Sta.Rosa2paxBlanco2.jpg\" alt=\"\" \/><\/div><\/li><\/ul><\/div><div class=\"controls\"><a class=\"prev-slide\" href=\"#\"><span><i class=\"fa fa-angle-left\"><\/i><\/span><\/a><a class=\"next-slide\" href=\"#\"><span><i class=\"fa fa-angle-right\"><\/i><\/span><\/a><\/div><\/div>[\/vc_column][\/vc_row]<\/p>\n","protected":false},"excerpt":{"rendered":"<p>[vc_row row_type=\u00bbrow\u00bb use_row_as_full_screen_section=\u00bbno\u00bb type=\u00bbfull_width\u00bb anchor=\u00bbgallery\u00bb angled_section=\u00bbno\u00bb text_align=\u00bbleft\u00bb background_image_as_pattern=\u00bbwithout_pattern\u00bb css_animation=\u00bb\u00bb][vc_column][\/vc_column][\/vc_row]<\/p>\n","protected":false},"author":4,"featured_media":0,"parent":0,"menu_order":0,"comment_status":"closed","ping_status":"closed","template":"full_width.php","meta":{"footnotes":""},"yoast_head":"<!-- This site is optimized with the Yoast SEO plugin v22.2 - https:\/\/yoast.com\/wordpress\/plugins\/seo\/ -->\n<title>Hotel Blue Santa Rosa \u00ae - Habitaci\u00f3n Doble Est\u00e1ndar\u00a0con 1 o 2 camas<\/title>\n<meta name=\"description\" content=\"La Habitaci\u00f3n Doble Est\u00e1ndar\u00a0dispone de 1 cama doble o 2 camas individuales. El\u00a0tama\u00f1o de la habitaci\u00f3n ed de 15 m\u00b2. Tiene\u00a0una decoraci\u00f3n moderna y dispone de TV de pantalla plana, conexi\u00f3n Wi-Fi gratuita y ba\u00f1o privado.\" \/>\n<meta name=\"robots\" content=\"index, follow, max-snippet:-1, max-image-preview:large, max-video-preview:-1\" \/>\n<link rel=\"canonical\" href=\"https:\/\/www.bluehoteles.es\/santa-rosa\/habitacion-doble-1-2-camas\/\" \/>\n<meta property=\"og:locale\" content=\"es_ES\" \/>\n<meta property=\"og:type\" content=\"article\" \/>\n<meta property=\"og:title\" content=\"Hotel Blue Santa Rosa \u00ae - Habitaci\u00f3n Doble Est\u00e1ndar\u00a0con 1 o 2 camas\" \/>\n<meta property=\"og:description\" content=\"La Habitaci\u00f3n Doble Est\u00e1ndar\u00a0dispone de 1 cama doble o 2 camas individuales. El\u00a0tama\u00f1o de la habitaci\u00f3n ed de 15 m\u00b2. Tiene\u00a0una decoraci\u00f3n moderna y dispone de TV de pantalla plana, conexi\u00f3n Wi-Fi gratuita y ba\u00f1o privado.\" \/>\n<meta property=\"og:url\" content=\"https:\/\/www.bluehoteles.es\/santa-rosa\/habitacion-doble-1-2-camas\/\" \/>\n<meta property=\"og:site_name\" content=\"Hotel Santa Rosa Gij\u00f3n\" \/>\n<meta property=\"article:modified_time\" content=\"2022-04-09T21:45:02+00:00\" \/>\n<meta name=\"twitter:card\" content=\"summary_large_image\" \/>\n<script type=\"application\/ld+json\" class=\"yoast-schema-graph\">{\"@context\":\"https:\/\/schema.org\",\"@graph\":[{\"@type\":\"WebPage\",\"@id\":\"https:\/\/www.bluehoteles.es\/santa-rosa\/habitacion-doble-1-2-camas\/\",\"url\":\"https:\/\/www.bluehoteles.es\/santa-rosa\/habitacion-doble-1-2-camas\/\",\"name\":\"Hotel Blue Santa Rosa \u00ae - Habitaci\u00f3n Doble Est\u00e1ndar\u00a0con 1 o 2 camas\",\"isPartOf\":{\"@id\":\"https:\/\/www.bluehoteles.es\/santa-rosa\/#website\"},\"datePublished\":\"2018-04-25T17:43:02+00:00\",\"dateModified\":\"2022-04-09T21:45:02+00:00\",\"description\":\"La Habitaci\u00f3n Doble Est\u00e1ndar\u00a0dispone de 1 cama doble o 2 camas individuales. El\u00a0tama\u00f1o de la habitaci\u00f3n ed de 15 m\u00b2. Tiene\u00a0una decoraci\u00f3n moderna y dispone de TV de pantalla plana, conexi\u00f3n Wi-Fi gratuita y ba\u00f1o privado.\",\"breadcrumb\":{\"@id\":\"https:\/\/www.bluehoteles.es\/santa-rosa\/habitacion-doble-1-2-camas\/#breadcrumb\"},\"inLanguage\":\"es\",\"potentialAction\":[{\"@type\":\"ReadAction\",\"target\":[\"https:\/\/www.bluehoteles.es\/santa-rosa\/habitacion-doble-1-2-camas\/\"]}]},{\"@type\":\"BreadcrumbList\",\"@id\":\"https:\/\/www.bluehoteles.es\/santa-rosa\/habitacion-doble-1-2-camas\/#breadcrumb\",\"itemListElement\":[{\"@type\":\"ListItem\",\"position\":1,\"name\":\"Portada\",\"item\":\"https:\/\/www.bluehoteles.es\/santa-rosa\/\"},{\"@type\":\"ListItem\",\"position\":2,\"name\":\"Habitaci\u00f3n Doble Est\u00e1ndar- 1 o 2 camas\"}]},{\"@type\":\"WebSite\",\"@id\":\"https:\/\/www.bluehoteles.es\/santa-rosa\/#website\",\"url\":\"https:\/\/www.bluehoteles.es\/santa-rosa\/\",\"name\":\"Hotel Santa Rosa Gij\u00f3n\",\"description\":\"BLUE HOTEL Santa Rosa\",\"potentialAction\":[{\"@type\":\"SearchAction\",\"target\":{\"@type\":\"EntryPoint\",\"urlTemplate\":\"https:\/\/www.bluehoteles.es\/santa-rosa\/?s={search_term_string}\"},\"query-input\":\"required name=search_term_string\"}],\"inLanguage\":\"es\"}]}<\/script>\n<!-- \/ Yoast SEO plugin. -->","yoast_head_json":{"title":"Hotel Blue Santa Rosa \u00ae - Habitaci\u00f3n Doble Est\u00e1ndar\u00a0con 1 o 2 camas","description":"La Habitaci\u00f3n Doble Est\u00e1ndar\u00a0dispone de 1 cama doble o 2 camas individuales. El\u00a0tama\u00f1o de la habitaci\u00f3n ed de 15 m\u00b2. Tiene\u00a0una decoraci\u00f3n moderna y dispone de TV de pantalla plana, conexi\u00f3n Wi-Fi gratuita y ba\u00f1o privado.","robots":{"index":"index","follow":"follow","max-snippet":"max-snippet:-1","max-image-preview":"max-image-preview:large","max-video-preview":"max-video-preview:-1"},"canonical":"https:\/\/www.bluehoteles.es\/santa-rosa\/habitacion-doble-1-2-camas\/","og_locale":"es_ES","og_type":"article","og_title":"Hotel Blue Santa Rosa \u00ae - Habitaci\u00f3n Doble Est\u00e1ndar\u00a0con 1 o 2 camas","og_description":"La Habitaci\u00f3n Doble Est\u00e1ndar\u00a0dispone de 1 cama doble o 2 camas individuales. El\u00a0tama\u00f1o de la habitaci\u00f3n ed de 15 m\u00b2. Tiene\u00a0una decoraci\u00f3n moderna y dispone de TV de pantalla plana, conexi\u00f3n Wi-Fi gratuita y ba\u00f1o privado.","og_url":"https:\/\/www.bluehoteles.es\/santa-rosa\/habitacion-doble-1-2-camas\/","og_site_name":"Hotel Santa Rosa Gij\u00f3n","article_modified_time":"2022-04-09T21:45:02+00:00","twitter_card":"summary_large_image","schema":{"@context":"https:\/\/schema.org","@graph":[{"@type":"WebPage","@id":"https:\/\/www.bluehoteles.es\/santa-rosa\/habitacion-doble-1-2-camas\/","url":"https:\/\/www.bluehoteles.es\/santa-rosa\/habitacion-doble-1-2-camas\/","name":"Hotel Blue Santa Rosa \u00ae - Habitaci\u00f3n Doble Est\u00e1ndar\u00a0con 1 o 2 camas","isPartOf":{"@id":"https:\/\/www.bluehoteles.es\/santa-rosa\/#website"},"datePublished":"2018-04-25T17:43:02+00:00","dateModified":"2022-04-09T21:45:02+00:00","description":"La Habitaci\u00f3n Doble Est\u00e1ndar\u00a0dispone de 1 cama doble o 2 camas individuales. El\u00a0tama\u00f1o de la habitaci\u00f3n ed de 15 m\u00b2. Tiene\u00a0una decoraci\u00f3n moderna y dispone de TV de pantalla plana, conexi\u00f3n Wi-Fi gratuita y ba\u00f1o privado.","breadcrumb":{"@id":"https:\/\/www.bluehoteles.es\/santa-rosa\/habitacion-doble-1-2-camas\/#breadcrumb"},"inLanguage":"es","potentialAction":[{"@type":"ReadAction","target":["https:\/\/www.bluehoteles.es\/santa-rosa\/habitacion-doble-1-2-camas\/"]}]},{"@type":"BreadcrumbList","@id":"https:\/\/www.bluehoteles.es\/santa-rosa\/habitacion-doble-1-2-camas\/#breadcrumb","itemListElement":[{"@type":"ListItem","position":1,"name":"Portada","item":"https:\/\/www.bluehoteles.es\/santa-rosa\/"},{"@type":"ListItem","position":2,"name":"Habitaci\u00f3n Doble Est\u00e1ndar- 1 o 2 camas"}]},{"@type":"WebSite","@id":"https:\/\/www.bluehoteles.es\/santa-rosa\/#website","url":"https:\/\/www.bluehoteles.es\/santa-rosa\/","name":"Hotel Santa Rosa Gij\u00f3n","description":"BLUE HOTEL Santa Rosa","potentialAction":[{"@type":"SearchAction","target":{"@type":"EntryPoint","urlTemplate":"https:\/\/www.bluehoteles.es\/santa-rosa\/?s={search_term_string}"},"query-input":"required name=search_term_string"}],"inLanguage":"es"}]}},"_links":{"self":[{"href":"https:\/\/www.bluehoteles.es\/santa-rosa\/wp-json\/wp\/v2\/pages\/21232"}],"collection":[{"href":"https:\/\/www.bluehoteles.es\/santa-rosa\/wp-json\/wp\/v2\/pages"}],"about":[{"href":"https:\/\/www.bluehoteles.es\/santa-rosa\/wp-json\/wp\/v2\/types\/page"}],"author":[{"embeddable":true,"href":"https:\/\/www.bluehoteles.es\/santa-rosa\/wp-json\/wp\/v2\/users\/4"}],"replies":[{"embeddable":true,"href":"https:\/\/www.bluehoteles.es\/santa-rosa\/wp-json\/wp\/v2\/comments?post=21232"}],"version-history":[{"count":29,"href":"https:\/\/www.bluehoteles.es\/santa-rosa\/wp-json\/wp\/v2\/pages\/21232\/revisions"}],"predecessor-version":[{"id":22647,"href":"https:\/\/www.bluehoteles.es\/santa-rosa\/wp-json\/wp\/v2\/pages\/21232\/revisions\/22647"}],"wp:attachment":[{"href":"https:\/\/www.bluehoteles.es\/santa-rosa\/wp-json\/wp\/v2\/media?parent=21232"}],"curies":[{"name":"wp","href":"https:\/\/api.w.org\/{rel}","templated":true}]}}